{"id":1088,"date":"2020-10-14T07:47:25","date_gmt":"2020-10-14T07:47:25","guid":{"rendered":"https:\/\/schwab-orl.ch\/?page_id=1088"},"modified":"2025-05-22T19:53:08","modified_gmt":"2025-05-22T19:53:08","slug":"schlafapnoe","status":"publish","type":"page","link":"https:\/\/schwab-orl.ch\/en\/schlafapnoe","title":{"rendered":"Sleep apnoea"},"content":{"rendered":"<div data-elementor-type=\"wp-page\" data-elementor-id=\"1088\" class=\"elementor elementor-1088\" data-elementor-post-type=\"page\">\n\t\t\t\t\t\t\t\t\t<section class=\"elementor-section elementor-top-section elementor-element elementor-element-4750286 elementor-section-boxed elementor-section-height-default elementor-section-height-default\" data-id=\"4750286\" data-element_type=\"section\">\n\t\t\t\t\t\t<div class=\"elementor-container elementor-column-gap-default\">\n\t\t\t\t\t<div class=\"elementor-column elementor-col-100 elementor-top-column elementor-element elementor-element-2c7b070\" data-id=\"2c7b070\" data-element_type=\"column\">\n\t\t\t<div class=\"elementor-widget-wrap elementor-element-populated\">\n\t\t\t\t\t\t\t\t<div class=\"elementor-element elementor-element-20f2c41 elementor-hidden-tablet elementor-hidden-phone elementor-widget elementor-widget-text-editor\" data-id=\"20f2c41\" data-element_type=\"widget\" data-widget_type=\"text-editor.default\">\n\t\t\t\t<div class=\"elementor-widget-container\">\n\t\t\t\t\t\t\t<p style=\"text-align: right;\"><strong>\u00a0<a href=\"mailto:praxis@schwab-orl.ch\">praxis@schwab-orl.ch<\/a> <\/strong>oder <strong><a href=\"tel:+41 44 250 43 43\">+41 44 250 43 43<\/a><\/strong><\/p>\t\t\t\t\t\t<\/div>\n\t\t\t\t<\/div>\n\t\t\t\t\t<\/div>\n\t\t<\/div>\n\t\t\t\t\t\t\t<\/div>\n\t\t<\/section>\n\t\t\t\t<section class=\"elementor-section elementor-top-section elementor-element elementor-element-6d131c9 elementor-section-boxed elementor-section-height-default elementor-section-height-default\" data-id=\"6d131c9\" data-element_type=\"section\">\n\t\t\t\t\t\t<div class=\"elementor-container elementor-column-gap-default\">\n\t\t\t\t\t<div class=\"elementor-column elementor-col-100 elementor-top-column elementor-element elementor-element-9f8680c\" data-id=\"9f8680c\" data-element_type=\"column\">\n\t\t\t<div class=\"elementor-widget-wrap elementor-element-populated\">\n\t\t\t\t\t\t\t\t<div class=\"elementor-element elementor-element-89e38af elementor-widget elementor-widget-heading\" data-id=\"89e38af\" data-element_type=\"widget\" data-widget_type=\"heading.default\">\n\t\t\t\t<div class=\"elementor-widget-container\">\n\t\t\t<h1 class=\"elementor-heading-title elementor-size-default\">Sleep apnoea - How can it be treated?<\/h1>\t\t<\/div>\n\t\t\t\t<\/div>\n\t\t\t\t<div class=\"elementor-element elementor-element-6989d41 elementor-align-center elementor-widget elementor-widget-button\" data-id=\"6989d41\" data-element_type=\"widget\" data-widget_type=\"button.default\">\n\t\t\t\t<div class=\"elementor-widget-container\">\n\t\t\t\t\t<div class=\"elementor-button-wrapper\">\n\t\t\t<a class=\"elementor-button elementor-button-link elementor-size-xl\" href=\"https:\/\/app.arzt-direkt.de\/praxisschwab\/booking\" target=\"_blank\" rel=\"nofollow\">\n\t\t\t\t\t\t<span class=\"elementor-button-content-wrapper\">\n\t\t\t\t\t\t<span class=\"elementor-button-text\">Arrange an appointment now<\/span>\n\t\t<\/span>\n\t\t\t\t\t<\/a>\n\t\t<\/div>\n\t\t\t\t<\/div>\n\t\t\t\t<\/div>\n\t\t\t\t\t<\/div>\n\t\t<\/div>\n\t\t\t\t\t\t\t<\/div>\n\t\t<\/section>\n\t\t\t\t<section class=\"elementor-section elementor-top-section elementor-element elementor-element-f45461c elementor-section-boxed elementor-section-height-default elementor-section-height-default\" data-id=\"f45461c\" data-element_type=\"section\">\n\t\t\t\t\t\t<div class=\"elementor-container elementor-column-gap-default\">\n\t\t\t\t\t<div class=\"elementor-column elementor-col-100 elementor-top-column elementor-element elementor-element-939ea3d\" data-id=\"939ea3d\" data-element_type=\"column\">\n\t\t\t<div class=\"elementor-widget-wrap elementor-element-populated\">\n\t\t\t\t\t\t\t\t<div class=\"elementor-element elementor-element-f354052 elementor-widget elementor-widget-text-editor\" data-id=\"f354052\" data-element_type=\"widget\" data-widget_type=\"text-editor.default\">\n\t\t\t\t<div class=\"elementor-widget-container\">\n\t\t\t\t\t\t\t<h2>Sleep apnoea: Disturbed sleep affects the whole family!<\/h2><p>When sleep is disturbed, it can no longer be restful. This applies both to the person causing the snoring and to those who are awakened or kept awake by the snoring. So it is often not just one person who is affected, but a whole household.<\/p><h2>Sleep apnoea: the symptoms<\/h2><p>The leading symptoms are more or less regular snoring at any volume and pauses in breathing of varying length. Dangerously, the volume of snoring is not linearly related to the severity of the disease.<\/p><h2>Breathing pauses during sleep are an indication of sleep apnoea<\/h2><p><img decoding=\"async\" loading=\"lazy\" class=\"wp-image-1161 alignleft\" src=\"https:\/\/schwab-orl.ch\/wp-content\/uploads\/2020\/10\/Schlafapneu.jpg\" alt=\"Schlafapneu\" width=\"550\" height=\"367\" srcset=\"https:\/\/schwab-orl.ch\/wp-content\/uploads\/2020\/10\/Schlafapneu.jpg 768w, https:\/\/schwab-orl.ch\/wp-content\/uploads\/2020\/10\/Schlafapneu-300x200.jpg 300w\" sizes=\"(max-width: 550px) 100vw, 550px\" \/>Many of those affected come to the consultation and do not feel ill themselves. In these cases, they are only driven by the concern of their bed partner, who urges medical clarification in the case of recurring nocturnal respiratory arrests. These breathing stops do not necessarily always have to be accompanied by loud snoring. They can also occur without snoring. However, they are almost always characterised by gasping for air, where the affected person then struggles for air \"like a fish on land\". Some report that they are literally torn out of their sleep. Others have no memory of it.<\/p><h2>When sleep apnoea becomes dangerous<\/h2><p>The consequences for those affected are fatigue, exhaustion, reduced performance, microsleep and finally the development of chronic diseases. First and foremost are cardiovascular diseases, possibly resulting in a heart attack or stroke, which occur due to oxygen desaturation in blocked airways and the resulting respiratory standstills.<br \/>Metabolic disorders such as diabetes and mental illnesses such as burn-out and depression with loss of drive and libido can also occur.<\/p><h2>What are the causes of sleep apnoea?<\/h2><p>In obstructive sleep apnoea syndrome (OSAS), a narrowing of the throat repeatedly causes a reduction or complete cessation of breathing during sleep. Therefore, sleep apnoea is a serious sleep-related breathing disorder!<\/p><h2>Which examinations are necessary?<\/h2><p>The diagnosis of sleep-related breathing disorders includes the clinical ORL specialist examination as well as the apparative diagnostics to clarify the anatomical situation and assess the pathophysiological processes and thus determine the severity of the apnoeas. Questionnaires that provide information about performance and attention are used. Apparative diagnostics can initially be carried out with a polygraphy that can be performed on an outpatient basis, in which the measuring apparatus is taken home. The advantage of this is that the measurement takes place in the patient's own bed and familiar surroundings, i.e. it also reflects the circumstances under which the patient normally sleeps at home.<\/p><h2>Sleep apnoea meter for home use<\/h2><p>There is currently a new development for this, which does without annoying tube sensors that are usually pulled under the nose to record the respiratory flow and then behind the ear. Many patients felt uncomfortable because of the plastic tubes, which often slipped out of the measuring position when turning over in bed, or simply because of the annoying tangle of cables. This then led to a sleeping situation that was already perceived as extremely disturbing by the presence of the measuring apparatus.<\/p><p>With this measuring method, only a wristwatch-sized measuring probe is worn on the non-dominant arm. This probe is connected to a finger sensor and an adhesive electrode that is stuck to the neck between the collarbones. Data is collected here during the night, which is stored by the measuring device and can be read out by the treating doctor the next morning.<\/p><h2>Measurement of sleep apnoea in corona times<\/h2><p>This apparatus has recently been further developed. It is now a measuring device that can only be used once. In times of corona and other infectious diseases, this is particularly important from a hygienic point of view, because no contamination can take place, since it is a single-use device that can be disposed of properly in the household waste or sent back to the company after use. The device, which is easy to use via a smartphone app and at the same time innovative, can also be sent by post, so that a visit to the practice is only necessary to discuss the findings and plan the further procedure. This eliminates the need to collect the device and return it to the doctor to have the data read out. Inconspicuous findings can also be explained by means of a telemedical discussion, taking into account the individual circumstances.<\/p><h2>Sleep apnoea therapy with CPAP (Continuous Positive Airway Pressure)<\/h2><p>In the case of conspicuous findings, measured respiratory arrest of up to 2 minutes and occasionally longer, or oxygen desaturations of up to 70% are not uncommon. Special attention is paid to the apnoea-hypopnoea index, which helps to classify the severity of the disease.<br \/>If abnormal values are measured in this examination, a second measurement is usually carried out, but then in the sleep laboratory, the so-called polysomnography (PSG). Here, positive pressure ventilation can be used to prevent the airways from collapsing. This involves fitting a nasal or face mask, which is connected to the\u00a0<a href=\"https:\/\/cultdev.net\/drschwab\/glossar-nasenoperation-schnarchen\" target=\"_blank\" rel=\"noopener\">CPAP machine<\/a>\u00a0next to the bed via a tube.<\/p><h2>Alternative to CPAP therapy<\/h2><p>Not all patients tolerate the mask because either the ventilation pressure is too high and is perceived as uncomfortable or the mask does not fit because of the individual shape of the midface and the airflow from the mask is blown into the eye. This can lead to inflammation of the eyes. Other patients simply feel disturbed by the appliance design and do not use the CPAP machine. A frequent feedback is that especially the younger patients do not want to be perceived like \"Darth Vader from Star Wars\" and they also feel stigmatised by this.<\/p><p>In any case, not using the CPAP machine means that the apnoea phases continue and continue to have their pathogenic effect.<\/p><h2>Sleep apnoea surgery: Minimally invasive surgical measures<\/h2><p>This is where surgical therapy to improve upper airway patency comes in. Endoscopic diagnostics such as \"drug induced sleep endoscopy\" (DISE) makes it possible, for example, to determine the type and extent as well as the height localisation of the airway collapse for the patient concerned. In this way, for example, surgical treatment of the problem can be carried out in the anaesthesia that immediately follows, tailored to the individual needs.<\/p><p>Depending on the individual anatomical situation contributing to the sleep apnoea, these constrictions can be corrected by minimally invasive measures.<\/p><p>We are happy to advise you, because every person is different and therefore it is also important to address the individual characteristics.<\/p>\t\t\t\t\t\t<\/div>\n\t\t\t\t<\/div>\n\t\t\t\t\t<\/div>\n\t\t<\/div>\n\t\t\t\t\t\t\t<\/div>\n\t\t<\/section>\n\t\t\t\t<section class=\"elementor-section elementor-top-section elementor-element elementor-element-0dae02b elementor-section-boxed elementor-section-height-default elementor-section-height-default\" data-id=\"0dae02b\" data-element_type=\"section\">\n\t\t\t\t\t\t<div class=\"elementor-container elementor-column-gap-default\">\n\t\t\t\t\t<div class=\"elementor-column elementor-col-100 elementor-top-column elementor-element elementor-element-604d3a6\" data-id=\"604d3a6\" data-element_type=\"column\">\n\t\t\t<div class=\"elementor-widget-wrap elementor-element-populated\">\n\t\t\t\t\t\t\t\t<div class=\"elementor-element elementor-element-e5c60f1 elementor-align-center elementor-widget elementor-widget-button\" data-id=\"e5c60f1\" data-element_type=\"widget\" data-widget_type=\"button.default\">\n\t\t\t\t<div class=\"elementor-widget-container\">\n\t\t\t\t\t<div class=\"elementor-button-wrapper\">\n\t\t\t<a class=\"elementor-button elementor-button-link elementor-size-xl\" href=\"https:\/\/app.arzt-direkt.de\/praxisschwab\/booking\" target=\"_blank\" rel=\"nofollow\">\n\t\t\t\t\t\t<span class=\"elementor-button-content-wrapper\">\n\t\t\t\t\t\t<span class=\"elementor-button-text\">Arrange an appointment now<\/span>\n\t\t<\/span>\n\t\t\t\t\t<\/a>\n\t\t<\/div>\n\t\t\t\t<\/div>\n\t\t\t\t<\/div>\n\t\t\t\t\t<\/div>\n\t\t<\/div>\n\t\t\t\t\t\t\t<\/div>\n\t\t<\/section>\n\t\t\t\t<section class=\"elementor-section elementor-top-section elementor-element elementor-element-0dde108 elementor-section-boxed elementor-section-height-default elementor-section-height-default\" data-id=\"0dde108\" data-element_type=\"section\">\n\t\t\t\t\t\t<div class=\"elementor-container elementor-column-gap-default\">\n\t\t\t\t\t<div class=\"elementor-column elementor-col-100 elementor-top-column elementor-element elementor-element-59a8f41\" data-id=\"59a8f41\" data-element_type=\"column\">\n\t\t\t<div class=\"elementor-widget-wrap\">\n\t\t\t\t\t\t\t\t\t<\/div>\n\t\t<\/div>\n\t\t\t\t\t\t\t<\/div>\n\t\t<\/section>\n\t\t\t\t<section class=\"elementor-section elementor-top-section elementor-element elementor-element-5fb1c40 elementor-section-boxed elementor-section-height-default elementor-section-height-default\" data-id=\"5fb1c40\" data-element_type=\"section\">\n\t\t\t\t\t\t<div class=\"elementor-container elementor-column-gap-default\">\n\t\t\t\t\t<div class=\"elementor-column elementor-col-100 elementor-top-column elementor-element elementor-element-dae8817\" data-id=\"dae8817\" data-element_type=\"column\">\n\t\t\t<div class=\"elementor-widget-wrap elementor-element-populated\">\n\t\t\t\t\t\t\t\t<div class=\"elementor-element elementor-element-654c390 elementor-widget elementor-widget-text-editor\" data-id=\"654c390\" data-element_type=\"widget\" data-widget_type=\"text-editor.default\">\n\t\t\t\t<div class=\"elementor-widget-container\">\n\t\t\t\t\t\t\t<p style=\"text-align: center;\"><strong>\u00a0<a href=\"mailto:praxis@schwab-orl.ch\">praxis@schwab-orl.ch<\/a> <br \/><\/strong>oder <strong><a href=\"tel:+41 44 250 43 43\">+41 44 250 43 43<\/a><\/strong><\/p>\t\t\t\t\t\t<\/div>\n\t\t\t\t<\/div>\n\t\t\t\t<div class=\"elementor-element elementor-element-3dd929f elementor-widget elementor-widget-spacer\" data-id=\"3dd929f\" data-element_type=\"widget\" data-widget_type=\"spacer.default\">\n\t\t\t\t<div class=\"elementor-widget-container\">\n\t\t\t\t\t<div class=\"elementor-spacer\">\n\t\t\t<div class=\"elementor-spacer-inner\"><\/div>\n\t\t<\/div>\n\t\t\t\t<\/div>\n\t\t\t\t<\/div>\n\t\t\t\t\t<\/div>\n\t\t<\/div>\n\t\t\t\t\t\t\t<\/div>\n\t\t<\/section>\n\t\t\t\t\t\t\t<\/div>","protected":false},"excerpt":{"rendered":"<p>\u00a0praxis@schwab-orl.ch oder +41 44 250 43 43 Schlafapnoe &#8211; Wie kann sie behandelt werden? Jetzt beraten lassen! Schlafapnoe: Gest\u00f6rter Schlaf geht die ganze Familie an! Wenn der Schlaf gest\u00f6rt ist, kann er nicht mehr erholsam sein. Dies gilt sowohl f\u00fcr den, der das Schnarchen verursacht, als auch f\u00fcr diejenigen, die durch das Schnarchen geweckt oder &#8230; <a title=\"Sleep apnoea\" class=\"read-more\" href=\"https:\/\/schwab-orl.ch\/en\/schlafapnoe\" aria-label=\"More on Schlafapnoe\">Read more<\/a><\/p>","protected":false},"author":4,"featured_media":0,"parent":0,"menu_order":0,"comment_status":"closed","ping_status":"closed","template":"elementor_header_footer","meta":{"footnotes":""},"yoast_head":"<!-- This site is optimized with the Yoast SEO plugin v21.7 - https:\/\/yoast.com\/wordpress\/plugins\/seo\/ -->\n<title>Schlafapnoe - Lassen Sie jetzt Ihre Schlafapnoe behandeln!<\/title>\n<meta name=\"description\" content=\"Sie leiden an Schlafapnoe? Lassen Sie sich von uns jetzt beraten, wie wir Ihnen helfen k\u00f6nnen! Eine Schlafapnoe kann behandelt werden!\" \/>\n<meta name=\"robots\" content=\"index, follow, max-snippet:-1, max-image-preview:large, max-video-preview:-1\" \/>\n<link rel=\"canonical\" href=\"https:\/\/schwab-orl.ch\/en\/schlafapnoe\/\" \/>\n<meta property=\"og:locale\" content=\"en_GB\" \/>\n<meta property=\"og:type\" content=\"article\" \/>\n<meta property=\"og:title\" content=\"Schlafapnoe - Lassen Sie jetzt Ihre Schlafapnoe behandeln!\" \/>\n<meta property=\"og:description\" content=\"Sie leiden an Schlafapnoe? Lassen Sie sich von uns jetzt beraten, wie wir Ihnen helfen k\u00f6nnen! Eine Schlafapnoe kann behandelt werden!\" \/>\n<meta property=\"og:url\" content=\"https:\/\/schwab-orl.ch\/en\/schlafapnoe\/\" \/>\n<meta property=\"og:site_name\" content=\"Dr. Schwab\" \/>\n<meta property=\"article:modified_time\" content=\"2025-05-22T19:53:08+00:00\" \/>\n<meta property=\"og:image\" content=\"https:\/\/schwab-orl.ch\/wp-content\/uploads\/2020\/10\/Schlafapneu.jpg\" \/>\n<meta name=\"twitter:card\" content=\"summary_large_image\" \/>\n<meta name=\"twitter:label1\" content=\"Estimated reading time\" \/>\n\t<meta name=\"twitter:data1\" content=\"6 minutes\" \/>\n<script type=\"application\/ld+json\" class=\"yoast-schema-graph\">{\"@context\":\"https:\/\/schema.org\",\"@graph\":[{\"@type\":\"WebPage\",\"@id\":\"https:\/\/schwab-orl.ch\/schlafapnoe\",\"url\":\"https:\/\/schwab-orl.ch\/schlafapnoe\",\"name\":\"Schlafapnoe - Lassen Sie jetzt Ihre Schlafapnoe behandeln!\",\"isPartOf\":{\"@id\":\"https:\/\/schwab-orl.ch\/#website\"},\"datePublished\":\"2020-10-14T07:47:25+00:00\",\"dateModified\":\"2025-05-22T19:53:08+00:00\",\"description\":\"Sie leiden an Schlafapnoe? Lassen Sie sich von uns jetzt beraten, wie wir Ihnen helfen k\u00f6nnen! Eine Schlafapnoe kann behandelt werden!\",\"breadcrumb\":{\"@id\":\"https:\/\/schwab-orl.ch\/schlafapnoe#breadcrumb\"},\"inLanguage\":\"en-GB\",\"potentialAction\":[{\"@type\":\"ReadAction\",\"target\":[\"https:\/\/schwab-orl.ch\/schlafapnoe\"]}]},{\"@type\":\"BreadcrumbList\",\"@id\":\"https:\/\/schwab-orl.ch\/schlafapnoe#breadcrumb\",\"itemListElement\":[{\"@type\":\"ListItem\",\"position\":1,\"name\":\"Startseite\",\"item\":\"https:\/\/schwab-orl.ch\/\"},{\"@type\":\"ListItem\",\"position\":2,\"name\":\"Schlafapnoe\"}]},{\"@type\":\"WebSite\",\"@id\":\"https:\/\/schwab-orl.ch\/#website\",\"url\":\"https:\/\/schwab-orl.ch\/\",\"name\":\"Dr. Schwab\",\"description\":\"\",\"publisher\":{\"@id\":\"https:\/\/schwab-orl.ch\/#\/schema\/person\/36072d24125f810c40545dd3fe125792\"},\"potentialAction\":[{\"@type\":\"SearchAction\",\"target\":{\"@type\":\"EntryPoint\",\"urlTemplate\":\"https:\/\/schwab-orl.ch\/?s={search_term_string}\"},\"query-input\":\"required name=search_term_string\"}],\"inLanguage\":\"en-GB\"},{\"@type\":[\"Person\",\"Organization\"],\"@id\":\"https:\/\/schwab-orl.ch\/#\/schema\/person\/36072d24125f810c40545dd3fe125792\",\"name\":\"JanSchwab\",\"image\":{\"@type\":\"ImageObject\",\"inLanguage\":\"en-GB\",\"@id\":\"https:\/\/schwab-orl.ch\/#\/schema\/person\/image\/\",\"url\":\"https:\/\/schwab-orl.ch\/wp-content\/uploads\/2020\/04\/Schwab-Logo-mit-Schriftzug-kompakt.svg\",\"contentUrl\":\"https:\/\/schwab-orl.ch\/wp-content\/uploads\/2020\/04\/Schwab-Logo-mit-Schriftzug-kompakt.svg\",\"width\":1550,\"height\":106,\"caption\":\"JanSchwab\"},\"logo\":{\"@id\":\"https:\/\/schwab-orl.ch\/#\/schema\/person\/image\/\"}}]}<\/script>\n<!-- \/ Yoast SEO plugin. -->","yoast_head_json":{"title":"Schlafapnoe - Lassen Sie jetzt Ihre Schlafapnoe behandeln!","description":"Sie leiden an Schlafapnoe? Lassen Sie sich von uns jetzt beraten, wie wir Ihnen helfen k\u00f6nnen! Eine Schlafapnoe kann behandelt werden!","robots":{"index":"index","follow":"follow","max-snippet":"max-snippet:-1","max-image-preview":"max-image-preview:large","max-video-preview":"max-video-preview:-1"},"canonical":"https:\/\/schwab-orl.ch\/en\/schlafapnoe\/","og_locale":"en_GB","og_type":"article","og_title":"Schlafapnoe - Lassen Sie jetzt Ihre Schlafapnoe behandeln!","og_description":"Sie leiden an Schlafapnoe? Lassen Sie sich von uns jetzt beraten, wie wir Ihnen helfen k\u00f6nnen! Eine Schlafapnoe kann behandelt werden!","og_url":"https:\/\/schwab-orl.ch\/en\/schlafapnoe\/","og_site_name":"Dr. Schwab","article_modified_time":"2025-05-22T19:53:08+00:00","og_image":[{"url":"https:\/\/schwab-orl.ch\/wp-content\/uploads\/2020\/10\/Schlafapneu.jpg"}],"twitter_card":"summary_large_image","twitter_misc":{"Estimated reading time":"6 minutes"},"schema":{"@context":"https:\/\/schema.org","@graph":[{"@type":"WebPage","@id":"https:\/\/schwab-orl.ch\/schlafapnoe","url":"https:\/\/schwab-orl.ch\/schlafapnoe","name":"Schlafapnoe - Lassen Sie jetzt Ihre Schlafapnoe behandeln!","isPartOf":{"@id":"https:\/\/schwab-orl.ch\/#website"},"datePublished":"2020-10-14T07:47:25+00:00","dateModified":"2025-05-22T19:53:08+00:00","description":"Sie leiden an Schlafapnoe? Lassen Sie sich von uns jetzt beraten, wie wir Ihnen helfen k\u00f6nnen! Eine Schlafapnoe kann behandelt werden!","breadcrumb":{"@id":"https:\/\/schwab-orl.ch\/schlafapnoe#breadcrumb"},"inLanguage":"en-GB","potentialAction":[{"@type":"ReadAction","target":["https:\/\/schwab-orl.ch\/schlafapnoe"]}]},{"@type":"BreadcrumbList","@id":"https:\/\/schwab-orl.ch\/schlafapnoe#breadcrumb","itemListElement":[{"@type":"ListItem","position":1,"name":"Startseite","item":"https:\/\/schwab-orl.ch\/"},{"@type":"ListItem","position":2,"name":"Schlafapnoe"}]},{"@type":"WebSite","@id":"https:\/\/schwab-orl.ch\/#website","url":"https:\/\/schwab-orl.ch\/","name":"Dr. Schwab","description":"","publisher":{"@id":"https:\/\/schwab-orl.ch\/#\/schema\/person\/36072d24125f810c40545dd3fe125792"},"potentialAction":[{"@type":"SearchAction","target":{"@type":"EntryPoint","urlTemplate":"https:\/\/schwab-orl.ch\/?s={search_term_string}"},"query-input":"required name=search_term_string"}],"inLanguage":"en-GB"},{"@type":["Person","Organization"],"@id":"https:\/\/schwab-orl.ch\/#\/schema\/person\/36072d24125f810c40545dd3fe125792","name":"JanSchwab","image":{"@type":"ImageObject","inLanguage":"en-GB","@id":"https:\/\/schwab-orl.ch\/#\/schema\/person\/image\/","url":"https:\/\/schwab-orl.ch\/wp-content\/uploads\/2020\/04\/Schwab-Logo-mit-Schriftzug-kompakt.svg","contentUrl":"https:\/\/schwab-orl.ch\/wp-content\/uploads\/2020\/04\/Schwab-Logo-mit-Schriftzug-kompakt.svg","width":1550,"height":106,"caption":"JanSchwab"},"logo":{"@id":"https:\/\/schwab-orl.ch\/#\/schema\/person\/image\/"}}]}},"_links":{"self":[{"href":"https:\/\/schwab-orl.ch\/en\/wp-json\/wp\/v2\/pages\/1088"}],"collection":[{"href":"https:\/\/schwab-orl.ch\/en\/wp-json\/wp\/v2\/pages"}],"about":[{"href":"https:\/\/schwab-orl.ch\/en\/wp-json\/wp\/v2\/types\/page"}],"author":[{"embeddable":true,"href":"https:\/\/schwab-orl.ch\/en\/wp-json\/wp\/v2\/users\/4"}],"replies":[{"embeddable":true,"href":"https:\/\/schwab-orl.ch\/en\/wp-json\/wp\/v2\/comments?post=1088"}],"version-history":[{"count":38,"href":"https:\/\/schwab-orl.ch\/en\/wp-json\/wp\/v2\/pages\/1088\/revisions"}],"predecessor-version":[{"id":2107,"href":"https:\/\/schwab-orl.ch\/en\/wp-json\/wp\/v2\/pages\/1088\/revisions\/2107"}],"wp:attachment":[{"href":"https:\/\/schwab-orl.ch\/en\/wp-json\/wp\/v2\/media?parent=1088"}],"curies":[{"name":"wp","href":"https:\/\/api.w.org\/{rel}","templated":true}]}}