{"id":224,"date":"2020-04-23T07:24:01","date_gmt":"2020-04-23T07:24:01","guid":{"rendered":"http:\/\/schwab-orl.ch\/?page_id=224"},"modified":"2020-04-27T16:18:20","modified_gmt":"2020-04-27T16:18:20","slug":"datenschutz","status":"publish","type":"page","link":"https:\/\/schwab-orl.ch\/en\/datenschutz","title":{"rendered":"Data protection"},"content":{"rendered":"<div data-elementor-type=\"wp-page\" data-elementor-id=\"224\" class=\"elementor elementor-224\" data-elementor-post-type=\"page\">\n\t\t\t\t\t\t\t\t\t<section class=\"elementor-section elementor-top-section elementor-element elementor-element-f828f95 elementor-section-boxed elementor-section-height-default elementor-section-height-default\" data-id=\"f828f95\" data-element_type=\"section\">\n\t\t\t\t\t\t<div class=\"elementor-container elementor-column-gap-default\">\n\t\t\t\t\t<div class=\"elementor-column elementor-col-100 elementor-top-column elementor-element elementor-element-17f6bd4\" data-id=\"17f6bd4\" data-element_type=\"column\">\n\t\t\t<div class=\"elementor-widget-wrap elementor-element-populated\">\n\t\t\t\t\t\t\t\t<div class=\"elementor-element elementor-element-c7701ff elementor-widget elementor-widget-heading\" data-id=\"c7701ff\" data-element_type=\"widget\" data-widget_type=\"heading.default\">\n\t\t\t\t<div class=\"elementor-widget-container\">\n\t\t\t<h1 class=\"elementor-heading-title elementor-size-default\">Data protection<\/h1>\t\t<\/div>\n\t\t\t\t<\/div>\n\t\t\t\t\t<\/div>\n\t\t<\/div>\n\t\t\t\t\t\t\t<\/div>\n\t\t<\/section>\n\t\t\t\t<section class=\"elementor-section elementor-top-section elementor-element elementor-element-53dfc40 elementor-section-boxed elementor-section-height-default elementor-section-height-default\" data-id=\"53dfc40\" data-element_type=\"section\">\n\t\t\t\t\t\t<div class=\"elementor-container elementor-column-gap-default\">\n\t\t\t\t\t<div class=\"elementor-column elementor-col-100 elementor-top-column elementor-element elementor-element-af35483\" data-id=\"af35483\" data-element_type=\"column\">\n\t\t\t<div class=\"elementor-widget-wrap elementor-element-populated\">\n\t\t\t\t\t\t\t\t<div class=\"elementor-element elementor-element-5ba4381 elementor-widget elementor-widget-text-editor\" data-id=\"5ba4381\" data-element_type=\"widget\" data-widget_type=\"text-editor.default\">\n\t\t\t\t<div class=\"elementor-widget-container\">\n\t\t\t\t\t\t\t<div class=\"title\">\u00a0<\/div><h2>Datenschutzerkl\u00e4rung <br \/>von Dr. med. Jan-Alexander Schwab<\/h2><p><strong>1. Zweck der Datenschutzerkl\u00e4rung<\/strong><\/p><p>1.1. Betreiberin der Website www.schwab-orl.ch (nachfolgend &#171;Website&#187;) ist\u00a0 Dr. med. Jan-Alexander Schwab in Z\u00fcrich (nachfolgend &#171;Praxis Dr. Schwab&#187;, &#171;wir&#187; oder &#171;uns&#187; genannt). Der Datenschutz ist uns wichtig und wir halten uns an die geltenden schweizerischen datenschutzrechtlichen Vorgaben und Regelungen.<\/p><p>1.2. Diese Datenschutzerkl\u00e4rung zeigt den Umgang der Praxis Dr. Schwab mit Personendaten auf und legt insbesondere dar, welche Personendaten des Besuchers der Website (nachfolgend &#171;<strong>Nutzer<\/strong>&#187; genannt) von der Praxis Dr. Schwab bearbeitet werden und zu welchen Zwecken die Bearbeitung dieser Daten erfolgt. Sie beschreibt zudem, wie gesammelte Personendaten \u00fcberpr\u00fcft, korrigiert oder gel\u00f6scht werden k\u00f6nnen.<\/p><p>1.3. Diese Datenschutzerkl\u00e4rung erstreckt sich nicht auf allf\u00e4llige externe Links, die zu Angeboten Dritter f\u00fchren. F\u00fcr diese Angebote gelten die Datenschutzbestimmungen des jeweiligen Anbieters.<\/p><p><strong>2. Personendaten <\/strong><\/p><p>Die Praxis Dr. Schwab respektiert die Privatsph\u00e4re des Nutzers und wird keinerlei Personendaten (wie Name, Adresse, E-Mail-Adresse) sammeln, es sei denn, diese werden:<\/p><ul><li>vom Nutzer freiwillig zur Verf\u00fcgung gestellt (insb. Vorname, Nachname, Adresse, Mobile-Nummer, Email-Adresse)<\/li><li>oder durch Cookies automatisch erhoben.<\/li><\/ul><p><strong>3. Verwendung von Personendaten<\/strong><\/p><p>3.1. Nutzer k\u00f6nnen uns \u00fcber das Kontaktformular oder die im Impressum angegebenen Kontaktm\u00f6glichkeiten kontaktieren und dabei personenbezogene Daten an uns \u00fcbermitteln.<\/p><p>3.2. Vom Nutzer an die Praxis Dr. Schwab \u00fcbermittelte Daten d\u00fcrfen von der Praxis Dr. Schwab wie folgt verwendet werden:<\/p><ul><li>um die konkreten Anfragen des Nutzers zu beantworten<\/li><li>um Gesch\u00e4fte mit dem Nutzer zu t\u00e4tigen<\/li><li>zu Marketingzwecken, also insbesondere um dem Nutzer Informationen zu den Dienstleistungen von der Praxis Dr. Schwab und der mit ihr verbundenen Unternehmen zukommen zu lassen.<\/li><li>zur Kundenkommunikation per Post, Telefon und elektronischen Kommunikationsmittel (Email, Newsletter)<\/li><li>f\u00fcr Analysezwecke. F\u00fcr die st\u00e4ndige Verbesserung unserer Website und Dienstleistungen erstellt die Praxis Dr. Schwab regelm\u00e4ssig statistische Auswertungen anhand von anonymisierten Nutzerdaten. Zus\u00e4tzlich k\u00f6nnen diese Daten f\u00fcr Marketingzwecke mit anderen Daten der Praxis Dr. Schwab verkn\u00fcpft und analysiert werden.<\/li><li>um unn\u00f6tige Werbung zu vermeiden und den Nutzer mit relevanten Informationen anzusprechen. F\u00fcr ein individualisiertes und personalisiertes Marketing nutzen wir die Erkenntnisse aus der Analyse des Nutzerverhaltens.<\/li><\/ul><p>3.3. Unter Umst\u00e4nden erfassen wir sensible personenbezogene Daten \u00fcber Nutzer, wenn diese uns beispielsweise im Rahmen einer Informationsanforderung freiwillig Angaben zu ihrem Gesundheitszustand \u00fcberlassen. In diesem Fall verwenden wir diese Informationen nur, um die jeweilige Anfrage zu beantworten. Indem Nutzer uns ihre sensiblen personenbezogenen Daten \u00fcberlassen, erkl\u00e4ren sie ihr Einverst\u00e4ndnis mit unserer Verarbeitung dieser Daten f\u00fcr den in dieser Datenschutzerkl\u00e4rung beschriebenen Umfang.<\/p><p>3.4. Der Zugang zu Personendaten ist auf diejenigen Mitarbeiter sowie Vertriebs- und Kooperationspartner begrenzt, die diese Daten kennen m\u00fcssen. Die betreffenden Personen und Unternehmen sind zur Verschwiegenheit und zur Einhaltung der geltenden Datenschutzgesetze verpflichtet. Die Praxis Dr. Schwab wird Personendaten keinesfalls an Dritte verkaufen.<\/p><p><strong>4. Cookies<\/strong><\/p><p>4.1. Wenn der Nutzer die Website besucht, k\u00f6nnen auf seinem Computer automatisch Informationen gespeichert werden. Dies geschieht in Form von sogenannten &#171;Cookies&#187; oder einer \u00e4hnlichen Datei. Diese helfen der Praxis Dr. Schwab in verschiedener Hinsicht. So zum Beispiel um die Pr\u00e4ferenzen der Besucher der Website kennenzulernen und die Website zu verbessern.<\/p><p>4.2. Die meisten Browser erm\u00f6glichen es, Cookies zu l\u00f6schen, deren Installation zu verhindern oder eine Warnung zu generieren, bevor ein Cookie installiert wird. 3 Weitergehende diesbez\u00fcgliche Informationen kann der Nutzer den Browser-Instruktionen entnehmen.<\/p><p>4.3. Die Praxis Dr. Schwab wird automatisch gespeicherte Informationen ausschliesslich f\u00fcr statistische Auswertungen verwenden und insbesondere nicht mit den der Praxis Dr. Schwab allenfalls \u00fcberlassenen Personendaten in Verbindung bringen.<\/p><p><strong>5. Webanalysedienste<\/strong><\/p><p>5.1. Die Praxis Dr. Schwab verwendet zur Auswertung der Nutzung der Website Webanalysedienste von Drittanbietern, an welche im Rahmen des Einsatzes dieser Dienste ebenfalls Personendaten \u00fcbermittelt werden k\u00f6nnen.<\/p><p>5.2. Google Analytics ist ein Webanalysedienst der Google Inc. (&#171;Google&#187;). Google Analytics verwendet sog. &#171;Cookies&#187;, Textdateien, die auf dem Computer der Benutzer gespeichert werden und die eine Analyse der Benutzung der Website erm\u00f6glicht. Die durch das Cookie erzeugten Informationen \u00fcber die Benutzung dieser Website (einschliesslich IP-Adresse der Benutzer) werden an einen Server von Google in den USA \u00fcbertragen und dort gespeichert. Google wird diese Informationen benutzen, um die Nutzung der Website durch die Benutzer auszuwerten, um Reports \u00fcber die Websiteaktivit\u00e4ten f\u00fcr die Websitebetreiber zusammenzustellen und um weitere mit der Websitenutzung und der Internetnutzung verbundene Dienstleistungen zu erbringen. Auch wird Google diese Informationen gegebenenfalls an Dritte \u00fcbertragen, sofern dies gesetzlich vorgeschrieben ist oder soweit Dritte diese Daten im Auftrag von Google verarbeiten. Google wird in keinem Fall die IP-Adresse der Benutzer mit anderen Daten von Google in Verbindung bringen. Die Benutzer k\u00f6nnen die Installation der Cookies durch eine entsprechende Einstellung der Browser Software verhindern. Die Praxis Dr. Schwab weist die Benutzer jedoch darauf hin, dass in diesem Fall gegebenenfalls nicht s\u00e4mtliche Funktionen der Praxis-Dr.-Schwab-Plattform vollumf\u00e4nglich genutzt werden k\u00f6nnen. Durch die Nutzung der Praxis-Dr.-Schwab-Plattform erkl\u00e4ren die Benutzer sich mit der Bearbeitung der \u00fcber sie erhobenen Daten durch Google in der zuvor beschriebenen Art und Weise und zu dem zuvor benannten Zweck einverstanden.<\/p><p>5.3 Ebenfalls verwenden wir AdWords, das Werbesystem von Google. Werbetreibende k\u00f6nnen hiermit Anzeigen schalten, die sich vor allem an den Suchergebnissen bei der Nutzung der unternehmenseigenen Dienste orientieren.<br \/>Im Rahmen von Google AdWords verwenden wir auch das Conversion Tracking. Wenn Sie auf eine von Google geschaltete Anzeige klicken, wird auf Ihrem Computer ein Cookie f\u00fcr das Conversion Tracking (Conversion Cookie) gesetzt. Dieses Cookie erlaubt uns, R\u00fcckschl\u00fcsse auf das Surfverhalten und das Interesse der Nutzer zu ziehen, jedoch dient es nicht der pers\u00f6nlichen Identifizierung.<br \/>Falls Sie kein Tracking w\u00fcnschen, k\u00f6nnen Sie das mit Hilfe Ihrer Browser-Einstellung deaktivieren oder so einstellen, dass Cookies von der Domain &#171;googleleadservices.com&#187;\u00a0blockiert werden. Ansonsten verlieren die Cookie Informationen automatisch nach 30 Tagen ihre G\u00fcltigkeit.<br \/>F\u00fcr unsere Statistiken verwenden wir weitere Analyse Funktionen:<\/p><ul><li>Remarketing<\/li><li>Zielgruppen mit gemeinsamen Interessen<\/li><li>benutzerdefinierte Zielgruppen mit gemeinsamen Interessen<\/li><li>kaufbereite Zielgruppen<\/li><li>\u00e4hnliche Zielgruppen<\/li><li>demografische und geografische Ausrichtung<\/li><\/ul><p>5.4. Sodann verlinken wir von unserer Website auch auf unsere Facebook und Instagram Page. Sowohl Facebook als auch Instagram sind soziale Netzwerke des amerikanischen Unternehmens Facebook, Inc. ,1601 S. California Ave, Palo Alto, CA 94304, USA (&#171;Facebook&#187;). Beide Netzwerke erheben im Rahmen der Nutzung von Facebook bzw. Instagram personenbezogene Daten. Auf die Erhebung personenbezogener Daten durch Facebook und Instagram hat die Praxis Dr. Schwab keinen Einfluss. Es sind die Informationen zu Datenerhebung und -verarbeitung in der Datenschutzerkl\u00e4rung von Facebook Inc. massgeblich (<a href=\"https:\/\/de-de.facebook.com\/policy.php\" target=\"_blank\" rel=\"noopener\">https:\/\/de-de.facebook.com\/policy.php<\/a>).<\/p><p>5.5. Auf unserer Website verlinken wir zudem auf unseren YouTube-Channel. YouTube geh\u00f6rt zu Google Inc. (vgl. 5.3). YouTube erhebt im Rahmen der Nutzung des YouTube-Channels von Praxis Dr. Schwab personenbezogene Daten. Auf die Erhebung personenbezogener Daten durch YouTube hat die Praxis Dr. Schwab keinen Einfluss. Es sind die Informationen zu Datenerhebung und -verarbeitung in der Datenschutzerkl\u00e4rung von YouTube massgeblich (<a href=\"https:\/\/policies.google.com\/privacy?hl=de&amp;gl=de\" target=\"_blank\" rel=\"noopener\">https:\/\/policies.google.com\/privacy?hl=de&amp;gl=de<\/a>).<\/p><p>5.6. Auf unserer Website verlinken wir zudem auf unsere G+ Seite. G+ ist ein Dienst von Google Inc.. Google erhebt im Rahmen der Nutzung der G+ Seite der Praxis Dr. Schwab personenbezogene Daten. Auf die Erhebung personenbezogener Daten durch Google hat die Praxis Dr. Schwab keinen Einfluss. Es sind die Informationen zu Datenerhebung und -verarbeitung in der Datenschutzerkl\u00e4rung von Google massgeblich (<a href=\"https:\/\/policies.google.com\/privacy?hl=de&amp;gl=de\" target=\"_blank\" rel=\"noopener\">https:\/\/policies.google.com\/privacy?hl=de&amp;gl=de<\/a>).<\/p><p><strong>6. Sicherheitsmassnahmen<\/strong><\/p><p>6.1. Die Praxis Dr. Schwab sieht Sicherheitsmassnahmen vor, um Verlust, Missbrauch oder \u00c4nderung von Informationen und Personendaten zu verhindern.<\/p><p>6.2. Der Nutzer ist sich bewusst, dass \u00dcbertragungen im Internet nicht sicher sind. Wir empfehlen Nutzer daher, mit der \u00dcbermittlung von sensiblen personenbezogenen Daten \u00fcber das Internet zur\u00fcckhaltend zu sein. Sobald die Praxis Dr. Schwab die \u00fcbertragenen Informationen erhalten hat, sichert sie diese in angemessener Weise in ihren Systemen.<\/p><p>6.3. Weitergabe von personenbezogenen Daten Der Nutzer erkl\u00e4rt sich damit einverstanden, dass seine Daten an weitere Gesellschaften innerhalb der Praxis Dr. Schwab \u00fcbermittelt und von diesen bearbeitet werden k\u00f6nnen. Dies kann zur Erf\u00fcllung des von ihm angegeben Zwecks, aus Gr\u00fcnden der Rechnungslegung, der Berichterstattung, der Optimierung von Informatikdienstleistungen und des Marketings erfolgen. Die Praxis Dr. Schwab gew\u00e4hrleistet dabei die Einhaltung der Grunds\u00e4tze des schweizerischen Datenschutzrechts oder eines gleichwertigen ausl\u00e4ndischen Schutzniveaus.<br \/>Ausserdem k\u00f6nnen wir Personendaten an Dritte weitergeben, um technische oder organisatorische Dienstleistungen in Anspruch zu nehmen, die wir f\u00fcr die Erf\u00fcllung der genannten Zwecke oder unserer sonstigen Gesch\u00e4ftst\u00e4tigkeit ben\u00f6tigen. Unsere Dienstleister sind vertraglich verpflichtet, die Personendaten ausschliesslich in unserem Auftrag und nach unseren Instruktionen zu bearbeiten.<br \/>Ebenfalls k\u00f6nnen wir Personendaten weitergeben, wenn wir dazu zur Einhaltung der geltenden Gesetze und Vorschriften, bei Gerichtsverfahren, auf Verlangen der zust\u00e4ndigen Gerichte und Beh\u00f6rden oder aus anderen rechtlichen Vorgaben verpflichtet sind oder es als notwendig erachten, um unsere Rechte bzw. unser Eigentum zu sch\u00fctzen und zu verteidigen.<\/p><p><strong>7. Rechte des Nutzers<\/strong><\/p><p>7.1. Der Nutzer kann jederzeit verlangen, dass die Praxis Dr. Schwab ihm eine Kopie der Personendaten, die ihn betreffen, zustellt oder ihm \u00fcber deren Verwendung Auskunft erteilt. Weiter wird die Praxis Dr. Schwab diese Daten auf Wunsch des Nutzers jederzeit korrigieren oder l\u00f6schen. Die daf\u00fcr zust\u00e4ndige Stelle erreicht der Nutzer wie folgt:<\/p><p>Praxis Dr. Jan-Alexander Schwab, \u00c4rztehaus Fluntern, Z\u00fcrichbergstrasse 70, 8044 Z\u00fcrich oder per Email: <a href=\"mailto:praxis@schwab-orl.ch\">praxis@schwab-orl.ch<\/a><\/p><p>Die Praxis Dr. Schwab ist bei solchen Anfragen verpflichtet, die Identit\u00e4t des Nutzers zu \u00fcberpr\u00fcfen. Anfragen k\u00f6nnen daher nur bearbeitet werden, wenn dieser ein geeigneter Identit\u00e4tsnachweis (Kopie Personalausweis oder \u00e4hnliches) beigef\u00fcgt wird.<\/p><p><strong>8. Datenschutzbeauftragte<\/strong><\/p><p>Die Praxis Dr. Schwab ist die verantwortliche Stelle und f\u00fcr die Erhebung, Verarbeitung und Nutzung Ihrer Personendaten im datenschutzrechtlichen Sinn.<br \/>Anfragen zu unserer Datenschutzerkl\u00e4rung und weitere Anliegen im Zusammenhang mit dem Datenschutz unserer Klinik, richten Sie bitte an folgende Adresse: <a href=\"mailto:praxis@schwab-orl.ch\">praxis@schwab-orl.ch<\/a><\/p><p><strong>9. Anpassung der Datenschutzerkl\u00e4rung<\/strong><\/p><p>Die Praxis Dr. Schwab beh\u00e4lt sich das Recht vor, diese Datenschutzerkl\u00e4rung jederzeit im Rahmen der gesetzlichen Vorgaben anzupassen.<\/p><p><strong>10. Aufrufen der Datenschutzerkl\u00e4rung<\/strong><\/p><p>Der Nutzer kann diese Datenschutzerkl\u00e4rung jederzeit aufrufen, herunterladen, speichern oder ausdrucken.\u00a0<\/p>\t\t\t\t\t\t<\/div>\n\t\t\t\t<\/div>\n\t\t\t\t\t<\/div>\n\t\t<\/div>\n\t\t\t\t\t\t\t<\/div>\n\t\t<\/section>\n\t\t\t\t\t\t\t<\/div>","protected":false},"excerpt":{"rendered":"<p>Datenschutz \u00a0 Datenschutzerkl\u00e4rung von Dr. med. Jan-Alexander Schwab 1. Zweck der Datenschutzerkl\u00e4rung 1.1. Betreiberin der Website www.schwab-orl.ch (nachfolgend &#171;Website&#187;) ist\u00a0 Dr. med. Jan-Alexander Schwab in Z\u00fcrich (nachfolgend &#171;Praxis Dr. Schwab&#187;, &#171;wir&#187; oder &#171;uns&#187; genannt). Der Datenschutz ist uns wichtig und wir halten uns an die geltenden schweizerischen datenschutzrechtlichen Vorgaben und Regelungen. 1.2. Diese Datenschutzerkl\u00e4rung zeigt &#8230; <a title=\"Data protection\" class=\"read-more\" href=\"https:\/\/schwab-orl.ch\/en\/datenschutz\" aria-label=\"More on Datenschutz\">Read more<\/a><\/p>","protected":false},"author":2,"featured_media":0,"parent":0,"menu_order":0,"comment_status":"closed","ping_status":"closed","template":"elementor_header_footer","meta":{"footnotes":""},"yoast_head":"<!-- This site is optimized with the Yoast SEO plugin v21.7 - https:\/\/yoast.com\/wordpress\/plugins\/seo\/ -->\n<title>Datenschutz | Dr. Schwab<\/title>\n<meta name=\"robots\" content=\"index, follow, max-snippet:-1, max-image-preview:large, max-video-preview:-1\" \/>\n<link rel=\"canonical\" href=\"https:\/\/schwab-orl.ch\/en\/datenschutz\/\" \/>\n<meta property=\"og:locale\" content=\"en_GB\" \/>\n<meta property=\"og:type\" content=\"article\" \/>\n<meta property=\"og:title\" content=\"Datenschutz | Dr. Schwab\" \/>\n<meta property=\"og:description\" content=\"Datenschutz \u00a0 Datenschutzerkl\u00e4rung von Dr. med. Jan-Alexander Schwab 1. Zweck der Datenschutzerkl\u00e4rung 1.1. Betreiberin der Website www.schwab-orl.ch (nachfolgend &#171;Website&#187;) ist\u00a0 Dr. med. Jan-Alexander Schwab in Z\u00fcrich (nachfolgend &#171;Praxis Dr. Schwab&#187;, &#171;wir&#187; oder &#171;uns&#187; genannt). Der Datenschutz ist uns wichtig und wir halten uns an die geltenden schweizerischen datenschutzrechtlichen Vorgaben und Regelungen. 1.2. Diese Datenschutzerkl\u00e4rung zeigt ... Read more\" \/>\n<meta property=\"og:url\" content=\"https:\/\/schwab-orl.ch\/en\/datenschutz\/\" \/>\n<meta property=\"og:site_name\" content=\"Dr. Schwab\" \/>\n<meta property=\"article:modified_time\" content=\"2020-04-27T16:18:20+00:00\" \/>\n<meta name=\"twitter:card\" content=\"summary_large_image\" \/>\n<meta name=\"twitter:label1\" content=\"Estimated reading time\" \/>\n\t<meta name=\"twitter:data1\" content=\"8 minutes\" \/>\n<script type=\"application\/ld+json\" class=\"yoast-schema-graph\">{\"@context\":\"https:\/\/schema.org\",\"@graph\":[{\"@type\":\"WebPage\",\"@id\":\"https:\/\/schwab-orl.ch\/datenschutz\",\"url\":\"https:\/\/schwab-orl.ch\/datenschutz\",\"name\":\"Datenschutz | Dr. Schwab\",\"isPartOf\":{\"@id\":\"https:\/\/schwab-orl.ch\/#website\"},\"datePublished\":\"2020-04-23T07:24:01+00:00\",\"dateModified\":\"2020-04-27T16:18:20+00:00\",\"breadcrumb\":{\"@id\":\"https:\/\/schwab-orl.ch\/datenschutz#breadcrumb\"},\"inLanguage\":\"en-GB\",\"potentialAction\":[{\"@type\":\"ReadAction\",\"target\":[\"https:\/\/schwab-orl.ch\/datenschutz\"]}]},{\"@type\":\"BreadcrumbList\",\"@id\":\"https:\/\/schwab-orl.ch\/datenschutz#breadcrumb\",\"itemListElement\":[{\"@type\":\"ListItem\",\"position\":1,\"name\":\"Startseite\",\"item\":\"https:\/\/schwab-orl.ch\/\"},{\"@type\":\"ListItem\",\"position\":2,\"name\":\"Datenschutz\"}]},{\"@type\":\"WebSite\",\"@id\":\"https:\/\/schwab-orl.ch\/#website\",\"url\":\"https:\/\/schwab-orl.ch\/\",\"name\":\"Dr. Schwab\",\"description\":\"\",\"publisher\":{\"@id\":\"https:\/\/schwab-orl.ch\/#\/schema\/person\/36072d24125f810c40545dd3fe125792\"},\"potentialAction\":[{\"@type\":\"SearchAction\",\"target\":{\"@type\":\"EntryPoint\",\"urlTemplate\":\"https:\/\/schwab-orl.ch\/?s={search_term_string}\"},\"query-input\":\"required name=search_term_string\"}],\"inLanguage\":\"en-GB\"},{\"@type\":[\"Person\",\"Organization\"],\"@id\":\"https:\/\/schwab-orl.ch\/#\/schema\/person\/36072d24125f810c40545dd3fe125792\",\"name\":\"JanSchwab\",\"image\":{\"@type\":\"ImageObject\",\"inLanguage\":\"en-GB\",\"@id\":\"https:\/\/schwab-orl.ch\/#\/schema\/person\/image\/\",\"url\":\"https:\/\/schwab-orl.ch\/wp-content\/uploads\/2020\/04\/Schwab-Logo-mit-Schriftzug-kompakt.svg\",\"contentUrl\":\"https:\/\/schwab-orl.ch\/wp-content\/uploads\/2020\/04\/Schwab-Logo-mit-Schriftzug-kompakt.svg\",\"width\":1550,\"height\":106,\"caption\":\"JanSchwab\"},\"logo\":{\"@id\":\"https:\/\/schwab-orl.ch\/#\/schema\/person\/image\/\"}}]}<\/script>\n<!-- \/ Yoast SEO plugin. -->","yoast_head_json":{"title":"Datenschutz | Dr. Schwab","robots":{"index":"index","follow":"follow","max-snippet":"max-snippet:-1","max-image-preview":"max-image-preview:large","max-video-preview":"max-video-preview:-1"},"canonical":"https:\/\/schwab-orl.ch\/en\/datenschutz\/","og_locale":"en_GB","og_type":"article","og_title":"Datenschutz | Dr. Schwab","og_description":"Datenschutz \u00a0 Datenschutzerkl\u00e4rung von Dr. med. Jan-Alexander Schwab 1. Zweck der Datenschutzerkl\u00e4rung 1.1. Betreiberin der Website www.schwab-orl.ch (nachfolgend &#171;Website&#187;) ist\u00a0 Dr. med. Jan-Alexander Schwab in Z\u00fcrich (nachfolgend &#171;Praxis Dr. Schwab&#187;, &#171;wir&#187; oder &#171;uns&#187; genannt). Der Datenschutz ist uns wichtig und wir halten uns an die geltenden schweizerischen datenschutzrechtlichen Vorgaben und Regelungen. 1.2. Diese Datenschutzerkl\u00e4rung zeigt ... Read more","og_url":"https:\/\/schwab-orl.ch\/en\/datenschutz\/","og_site_name":"Dr. Schwab","article_modified_time":"2020-04-27T16:18:20+00:00","twitter_card":"summary_large_image","twitter_misc":{"Estimated reading time":"8 minutes"},"schema":{"@context":"https:\/\/schema.org","@graph":[{"@type":"WebPage","@id":"https:\/\/schwab-orl.ch\/datenschutz","url":"https:\/\/schwab-orl.ch\/datenschutz","name":"Datenschutz | Dr. Schwab","isPartOf":{"@id":"https:\/\/schwab-orl.ch\/#website"},"datePublished":"2020-04-23T07:24:01+00:00","dateModified":"2020-04-27T16:18:20+00:00","breadcrumb":{"@id":"https:\/\/schwab-orl.ch\/datenschutz#breadcrumb"},"inLanguage":"en-GB","potentialAction":[{"@type":"ReadAction","target":["https:\/\/schwab-orl.ch\/datenschutz"]}]},{"@type":"BreadcrumbList","@id":"https:\/\/schwab-orl.ch\/datenschutz#breadcrumb","itemListElement":[{"@type":"ListItem","position":1,"name":"Startseite","item":"https:\/\/schwab-orl.ch\/"},{"@type":"ListItem","position":2,"name":"Datenschutz"}]},{"@type":"WebSite","@id":"https:\/\/schwab-orl.ch\/#website","url":"https:\/\/schwab-orl.ch\/","name":"Dr. Schwab","description":"","publisher":{"@id":"https:\/\/schwab-orl.ch\/#\/schema\/person\/36072d24125f810c40545dd3fe125792"},"potentialAction":[{"@type":"SearchAction","target":{"@type":"EntryPoint","urlTemplate":"https:\/\/schwab-orl.ch\/?s={search_term_string}"},"query-input":"required name=search_term_string"}],"inLanguage":"en-GB"},{"@type":["Person","Organization"],"@id":"https:\/\/schwab-orl.ch\/#\/schema\/person\/36072d24125f810c40545dd3fe125792","name":"JanSchwab","image":{"@type":"ImageObject","inLanguage":"en-GB","@id":"https:\/\/schwab-orl.ch\/#\/schema\/person\/image\/","url":"https:\/\/schwab-orl.ch\/wp-content\/uploads\/2020\/04\/Schwab-Logo-mit-Schriftzug-kompakt.svg","contentUrl":"https:\/\/schwab-orl.ch\/wp-content\/uploads\/2020\/04\/Schwab-Logo-mit-Schriftzug-kompakt.svg","width":1550,"height":106,"caption":"JanSchwab"},"logo":{"@id":"https:\/\/schwab-orl.ch\/#\/schema\/person\/image\/"}}]}},"_links":{"self":[{"href":"https:\/\/schwab-orl.ch\/en\/wp-json\/wp\/v2\/pages\/224"}],"collection":[{"href":"https:\/\/schwab-orl.ch\/en\/wp-json\/wp\/v2\/pages"}],"about":[{"href":"https:\/\/schwab-orl.ch\/en\/wp-json\/wp\/v2\/types\/page"}],"author":[{"embeddable":true,"href":"https:\/\/schwab-orl.ch\/en\/wp-json\/wp\/v2\/users\/2"}],"replies":[{"embeddable":true,"href":"https:\/\/schwab-orl.ch\/en\/wp-json\/wp\/v2\/comments?post=224"}],"version-history":[{"count":12,"href":"https:\/\/schwab-orl.ch\/en\/wp-json\/wp\/v2\/pages\/224\/revisions"}],"predecessor-version":[{"id":446,"href":"https:\/\/schwab-orl.ch\/en\/wp-json\/wp\/v2\/pages\/224\/revisions\/446"}],"wp:attachment":[{"href":"https:\/\/schwab-orl.ch\/en\/wp-json\/wp\/v2\/media?parent=224"}],"curies":[{"name":"wp","href":"https:\/\/api.w.org\/{rel}","templated":true}]}}