{"id":262,"date":"2020-04-23T13:29:25","date_gmt":"2020-04-23T13:29:25","guid":{"rendered":"http:\/\/schwab-orl.ch\/?page_id=262"},"modified":"2023-03-01T09:08:58","modified_gmt":"2023-03-01T09:08:58","slug":"erfahrungsberichte","status":"publish","type":"page","link":"https:\/\/schwab-orl.ch\/en\/erfahrungsberichte","title":{"rendered":"Testimonials"},"content":{"rendered":"<div data-elementor-type=\"wp-page\" data-elementor-id=\"262\" class=\"elementor elementor-262\" data-elementor-post-type=\"page\">\n\t\t\t\t\t\t\t\t\t<section class=\"elementor-section elementor-top-section elementor-element elementor-element-e77e8dc elementor-section-boxed elementor-section-height-default elementor-section-height-default\" data-id=\"e77e8dc\" data-element_type=\"section\">\n\t\t\t\t\t\t<div class=\"elementor-container elementor-column-gap-default\">\n\t\t\t\t\t<div class=\"elementor-column elementor-col-100 elementor-top-column elementor-element elementor-element-c2e02a4\" data-id=\"c2e02a4\" data-element_type=\"column\">\n\t\t\t<div class=\"elementor-widget-wrap elementor-element-populated\">\n\t\t\t\t\t\t\t\t<div class=\"elementor-element elementor-element-1d61898 elementor-widget elementor-widget-image\" data-id=\"1d61898\" data-element_type=\"widget\" data-widget_type=\"image.default\">\n\t\t\t\t<div class=\"elementor-widget-container\">\n\t\t\t\t\t\t\t\t\t\t\t\t\t\t\t<img decoding=\"async\" loading=\"lazy\" width=\"1024\" height=\"221\" src=\"https:\/\/schwab-orl.ch\/wp-content\/uploads\/2020\/04\/Gesunder-Schlaf-ohne-Schnarchen-Schwab2-1024x221.jpg\" class=\"attachment-large size-large wp-image-238\" alt=\"Schlafendes Paar\" srcset=\"https:\/\/schwab-orl.ch\/wp-content\/uploads\/2020\/04\/Gesunder-Schlaf-ohne-Schnarchen-Schwab2-1024x221.jpg 1024w, https:\/\/schwab-orl.ch\/wp-content\/uploads\/2020\/04\/Gesunder-Schlaf-ohne-Schnarchen-Schwab2-300x65.jpg 300w, https:\/\/schwab-orl.ch\/wp-content\/uploads\/2020\/04\/Gesunder-Schlaf-ohne-Schnarchen-Schwab2-768x166.jpg 768w, https:\/\/schwab-orl.ch\/wp-content\/uploads\/2020\/04\/Gesunder-Schlaf-ohne-Schnarchen-Schwab2.jpg 1141w\" sizes=\"(max-width: 1024px) 100vw, 1024px\" \/>\t\t\t\t\t\t\t\t\t\t\t\t\t\t\t<\/div>\n\t\t\t\t<\/div>\n\t\t\t\t<div class=\"elementor-element elementor-element-fac66c5 elementor-widget elementor-widget-heading\" data-id=\"fac66c5\" data-element_type=\"widget\" data-widget_type=\"heading.default\">\n\t\t\t\t<div class=\"elementor-widget-container\">\n\t\t\t<h1 class=\"elementor-heading-title elementor-size-default\">Testimonials<\/h1>\t\t<\/div>\n\t\t\t\t<\/div>\n\t\t\t\t\t<\/div>\n\t\t<\/div>\n\t\t\t\t\t\t\t<\/div>\n\t\t<\/section>\n\t\t\t\t<section class=\"elementor-section elementor-top-section elementor-element elementor-element-bdea1f5 elementor-section-boxed elementor-section-height-default elementor-section-height-default\" data-id=\"bdea1f5\" data-element_type=\"section\">\n\t\t\t\t\t\t<div class=\"elementor-container elementor-column-gap-default\">\n\t\t\t\t\t<div class=\"elementor-column elementor-col-100 elementor-top-column elementor-element elementor-element-6e23f36\" data-id=\"6e23f36\" data-element_type=\"column\">\n\t\t\t<div class=\"elementor-widget-wrap elementor-element-populated\">\n\t\t\t\t\t\t\t\t<div class=\"elementor-element elementor-element-e01c1f3 elementor-widget elementor-widget-text-editor\" data-id=\"e01c1f3\" data-element_type=\"widget\" data-widget_type=\"text-editor.default\">\n\t\t\t\t<div class=\"elementor-widget-container\">\n\t\t\t\t\t\t\t<p><strong>Paranasal sinus surgery for permanent sinusitis<\/strong><\/p><div>&#171;Dr. Schwab war f\u00fcr mich die Erl\u00f6sung von einem jahrelangen,wiederkehrenden \u00dcbel: Immer wieder Sinusitis mit Fieber und M\u00fcdigkeit, die nur mit Antibiotika in Schach gehalten werden konnte. Durch die vielen Entz\u00fcndungen waren s\u00e4mtliche Nasen-Nebenh\u00f6hlen von Ablagerungen verstopft, was wiederum noch rascher zu einer neuen Sinusitis f\u00fchrte. Ein Teufelskreis. Da es kritische Stimmen zum Erfolg einer OP gibt, wartete ich lange ab. Zu lange. H\u00e4tte ich Dr. Schwab schon eher getroffen &#8211; diesen exzellenten Operateur, gewissenhaften Nach-Behandler, und dazu sympathischen Menschen -, w\u00e4re mir einiges erspart geblieben. Die OP verlief optimal, auch wenn die Tamponade w\u00e4hrend einer Woche etwas unangenehm war. Ich f\u00fchle mich endlich wieder fit und gesund, und ich kann frei atmen. Ein neues St\u00fcck Lebensqualit\u00e4t!&#187;<\/div><div>(U.R. Female, 70 years)<\/div><div>\u00a0<\/div><p><strong>Na<\/strong><strong>Nasal wall correction and \u00e0 Wengen implant<\/strong><\/p><p>\"Super care and guidance. I visited Dr. Schwab in 2017 based on a recommendation. I had been treated by other doctors for years and had repeatedly taken antibiotics to treat my recurring infections. Dr. Schwab quickly recognized the problem and recommended a nasal septum correction and the \u00e0 Wengen titanium implant for improved nasal breathing and against snoring. What can I say? The implant serves its purpose perfectly. My breathing is great, even with a severe cold. The surgery itself and the healing were without complications and there was very little pain. I would do the surgery again anytime. I can only say thank-you from the bottom of my heart.\" (SU, female, 45 years old).<\/p><p><strong>Competent and successful medical treatment<\/strong><\/p><p>\"Dr. Schwab treated my snoring problem optimally, with a nasal concha laser. The completely bloodless procedure resulted in an improvement in nasal breathing and thus a gain in quality of life. A further positive effect is that I no longer have nosebleeds, whereas previously I had them frequently.\" (HS, male, 62 years)<\/p><p><strong>This is how all doctors should be<\/strong><\/p><p>\"As I have suffered from a congested nose since my youth, I have tried repeatedly to have it surgically repaired. Unfortunately my first two attempts with other doctors failed miserably. This made the uncomplicated and professionally excellent treatment and operation by Dr. Schwab all the more pleasing. The operation went very well and I hardly had any pain afterwards. Within a few days of recovery, I was able to feel the first successes in breathing through my nose, and now I can finally breathe normally through my nose again. Thanks to Dr. Schwab I feel like a new person.\" (RA, male, 34 years)<\/p><p><strong>Finally able to take a deep breath again with a free nose<\/strong><\/p><p>\"We decided to have our daughter (12J) operated on and we would do it again. After chronic inflammation of the paranasal sinuses and a constantly blocked nose, no medication helped anymore and sleeping was only possible after using nasal spray. There was no alternative. Our relatives and acquaintances often advised us against such an operation. Basically we discovered that many people have negative opinions on this subject. But they are totally unfounded! Our child has gained a new quality of life through the nose operation. In addition to peaceful sleep, she can now pursue her hobbies and sports, and is happy. The first few days after the operation were certainly not so pleasant, but that passes very quickly and Dr. Schwab is an excellent surgeon. He and his team are distinguished by the very good information they give before the operation and their wonderful way of dealing with children.\" (NG, female, 43 years old)<\/p>\t\t\t\t\t\t<\/div>\n\t\t\t\t<\/div>\n\t\t\t\t\t<\/div>\n\t\t<\/div>\n\t\t\t\t\t\t\t<\/div>\n\t\t<\/section>\n\t\t\t\t\t\t\t<\/div>","protected":false},"excerpt":{"rendered":"<p>Erfahrungsberichte Nasennebenh\u00f6hlen Operation bei dauerhafter Nasennebenh\u00f6hlenentz\u00fcndung (Sinusitis) &#171;Dr. Schwab war f\u00fcr mich die Erl\u00f6sung von einem jahrelangen,wiederkehrenden \u00dcbel: Immer wieder Sinusitis mit Fieber und M\u00fcdigkeit, die nur mit Antibiotika in Schach gehalten werden konnte. Durch die vielen Entz\u00fcndungen waren s\u00e4mtliche Nasen-Nebenh\u00f6hlen von Ablagerungen verstopft, was wiederum noch rascher zu einer neuen Sinusitis f\u00fchrte. Ein Teufelskreis. &#8230; <a title=\"Testimonials\" class=\"read-more\" href=\"https:\/\/schwab-orl.ch\/en\/erfahrungsberichte\" aria-label=\"More on Erfahrungsberichte\">Read more<\/a><\/p>","protected":false},"author":2,"featured_media":0,"parent":0,"menu_order":0,"comment_status":"closed","ping_status":"closed","template":"elementor_header_footer","meta":{"footnotes":""},"yoast_head":"<!-- This site is optimized with the Yoast SEO plugin v21.7 - https:\/\/yoast.com\/wordpress\/plugins\/seo\/ -->\n<title>Erfahrungsberichte | Dr. Schwab<\/title>\n<meta name=\"robots\" content=\"index, follow, max-snippet:-1, max-image-preview:large, max-video-preview:-1\" \/>\n<link rel=\"canonical\" href=\"https:\/\/schwab-orl.ch\/en\/erfahrungsberichte\/\" \/>\n<meta property=\"og:locale\" content=\"en_GB\" \/>\n<meta property=\"og:type\" content=\"article\" \/>\n<meta property=\"og:title\" content=\"Erfahrungsberichte | Dr. Schwab\" \/>\n<meta property=\"og:description\" content=\"Erfahrungsberichte Nasennebenh\u00f6hlen Operation bei dauerhafter Nasennebenh\u00f6hlenentz\u00fcndung (Sinusitis) &#171;Dr. Schwab war f\u00fcr mich die Erl\u00f6sung von einem jahrelangen,wiederkehrenden \u00dcbel: Immer wieder Sinusitis mit Fieber und M\u00fcdigkeit, die nur mit Antibiotika in Schach gehalten werden konnte. Durch die vielen Entz\u00fcndungen waren s\u00e4mtliche Nasen-Nebenh\u00f6hlen von Ablagerungen verstopft, was wiederum noch rascher zu einer neuen Sinusitis f\u00fchrte. Ein Teufelskreis. ... Read more\" \/>\n<meta property=\"og:url\" content=\"https:\/\/schwab-orl.ch\/en\/erfahrungsberichte\/\" \/>\n<meta property=\"og:site_name\" content=\"Dr. Schwab\" \/>\n<meta property=\"article:modified_time\" content=\"2023-03-01T09:08:58+00:00\" \/>\n<meta property=\"og:image\" content=\"https:\/\/schwab-orl.ch\/wp-content\/uploads\/2020\/04\/Gesunder-Schlaf-ohne-Schnarchen-Schwab2-1024x221.jpg\" \/>\n<meta name=\"twitter:card\" content=\"summary_large_image\" \/>\n<meta name=\"twitter:label1\" content=\"Estimated reading time\" \/>\n\t<meta name=\"twitter:data1\" content=\"3 minutes\" \/>\n<script type=\"application\/ld+json\" class=\"yoast-schema-graph\">{\"@context\":\"https:\/\/schema.org\",\"@graph\":[{\"@type\":\"WebPage\",\"@id\":\"https:\/\/schwab-orl.ch\/erfahrungsberichte\",\"url\":\"https:\/\/schwab-orl.ch\/erfahrungsberichte\",\"name\":\"Erfahrungsberichte | Dr. Schwab\",\"isPartOf\":{\"@id\":\"https:\/\/schwab-orl.ch\/#website\"},\"datePublished\":\"2020-04-23T13:29:25+00:00\",\"dateModified\":\"2023-03-01T09:08:58+00:00\",\"breadcrumb\":{\"@id\":\"https:\/\/schwab-orl.ch\/erfahrungsberichte#breadcrumb\"},\"inLanguage\":\"en-GB\",\"potentialAction\":[{\"@type\":\"ReadAction\",\"target\":[\"https:\/\/schwab-orl.ch\/erfahrungsberichte\"]}]},{\"@type\":\"BreadcrumbList\",\"@id\":\"https:\/\/schwab-orl.ch\/erfahrungsberichte#breadcrumb\",\"itemListElement\":[{\"@type\":\"ListItem\",\"position\":1,\"name\":\"Startseite\",\"item\":\"https:\/\/schwab-orl.ch\/\"},{\"@type\":\"ListItem\",\"position\":2,\"name\":\"Erfahrungsberichte\"}]},{\"@type\":\"WebSite\",\"@id\":\"https:\/\/schwab-orl.ch\/#website\",\"url\":\"https:\/\/schwab-orl.ch\/\",\"name\":\"Dr. Schwab\",\"description\":\"\",\"publisher\":{\"@id\":\"https:\/\/schwab-orl.ch\/#\/schema\/person\/36072d24125f810c40545dd3fe125792\"},\"potentialAction\":[{\"@type\":\"SearchAction\",\"target\":{\"@type\":\"EntryPoint\",\"urlTemplate\":\"https:\/\/schwab-orl.ch\/?s={search_term_string}\"},\"query-input\":\"required name=search_term_string\"}],\"inLanguage\":\"en-GB\"},{\"@type\":[\"Person\",\"Organization\"],\"@id\":\"https:\/\/schwab-orl.ch\/#\/schema\/person\/36072d24125f810c40545dd3fe125792\",\"name\":\"JanSchwab\",\"image\":{\"@type\":\"ImageObject\",\"inLanguage\":\"en-GB\",\"@id\":\"https:\/\/schwab-orl.ch\/#\/schema\/person\/image\/\",\"url\":\"https:\/\/schwab-orl.ch\/wp-content\/uploads\/2020\/04\/Schwab-Logo-mit-Schriftzug-kompakt.svg\",\"contentUrl\":\"https:\/\/schwab-orl.ch\/wp-content\/uploads\/2020\/04\/Schwab-Logo-mit-Schriftzug-kompakt.svg\",\"width\":1550,\"height\":106,\"caption\":\"JanSchwab\"},\"logo\":{\"@id\":\"https:\/\/schwab-orl.ch\/#\/schema\/person\/image\/\"}}]}<\/script>\n<!-- \/ Yoast SEO plugin. -->","yoast_head_json":{"title":"Erfahrungsberichte | Dr. Schwab","robots":{"index":"index","follow":"follow","max-snippet":"max-snippet:-1","max-image-preview":"max-image-preview:large","max-video-preview":"max-video-preview:-1"},"canonical":"https:\/\/schwab-orl.ch\/en\/erfahrungsberichte\/","og_locale":"en_GB","og_type":"article","og_title":"Erfahrungsberichte | Dr. Schwab","og_description":"Erfahrungsberichte Nasennebenh\u00f6hlen Operation bei dauerhafter Nasennebenh\u00f6hlenentz\u00fcndung (Sinusitis) &#171;Dr. Schwab war f\u00fcr mich die Erl\u00f6sung von einem jahrelangen,wiederkehrenden \u00dcbel: Immer wieder Sinusitis mit Fieber und M\u00fcdigkeit, die nur mit Antibiotika in Schach gehalten werden konnte. Durch die vielen Entz\u00fcndungen waren s\u00e4mtliche Nasen-Nebenh\u00f6hlen von Ablagerungen verstopft, was wiederum noch rascher zu einer neuen Sinusitis f\u00fchrte. Ein Teufelskreis. ... Read more","og_url":"https:\/\/schwab-orl.ch\/en\/erfahrungsberichte\/","og_site_name":"Dr. Schwab","article_modified_time":"2023-03-01T09:08:58+00:00","og_image":[{"url":"https:\/\/schwab-orl.ch\/wp-content\/uploads\/2020\/04\/Gesunder-Schlaf-ohne-Schnarchen-Schwab2-1024x221.jpg"}],"twitter_card":"summary_large_image","twitter_misc":{"Estimated reading time":"3 minutes"},"schema":{"@context":"https:\/\/schema.org","@graph":[{"@type":"WebPage","@id":"https:\/\/schwab-orl.ch\/erfahrungsberichte","url":"https:\/\/schwab-orl.ch\/erfahrungsberichte","name":"Erfahrungsberichte | Dr. Schwab","isPartOf":{"@id":"https:\/\/schwab-orl.ch\/#website"},"datePublished":"2020-04-23T13:29:25+00:00","dateModified":"2023-03-01T09:08:58+00:00","breadcrumb":{"@id":"https:\/\/schwab-orl.ch\/erfahrungsberichte#breadcrumb"},"inLanguage":"en-GB","potentialAction":[{"@type":"ReadAction","target":["https:\/\/schwab-orl.ch\/erfahrungsberichte"]}]},{"@type":"BreadcrumbList","@id":"https:\/\/schwab-orl.ch\/erfahrungsberichte#breadcrumb","itemListElement":[{"@type":"ListItem","position":1,"name":"Startseite","item":"https:\/\/schwab-orl.ch\/"},{"@type":"ListItem","position":2,"name":"Erfahrungsberichte"}]},{"@type":"WebSite","@id":"https:\/\/schwab-orl.ch\/#website","url":"https:\/\/schwab-orl.ch\/","name":"Dr. Schwab","description":"","publisher":{"@id":"https:\/\/schwab-orl.ch\/#\/schema\/person\/36072d24125f810c40545dd3fe125792"},"potentialAction":[{"@type":"SearchAction","target":{"@type":"EntryPoint","urlTemplate":"https:\/\/schwab-orl.ch\/?s={search_term_string}"},"query-input":"required name=search_term_string"}],"inLanguage":"en-GB"},{"@type":["Person","Organization"],"@id":"https:\/\/schwab-orl.ch\/#\/schema\/person\/36072d24125f810c40545dd3fe125792","name":"JanSchwab","image":{"@type":"ImageObject","inLanguage":"en-GB","@id":"https:\/\/schwab-orl.ch\/#\/schema\/person\/image\/","url":"https:\/\/schwab-orl.ch\/wp-content\/uploads\/2020\/04\/Schwab-Logo-mit-Schriftzug-kompakt.svg","contentUrl":"https:\/\/schwab-orl.ch\/wp-content\/uploads\/2020\/04\/Schwab-Logo-mit-Schriftzug-kompakt.svg","width":1550,"height":106,"caption":"JanSchwab"},"logo":{"@id":"https:\/\/schwab-orl.ch\/#\/schema\/person\/image\/"}}]}},"_links":{"self":[{"href":"https:\/\/schwab-orl.ch\/en\/wp-json\/wp\/v2\/pages\/262"}],"collection":[{"href":"https:\/\/schwab-orl.ch\/en\/wp-json\/wp\/v2\/pages"}],"about":[{"href":"https:\/\/schwab-orl.ch\/en\/wp-json\/wp\/v2\/types\/page"}],"author":[{"embeddable":true,"href":"https:\/\/schwab-orl.ch\/en\/wp-json\/wp\/v2\/users\/2"}],"replies":[{"embeddable":true,"href":"https:\/\/schwab-orl.ch\/en\/wp-json\/wp\/v2\/comments?post=262"}],"version-history":[{"count":12,"href":"https:\/\/schwab-orl.ch\/en\/wp-json\/wp\/v2\/pages\/262\/revisions"}],"predecessor-version":[{"id":1498,"href":"https:\/\/schwab-orl.ch\/en\/wp-json\/wp\/v2\/pages\/262\/revisions\/1498"}],"wp:attachment":[{"href":"https:\/\/schwab-orl.ch\/en\/wp-json\/wp\/v2\/media?parent=262"}],"curies":[{"name":"wp","href":"https:\/\/api.w.org\/{rel}","templated":true}]}}