{"id":280,"date":"2020-04-23T13:54:09","date_gmt":"2020-04-23T13:54:09","guid":{"rendered":"http:\/\/schwab-orl.ch\/erfahrungsberichte-copy"},"modified":"2020-04-30T13:03:41","modified_gmt":"2020-04-30T13:03:41","slug":"faq","status":"publish","type":"page","link":"https:\/\/schwab-orl.ch\/en\/faq","title":{"rendered":"FAQ"},"content":{"rendered":"<div data-elementor-type=\"wp-page\" data-elementor-id=\"280\" class=\"elementor elementor-280\" data-elementor-post-type=\"page\">\n\t\t\t\t\t\t\t\t\t<section class=\"elementor-section elementor-top-section elementor-element elementor-element-e77e8dc elementor-section-boxed elementor-section-height-default elementor-section-height-default\" data-id=\"e77e8dc\" data-element_type=\"section\">\n\t\t\t\t\t\t<div class=\"elementor-container elementor-column-gap-default\">\n\t\t\t\t\t<div class=\"elementor-column elementor-col-100 elementor-top-column elementor-element elementor-element-c2e02a4\" data-id=\"c2e02a4\" data-element_type=\"column\">\n\t\t\t<div class=\"elementor-widget-wrap elementor-element-populated\">\n\t\t\t\t\t\t\t\t<div class=\"elementor-element elementor-element-fac66c5 elementor-widget elementor-widget-heading\" data-id=\"fac66c5\" data-element_type=\"widget\" data-widget_type=\"heading.default\">\n\t\t\t\t<div class=\"elementor-widget-container\">\n\t\t\t<h1 class=\"elementor-heading-title elementor-size-default\">FAQ<\/h1>\t\t<\/div>\n\t\t\t\t<\/div>\n\t\t\t\t\t<\/div>\n\t\t<\/div>\n\t\t\t\t\t\t\t<\/div>\n\t\t<\/section>\n\t\t\t\t<section class=\"elementor-section elementor-top-section elementor-element elementor-element-9b9d8a6 elementor-section-boxed elementor-section-height-default elementor-section-height-default\" data-id=\"9b9d8a6\" data-element_type=\"section\">\n\t\t\t\t\t\t<div class=\"elementor-container elementor-column-gap-default\">\n\t\t\t\t\t<div class=\"elementor-column elementor-col-100 elementor-top-column elementor-element elementor-element-c952df2\" data-id=\"c952df2\" data-element_type=\"column\">\n\t\t\t<div class=\"elementor-widget-wrap\">\n\t\t\t\t\t\t\t\t\t<\/div>\n\t\t<\/div>\n\t\t\t\t\t\t\t<\/div>\n\t\t<\/section>\n\t\t\t\t<section class=\"elementor-section elementor-top-section elementor-element elementor-element-3e3ade1 elementor-section-boxed elementor-section-height-default elementor-section-height-default\" data-id=\"3e3ade1\" data-element_type=\"section\">\n\t\t\t\t\t\t<div class=\"elementor-container elementor-column-gap-default\">\n\t\t\t\t\t<div class=\"elementor-column elementor-col-100 elementor-top-column elementor-element elementor-element-11994c7\" data-id=\"11994c7\" data-element_type=\"column\">\n\t\t\t<div class=\"elementor-widget-wrap elementor-element-populated\">\n\t\t\t\t\t\t\t\t<div class=\"elementor-element elementor-element-a8c2b61 elementor-widget elementor-widget-text-editor\" data-id=\"a8c2b61\" data-element_type=\"widget\" data-widget_type=\"text-editor.default\">\n\t\t\t\t<div class=\"elementor-widget-container\">\n\t\t\t\t\t\t\t<p><span style=\"color: #9d7f6a;\"><strong>Why is there no \"Schwab-Therapy\u00ae\"?<\/strong><\/span><br \/>Because therapy in stages is a matter of course nowadays and every patient should receive a therapy tailored to his or her individual needs. To do this, it is necessary to cover the full range of therapeutic options, which not all centers offer. It does not make sense to create a brand with a standardized procedure, since every person varies in the characteristics of their anatomy and individual physiology. We take this fact into account and try to offer each patient an individual solution to his or her problem, tailor-made for him or her.<\/p><p><span style=\"color: #9d7f6a;\"><strong>Why do I need a Sleep Nose Endoscopy?<\/strong><\/span><br \/>With this procedure the exact location of the collapse of the airways can be found. The patient is put into a sleeping state under controlled conditions in the operating theatre under the supervision of an anesthetist, using a special medication, where he or she will show the snoring symptoms. A very small endoscope is used to visualize the upper airways. Constrictions or collapse of soft tissues on the various sections of the nose, nasopharynx and palate, tongue base and larynx are detected and documented. This results in a therapy tailored to the patient.<\/p><p><span style=\"color: #9d7f6a;\"><strong>Is a general anesthetic always necessary?<\/strong><\/span><br \/>A local anesthetic is often sufficient for nasal concha laser surgery. Sleep-nose-endoscopy is performed under the influence of medication, which has an equivalent effect to mask ventilation. An intubation is not required at this point.<br \/>The correction of the bony and cartilaginous nose, the jaw, the soft tissues of the palate or the lingual nerves are usually performed under general anesthesia.<\/p><p><span style=\"color: #9d7f6a;\"><strong>Do I need a nose tamponade?<\/strong><\/span><br \/>In the vast majority of cases, we can manage without a nasal tamponade. This means that breathing through the nose is possible again immediately after the operation, which is particularly important for patients with sleep apnea. As a result, none of the headaches often caused by a complete tamponade of the nose occur. Dangerous apnea phases, which would otherwise be aggravated by additional tamponing of the nose, can also be avoided. No painful removal of the tamponade, of which many patients still have traumatic memories, is necessary.<\/p><p><span style=\"color: #9d7f6a;\"><strong>How painful are the procedures?<\/strong><\/span><br \/>Most patients find the surgical procedures quite easy to bear and report that they cause little or no pain. However, since pain is a very individual sensation, appropriate medication can be given if required.<\/p><p><span style=\"color: #9d7f6a;\"><strong>What about the ability to work?<\/strong><\/span><br \/>Usually, if the healing process is uncomplicated, work can be resumed after 2-3 days.<\/p>\t\t\t\t\t\t<\/div>\n\t\t\t\t<\/div>\n\t\t\t\t\t<\/div>\n\t\t<\/div>\n\t\t\t\t\t\t\t<\/div>\n\t\t<\/section>\n\t\t\t\t\t\t\t<\/div>","protected":false},"excerpt":{"rendered":"<p>FAQ Warum gibt es keine \u201eSchwab-Therapie\u00ae\u201c? Weil die Stufentherapie heute eine Selbstverst\u00e4ndlichkeit darstellt und jeder Patient eine auf seine individuellen Bed\u00fcrfnisse abgestimmte Therapie erh\u00e4lt. Dabei ist es erforderlich, alle Therapiem\u00f6glichkeiten in der gesamten Breite abzubilden, was wiederum nicht alle Zentren anbieten k\u00f6nnen. Es besteht somit keine Notwendigkeit der Markenbildung f\u00fcr ein standardisiertes Vorgehen, da jeder &#8230; <a title=\"FAQ\" class=\"read-more\" href=\"https:\/\/schwab-orl.ch\/en\/faq\" aria-label=\"More on FAQ\">Read more<\/a><\/p>","protected":false},"author":2,"featured_media":0,"parent":0,"menu_order":0,"comment_status":"closed","ping_status":"closed","template":"elementor_header_footer","meta":{"footnotes":""},"yoast_head":"<!-- This site is optimized with the Yoast SEO plugin v21.7 - https:\/\/yoast.com\/wordpress\/plugins\/seo\/ -->\n<title>FAQ | Dr. Schwab<\/title>\n<meta name=\"robots\" content=\"index, follow, max-snippet:-1, max-image-preview:large, max-video-preview:-1\" \/>\n<link rel=\"canonical\" href=\"https:\/\/schwab-orl.ch\/en\/faq\/\" \/>\n<meta property=\"og:locale\" content=\"en_GB\" \/>\n<meta property=\"og:type\" content=\"article\" \/>\n<meta property=\"og:title\" content=\"FAQ | Dr. Schwab\" \/>\n<meta property=\"og:description\" content=\"FAQ Warum gibt es keine \u201eSchwab-Therapie\u00ae\u201c? Weil die Stufentherapie heute eine Selbstverst\u00e4ndlichkeit darstellt und jeder Patient eine auf seine individuellen Bed\u00fcrfnisse abgestimmte Therapie erh\u00e4lt. Dabei ist es erforderlich, alle Therapiem\u00f6glichkeiten in der gesamten Breite abzubilden, was wiederum nicht alle Zentren anbieten k\u00f6nnen. Es besteht somit keine Notwendigkeit der Markenbildung f\u00fcr ein standardisiertes Vorgehen, da jeder ... Read more\" \/>\n<meta property=\"og:url\" content=\"https:\/\/schwab-orl.ch\/en\/faq\/\" \/>\n<meta property=\"og:site_name\" content=\"Dr. Schwab\" \/>\n<meta property=\"article:modified_time\" content=\"2020-04-30T13:03:41+00:00\" \/>\n<meta name=\"twitter:card\" content=\"summary_large_image\" \/>\n<meta name=\"twitter:label1\" content=\"Estimated reading time\" \/>\n\t<meta name=\"twitter:data1\" content=\"2 minutes\" \/>\n<script type=\"application\/ld+json\" class=\"yoast-schema-graph\">{\"@context\":\"https:\/\/schema.org\",\"@graph\":[{\"@type\":\"WebPage\",\"@id\":\"https:\/\/schwab-orl.ch\/faq\",\"url\":\"https:\/\/schwab-orl.ch\/faq\",\"name\":\"FAQ | Dr. Schwab\",\"isPartOf\":{\"@id\":\"https:\/\/schwab-orl.ch\/#website\"},\"datePublished\":\"2020-04-23T13:54:09+00:00\",\"dateModified\":\"2020-04-30T13:03:41+00:00\",\"breadcrumb\":{\"@id\":\"https:\/\/schwab-orl.ch\/faq#breadcrumb\"},\"inLanguage\":\"en-GB\",\"potentialAction\":[{\"@type\":\"ReadAction\",\"target\":[\"https:\/\/schwab-orl.ch\/faq\"]}]},{\"@type\":\"BreadcrumbList\",\"@id\":\"https:\/\/schwab-orl.ch\/faq#breadcrumb\",\"itemListElement\":[{\"@type\":\"ListItem\",\"position\":1,\"name\":\"Startseite\",\"item\":\"https:\/\/schwab-orl.ch\/\"},{\"@type\":\"ListItem\",\"position\":2,\"name\":\"FAQ\"}]},{\"@type\":\"WebSite\",\"@id\":\"https:\/\/schwab-orl.ch\/#website\",\"url\":\"https:\/\/schwab-orl.ch\/\",\"name\":\"Dr. Schwab\",\"description\":\"\",\"publisher\":{\"@id\":\"https:\/\/schwab-orl.ch\/#\/schema\/person\/36072d24125f810c40545dd3fe125792\"},\"potentialAction\":[{\"@type\":\"SearchAction\",\"target\":{\"@type\":\"EntryPoint\",\"urlTemplate\":\"https:\/\/schwab-orl.ch\/?s={search_term_string}\"},\"query-input\":\"required name=search_term_string\"}],\"inLanguage\":\"en-GB\"},{\"@type\":[\"Person\",\"Organization\"],\"@id\":\"https:\/\/schwab-orl.ch\/#\/schema\/person\/36072d24125f810c40545dd3fe125792\",\"name\":\"JanSchwab\",\"image\":{\"@type\":\"ImageObject\",\"inLanguage\":\"en-GB\",\"@id\":\"https:\/\/schwab-orl.ch\/#\/schema\/person\/image\/\",\"url\":\"https:\/\/schwab-orl.ch\/wp-content\/uploads\/2020\/04\/Schwab-Logo-mit-Schriftzug-kompakt.svg\",\"contentUrl\":\"https:\/\/schwab-orl.ch\/wp-content\/uploads\/2020\/04\/Schwab-Logo-mit-Schriftzug-kompakt.svg\",\"width\":1550,\"height\":106,\"caption\":\"JanSchwab\"},\"logo\":{\"@id\":\"https:\/\/schwab-orl.ch\/#\/schema\/person\/image\/\"}}]}<\/script>\n<!-- \/ Yoast SEO plugin. -->","yoast_head_json":{"title":"FAQ | Dr. Schwab","robots":{"index":"index","follow":"follow","max-snippet":"max-snippet:-1","max-image-preview":"max-image-preview:large","max-video-preview":"max-video-preview:-1"},"canonical":"https:\/\/schwab-orl.ch\/en\/faq\/","og_locale":"en_GB","og_type":"article","og_title":"FAQ | Dr. Schwab","og_description":"FAQ Warum gibt es keine \u201eSchwab-Therapie\u00ae\u201c? Weil die Stufentherapie heute eine Selbstverst\u00e4ndlichkeit darstellt und jeder Patient eine auf seine individuellen Bed\u00fcrfnisse abgestimmte Therapie erh\u00e4lt. Dabei ist es erforderlich, alle Therapiem\u00f6glichkeiten in der gesamten Breite abzubilden, was wiederum nicht alle Zentren anbieten k\u00f6nnen. Es besteht somit keine Notwendigkeit der Markenbildung f\u00fcr ein standardisiertes Vorgehen, da jeder ... Read more","og_url":"https:\/\/schwab-orl.ch\/en\/faq\/","og_site_name":"Dr. Schwab","article_modified_time":"2020-04-30T13:03:41+00:00","twitter_card":"summary_large_image","twitter_misc":{"Estimated reading time":"2 minutes"},"schema":{"@context":"https:\/\/schema.org","@graph":[{"@type":"WebPage","@id":"https:\/\/schwab-orl.ch\/faq","url":"https:\/\/schwab-orl.ch\/faq","name":"FAQ | Dr. Schwab","isPartOf":{"@id":"https:\/\/schwab-orl.ch\/#website"},"datePublished":"2020-04-23T13:54:09+00:00","dateModified":"2020-04-30T13:03:41+00:00","breadcrumb":{"@id":"https:\/\/schwab-orl.ch\/faq#breadcrumb"},"inLanguage":"en-GB","potentialAction":[{"@type":"ReadAction","target":["https:\/\/schwab-orl.ch\/faq"]}]},{"@type":"BreadcrumbList","@id":"https:\/\/schwab-orl.ch\/faq#breadcrumb","itemListElement":[{"@type":"ListItem","position":1,"name":"Startseite","item":"https:\/\/schwab-orl.ch\/"},{"@type":"ListItem","position":2,"name":"FAQ"}]},{"@type":"WebSite","@id":"https:\/\/schwab-orl.ch\/#website","url":"https:\/\/schwab-orl.ch\/","name":"Dr. Schwab","description":"","publisher":{"@id":"https:\/\/schwab-orl.ch\/#\/schema\/person\/36072d24125f810c40545dd3fe125792"},"potentialAction":[{"@type":"SearchAction","target":{"@type":"EntryPoint","urlTemplate":"https:\/\/schwab-orl.ch\/?s={search_term_string}"},"query-input":"required name=search_term_string"}],"inLanguage":"en-GB"},{"@type":["Person","Organization"],"@id":"https:\/\/schwab-orl.ch\/#\/schema\/person\/36072d24125f810c40545dd3fe125792","name":"JanSchwab","image":{"@type":"ImageObject","inLanguage":"en-GB","@id":"https:\/\/schwab-orl.ch\/#\/schema\/person\/image\/","url":"https:\/\/schwab-orl.ch\/wp-content\/uploads\/2020\/04\/Schwab-Logo-mit-Schriftzug-kompakt.svg","contentUrl":"https:\/\/schwab-orl.ch\/wp-content\/uploads\/2020\/04\/Schwab-Logo-mit-Schriftzug-kompakt.svg","width":1550,"height":106,"caption":"JanSchwab"},"logo":{"@id":"https:\/\/schwab-orl.ch\/#\/schema\/person\/image\/"}}]}},"_links":{"self":[{"href":"https:\/\/schwab-orl.ch\/en\/wp-json\/wp\/v2\/pages\/280"}],"collection":[{"href":"https:\/\/schwab-orl.ch\/en\/wp-json\/wp\/v2\/pages"}],"about":[{"href":"https:\/\/schwab-orl.ch\/en\/wp-json\/wp\/v2\/types\/page"}],"author":[{"embeddable":true,"href":"https:\/\/schwab-orl.ch\/en\/wp-json\/wp\/v2\/users\/2"}],"replies":[{"embeddable":true,"href":"https:\/\/schwab-orl.ch\/en\/wp-json\/wp\/v2\/comments?post=280"}],"version-history":[{"count":12,"href":"https:\/\/schwab-orl.ch\/en\/wp-json\/wp\/v2\/pages\/280\/revisions"}],"predecessor-version":[{"id":568,"href":"https:\/\/schwab-orl.ch\/en\/wp-json\/wp\/v2\/pages\/280\/revisions\/568"}],"wp:attachment":[{"href":"https:\/\/schwab-orl.ch\/en\/wp-json\/wp\/v2\/media?parent=280"}],"curies":[{"name":"wp","href":"https:\/\/api.w.org\/{rel}","templated":true}]}}