{"id":1088,"date":"2020-10-14T07:47:25","date_gmt":"2020-10-14T07:47:25","guid":{"rendered":"https:\/\/schwab-orl.ch\/?page_id=1088"},"modified":"2025-05-22T19:53:08","modified_gmt":"2025-05-22T19:53:08","slug":"schlafapnoe","status":"publish","type":"page","link":"https:\/\/schwab-orl.ch\/fr\/schlafapnoe","title":{"rendered":"Apn\u00e9e du sommeil"},"content":{"rendered":"<div data-elementor-type=\"wp-page\" data-elementor-id=\"1088\" class=\"elementor elementor-1088\" data-elementor-post-type=\"page\">\n\t\t\t\t\t\t\t\t\t<section class=\"elementor-section elementor-top-section elementor-element elementor-element-4750286 elementor-section-boxed elementor-section-height-default elementor-section-height-default\" data-id=\"4750286\" data-element_type=\"section\">\n\t\t\t\t\t\t<div class=\"elementor-container elementor-column-gap-default\">\n\t\t\t\t\t<div class=\"elementor-column elementor-col-100 elementor-top-column elementor-element elementor-element-2c7b070\" data-id=\"2c7b070\" data-element_type=\"column\">\n\t\t\t<div class=\"elementor-widget-wrap elementor-element-populated\">\n\t\t\t\t\t\t\t\t<div class=\"elementor-element elementor-element-20f2c41 elementor-hidden-tablet elementor-hidden-phone elementor-widget elementor-widget-text-editor\" data-id=\"20f2c41\" data-element_type=\"widget\" data-widget_type=\"text-editor.default\">\n\t\t\t\t<div class=\"elementor-widget-container\">\n\t\t\t\t\t\t\t<p style=\"text-align: right;\"><strong>\u00a0<a href=\"mailto:praxis@schwab-orl.ch\">praxis@schwab-orl.ch<\/a> <\/strong>ou <strong><a href=\"tel:+41 44 250 43 43\">+41 44 250 43 43<\/a><\/strong><\/p>\t\t\t\t\t\t<\/div>\n\t\t\t\t<\/div>\n\t\t\t\t\t<\/div>\n\t\t<\/div>\n\t\t\t\t\t\t\t<\/div>\n\t\t<\/section>\n\t\t\t\t<section class=\"elementor-section elementor-top-section elementor-element elementor-element-6d131c9 elementor-section-boxed elementor-section-height-default elementor-section-height-default\" data-id=\"6d131c9\" data-element_type=\"section\">\n\t\t\t\t\t\t<div class=\"elementor-container elementor-column-gap-default\">\n\t\t\t\t\t<div class=\"elementor-column elementor-col-100 elementor-top-column elementor-element elementor-element-9f8680c\" data-id=\"9f8680c\" data-element_type=\"column\">\n\t\t\t<div class=\"elementor-widget-wrap elementor-element-populated\">\n\t\t\t\t\t\t\t\t<div class=\"elementor-element elementor-element-89e38af elementor-widget elementor-widget-heading\" data-id=\"89e38af\" data-element_type=\"widget\" data-widget_type=\"heading.default\">\n\t\t\t\t<div class=\"elementor-widget-container\">\n\t\t\t<h1 class=\"elementor-heading-title elementor-size-default\">Apn\u00e9e du sommeil - Comment la traiter ?<\/h1>\t\t<\/div>\n\t\t\t\t<\/div>\n\t\t\t\t<div class=\"elementor-element elementor-element-6989d41 elementor-align-center elementor-widget elementor-widget-button\" data-id=\"6989d41\" data-element_type=\"widget\" data-widget_type=\"button.default\">\n\t\t\t\t<div class=\"elementor-widget-container\">\n\t\t\t\t\t<div class=\"elementor-button-wrapper\">\n\t\t\t<a class=\"elementor-button elementor-button-link elementor-size-xl\" href=\"https:\/\/app.arzt-direkt.de\/praxisschwab\/booking\" target=\"_blank\" rel=\"nofollow\">\n\t\t\t\t\t\t<span class=\"elementor-button-content-wrapper\">\n\t\t\t\t\t\t<span class=\"elementor-button-text\">Demandez conseil maintenant<\/span>\n\t\t<\/span>\n\t\t\t\t\t<\/a>\n\t\t<\/div>\n\t\t\t\t<\/div>\n\t\t\t\t<\/div>\n\t\t\t\t\t<\/div>\n\t\t<\/div>\n\t\t\t\t\t\t\t<\/div>\n\t\t<\/section>\n\t\t\t\t<section class=\"elementor-section elementor-top-section elementor-element elementor-element-f45461c elementor-section-boxed elementor-section-height-default elementor-section-height-default\" data-id=\"f45461c\" data-element_type=\"section\">\n\t\t\t\t\t\t<div class=\"elementor-container elementor-column-gap-default\">\n\t\t\t\t\t<div class=\"elementor-column elementor-col-100 elementor-top-column elementor-element elementor-element-939ea3d\" data-id=\"939ea3d\" data-element_type=\"column\">\n\t\t\t<div class=\"elementor-widget-wrap elementor-element-populated\">\n\t\t\t\t\t\t\t\t<div class=\"elementor-element elementor-element-f354052 elementor-widget elementor-widget-text-editor\" data-id=\"f354052\" data-element_type=\"widget\" data-widget_type=\"text-editor.default\">\n\t\t\t\t<div class=\"elementor-widget-container\">\n\t\t\t\t\t\t\t<h2>Apn\u00e9e du sommeil : un sommeil perturb\u00e9 concerne toute la famille !<\/h2><p>Lorsque le sommeil est perturb\u00e9, il ne peut plus \u00eatre r\u00e9parateur. Cela vaut aussi bien pour celui qui provoque le ronflement que pour ceux qui sont r\u00e9veill\u00e9s ou tenus \u00e9veill\u00e9s par le ronflement. Ce n'est donc souvent pas seulement un individu, mais tout un foyer qui est concern\u00e9.<\/p><h2>Apn\u00e9e du sommeil : les sympt\u00f4mes<\/h2><p>Les principaux sympt\u00f4mes sont un ronflement plus ou moins r\u00e9gulier, quel que soit le volume sonore, et des pauses respiratoires de dur\u00e9e variable. Ce qui est dangereux, c'est que le volume des ronflements n'est pas lin\u00e9airement li\u00e9 \u00e0 la gravit\u00e9 de la maladie.<\/p><h2>Les arr\u00eats respiratoires pendant le sommeil sont un indice d'apn\u00e9e du sommeil<\/h2><p><img decoding=\"async\" loading=\"lazy\" class=\"wp-image-1161 alignleft\" src=\"https:\/\/schwab-orl.ch\/wp-content\/uploads\/2020\/10\/Schlafapneu.jpg\" alt=\"Schlafapneu\" width=\"550\" height=\"367\" srcset=\"https:\/\/schwab-orl.ch\/wp-content\/uploads\/2020\/10\/Schlafapneu.jpg 768w, https:\/\/schwab-orl.ch\/wp-content\/uploads\/2020\/10\/Schlafapneu-300x200.jpg 300w\" sizes=\"(max-width: 550px) 100vw, 550px\" \/>De nombreuses personnes concern\u00e9es viennent en consultation sans se sentir elles-m\u00eames malades. Dans ces cas, elles sont uniquement pouss\u00e9es par l'inqui\u00e9tude de leur partenaire de lit qui, en cas d'arr\u00eats respiratoires nocturnes r\u00e9currents, insiste pour qu'un examen m\u00e9dical soit effectu\u00e9. Ces arr\u00eats respiratoires ne doivent pas n\u00e9cessairement toujours \u00eatre accompagn\u00e9s de ronflements bruyants. Ils peuvent \u00e9galement survenir sans ronflement. Mais ils se caract\u00e9risent presque toujours par un claquement d'air, les personnes concern\u00e9es luttant alors pour respirer \"comme un poisson sur la terre ferme\". Certaines personnes racontent qu'elles sont alors litt\u00e9ralement arrach\u00e9es au sommeil. D'autres n'en ont aucun souvenir.<\/p><h2>Quand le syndrome d'apn\u00e9e du sommeil devient dangereux<\/h2><p>Les cons\u00e9quences pour les personnes concern\u00e9es sont la fatigue, l'\u00e9puisement, la baisse de performance, le sommeil de courte dur\u00e9e et finalement aussi l'apparition de maladies chroniques. En premier lieu, il faut citer les maladies cardio-vasculaires, qui peuvent entra\u00eener un infarctus du myocarde ou un accident vasculaire c\u00e9r\u00e9bral en raison de la d\u00e9saturation en oxyg\u00e8ne des voies respiratoires obstru\u00e9es et des arr\u00eats respiratoires qui en d\u00e9coulent.<br \/>Des troubles m\u00e9taboliques, comme le diab\u00e8te, et des maladies psychiques, comme le burn-out et la d\u00e9pression avec perte de motivation et de libido, peuvent \u00e9galement survenir.<\/p><h2>Quelles sont les causes de l'apn\u00e9e du sommeil ?<\/h2><p>Dans le cas du syndrome d'apn\u00e9es obstructives du sommeil (SAOS), le r\u00e9tr\u00e9cissement du pharynx pendant le sommeil entra\u00eene une diminution r\u00e9p\u00e9t\u00e9e ou un arr\u00eat complet de la respiration. L'apn\u00e9e du sommeil est donc un trouble respiratoire li\u00e9 au sommeil \u00e0 prendre au s\u00e9rieux !<\/p><h2>Quels sont les examens n\u00e9cessaires ?<\/h2><p>Le diagnostic des troubles respiratoires du sommeil comprend l'examen clinique ORL sp\u00e9cialis\u00e9 ainsi que le diagnostic par appareillage pour clarifier la situation anatomique et \u00e9valuer les processus physiopathologiques et ainsi d\u00e9terminer le degr\u00e9 de s\u00e9v\u00e9rit\u00e9 des apn\u00e9es. Des questionnaires sur les performances et l'attention sont utilis\u00e9s \u00e0 cet effet. Le diagnostic par appareillage peut d'abord \u00eatre r\u00e9alis\u00e9 par une polygraphie ambulatoire, dans laquelle l'appareil de mesure est emport\u00e9 \u00e0 la maison. L'avantage est que la mesure se fait dans le propre lit et dans l'environnement habituel, ce qui permet de reproduire les conditions dans lesquelles on dort normalement \u00e0 la maison.<\/p><h2>Appareil de mesure de l'apn\u00e9e du sommeil \u00e0 domicile<\/h2><p>Il existe actuellement un nouveau d\u00e9veloppement qui se passe des capteurs \u00e0 tuyau g\u00eanants qui sont normalement plac\u00e9s sous le nez pour enregistrer le flux respiratoire et ensuite derri\u00e8re l'oreille. De nombreux patients ne se sentaient pas \u00e0 l'aise \u00e0 cause des tuyaux en plastique qui glissaient souvent hors de leur position de mesure lorsqu'ils se retournaient dans leur lit, ou tout simplement \u00e0 cause de l'enchev\u00eatrement g\u00eanant des c\u00e2bles. Cela a conduit \u00e0 une situation de sommeil qui \u00e9tait d\u00e9j\u00e0 per\u00e7ue comme extr\u00eamement d\u00e9rangeante par la pr\u00e9sence de l'appareil de mesure.<\/p><p>Avec cette m\u00e9thode de mesure, seule une sonde de mesure de la taille d'une montre-bracelet est port\u00e9e sur le bras non dominant. Cette sonde est reli\u00e9e \u00e0 un capteur de doigt et \u00e0 une \u00e9lectrode adh\u00e9sive qui est coll\u00e9e au cou entre les clavicules. C'est l\u00e0 que sont collect\u00e9es les donn\u00e9es pendant la nuit, qui sont enregistr\u00e9es par l'appareil de mesure et peuvent \u00eatre lues le matin suivant par le m\u00e9decin traitant.<\/p><h2>Mesure de l'apn\u00e9e du sommeil en temps Corona<\/h2><p>Cet appareil a encore \u00e9t\u00e9 d\u00e9velopp\u00e9 r\u00e9cemment. Il s'agit d\u00e9sormais d'un appareil de mesure \u00e0 usage unique. En ces temps de Corona et d'autres maladies infectieuses, ceci est particuli\u00e8rement important du point de vue de l'hygi\u00e8ne, car aucune contamination ne peut avoir lieu, puisqu'il s'agit d'un appareil \u00e0 usage unique qui peut \u00eatre \u00e9limin\u00e9 de mani\u00e8re appropri\u00e9e avec les ordures m\u00e9nag\u00e8res ou renvoy\u00e9 \u00e0 l'entreprise apr\u00e8s utilisation. L'appareil, \u00e0 la fois simple \u00e0 utiliser via une application smartphone et innovant, peut \u00e9galement \u00eatre envoy\u00e9 par courrier, de sorte que la visite au cabinet m\u00e9dical n'est n\u00e9cessaire que pour discuter des r\u00e9sultats et planifier la suite de la proc\u00e9dure. Il n'est donc plus n\u00e9cessaire d'aller chercher l'appareil et de le rendre au m\u00e9decin pour lire les donn\u00e9es. Les r\u00e9sultats peu probants peuvent \u00e9galement \u00eatre expliqu\u00e9s par le biais d'un entretien t\u00e9l\u00e9m\u00e9dical en tenant compte des circonstances individuelles.<\/p><h2>Traitement de l'apn\u00e9e du sommeil par CPAP (Continuous Positive Airway Pressure)<\/h2><p>En cas de r\u00e9sultats anormaux, il n'est pas rare de mesurer des arr\u00eats respiratoires allant jusqu'\u00e0 2 minutes, voire plus, ou des d\u00e9saturations en oxyg\u00e8ne allant jusqu'\u00e0 70%. Une attention particuli\u00e8re est accord\u00e9e \u00e0 l'indice d'apn\u00e9e et d'hypopn\u00e9e, qui aide \u00e0 \u00e9valuer la gravit\u00e9 de la maladie.<br \/>Si des valeurs anormales sont mesur\u00e9es lors de cet examen, une deuxi\u00e8me mesure est g\u00e9n\u00e9ralement effectu\u00e9e, mais alors en laboratoire du sommeil, appel\u00e9e polysomnographie (PSG). Dans ce cas, les voies respiratoires peuvent \u00eatre pr\u00e9serv\u00e9es d'un collapsus par une ventilation en pression positive. Pour cela, on adapte un masque nasal ou facial qui est reli\u00e9 par un tuyau \u00e0\u00a0<a href=\"https:\/\/cultdev.net\/drschwab\/glossar-nasenoperation-schnarchen\" target=\"_blank\" rel=\"noopener\">l'appareil CPAP<\/a>\u00a0plac\u00e9 \u00e0 c\u00f4t\u00e9 du lit.<\/p><h2>Alternative \u00e0 la th\u00e9rapie CPAP<\/h2><p>Tous les patients ne tol\u00e8rent pas le masque, soit parce que la pression de ventilation est trop \u00e9lev\u00e9e et ressentie comme d\u00e9sagr\u00e9able, soit parce que le masque n'est pas adapt\u00e9 \u00e0 la forme individuelle du milieu du visage et que le flux d'air du masque est souffl\u00e9 dans l'\u0153il. Cela peut entra\u00eener une inflammation des yeux. D'autres patients sont simplement g\u00ean\u00e9s par la structure de l'appareil et n'utilisent pas l'appareil CPAP. Un retour d'information fr\u00e9quent est que les patients les plus jeunes en particulier ne veulent pas \u00eatre per\u00e7us comme \"Dark Vador de Star Wars\" et qu'ils se sentent \u00e9galement stigmatis\u00e9s.<\/p><p>Dans tous les cas, la non-utilisation de l'appareil CPAP a pour cons\u00e9quence que les phases d'apn\u00e9e se poursuivent et continuent de d\u00e9ployer leurs effets pathog\u00e8nes.<\/p><h2>Op\u00e9ration de l'apn\u00e9e du sommeil : mesures chirurgicales peu invasives<\/h2><p>C'est ici qu'intervient le traitement chirurgical visant \u00e0 am\u00e9liorer la perm\u00e9abilit\u00e9 des voies respiratoires sup\u00e9rieures. Le diagnostic endoscopique comme la \"drug induced sleep endoskopy\" (DISE) permet par exemple de d\u00e9terminer pour le patient concern\u00e9 le type et l'\u00e9tendue ainsi que la localisation en hauteur du collapsus des voies respiratoires. Ainsi, lors de l'anesth\u00e9sie qui suit imm\u00e9diatement, il est possible de proc\u00e9der \u00e0 un traitement chirurgical de la probl\u00e9matique, adapt\u00e9 aux besoins individuels.<\/p><p>En fonction de la situation anatomique individuelle qui contribue \u00e0 la situation de l'apn\u00e9e du sommeil, ces r\u00e9tr\u00e9cissements peuvent \u00eatre corrig\u00e9s par des mesures peu invasives.<\/p><p>Nous vous conseillons volontiers, car chaque personne est diff\u00e9rente et il est donc \u00e9galement important de prendre en compte les particularit\u00e9s individuelles.<\/p>\t\t\t\t\t\t<\/div>\n\t\t\t\t<\/div>\n\t\t\t\t\t<\/div>\n\t\t<\/div>\n\t\t\t\t\t\t\t<\/div>\n\t\t<\/section>\n\t\t\t\t<section class=\"elementor-section elementor-top-section elementor-element elementor-element-0dae02b elementor-section-boxed elementor-section-height-default elementor-section-height-default\" data-id=\"0dae02b\" data-element_type=\"section\">\n\t\t\t\t\t\t<div class=\"elementor-container elementor-column-gap-default\">\n\t\t\t\t\t<div class=\"elementor-column elementor-col-100 elementor-top-column elementor-element elementor-element-604d3a6\" data-id=\"604d3a6\" data-element_type=\"column\">\n\t\t\t<div class=\"elementor-widget-wrap elementor-element-populated\">\n\t\t\t\t\t\t\t\t<div class=\"elementor-element elementor-element-e5c60f1 elementor-align-center elementor-widget elementor-widget-button\" data-id=\"e5c60f1\" data-element_type=\"widget\" data-widget_type=\"button.default\">\n\t\t\t\t<div class=\"elementor-widget-container\">\n\t\t\t\t\t<div class=\"elementor-button-wrapper\">\n\t\t\t<a class=\"elementor-button elementor-button-link elementor-size-xl\" href=\"https:\/\/app.arzt-direkt.de\/praxisschwab\/booking\" target=\"_blank\" rel=\"nofollow\">\n\t\t\t\t\t\t<span class=\"elementor-button-content-wrapper\">\n\t\t\t\t\t\t<span class=\"elementor-button-text\">Demandez conseil maintenant<\/span>\n\t\t<\/span>\n\t\t\t\t\t<\/a>\n\t\t<\/div>\n\t\t\t\t<\/div>\n\t\t\t\t<\/div>\n\t\t\t\t\t<\/div>\n\t\t<\/div>\n\t\t\t\t\t\t\t<\/div>\n\t\t<\/section>\n\t\t\t\t<section class=\"elementor-section elementor-top-section elementor-element elementor-element-0dde108 elementor-section-boxed elementor-section-height-default elementor-section-height-default\" data-id=\"0dde108\" data-element_type=\"section\">\n\t\t\t\t\t\t<div class=\"elementor-container elementor-column-gap-default\">\n\t\t\t\t\t<div class=\"elementor-column elementor-col-100 elementor-top-column elementor-element elementor-element-59a8f41\" data-id=\"59a8f41\" data-element_type=\"column\">\n\t\t\t<div class=\"elementor-widget-wrap\">\n\t\t\t\t\t\t\t\t\t<\/div>\n\t\t<\/div>\n\t\t\t\t\t\t\t<\/div>\n\t\t<\/section>\n\t\t\t\t<section class=\"elementor-section elementor-top-section elementor-element elementor-element-5fb1c40 elementor-section-boxed elementor-section-height-default elementor-section-height-default\" data-id=\"5fb1c40\" data-element_type=\"section\">\n\t\t\t\t\t\t<div class=\"elementor-container elementor-column-gap-default\">\n\t\t\t\t\t<div class=\"elementor-column elementor-col-100 elementor-top-column elementor-element elementor-element-dae8817\" data-id=\"dae8817\" data-element_type=\"column\">\n\t\t\t<div class=\"elementor-widget-wrap elementor-element-populated\">\n\t\t\t\t\t\t\t\t<div class=\"elementor-element elementor-element-654c390 elementor-widget elementor-widget-text-editor\" data-id=\"654c390\" data-element_type=\"widget\" data-widget_type=\"text-editor.default\">\n\t\t\t\t<div class=\"elementor-widget-container\">\n\t\t\t\t\t\t\t<p style=\"text-align: center;\"><strong>\u00a0<a href=\"mailto:praxis@schwab-orl.ch\">praxis@schwab-orl.ch<\/a> <br \/><\/strong>ou <strong><a href=\"tel:+41 44 250 43 43\">+41 44 250 43 43<\/a><\/strong><\/p>\t\t\t\t\t\t<\/div>\n\t\t\t\t<\/div>\n\t\t\t\t<div class=\"elementor-element elementor-element-3dd929f elementor-widget elementor-widget-spacer\" data-id=\"3dd929f\" data-element_type=\"widget\" data-widget_type=\"spacer.default\">\n\t\t\t\t<div class=\"elementor-widget-container\">\n\t\t\t\t\t<div class=\"elementor-spacer\">\n\t\t\t<div class=\"elementor-spacer-inner\"><\/div>\n\t\t<\/div>\n\t\t\t\t<\/div>\n\t\t\t\t<\/div>\n\t\t\t\t\t<\/div>\n\t\t<\/div>\n\t\t\t\t\t\t\t<\/div>\n\t\t<\/section>\n\t\t\t\t\t\t\t<\/div>","protected":false},"excerpt":{"rendered":"<p>\u00a0praxis@schwab-orl.ch oder +41 44 250 43 43 Schlafapnoe &#8211; Wie kann sie behandelt werden? Jetzt beraten lassen! Schlafapnoe: Gest\u00f6rter Schlaf geht die ganze Familie an! Wenn der Schlaf gest\u00f6rt ist, kann er nicht mehr erholsam sein. Dies gilt sowohl f\u00fcr den, der das Schnarchen verursacht, als auch f\u00fcr diejenigen, die durch das Schnarchen geweckt oder &#8230; <a title=\"Apn\u00e9e du sommeil\" class=\"read-more\" href=\"https:\/\/schwab-orl.ch\/fr\/schlafapnoe\" aria-label=\"En savoir plus sur Schlafapnoe\">Lire la suite<\/a><\/p>","protected":false},"author":4,"featured_media":0,"parent":0,"menu_order":0,"comment_status":"closed","ping_status":"closed","template":"elementor_header_footer","meta":{"footnotes":""},"yoast_head":"<!-- This site is optimized with the Yoast SEO plugin v21.7 - https:\/\/yoast.com\/wordpress\/plugins\/seo\/ -->\n<title>Schlafapnoe - Lassen Sie jetzt Ihre Schlafapnoe behandeln!<\/title>\n<meta name=\"description\" content=\"Sie leiden an Schlafapnoe? Lassen Sie sich von uns jetzt beraten, wie wir Ihnen helfen k\u00f6nnen! Eine Schlafapnoe kann behandelt werden!\" \/>\n<meta name=\"robots\" content=\"index, follow, max-snippet:-1, max-image-preview:large, max-video-preview:-1\" \/>\n<link rel=\"canonical\" href=\"https:\/\/schwab-orl.ch\/fr\/schlafapnoe\/\" \/>\n<meta property=\"og:locale\" content=\"fr_FR\" \/>\n<meta property=\"og:type\" content=\"article\" \/>\n<meta property=\"og:title\" content=\"Schlafapnoe - Lassen Sie jetzt Ihre Schlafapnoe behandeln!\" \/>\n<meta property=\"og:description\" content=\"Sie leiden an Schlafapnoe? Lassen Sie sich von uns jetzt beraten, wie wir Ihnen helfen k\u00f6nnen! Eine Schlafapnoe kann behandelt werden!\" \/>\n<meta property=\"og:url\" content=\"https:\/\/schwab-orl.ch\/fr\/schlafapnoe\/\" \/>\n<meta property=\"og:site_name\" content=\"Dr. Schwab\" \/>\n<meta property=\"article:modified_time\" content=\"2025-05-22T19:53:08+00:00\" \/>\n<meta property=\"og:image\" content=\"https:\/\/schwab-orl.ch\/wp-content\/uploads\/2020\/10\/Schlafapneu.jpg\" \/>\n<meta name=\"twitter:card\" content=\"summary_large_image\" \/>\n<meta name=\"twitter:label1\" content=\"Dur\u00e9e de lecture estim\u00e9e\" \/>\n\t<meta name=\"twitter:data1\" content=\"6 minutes\" \/>\n<script type=\"application\/ld+json\" class=\"yoast-schema-graph\">{\"@context\":\"https:\/\/schema.org\",\"@graph\":[{\"@type\":\"WebPage\",\"@id\":\"https:\/\/schwab-orl.ch\/schlafapnoe\",\"url\":\"https:\/\/schwab-orl.ch\/schlafapnoe\",\"name\":\"Schlafapnoe - Lassen Sie jetzt Ihre Schlafapnoe behandeln!\",\"isPartOf\":{\"@id\":\"https:\/\/schwab-orl.ch\/#website\"},\"datePublished\":\"2020-10-14T07:47:25+00:00\",\"dateModified\":\"2025-05-22T19:53:08+00:00\",\"description\":\"Sie leiden an Schlafapnoe? Lassen Sie sich von uns jetzt beraten, wie wir Ihnen helfen k\u00f6nnen! Eine Schlafapnoe kann behandelt werden!\",\"breadcrumb\":{\"@id\":\"https:\/\/schwab-orl.ch\/schlafapnoe#breadcrumb\"},\"inLanguage\":\"fr-FR\",\"potentialAction\":[{\"@type\":\"ReadAction\",\"target\":[\"https:\/\/schwab-orl.ch\/schlafapnoe\"]}]},{\"@type\":\"BreadcrumbList\",\"@id\":\"https:\/\/schwab-orl.ch\/schlafapnoe#breadcrumb\",\"itemListElement\":[{\"@type\":\"ListItem\",\"position\":1,\"name\":\"Startseite\",\"item\":\"https:\/\/schwab-orl.ch\/\"},{\"@type\":\"ListItem\",\"position\":2,\"name\":\"Schlafapnoe\"}]},{\"@type\":\"WebSite\",\"@id\":\"https:\/\/schwab-orl.ch\/#website\",\"url\":\"https:\/\/schwab-orl.ch\/\",\"name\":\"Dr. Schwab\",\"description\":\"\",\"publisher\":{\"@id\":\"https:\/\/schwab-orl.ch\/#\/schema\/person\/36072d24125f810c40545dd3fe125792\"},\"potentialAction\":[{\"@type\":\"SearchAction\",\"target\":{\"@type\":\"EntryPoint\",\"urlTemplate\":\"https:\/\/schwab-orl.ch\/?s={search_term_string}\"},\"query-input\":\"required name=search_term_string\"}],\"inLanguage\":\"fr-FR\"},{\"@type\":[\"Person\",\"Organization\"],\"@id\":\"https:\/\/schwab-orl.ch\/#\/schema\/person\/36072d24125f810c40545dd3fe125792\",\"name\":\"JanSchwab\",\"image\":{\"@type\":\"ImageObject\",\"inLanguage\":\"fr-FR\",\"@id\":\"https:\/\/schwab-orl.ch\/#\/schema\/person\/image\/\",\"url\":\"https:\/\/schwab-orl.ch\/wp-content\/uploads\/2020\/04\/Schwab-Logo-mit-Schriftzug-kompakt.svg\",\"contentUrl\":\"https:\/\/schwab-orl.ch\/wp-content\/uploads\/2020\/04\/Schwab-Logo-mit-Schriftzug-kompakt.svg\",\"width\":1550,\"height\":106,\"caption\":\"JanSchwab\"},\"logo\":{\"@id\":\"https:\/\/schwab-orl.ch\/#\/schema\/person\/image\/\"}}]}<\/script>\n<!-- \/ Yoast SEO plugin. -->","yoast_head_json":{"title":"Schlafapnoe - Lassen Sie jetzt Ihre Schlafapnoe behandeln!","description":"Sie leiden an Schlafapnoe? Lassen Sie sich von uns jetzt beraten, wie wir Ihnen helfen k\u00f6nnen! Eine Schlafapnoe kann behandelt werden!","robots":{"index":"index","follow":"follow","max-snippet":"max-snippet:-1","max-image-preview":"max-image-preview:large","max-video-preview":"max-video-preview:-1"},"canonical":"https:\/\/schwab-orl.ch\/fr\/schlafapnoe\/","og_locale":"fr_FR","og_type":"article","og_title":"Schlafapnoe - Lassen Sie jetzt Ihre Schlafapnoe behandeln!","og_description":"Sie leiden an Schlafapnoe? Lassen Sie sich von uns jetzt beraten, wie wir Ihnen helfen k\u00f6nnen! Eine Schlafapnoe kann behandelt werden!","og_url":"https:\/\/schwab-orl.ch\/fr\/schlafapnoe\/","og_site_name":"Dr. Schwab","article_modified_time":"2025-05-22T19:53:08+00:00","og_image":[{"url":"https:\/\/schwab-orl.ch\/wp-content\/uploads\/2020\/10\/Schlafapneu.jpg"}],"twitter_card":"summary_large_image","twitter_misc":{"Dur\u00e9e de lecture estim\u00e9e":"6 minutes"},"schema":{"@context":"https:\/\/schema.org","@graph":[{"@type":"WebPage","@id":"https:\/\/schwab-orl.ch\/schlafapnoe","url":"https:\/\/schwab-orl.ch\/schlafapnoe","name":"Schlafapnoe - Lassen Sie jetzt Ihre Schlafapnoe behandeln!","isPartOf":{"@id":"https:\/\/schwab-orl.ch\/#website"},"datePublished":"2020-10-14T07:47:25+00:00","dateModified":"2025-05-22T19:53:08+00:00","description":"Sie leiden an Schlafapnoe? Lassen Sie sich von uns jetzt beraten, wie wir Ihnen helfen k\u00f6nnen! Eine Schlafapnoe kann behandelt werden!","breadcrumb":{"@id":"https:\/\/schwab-orl.ch\/schlafapnoe#breadcrumb"},"inLanguage":"fr-FR","potentialAction":[{"@type":"ReadAction","target":["https:\/\/schwab-orl.ch\/schlafapnoe"]}]},{"@type":"BreadcrumbList","@id":"https:\/\/schwab-orl.ch\/schlafapnoe#breadcrumb","itemListElement":[{"@type":"ListItem","position":1,"name":"Startseite","item":"https:\/\/schwab-orl.ch\/"},{"@type":"ListItem","position":2,"name":"Schlafapnoe"}]},{"@type":"WebSite","@id":"https:\/\/schwab-orl.ch\/#website","url":"https:\/\/schwab-orl.ch\/","name":"Dr. Schwab","description":"","publisher":{"@id":"https:\/\/schwab-orl.ch\/#\/schema\/person\/36072d24125f810c40545dd3fe125792"},"potentialAction":[{"@type":"SearchAction","target":{"@type":"EntryPoint","urlTemplate":"https:\/\/schwab-orl.ch\/?s={search_term_string}"},"query-input":"required name=search_term_string"}],"inLanguage":"fr-FR"},{"@type":["Person","Organization"],"@id":"https:\/\/schwab-orl.ch\/#\/schema\/person\/36072d24125f810c40545dd3fe125792","name":"JanSchwab","image":{"@type":"ImageObject","inLanguage":"fr-FR","@id":"https:\/\/schwab-orl.ch\/#\/schema\/person\/image\/","url":"https:\/\/schwab-orl.ch\/wp-content\/uploads\/2020\/04\/Schwab-Logo-mit-Schriftzug-kompakt.svg","contentUrl":"https:\/\/schwab-orl.ch\/wp-content\/uploads\/2020\/04\/Schwab-Logo-mit-Schriftzug-kompakt.svg","width":1550,"height":106,"caption":"JanSchwab"},"logo":{"@id":"https:\/\/schwab-orl.ch\/#\/schema\/person\/image\/"}}]}},"_links":{"self":[{"href":"https:\/\/schwab-orl.ch\/fr\/wp-json\/wp\/v2\/pages\/1088"}],"collection":[{"href":"https:\/\/schwab-orl.ch\/fr\/wp-json\/wp\/v2\/pages"}],"about":[{"href":"https:\/\/schwab-orl.ch\/fr\/wp-json\/wp\/v2\/types\/page"}],"author":[{"embeddable":true,"href":"https:\/\/schwab-orl.ch\/fr\/wp-json\/wp\/v2\/users\/4"}],"replies":[{"embeddable":true,"href":"https:\/\/schwab-orl.ch\/fr\/wp-json\/wp\/v2\/comments?post=1088"}],"version-history":[{"count":38,"href":"https:\/\/schwab-orl.ch\/fr\/wp-json\/wp\/v2\/pages\/1088\/revisions"}],"predecessor-version":[{"id":2107,"href":"https:\/\/schwab-orl.ch\/fr\/wp-json\/wp\/v2\/pages\/1088\/revisions\/2107"}],"wp:attachment":[{"href":"https:\/\/schwab-orl.ch\/fr\/wp-json\/wp\/v2\/media?parent=1088"}],"curies":[{"name":"wp","href":"https:\/\/api.w.org\/{rel}","templated":true}]}}