{"id":1113,"date":"2020-10-14T12:50:10","date_gmt":"2020-10-14T12:50:10","guid":{"rendered":"https:\/\/schwab-orl.ch\/?page_id=1113"},"modified":"2025-05-22T19:54:58","modified_gmt":"2025-05-22T19:54:58","slug":"nasenscheidewand-op-septumkorrektur","status":"publish","type":"page","link":"https:\/\/schwab-orl.ch\/fr\/nasenscheidewand-op-septumkorrektur","title":{"rendered":"Nasenscheidewand OP Septumkorrektur"},"content":{"rendered":"<div data-elementor-type=\"wp-page\" data-elementor-id=\"1113\" class=\"elementor elementor-1113\" data-elementor-post-type=\"page\">\n\t\t\t\t\t\t\t\t\t<section class=\"elementor-section elementor-top-section elementor-element elementor-element-106fcec elementor-section-boxed elementor-section-height-default elementor-section-height-default\" data-id=\"106fcec\" data-element_type=\"section\">\n\t\t\t\t\t\t<div class=\"elementor-container elementor-column-gap-default\">\n\t\t\t\t\t<div class=\"elementor-column elementor-col-100 elementor-top-column elementor-element elementor-element-45b2f7e\" data-id=\"45b2f7e\" data-element_type=\"column\">\n\t\t\t<div class=\"elementor-widget-wrap elementor-element-populated\">\n\t\t\t\t\t\t\t\t<div class=\"elementor-element elementor-element-03008ca elementor-widget elementor-widget-spacer\" data-id=\"03008ca\" data-element_type=\"widget\" data-widget_type=\"spacer.default\">\n\t\t\t\t<div class=\"elementor-widget-container\">\n\t\t\t\t\t<div class=\"elementor-spacer\">\n\t\t\t<div class=\"elementor-spacer-inner\"><\/div>\n\t\t<\/div>\n\t\t\t\t<\/div>\n\t\t\t\t<\/div>\n\t\t\t\t\t<\/div>\n\t\t<\/div>\n\t\t\t\t\t\t\t<\/div>\n\t\t<\/section>\n\t\t\t\t<section class=\"elementor-section elementor-top-section elementor-element elementor-element-a91e009 elementor-section-boxed elementor-section-height-default elementor-section-height-default\" data-id=\"a91e009\" data-element_type=\"section\">\n\t\t\t\t\t\t<div class=\"elementor-container elementor-column-gap-default\">\n\t\t\t\t\t<div class=\"elementor-column elementor-col-100 elementor-top-column elementor-element elementor-element-d676635\" data-id=\"d676635\" data-element_type=\"column\">\n\t\t\t<div class=\"elementor-widget-wrap elementor-element-populated\">\n\t\t\t\t\t\t\t\t<div class=\"elementor-element elementor-element-a33fe5b elementor-widget elementor-widget-heading\" data-id=\"a33fe5b\" data-element_type=\"widget\" data-widget_type=\"heading.default\">\n\t\t\t\t<div class=\"elementor-widget-container\">\n\t\t\t<h1 class=\"elementor-heading-title elementor-size-default\">Op\u00e9ration de la cloison nasale - correction du septum<br><\/h1>\t\t<\/div>\n\t\t\t\t<\/div>\n\t\t\t\t\t<\/div>\n\t\t<\/div>\n\t\t\t\t\t\t\t<\/div>\n\t\t<\/section>\n\t\t\t\t<section class=\"elementor-section elementor-top-section elementor-element elementor-element-918a55a elementor-section-boxed elementor-section-height-default elementor-section-height-default\" data-id=\"918a55a\" data-element_type=\"section\">\n\t\t\t\t\t\t<div class=\"elementor-container elementor-column-gap-default\">\n\t\t\t\t\t<div class=\"elementor-column elementor-col-100 elementor-top-column elementor-element elementor-element-c43790a\" data-id=\"c43790a\" data-element_type=\"column\">\n\t\t\t<div class=\"elementor-widget-wrap elementor-element-populated\">\n\t\t\t\t\t\t\t\t<div class=\"elementor-element elementor-element-8b2fabb elementor-widget elementor-widget-text-editor\" data-id=\"8b2fabb\" data-element_type=\"widget\" data-widget_type=\"text-editor.default\">\n\t\t\t\t<div class=\"elementor-widget-container\">\n\t\t\t\t\t\t\t<p>La cloison nasale est un peu de travers chez presque tout le monde. Une op\u00e9ration de la cloison nasale ou une <a href=\"https:\/\/de.wikipedia.org\/wiki\/Septumplastik\" target=\"_blank\" rel=\"noopener\">correction du septum<\/a> peut y rem\u00e9dier. Les d\u00e9viations dans le plan m\u00e9dian-sagittal sont appel\u00e9es d\u00e9viation de la cloison nasale ou d\u00e9viation de la cloison nasale. La valve nasale se trouve dans la partie ant\u00e9rieure du nez. Elle est form\u00e9e par la cloison nasale et les cartilages lat\u00e9raux. Dans cette zone anatomique, m\u00eame de petites d\u00e9viations de la cloison nasale peuvent entra\u00eener de nettes augmentations de la r\u00e9sistance nasale. Le flux laminaire peut ainsi se transformer en flux turbulent, ce qui entra\u00eene \u00e0 son tour une perturbation des propri\u00e9t\u00e9s de climatisation du nez. De plus, le flux s'effondre du c\u00f4t\u00e9 \u00e9troit et la vitesse du flux est multipli\u00e9e du c\u00f4t\u00e9 large. Le nez s'ass\u00e8che, des cro\u00fbtes peuvent se former et des saignements de nez peuvent se produire.<\/p><p>Les sinus paranasaux et l'oreille moyenne par le biais de la trompe d'Eustache d\u00e9pendent du profil d'\u00e9coulement du nez. Un profil d'\u00e9coulement perturb\u00e9 entra\u00eene \u00e9galement des troubles dans les zones mentionn\u00e9es. Cela explique pourquoi les sinusites chroniques apparaissent et\/ou ne gu\u00e9rissent pas malgr\u00e9 un traitement m\u00e9dicamenteux de longue dur\u00e9e. Les personnes concern\u00e9es font \u00e9tat d'un \u00e9coulement chronique g\u00eanant de mucus dans la gorge ou d'une hypers\u00e9cr\u00e9tion telle que le matin, au r\u00e9veil, le mucus s'\u00e9coule litt\u00e9ralement du nez dans le caf\u00e9.<\/p><p>Une perturbation de l'\u00e9change d'air entre le nez et l'oreille moyenne peut alors entra\u00eener une diminution de l'audition, des bruits d'oreille (acouph\u00e8nes) et \u00e9galement des vertiges.<\/p><p>Si le nez a d\u00e9j\u00e0 \u00e9t\u00e9 cass\u00e9, si des op\u00e9rations ont \u00e9t\u00e9 effectu\u00e9es au niveau de la m\u00e2choire sup\u00e9rieure ou si des drogues ont \u00e9t\u00e9 \"remont\u00e9es\" par le nez, des l\u00e9sions \u00e9tendues de la muqueuse peuvent se produire. Celle-ci se r\u00e9tracte et expose le cartilage sous-jacent. Le cartilage expos\u00e9 ne peut pas survivre seul et devient avital, c'est-\u00e0-dire qu'il meurt et dispara\u00eet. Il en r\u00e9sulte une perforation du septum. Ces perforations peuvent \u00eatre petites et \u00e0 peine perceptibles pour la personne concern\u00e9e, ou elles peuvent \u00eatre si grandes qu'il manque presque toute la cloison nasale. Dans ce cas, cela peut d\u00e9j\u00e0 se voir de l'ext\u00e9rieur, car le soutien de l'ar\u00eate nasale manque, comme les piliers de soutien d'un pont avant qu'il ne s'effondre. Chez l'homme, le pont effondr\u00e9 correspond alors \u00e0 un nez en selle avec un dos du nez abaiss\u00e9 et des narines dans lesquelles on peut regarder de face. Les perforations du septum s'ass\u00e8chent tellement sous l'effet de l'air entrant et de l'absence de fonction d'humidification et de climatisation du nez que la muqueuse du bord post\u00e9rieur se fragilise. Il en r\u00e9sulte des \u00e9pisodes de saignements de nez d'intensit\u00e9 variable. Les partenaires se plaignent souvent de l'apparition de sifflements d\u00e8s la respiration au repos, qui peuvent parfois \u00eatre extr\u00eamement g\u00eanants lors de la phase d'endormissement dans le lit commun. En outre, l'odeur du nez peut \u00eatre d\u00e9sagr\u00e9able pour les autres. Enfin, la personne concern\u00e9e peut \u00e9galement souffrir de maux de t\u00eate chroniques, car l'inflammation du bord post\u00e9rieur de la perforation irrite le nerf trijumeau.<\/p>\t\t\t\t\t\t<\/div>\n\t\t\t\t<\/div>\n\t\t\t\t\t<\/div>\n\t\t<\/div>\n\t\t\t\t\t\t\t<\/div>\n\t\t<\/section>\n\t\t\t\t<section class=\"elementor-section elementor-top-section elementor-element elementor-element-37c7c2f elementor-section-boxed elementor-section-height-default elementor-section-height-default\" data-id=\"37c7c2f\" data-element_type=\"section\">\n\t\t\t\t\t\t<div class=\"elementor-container elementor-column-gap-default\">\n\t\t\t\t\t<div class=\"elementor-column elementor-col-100 elementor-top-column elementor-element elementor-element-a818982\" data-id=\"a818982\" data-element_type=\"column\">\n\t\t\t<div class=\"elementor-widget-wrap elementor-element-populated\">\n\t\t\t\t\t\t\t\t<div class=\"elementor-element elementor-element-803b303 elementor-align-center elementor-widget elementor-widget-button\" data-id=\"803b303\" data-element_type=\"widget\" data-widget_type=\"button.default\">\n\t\t\t\t<div class=\"elementor-widget-container\">\n\t\t\t\t\t<div class=\"elementor-button-wrapper\">\n\t\t\t<a class=\"elementor-button elementor-button-link elementor-size-lg\" href=\"https:\/\/app.arzt-direkt.de\/praxisschwab\/booking\" target=\"_blank\" rel=\"nofollow\">\n\t\t\t\t\t\t<span class=\"elementor-button-content-wrapper\">\n\t\t\t\t\t\t<span class=\"elementor-button-text\">Demandez conseil maintenant<\/span>\n\t\t<\/span>\n\t\t\t\t\t<\/a>\n\t\t<\/div>\n\t\t\t\t<\/div>\n\t\t\t\t<\/div>\n\t\t\t\t\t<\/div>\n\t\t<\/div>\n\t\t\t\t\t\t\t<\/div>\n\t\t<\/section>\n\t\t\t\t<section class=\"elementor-section elementor-top-section elementor-element elementor-element-086dd7c elementor-section-boxed elementor-section-height-default elementor-section-height-default\" data-id=\"086dd7c\" data-element_type=\"section\">\n\t\t\t\t\t\t<div class=\"elementor-container elementor-column-gap-default\">\n\t\t\t\t\t<div class=\"elementor-column elementor-col-100 elementor-top-column elementor-element elementor-element-e019b9b\" data-id=\"e019b9b\" data-element_type=\"column\">\n\t\t\t<div class=\"elementor-widget-wrap elementor-element-populated\">\n\t\t\t\t\t\t\t\t<div class=\"elementor-element elementor-element-3cb8f9a elementor-widget elementor-widget-spacer\" data-id=\"3cb8f9a\" data-element_type=\"widget\" data-widget_type=\"spacer.default\">\n\t\t\t\t<div class=\"elementor-widget-container\">\n\t\t\t\t\t<div class=\"elementor-spacer\">\n\t\t\t<div class=\"elementor-spacer-inner\"><\/div>\n\t\t<\/div>\n\t\t\t\t<\/div>\n\t\t\t\t<\/div>\n\t\t\t\t\t<\/div>\n\t\t<\/div>\n\t\t\t\t\t\t\t<\/div>\n\t\t<\/section>\n\t\t\t\t\t\t\t<\/div>","protected":false},"excerpt":{"rendered":"<p>Nasenscheidewand OP &#8211; Septumkorrektur Ein bisschen schief ist die Nasenscheidewand bei fast jedem Menschen. Abhilfe kann eine Nasenscheidewand OP oder auch Septumkorrektur schaffen. Abweichungen in der Median-Sagittal Ebene w\u00fcrde man als Nasenscheidewandverbiegung oder Nasenseptumdeviation bezeichnen. Im vorderen Teil der Nase liegt die sogenannte Nasenklappe. Sie wird durch die Nasenscheidewand und die seitlichen Knorpel gebildet. In &#8230; <a title=\"Nasenscheidewand OP Septumkorrektur\" class=\"read-more\" href=\"https:\/\/schwab-orl.ch\/fr\/nasenscheidewand-op-septumkorrektur\" aria-label=\"En savoir plus sur Nasenscheidewand OP Septumkorrektur\">Lire la suite<\/a><\/p>","protected":false},"author":4,"featured_media":0,"parent":0,"menu_order":0,"comment_status":"closed","ping_status":"closed","template":"elementor_header_footer","meta":{"footnotes":""},"yoast_head":"<!-- This site is optimized with the Yoast SEO plugin v21.7 - https:\/\/yoast.com\/wordpress\/plugins\/seo\/ -->\n<title>Nasenscheidewand OP - Jetzt anrufen \u2706 +41 44 250 43 43 - Dr. Schwab<\/title>\n<meta name=\"description\" content=\"Nasenscheidewand OP - Erfahren Sie hier alles \u00fcber eine Nasenscheidewand OP und wie wir Ihnen helfen k\u00f6nnen. Jetzt beraten lassen!\" \/>\n<meta name=\"robots\" content=\"index, follow, max-snippet:-1, max-image-preview:large, max-video-preview:-1\" \/>\n<link rel=\"canonical\" href=\"https:\/\/schwab-orl.ch\/fr\/nasenscheidewand-op-septumkorrektur\/\" \/>\n<meta property=\"og:locale\" content=\"fr_FR\" \/>\n<meta property=\"og:type\" content=\"article\" \/>\n<meta property=\"og:title\" content=\"Nasenscheidewand OP - Jetzt anrufen \u2706 +41 44 250 43 43 - Dr. Schwab\" \/>\n<meta property=\"og:description\" content=\"Nasenscheidewand OP - Erfahren Sie hier alles \u00fcber eine Nasenscheidewand OP und wie wir Ihnen helfen k\u00f6nnen. Jetzt beraten lassen!\" \/>\n<meta property=\"og:url\" content=\"https:\/\/schwab-orl.ch\/fr\/nasenscheidewand-op-septumkorrektur\/\" \/>\n<meta property=\"og:site_name\" content=\"Dr. Schwab\" \/>\n<meta property=\"article:modified_time\" content=\"2025-05-22T19:54:58+00:00\" \/>\n<meta name=\"twitter:card\" content=\"summary_large_image\" \/>\n<meta name=\"twitter:label1\" content=\"Dur\u00e9e de lecture estim\u00e9e\" \/>\n\t<meta name=\"twitter:data1\" content=\"3 minutes\" \/>\n<script type=\"application\/ld+json\" class=\"yoast-schema-graph\">{\"@context\":\"https:\/\/schema.org\",\"@graph\":[{\"@type\":\"WebPage\",\"@id\":\"https:\/\/schwab-orl.ch\/nasenscheidewand-op-septumkorrektur\",\"url\":\"https:\/\/schwab-orl.ch\/nasenscheidewand-op-septumkorrektur\",\"name\":\"Nasenscheidewand OP - Jetzt anrufen \u2706 +41 44 250 43 43 - Dr. Schwab\",\"isPartOf\":{\"@id\":\"https:\/\/schwab-orl.ch\/#website\"},\"datePublished\":\"2020-10-14T12:50:10+00:00\",\"dateModified\":\"2025-05-22T19:54:58+00:00\",\"description\":\"Nasenscheidewand OP - Erfahren Sie hier alles \u00fcber eine Nasenscheidewand OP und wie wir Ihnen helfen k\u00f6nnen. Jetzt beraten lassen!\",\"breadcrumb\":{\"@id\":\"https:\/\/schwab-orl.ch\/nasenscheidewand-op-septumkorrektur#breadcrumb\"},\"inLanguage\":\"fr-FR\",\"potentialAction\":[{\"@type\":\"ReadAction\",\"target\":[\"https:\/\/schwab-orl.ch\/nasenscheidewand-op-septumkorrektur\"]}]},{\"@type\":\"BreadcrumbList\",\"@id\":\"https:\/\/schwab-orl.ch\/nasenscheidewand-op-septumkorrektur#breadcrumb\",\"itemListElement\":[{\"@type\":\"ListItem\",\"position\":1,\"name\":\"Startseite\",\"item\":\"https:\/\/schwab-orl.ch\/\"},{\"@type\":\"ListItem\",\"position\":2,\"name\":\"Nasenscheidewand OP Septumkorrektur\"}]},{\"@type\":\"WebSite\",\"@id\":\"https:\/\/schwab-orl.ch\/#website\",\"url\":\"https:\/\/schwab-orl.ch\/\",\"name\":\"Dr. Schwab\",\"description\":\"\",\"publisher\":{\"@id\":\"https:\/\/schwab-orl.ch\/#\/schema\/person\/36072d24125f810c40545dd3fe125792\"},\"potentialAction\":[{\"@type\":\"SearchAction\",\"target\":{\"@type\":\"EntryPoint\",\"urlTemplate\":\"https:\/\/schwab-orl.ch\/?s={search_term_string}\"},\"query-input\":\"required name=search_term_string\"}],\"inLanguage\":\"fr-FR\"},{\"@type\":[\"Person\",\"Organization\"],\"@id\":\"https:\/\/schwab-orl.ch\/#\/schema\/person\/36072d24125f810c40545dd3fe125792\",\"name\":\"JanSchwab\",\"image\":{\"@type\":\"ImageObject\",\"inLanguage\":\"fr-FR\",\"@id\":\"https:\/\/schwab-orl.ch\/#\/schema\/person\/image\/\",\"url\":\"https:\/\/schwab-orl.ch\/wp-content\/uploads\/2020\/04\/Schwab-Logo-mit-Schriftzug-kompakt.svg\",\"contentUrl\":\"https:\/\/schwab-orl.ch\/wp-content\/uploads\/2020\/04\/Schwab-Logo-mit-Schriftzug-kompakt.svg\",\"width\":1550,\"height\":106,\"caption\":\"JanSchwab\"},\"logo\":{\"@id\":\"https:\/\/schwab-orl.ch\/#\/schema\/person\/image\/\"}}]}<\/script>\n<!-- \/ Yoast SEO plugin. -->","yoast_head_json":{"title":"Nasenscheidewand OP - Jetzt anrufen \u2706 +41 44 250 43 43 - Dr. Schwab","description":"Nasenscheidewand OP - Erfahren Sie hier alles \u00fcber eine Nasenscheidewand OP und wie wir Ihnen helfen k\u00f6nnen. Jetzt beraten lassen!","robots":{"index":"index","follow":"follow","max-snippet":"max-snippet:-1","max-image-preview":"max-image-preview:large","max-video-preview":"max-video-preview:-1"},"canonical":"https:\/\/schwab-orl.ch\/fr\/nasenscheidewand-op-septumkorrektur\/","og_locale":"fr_FR","og_type":"article","og_title":"Nasenscheidewand OP - Jetzt anrufen \u2706 +41 44 250 43 43 - Dr. Schwab","og_description":"Nasenscheidewand OP - Erfahren Sie hier alles \u00fcber eine Nasenscheidewand OP und wie wir Ihnen helfen k\u00f6nnen. Jetzt beraten lassen!","og_url":"https:\/\/schwab-orl.ch\/fr\/nasenscheidewand-op-septumkorrektur\/","og_site_name":"Dr. Schwab","article_modified_time":"2025-05-22T19:54:58+00:00","twitter_card":"summary_large_image","twitter_misc":{"Dur\u00e9e de lecture estim\u00e9e":"3 minutes"},"schema":{"@context":"https:\/\/schema.org","@graph":[{"@type":"WebPage","@id":"https:\/\/schwab-orl.ch\/nasenscheidewand-op-septumkorrektur","url":"https:\/\/schwab-orl.ch\/nasenscheidewand-op-septumkorrektur","name":"Nasenscheidewand OP - Jetzt anrufen \u2706 +41 44 250 43 43 - Dr. Schwab","isPartOf":{"@id":"https:\/\/schwab-orl.ch\/#website"},"datePublished":"2020-10-14T12:50:10+00:00","dateModified":"2025-05-22T19:54:58+00:00","description":"Nasenscheidewand OP - Erfahren Sie hier alles \u00fcber eine Nasenscheidewand OP und wie wir Ihnen helfen k\u00f6nnen. Jetzt beraten lassen!","breadcrumb":{"@id":"https:\/\/schwab-orl.ch\/nasenscheidewand-op-septumkorrektur#breadcrumb"},"inLanguage":"fr-FR","potentialAction":[{"@type":"ReadAction","target":["https:\/\/schwab-orl.ch\/nasenscheidewand-op-septumkorrektur"]}]},{"@type":"BreadcrumbList","@id":"https:\/\/schwab-orl.ch\/nasenscheidewand-op-septumkorrektur#breadcrumb","itemListElement":[{"@type":"ListItem","position":1,"name":"Startseite","item":"https:\/\/schwab-orl.ch\/"},{"@type":"ListItem","position":2,"name":"Nasenscheidewand OP Septumkorrektur"}]},{"@type":"WebSite","@id":"https:\/\/schwab-orl.ch\/#website","url":"https:\/\/schwab-orl.ch\/","name":"Dr. Schwab","description":"","publisher":{"@id":"https:\/\/schwab-orl.ch\/#\/schema\/person\/36072d24125f810c40545dd3fe125792"},"potentialAction":[{"@type":"SearchAction","target":{"@type":"EntryPoint","urlTemplate":"https:\/\/schwab-orl.ch\/?s={search_term_string}"},"query-input":"required name=search_term_string"}],"inLanguage":"fr-FR"},{"@type":["Person","Organization"],"@id":"https:\/\/schwab-orl.ch\/#\/schema\/person\/36072d24125f810c40545dd3fe125792","name":"JanSchwab","image":{"@type":"ImageObject","inLanguage":"fr-FR","@id":"https:\/\/schwab-orl.ch\/#\/schema\/person\/image\/","url":"https:\/\/schwab-orl.ch\/wp-content\/uploads\/2020\/04\/Schwab-Logo-mit-Schriftzug-kompakt.svg","contentUrl":"https:\/\/schwab-orl.ch\/wp-content\/uploads\/2020\/04\/Schwab-Logo-mit-Schriftzug-kompakt.svg","width":1550,"height":106,"caption":"JanSchwab"},"logo":{"@id":"https:\/\/schwab-orl.ch\/#\/schema\/person\/image\/"}}]}},"_links":{"self":[{"href":"https:\/\/schwab-orl.ch\/fr\/wp-json\/wp\/v2\/pages\/1113"}],"collection":[{"href":"https:\/\/schwab-orl.ch\/fr\/wp-json\/wp\/v2\/pages"}],"about":[{"href":"https:\/\/schwab-orl.ch\/fr\/wp-json\/wp\/v2\/types\/page"}],"author":[{"embeddable":true,"href":"https:\/\/schwab-orl.ch\/fr\/wp-json\/wp\/v2\/users\/4"}],"replies":[{"embeddable":true,"href":"https:\/\/schwab-orl.ch\/fr\/wp-json\/wp\/v2\/comments?post=1113"}],"version-history":[{"count":19,"href":"https:\/\/schwab-orl.ch\/fr\/wp-json\/wp\/v2\/pages\/1113\/revisions"}],"predecessor-version":[{"id":2113,"href":"https:\/\/schwab-orl.ch\/fr\/wp-json\/wp\/v2\/pages\/1113\/revisions\/2113"}],"wp:attachment":[{"href":"https:\/\/schwab-orl.ch\/fr\/wp-json\/wp\/v2\/media?parent=1113"}],"curies":[{"name":"wp","href":"https:\/\/api.w.org\/{rel}","templated":true}]}}