{"id":262,"date":"2020-04-23T13:29:25","date_gmt":"2020-04-23T13:29:25","guid":{"rendered":"http:\/\/schwab-orl.ch\/?page_id=262"},"modified":"2023-03-01T09:08:58","modified_gmt":"2023-03-01T09:08:58","slug":"erfahrungsberichte","status":"publish","type":"page","link":"https:\/\/schwab-orl.ch\/fr\/erfahrungsberichte","title":{"rendered":"Rapports d\u2018exp\u00e9riences"},"content":{"rendered":"<div data-elementor-type=\"wp-page\" data-elementor-id=\"262\" class=\"elementor elementor-262\" data-elementor-post-type=\"page\">\n\t\t\t\t\t\t\t\t\t<section class=\"elementor-section elementor-top-section elementor-element elementor-element-e77e8dc elementor-section-boxed elementor-section-height-default elementor-section-height-default\" data-id=\"e77e8dc\" data-element_type=\"section\">\n\t\t\t\t\t\t<div class=\"elementor-container elementor-column-gap-default\">\n\t\t\t\t\t<div class=\"elementor-column elementor-col-100 elementor-top-column elementor-element elementor-element-c2e02a4\" data-id=\"c2e02a4\" data-element_type=\"column\">\n\t\t\t<div class=\"elementor-widget-wrap elementor-element-populated\">\n\t\t\t\t\t\t\t\t<div class=\"elementor-element elementor-element-1d61898 elementor-widget elementor-widget-image\" data-id=\"1d61898\" data-element_type=\"widget\" data-widget_type=\"image.default\">\n\t\t\t\t<div class=\"elementor-widget-container\">\n\t\t\t\t\t\t\t\t\t\t\t\t\t\t\t<img decoding=\"async\" loading=\"lazy\" width=\"1024\" height=\"221\" src=\"https:\/\/schwab-orl.ch\/wp-content\/uploads\/2020\/04\/Gesunder-Schlaf-ohne-Schnarchen-Schwab2-1024x221.jpg\" class=\"attachment-large size-large wp-image-238\" alt=\"Schlafendes Paar\" srcset=\"https:\/\/schwab-orl.ch\/wp-content\/uploads\/2020\/04\/Gesunder-Schlaf-ohne-Schnarchen-Schwab2-1024x221.jpg 1024w, https:\/\/schwab-orl.ch\/wp-content\/uploads\/2020\/04\/Gesunder-Schlaf-ohne-Schnarchen-Schwab2-300x65.jpg 300w, https:\/\/schwab-orl.ch\/wp-content\/uploads\/2020\/04\/Gesunder-Schlaf-ohne-Schnarchen-Schwab2-768x166.jpg 768w, https:\/\/schwab-orl.ch\/wp-content\/uploads\/2020\/04\/Gesunder-Schlaf-ohne-Schnarchen-Schwab2.jpg 1141w\" sizes=\"(max-width: 1024px) 100vw, 1024px\" \/>\t\t\t\t\t\t\t\t\t\t\t\t\t\t\t<\/div>\n\t\t\t\t<\/div>\n\t\t\t\t<div class=\"elementor-element elementor-element-fac66c5 elementor-widget elementor-widget-heading\" data-id=\"fac66c5\" data-element_type=\"widget\" data-widget_type=\"heading.default\">\n\t\t\t\t<div class=\"elementor-widget-container\">\n\t\t\t<h1 class=\"elementor-heading-title elementor-size-default\">Rapports d\u2018exp\u00e9riences<\/h1>\t\t<\/div>\n\t\t\t\t<\/div>\n\t\t\t\t\t<\/div>\n\t\t<\/div>\n\t\t\t\t\t\t\t<\/div>\n\t\t<\/section>\n\t\t\t\t<section class=\"elementor-section elementor-top-section elementor-element elementor-element-bdea1f5 elementor-section-boxed elementor-section-height-default elementor-section-height-default\" data-id=\"bdea1f5\" data-element_type=\"section\">\n\t\t\t\t\t\t<div class=\"elementor-container elementor-column-gap-default\">\n\t\t\t\t\t<div class=\"elementor-column elementor-col-100 elementor-top-column elementor-element elementor-element-6e23f36\" data-id=\"6e23f36\" data-element_type=\"column\">\n\t\t\t<div class=\"elementor-widget-wrap elementor-element-populated\">\n\t\t\t\t\t\t\t\t<div class=\"elementor-element elementor-element-e01c1f3 elementor-widget elementor-widget-text-editor\" data-id=\"e01c1f3\" data-element_type=\"widget\" data-widget_type=\"text-editor.default\">\n\t\t\t\t<div class=\"elementor-widget-container\">\n\t\t\t\t\t\t\t<p><strong>Op\u00e9ration des sinus en cas de sinusite persistante (Sinusitis)<\/strong><\/p><div>\"Dr. Schwab a \u00e9t\u00e9 pour moi la d\u00e9livrance d'un mal r\u00e9current qui durait depuis des ann\u00e9es : des sinusites \u00e0 r\u00e9p\u00e9tition accompagn\u00e9es de fi\u00e8vre et de fatigue, qui ne pouvaient \u00eatre contenues que par des antibiotiques. En raison des nombreuses inflammations, tous les sinus nasaux \u00e9taient bouch\u00e9s par des d\u00e9p\u00f4ts, ce qui entra\u00eenait \u00e0 son tour une nouvelle sinusite. Un cercle vicieux. Comme il y a des voix critiques sur le succ\u00e8s d'une op\u00e9ration, j'ai attendu longtemps. Trop longtemps. Si j'avais rencontr\u00e9 le Dr Schwab plus t\u00f4t - cet excellent chirurgien, un post-traitant consciencieux et un homme sympathique -, j'aurais \u00e9vit\u00e9 bien des d\u00e9sagr\u00e9ments. L'op\u00e9ration s'est d\u00e9roul\u00e9e de mani\u00e8re optimale, m\u00eame si la tamponnade a \u00e9t\u00e9 un peu d\u00e9sagr\u00e9able pendant une semaine. Je me sens enfin \u00e0 nouveau en forme et en bonne sant\u00e9, et je peux respirer librement. Une nouvelle qualit\u00e9 de vie !\"<\/div><div>(U.R. Femme, 70 ans)<\/div><div>\u00a0<\/div><p><strong>Na<\/strong><strong>Correction de la paroi de la cloison nasale et implant \u00e0 Wengen<\/strong><\/p><p>\u00ab Super soins et conseils. J\u2019ai d\u00e9j\u00e0 rendu visite au Dr Schwab en 2017 sur recommandation. Pendant des ann\u00e9es, je n\u2019ai \u00e9t\u00e9 soign\u00e9e que par d\u2019autres m\u00e9decins. En raison d\u2019infections r\u00e9currentes, les antibiotiques \u00e9taient mon compagnon de route permanent. Le Dr Schwab a rapidement reconnu le probl\u00e8me et a recommand\u00e9 une correction de la cloison nasale et l\u2019implant en titane \u00ab \u00e0 Wengen \u00bb pour une meilleure respiration nasale et contre le ronflement. Que puis-je dire : l\u2019implant fait parfaitement son travail. La respiration est excellente, m\u00eame en cas de gros rhume. L\u2019op\u00e9ration elle-m\u00eame et la gu\u00e9rison se sont d\u00e9roul\u00e9es sans complications et la douleur \u00e9tait tr\u00e8s l\u00e9g\u00e8re. Je referais faire l\u2019op\u00e9ration si n\u00e9cessaire. Je ne peux que vous remercier du fond du c\u0153ur \u00bb (SU, femme de 45 ans)<\/p><p><strong>Un traitement m\u00e9dical comp\u00e9tent et r\u00e9ussi<\/strong><\/p><p>Le Dr Schwab a trait\u00e9 de fa\u00e7on optimale mon probl\u00e8me de ronflement par laser des cornets nasaux. L\u2019intervention sans saignement permet d\u2019am\u00e9liorer la respiration nasale et donc la qualit\u00e9 de vie. Un autre effet positif est l\u2019absence des saignements de nez fr\u00e9quents que j\u2019avais jusqu\u2019ici \u00bb (HS, homme de 62 ans)<\/p><p><strong>C\u2019est ainsi que tous les m\u00e9decins devraient \u00eatre<\/strong><\/p><p>\u00ab Comme je souffre de congestion nasale depuis ma jeunesse, j\u2019ai essay\u00e9 de la faire dispara\u00eetre chirurgicalement. Malheureusement, mes deux premi\u00e8res tentatives avec d\u2019autres m\u00e9decins ont \u00e9chou\u00e9 lamentablement. Le traitement simple et techniquement tr\u00e8s bon ainsi que l\u2019op\u00e9ration du Dr Schwab ont \u00e9t\u00e9 d\u2019autant plus satisfaisants. L\u2019op\u00e9ration s\u2019est tr\u00e8s bien pass\u00e9e et je n\u2019ai presque pas eu de douleurs par la suite. Quelques jours apr\u00e8s ma gu\u00e9rison, j\u2019ai d\u00e9j\u00e0 pu constater les premiers succ\u00e8s de ma respiration par le nez, entre-temps je peux enfin respirer normalement par le nez. Gr\u00e2ce au Dr Schwab, je me sens comme un nouvel homme \u00bb. (RA, homme de 34 ans)<\/p><p><strong>Respirer enfin profond\u00e9ment avec le nez lib\u00e9r\u00e9<\/strong><\/p><p>Nous avons d\u00e9cid\u00e9 de faire op\u00e9rer notre fille (12 ans) et nous le referions faire. Apr\u00e8s une inflammation chronique des sinus paranasaux et un nez constamment bouch\u00e9, les m\u00e9dicaments n\u2019aidaient plus, le sommeil n\u2019\u00e9tait possible qu\u2019apr\u00e8s avoir pris un spray nasal. Il n\u2019y avait pas d\u2019alternative. Dans notre cercle de parents et de connaissances, on nous a souvent d\u00e9conseill\u00e9 une telle intervention. Nous avons fait l\u2019exp\u00e9rience qu\u2019il y a beaucoup d\u2019opinions n\u00e9gatives sur ce sujet. Totalement infond\u00e9es ! Notre enfant a acquis une nouvelle qualit\u00e9 de vie gr\u00e2ce \u00e0 l\u2019op\u00e9ration du nez. En plus d\u2019un sommeil paisible, elle est maintenant libre de poursuivre son hobby, le sport, et est heureuse. Les premiers jours apr\u00e8s l\u2019op\u00e9ration ont certainement \u00e9t\u00e9 moins agr\u00e9ables, mais cela passe tr\u00e8s vite et le Dr Schwab est aussi un excellent chirurgien. Une tr\u00e8s bonne clarification avant l\u2019op\u00e9ration et un merveilleux contact avec les enfants le distinguent, lui et son \u00e9quipe \u00bb. (NG, femme de 43 ans)<\/p>\t\t\t\t\t\t<\/div>\n\t\t\t\t<\/div>\n\t\t\t\t\t<\/div>\n\t\t<\/div>\n\t\t\t\t\t\t\t<\/div>\n\t\t<\/section>\n\t\t\t\t\t\t\t<\/div>","protected":false},"excerpt":{"rendered":"<p>Erfahrungsberichte Nasennebenh\u00f6hlen Operation bei dauerhafter Nasennebenh\u00f6hlenentz\u00fcndung (Sinusitis) &#171;Dr. Schwab war f\u00fcr mich die Erl\u00f6sung von einem jahrelangen,wiederkehrenden \u00dcbel: Immer wieder Sinusitis mit Fieber und M\u00fcdigkeit, die nur mit Antibiotika in Schach gehalten werden konnte. Durch die vielen Entz\u00fcndungen waren s\u00e4mtliche Nasen-Nebenh\u00f6hlen von Ablagerungen verstopft, was wiederum noch rascher zu einer neuen Sinusitis f\u00fchrte. Ein Teufelskreis. &#8230; <a title=\"Rapports d\u2018exp\u00e9riences\" class=\"read-more\" href=\"https:\/\/schwab-orl.ch\/fr\/erfahrungsberichte\" aria-label=\"En savoir plus sur Erfahrungsberichte\">Lire la suite<\/a><\/p>","protected":false},"author":2,"featured_media":0,"parent":0,"menu_order":0,"comment_status":"closed","ping_status":"closed","template":"elementor_header_footer","meta":{"footnotes":""},"yoast_head":"<!-- This site is optimized with the Yoast SEO plugin v21.7 - https:\/\/yoast.com\/wordpress\/plugins\/seo\/ -->\n<title>Erfahrungsberichte | Dr. Schwab<\/title>\n<meta name=\"robots\" content=\"index, follow, max-snippet:-1, max-image-preview:large, max-video-preview:-1\" \/>\n<link rel=\"canonical\" href=\"https:\/\/schwab-orl.ch\/fr\/erfahrungsberichte\/\" \/>\n<meta property=\"og:locale\" content=\"fr_FR\" \/>\n<meta property=\"og:type\" content=\"article\" \/>\n<meta property=\"og:title\" content=\"Erfahrungsberichte | Dr. Schwab\" \/>\n<meta property=\"og:description\" content=\"Erfahrungsberichte Nasennebenh\u00f6hlen Operation bei dauerhafter Nasennebenh\u00f6hlenentz\u00fcndung (Sinusitis) &#171;Dr. Schwab war f\u00fcr mich die Erl\u00f6sung von einem jahrelangen,wiederkehrenden \u00dcbel: Immer wieder Sinusitis mit Fieber und M\u00fcdigkeit, die nur mit Antibiotika in Schach gehalten werden konnte. Durch die vielen Entz\u00fcndungen waren s\u00e4mtliche Nasen-Nebenh\u00f6hlen von Ablagerungen verstopft, was wiederum noch rascher zu einer neuen Sinusitis f\u00fchrte. Ein Teufelskreis. ... Lire la suite\" \/>\n<meta property=\"og:url\" content=\"https:\/\/schwab-orl.ch\/fr\/erfahrungsberichte\/\" \/>\n<meta property=\"og:site_name\" content=\"Dr. Schwab\" \/>\n<meta property=\"article:modified_time\" content=\"2023-03-01T09:08:58+00:00\" \/>\n<meta property=\"og:image\" content=\"https:\/\/schwab-orl.ch\/wp-content\/uploads\/2020\/04\/Gesunder-Schlaf-ohne-Schnarchen-Schwab2-1024x221.jpg\" \/>\n<meta name=\"twitter:card\" content=\"summary_large_image\" \/>\n<meta name=\"twitter:label1\" content=\"Dur\u00e9e de lecture estim\u00e9e\" \/>\n\t<meta name=\"twitter:data1\" content=\"3 minutes\" \/>\n<script type=\"application\/ld+json\" class=\"yoast-schema-graph\">{\"@context\":\"https:\/\/schema.org\",\"@graph\":[{\"@type\":\"WebPage\",\"@id\":\"https:\/\/schwab-orl.ch\/erfahrungsberichte\",\"url\":\"https:\/\/schwab-orl.ch\/erfahrungsberichte\",\"name\":\"Erfahrungsberichte | Dr. Schwab\",\"isPartOf\":{\"@id\":\"https:\/\/schwab-orl.ch\/#website\"},\"datePublished\":\"2020-04-23T13:29:25+00:00\",\"dateModified\":\"2023-03-01T09:08:58+00:00\",\"breadcrumb\":{\"@id\":\"https:\/\/schwab-orl.ch\/erfahrungsberichte#breadcrumb\"},\"inLanguage\":\"fr-FR\",\"potentialAction\":[{\"@type\":\"ReadAction\",\"target\":[\"https:\/\/schwab-orl.ch\/erfahrungsberichte\"]}]},{\"@type\":\"BreadcrumbList\",\"@id\":\"https:\/\/schwab-orl.ch\/erfahrungsberichte#breadcrumb\",\"itemListElement\":[{\"@type\":\"ListItem\",\"position\":1,\"name\":\"Startseite\",\"item\":\"https:\/\/schwab-orl.ch\/\"},{\"@type\":\"ListItem\",\"position\":2,\"name\":\"Erfahrungsberichte\"}]},{\"@type\":\"WebSite\",\"@id\":\"https:\/\/schwab-orl.ch\/#website\",\"url\":\"https:\/\/schwab-orl.ch\/\",\"name\":\"Dr. Schwab\",\"description\":\"\",\"publisher\":{\"@id\":\"https:\/\/schwab-orl.ch\/#\/schema\/person\/36072d24125f810c40545dd3fe125792\"},\"potentialAction\":[{\"@type\":\"SearchAction\",\"target\":{\"@type\":\"EntryPoint\",\"urlTemplate\":\"https:\/\/schwab-orl.ch\/?s={search_term_string}\"},\"query-input\":\"required name=search_term_string\"}],\"inLanguage\":\"fr-FR\"},{\"@type\":[\"Person\",\"Organization\"],\"@id\":\"https:\/\/schwab-orl.ch\/#\/schema\/person\/36072d24125f810c40545dd3fe125792\",\"name\":\"JanSchwab\",\"image\":{\"@type\":\"ImageObject\",\"inLanguage\":\"fr-FR\",\"@id\":\"https:\/\/schwab-orl.ch\/#\/schema\/person\/image\/\",\"url\":\"https:\/\/schwab-orl.ch\/wp-content\/uploads\/2020\/04\/Schwab-Logo-mit-Schriftzug-kompakt.svg\",\"contentUrl\":\"https:\/\/schwab-orl.ch\/wp-content\/uploads\/2020\/04\/Schwab-Logo-mit-Schriftzug-kompakt.svg\",\"width\":1550,\"height\":106,\"caption\":\"JanSchwab\"},\"logo\":{\"@id\":\"https:\/\/schwab-orl.ch\/#\/schema\/person\/image\/\"}}]}<\/script>\n<!-- \/ Yoast SEO plugin. -->","yoast_head_json":{"title":"Erfahrungsberichte | Dr. Schwab","robots":{"index":"index","follow":"follow","max-snippet":"max-snippet:-1","max-image-preview":"max-image-preview:large","max-video-preview":"max-video-preview:-1"},"canonical":"https:\/\/schwab-orl.ch\/fr\/erfahrungsberichte\/","og_locale":"fr_FR","og_type":"article","og_title":"Erfahrungsberichte | Dr. Schwab","og_description":"Erfahrungsberichte Nasennebenh\u00f6hlen Operation bei dauerhafter Nasennebenh\u00f6hlenentz\u00fcndung (Sinusitis) &#171;Dr. Schwab war f\u00fcr mich die Erl\u00f6sung von einem jahrelangen,wiederkehrenden \u00dcbel: Immer wieder Sinusitis mit Fieber und M\u00fcdigkeit, die nur mit Antibiotika in Schach gehalten werden konnte. Durch die vielen Entz\u00fcndungen waren s\u00e4mtliche Nasen-Nebenh\u00f6hlen von Ablagerungen verstopft, was wiederum noch rascher zu einer neuen Sinusitis f\u00fchrte. Ein Teufelskreis. ... Lire la suite","og_url":"https:\/\/schwab-orl.ch\/fr\/erfahrungsberichte\/","og_site_name":"Dr. Schwab","article_modified_time":"2023-03-01T09:08:58+00:00","og_image":[{"url":"https:\/\/schwab-orl.ch\/wp-content\/uploads\/2020\/04\/Gesunder-Schlaf-ohne-Schnarchen-Schwab2-1024x221.jpg"}],"twitter_card":"summary_large_image","twitter_misc":{"Dur\u00e9e de lecture estim\u00e9e":"3 minutes"},"schema":{"@context":"https:\/\/schema.org","@graph":[{"@type":"WebPage","@id":"https:\/\/schwab-orl.ch\/erfahrungsberichte","url":"https:\/\/schwab-orl.ch\/erfahrungsberichte","name":"Erfahrungsberichte | Dr. Schwab","isPartOf":{"@id":"https:\/\/schwab-orl.ch\/#website"},"datePublished":"2020-04-23T13:29:25+00:00","dateModified":"2023-03-01T09:08:58+00:00","breadcrumb":{"@id":"https:\/\/schwab-orl.ch\/erfahrungsberichte#breadcrumb"},"inLanguage":"fr-FR","potentialAction":[{"@type":"ReadAction","target":["https:\/\/schwab-orl.ch\/erfahrungsberichte"]}]},{"@type":"BreadcrumbList","@id":"https:\/\/schwab-orl.ch\/erfahrungsberichte#breadcrumb","itemListElement":[{"@type":"ListItem","position":1,"name":"Startseite","item":"https:\/\/schwab-orl.ch\/"},{"@type":"ListItem","position":2,"name":"Erfahrungsberichte"}]},{"@type":"WebSite","@id":"https:\/\/schwab-orl.ch\/#website","url":"https:\/\/schwab-orl.ch\/","name":"Dr. Schwab","description":"","publisher":{"@id":"https:\/\/schwab-orl.ch\/#\/schema\/person\/36072d24125f810c40545dd3fe125792"},"potentialAction":[{"@type":"SearchAction","target":{"@type":"EntryPoint","urlTemplate":"https:\/\/schwab-orl.ch\/?s={search_term_string}"},"query-input":"required name=search_term_string"}],"inLanguage":"fr-FR"},{"@type":["Person","Organization"],"@id":"https:\/\/schwab-orl.ch\/#\/schema\/person\/36072d24125f810c40545dd3fe125792","name":"JanSchwab","image":{"@type":"ImageObject","inLanguage":"fr-FR","@id":"https:\/\/schwab-orl.ch\/#\/schema\/person\/image\/","url":"https:\/\/schwab-orl.ch\/wp-content\/uploads\/2020\/04\/Schwab-Logo-mit-Schriftzug-kompakt.svg","contentUrl":"https:\/\/schwab-orl.ch\/wp-content\/uploads\/2020\/04\/Schwab-Logo-mit-Schriftzug-kompakt.svg","width":1550,"height":106,"caption":"JanSchwab"},"logo":{"@id":"https:\/\/schwab-orl.ch\/#\/schema\/person\/image\/"}}]}},"_links":{"self":[{"href":"https:\/\/schwab-orl.ch\/fr\/wp-json\/wp\/v2\/pages\/262"}],"collection":[{"href":"https:\/\/schwab-orl.ch\/fr\/wp-json\/wp\/v2\/pages"}],"about":[{"href":"https:\/\/schwab-orl.ch\/fr\/wp-json\/wp\/v2\/types\/page"}],"author":[{"embeddable":true,"href":"https:\/\/schwab-orl.ch\/fr\/wp-json\/wp\/v2\/users\/2"}],"replies":[{"embeddable":true,"href":"https:\/\/schwab-orl.ch\/fr\/wp-json\/wp\/v2\/comments?post=262"}],"version-history":[{"count":12,"href":"https:\/\/schwab-orl.ch\/fr\/wp-json\/wp\/v2\/pages\/262\/revisions"}],"predecessor-version":[{"id":1498,"href":"https:\/\/schwab-orl.ch\/fr\/wp-json\/wp\/v2\/pages\/262\/revisions\/1498"}],"wp:attachment":[{"href":"https:\/\/schwab-orl.ch\/fr\/wp-json\/wp\/v2\/media?parent=262"}],"curies":[{"name":"wp","href":"https:\/\/api.w.org\/{rel}","templated":true}]}}