{"id":280,"date":"2020-04-23T13:54:09","date_gmt":"2020-04-23T13:54:09","guid":{"rendered":"http:\/\/schwab-orl.ch\/erfahrungsberichte-copy"},"modified":"2020-04-30T13:03:41","modified_gmt":"2020-04-30T13:03:41","slug":"faq","status":"publish","type":"page","link":"https:\/\/schwab-orl.ch\/fr\/faq","title":{"rendered":"FAQ"},"content":{"rendered":"<div data-elementor-type=\"wp-page\" data-elementor-id=\"280\" class=\"elementor elementor-280\" data-elementor-post-type=\"page\">\n\t\t\t\t\t\t\t\t\t<section class=\"elementor-section elementor-top-section elementor-element elementor-element-e77e8dc elementor-section-boxed elementor-section-height-default elementor-section-height-default\" data-id=\"e77e8dc\" data-element_type=\"section\">\n\t\t\t\t\t\t<div class=\"elementor-container elementor-column-gap-default\">\n\t\t\t\t\t<div class=\"elementor-column elementor-col-100 elementor-top-column elementor-element elementor-element-c2e02a4\" data-id=\"c2e02a4\" data-element_type=\"column\">\n\t\t\t<div class=\"elementor-widget-wrap elementor-element-populated\">\n\t\t\t\t\t\t\t\t<div class=\"elementor-element elementor-element-fac66c5 elementor-widget elementor-widget-heading\" data-id=\"fac66c5\" data-element_type=\"widget\" data-widget_type=\"heading.default\">\n\t\t\t\t<div class=\"elementor-widget-container\">\n\t\t\t<h1 class=\"elementor-heading-title elementor-size-default\">FAQ<\/h1>\t\t<\/div>\n\t\t\t\t<\/div>\n\t\t\t\t\t<\/div>\n\t\t<\/div>\n\t\t\t\t\t\t\t<\/div>\n\t\t<\/section>\n\t\t\t\t<section class=\"elementor-section elementor-top-section elementor-element elementor-element-9b9d8a6 elementor-section-boxed elementor-section-height-default elementor-section-height-default\" data-id=\"9b9d8a6\" data-element_type=\"section\">\n\t\t\t\t\t\t<div class=\"elementor-container elementor-column-gap-default\">\n\t\t\t\t\t<div class=\"elementor-column elementor-col-100 elementor-top-column elementor-element elementor-element-c952df2\" data-id=\"c952df2\" data-element_type=\"column\">\n\t\t\t<div class=\"elementor-widget-wrap\">\n\t\t\t\t\t\t\t\t\t<\/div>\n\t\t<\/div>\n\t\t\t\t\t\t\t<\/div>\n\t\t<\/section>\n\t\t\t\t<section class=\"elementor-section elementor-top-section elementor-element elementor-element-3e3ade1 elementor-section-boxed elementor-section-height-default elementor-section-height-default\" data-id=\"3e3ade1\" data-element_type=\"section\">\n\t\t\t\t\t\t<div class=\"elementor-container elementor-column-gap-default\">\n\t\t\t\t\t<div class=\"elementor-column elementor-col-100 elementor-top-column elementor-element elementor-element-11994c7\" data-id=\"11994c7\" data-element_type=\"column\">\n\t\t\t<div class=\"elementor-widget-wrap elementor-element-populated\">\n\t\t\t\t\t\t\t\t<div class=\"elementor-element elementor-element-a8c2b61 elementor-widget elementor-widget-text-editor\" data-id=\"a8c2b61\" data-element_type=\"widget\" data-widget_type=\"text-editor.default\">\n\t\t\t\t<div class=\"elementor-widget-container\">\n\t\t\t\t\t\t\t<p><span style=\"color: #9d7f6a;\"><strong>Pourquoi n\u2019y a-t-il pas une \u00ab Schwab-th\u00e9rapie\u00ae \u00ab ?<\/strong><\/span><br \/>Parce qu\u2019aujourd\u2019hui une th\u00e9rapie par \u00e9tapes va de soi et que chaque patient re\u00e7oit une th\u00e9rapie adapt\u00e9e \u00e0 ses besoins individuels. Il est n\u00e9cessaire de disposer de toutes les options th\u00e9rapeutiques dans leur int\u00e9gralit\u00e9, ce que tous les centres ne peuvent pas offrir. Il n\u2019est donc pas n\u00e9cessaire d\u2019\u00e9tablir une marque pour une m\u00e9thode standardis\u00e9e, car chaque personne varie dans son anatomie et sa physiologie individuelle. Nous en tenons compte et essayons donc d\u2019offrir \u00e0 chaque patient une solution sur mesure et individuelle \u00e0 son probl\u00e8me.<\/p><p><span style=\"color: #9d7f6a;\"><strong>Pourquoi ai-je besoin d\u2018une \u00ab Sleep-Nose-Endoskopy \u00bb ?<\/strong><\/span><br \/>Cela permet une localisation exacte de l\u2019effondrement des voies respiratoires. Dans la salle d\u2019op\u00e9ration sous la surveillance d\u2019un anesth\u00e9siste qui utilise un m\u00e9dicament sp\u00e9cial, le patient est mis dans un \u00e9tat de sommeil contr\u00f4l\u00e9 dans lequel il pr\u00e9sente les sympt\u00f4mes du ronflement. Avec un tr\u00e8s petit endoscope, les voies respiratoires sup\u00e9rieures sont repr\u00e9sent\u00e9es. Les r\u00e9tr\u00e9cissements ou effondrements des tissus mous au niveau des diff\u00e9rentes sections du nez, du nasopharynx, du palais, de la base de la langue et du larynx sont d\u00e9tect\u00e9s et document\u00e9s. Il en r\u00e9sulte une th\u00e9rapie adapt\u00e9e au patient.<\/p><p><span style=\"color: #9d7f6a;\"><strong>Une anesth\u00e9sie g\u00e9n\u00e9rale est-elle toujours n\u00e9cessaire ?<\/strong><\/span><br \/>Une anesth\u00e9sie locale est souvent suffisante pour le traitement au laser des cornets nasaux. La \u00ab Sleep-Nose-Endoscopy \u00bb est r\u00e9alis\u00e9e sous l\u2019influence de m\u00e9dicaments, ce qui \u00e9quivaut \u00e0 une respiration artificielle contr\u00f4l\u00e9e par masque. L\u2019intubation n\u2019est pas encore requise pour le moment.<br \/>Les corrections des os et des cartilages du nez, de la m\u00e2choire, des tissus mous du palais ou du nerf de la langue sont g\u00e9n\u00e9ralement effectu\u00e9es sous anesth\u00e9sie g\u00e9n\u00e9rale.<\/p><p><span style=\"color: #9d7f6a;\"><strong>Ai-je besoin d\u2019une tamponnade nasale ?<\/strong><\/span><br \/>Dans la grande majorit\u00e9 des cas, nous nous d\u00e9brouillons sans tamponnement nasal. Cela signifie que la respiration par le nez est \u00e0 nouveau possible imm\u00e9diatement apr\u00e8s l\u2019op\u00e9ration, ce qui est de la plus haute importance, surtout pour les personnes souffrants d\u2019apn\u00e9e. Par cons\u00e9quent, aucun mal de t\u00eate, souvent caus\u00e9 par une tamponnade nasale compl\u00e8te, ne se produit. M\u00eame les dangereuses phases d\u2019apn\u00e9e, qui seraient autrement aggrav\u00e9es par un tamponnement suppl\u00e9mentaire du nez, peuvent \u00eatre \u00e9vit\u00e9es. L\u2019extraction d\u00e9sagr\u00e9able de la tamponnade, que de nombreux patients ont encore dans leur m\u00e9moire comme un \u00e9v\u00e9nement traumatique, n\u2019est plus n\u00e9cessaire.<\/p><p><span style=\"color: #9d7f6a;\"><strong>Les interventions sont-elles douloureuses ?<\/strong><\/span><br \/>Les interventions sont g\u00e9n\u00e9ralement bien tol\u00e9r\u00e9es et sont g\u00e9n\u00e9ralement peu ou pas douloureuses. Toutefois, la douleur \u00e9tant une sensation tr\u00e8s individuelle, des m\u00e9dicaments appropri\u00e9s peuvent \u00eatre donn\u00e9s si n\u00e9cessaire.<\/p><p><span style=\"color: #9d7f6a;\"><strong>Qu\u2019en est-il de la capacit\u00e9 \u00e0 travailler ?<\/strong><\/span><br \/>Normalement, s\u2019il n\u2019y a pas de complications pendant la gu\u00e9rison, le travail peut \u00eatre repris apr\u00e8s 2 ou 3 jours.<\/p>\t\t\t\t\t\t<\/div>\n\t\t\t\t<\/div>\n\t\t\t\t\t<\/div>\n\t\t<\/div>\n\t\t\t\t\t\t\t<\/div>\n\t\t<\/section>\n\t\t\t\t\t\t\t<\/div>","protected":false},"excerpt":{"rendered":"<p>FAQ Warum gibt es keine \u201eSchwab-Therapie\u00ae\u201c? Weil die Stufentherapie heute eine Selbstverst\u00e4ndlichkeit darstellt und jeder Patient eine auf seine individuellen Bed\u00fcrfnisse abgestimmte Therapie erh\u00e4lt. Dabei ist es erforderlich, alle Therapiem\u00f6glichkeiten in der gesamten Breite abzubilden, was wiederum nicht alle Zentren anbieten k\u00f6nnen. Es besteht somit keine Notwendigkeit der Markenbildung f\u00fcr ein standardisiertes Vorgehen, da jeder &#8230; <a title=\"FAQ\" class=\"read-more\" href=\"https:\/\/schwab-orl.ch\/fr\/faq\" aria-label=\"En savoir plus sur FAQ\">Lire la suite<\/a><\/p>","protected":false},"author":2,"featured_media":0,"parent":0,"menu_order":0,"comment_status":"closed","ping_status":"closed","template":"elementor_header_footer","meta":{"footnotes":""},"yoast_head":"<!-- This site is optimized with the Yoast SEO plugin v21.7 - https:\/\/yoast.com\/wordpress\/plugins\/seo\/ -->\n<title>FAQ | Dr. Schwab<\/title>\n<meta name=\"robots\" content=\"index, follow, max-snippet:-1, max-image-preview:large, max-video-preview:-1\" \/>\n<link rel=\"canonical\" href=\"https:\/\/schwab-orl.ch\/fr\/faq\/\" \/>\n<meta property=\"og:locale\" content=\"fr_FR\" \/>\n<meta property=\"og:type\" content=\"article\" \/>\n<meta property=\"og:title\" content=\"FAQ | Dr. Schwab\" \/>\n<meta property=\"og:description\" content=\"FAQ Warum gibt es keine \u201eSchwab-Therapie\u00ae\u201c? Weil die Stufentherapie heute eine Selbstverst\u00e4ndlichkeit darstellt und jeder Patient eine auf seine individuellen Bed\u00fcrfnisse abgestimmte Therapie erh\u00e4lt. Dabei ist es erforderlich, alle Therapiem\u00f6glichkeiten in der gesamten Breite abzubilden, was wiederum nicht alle Zentren anbieten k\u00f6nnen. Es besteht somit keine Notwendigkeit der Markenbildung f\u00fcr ein standardisiertes Vorgehen, da jeder ... Lire la suite\" \/>\n<meta property=\"og:url\" content=\"https:\/\/schwab-orl.ch\/fr\/faq\/\" \/>\n<meta property=\"og:site_name\" content=\"Dr. Schwab\" \/>\n<meta property=\"article:modified_time\" content=\"2020-04-30T13:03:41+00:00\" \/>\n<meta name=\"twitter:card\" content=\"summary_large_image\" \/>\n<meta name=\"twitter:label1\" content=\"Dur\u00e9e de lecture estim\u00e9e\" \/>\n\t<meta name=\"twitter:data1\" content=\"2 minutes\" \/>\n<script type=\"application\/ld+json\" class=\"yoast-schema-graph\">{\"@context\":\"https:\/\/schema.org\",\"@graph\":[{\"@type\":\"WebPage\",\"@id\":\"https:\/\/schwab-orl.ch\/faq\",\"url\":\"https:\/\/schwab-orl.ch\/faq\",\"name\":\"FAQ | Dr. Schwab\",\"isPartOf\":{\"@id\":\"https:\/\/schwab-orl.ch\/#website\"},\"datePublished\":\"2020-04-23T13:54:09+00:00\",\"dateModified\":\"2020-04-30T13:03:41+00:00\",\"breadcrumb\":{\"@id\":\"https:\/\/schwab-orl.ch\/faq#breadcrumb\"},\"inLanguage\":\"fr-FR\",\"potentialAction\":[{\"@type\":\"ReadAction\",\"target\":[\"https:\/\/schwab-orl.ch\/faq\"]}]},{\"@type\":\"BreadcrumbList\",\"@id\":\"https:\/\/schwab-orl.ch\/faq#breadcrumb\",\"itemListElement\":[{\"@type\":\"ListItem\",\"position\":1,\"name\":\"Startseite\",\"item\":\"https:\/\/schwab-orl.ch\/\"},{\"@type\":\"ListItem\",\"position\":2,\"name\":\"FAQ\"}]},{\"@type\":\"WebSite\",\"@id\":\"https:\/\/schwab-orl.ch\/#website\",\"url\":\"https:\/\/schwab-orl.ch\/\",\"name\":\"Dr. Schwab\",\"description\":\"\",\"publisher\":{\"@id\":\"https:\/\/schwab-orl.ch\/#\/schema\/person\/36072d24125f810c40545dd3fe125792\"},\"potentialAction\":[{\"@type\":\"SearchAction\",\"target\":{\"@type\":\"EntryPoint\",\"urlTemplate\":\"https:\/\/schwab-orl.ch\/?s={search_term_string}\"},\"query-input\":\"required name=search_term_string\"}],\"inLanguage\":\"fr-FR\"},{\"@type\":[\"Person\",\"Organization\"],\"@id\":\"https:\/\/schwab-orl.ch\/#\/schema\/person\/36072d24125f810c40545dd3fe125792\",\"name\":\"JanSchwab\",\"image\":{\"@type\":\"ImageObject\",\"inLanguage\":\"fr-FR\",\"@id\":\"https:\/\/schwab-orl.ch\/#\/schema\/person\/image\/\",\"url\":\"https:\/\/schwab-orl.ch\/wp-content\/uploads\/2020\/04\/Schwab-Logo-mit-Schriftzug-kompakt.svg\",\"contentUrl\":\"https:\/\/schwab-orl.ch\/wp-content\/uploads\/2020\/04\/Schwab-Logo-mit-Schriftzug-kompakt.svg\",\"width\":1550,\"height\":106,\"caption\":\"JanSchwab\"},\"logo\":{\"@id\":\"https:\/\/schwab-orl.ch\/#\/schema\/person\/image\/\"}}]}<\/script>\n<!-- \/ Yoast SEO plugin. -->","yoast_head_json":{"title":"FAQ | Dr. Schwab","robots":{"index":"index","follow":"follow","max-snippet":"max-snippet:-1","max-image-preview":"max-image-preview:large","max-video-preview":"max-video-preview:-1"},"canonical":"https:\/\/schwab-orl.ch\/fr\/faq\/","og_locale":"fr_FR","og_type":"article","og_title":"FAQ | Dr. Schwab","og_description":"FAQ Warum gibt es keine \u201eSchwab-Therapie\u00ae\u201c? Weil die Stufentherapie heute eine Selbstverst\u00e4ndlichkeit darstellt und jeder Patient eine auf seine individuellen Bed\u00fcrfnisse abgestimmte Therapie erh\u00e4lt. Dabei ist es erforderlich, alle Therapiem\u00f6glichkeiten in der gesamten Breite abzubilden, was wiederum nicht alle Zentren anbieten k\u00f6nnen. Es besteht somit keine Notwendigkeit der Markenbildung f\u00fcr ein standardisiertes Vorgehen, da jeder ... Lire la suite","og_url":"https:\/\/schwab-orl.ch\/fr\/faq\/","og_site_name":"Dr. Schwab","article_modified_time":"2020-04-30T13:03:41+00:00","twitter_card":"summary_large_image","twitter_misc":{"Dur\u00e9e de lecture estim\u00e9e":"2 minutes"},"schema":{"@context":"https:\/\/schema.org","@graph":[{"@type":"WebPage","@id":"https:\/\/schwab-orl.ch\/faq","url":"https:\/\/schwab-orl.ch\/faq","name":"FAQ | Dr. Schwab","isPartOf":{"@id":"https:\/\/schwab-orl.ch\/#website"},"datePublished":"2020-04-23T13:54:09+00:00","dateModified":"2020-04-30T13:03:41+00:00","breadcrumb":{"@id":"https:\/\/schwab-orl.ch\/faq#breadcrumb"},"inLanguage":"fr-FR","potentialAction":[{"@type":"ReadAction","target":["https:\/\/schwab-orl.ch\/faq"]}]},{"@type":"BreadcrumbList","@id":"https:\/\/schwab-orl.ch\/faq#breadcrumb","itemListElement":[{"@type":"ListItem","position":1,"name":"Startseite","item":"https:\/\/schwab-orl.ch\/"},{"@type":"ListItem","position":2,"name":"FAQ"}]},{"@type":"WebSite","@id":"https:\/\/schwab-orl.ch\/#website","url":"https:\/\/schwab-orl.ch\/","name":"Dr. Schwab","description":"","publisher":{"@id":"https:\/\/schwab-orl.ch\/#\/schema\/person\/36072d24125f810c40545dd3fe125792"},"potentialAction":[{"@type":"SearchAction","target":{"@type":"EntryPoint","urlTemplate":"https:\/\/schwab-orl.ch\/?s={search_term_string}"},"query-input":"required name=search_term_string"}],"inLanguage":"fr-FR"},{"@type":["Person","Organization"],"@id":"https:\/\/schwab-orl.ch\/#\/schema\/person\/36072d24125f810c40545dd3fe125792","name":"JanSchwab","image":{"@type":"ImageObject","inLanguage":"fr-FR","@id":"https:\/\/schwab-orl.ch\/#\/schema\/person\/image\/","url":"https:\/\/schwab-orl.ch\/wp-content\/uploads\/2020\/04\/Schwab-Logo-mit-Schriftzug-kompakt.svg","contentUrl":"https:\/\/schwab-orl.ch\/wp-content\/uploads\/2020\/04\/Schwab-Logo-mit-Schriftzug-kompakt.svg","width":1550,"height":106,"caption":"JanSchwab"},"logo":{"@id":"https:\/\/schwab-orl.ch\/#\/schema\/person\/image\/"}}]}},"_links":{"self":[{"href":"https:\/\/schwab-orl.ch\/fr\/wp-json\/wp\/v2\/pages\/280"}],"collection":[{"href":"https:\/\/schwab-orl.ch\/fr\/wp-json\/wp\/v2\/pages"}],"about":[{"href":"https:\/\/schwab-orl.ch\/fr\/wp-json\/wp\/v2\/types\/page"}],"author":[{"embeddable":true,"href":"https:\/\/schwab-orl.ch\/fr\/wp-json\/wp\/v2\/users\/2"}],"replies":[{"embeddable":true,"href":"https:\/\/schwab-orl.ch\/fr\/wp-json\/wp\/v2\/comments?post=280"}],"version-history":[{"count":12,"href":"https:\/\/schwab-orl.ch\/fr\/wp-json\/wp\/v2\/pages\/280\/revisions"}],"predecessor-version":[{"id":568,"href":"https:\/\/schwab-orl.ch\/fr\/wp-json\/wp\/v2\/pages\/280\/revisions\/568"}],"wp:attachment":[{"href":"https:\/\/schwab-orl.ch\/fr\/wp-json\/wp\/v2\/media?parent=280"}],"curies":[{"name":"wp","href":"https:\/\/api.w.org\/{rel}","templated":true}]}}