{"id":283,"date":"2020-04-23T13:55:29","date_gmt":"2020-04-23T13:55:29","guid":{"rendered":"http:\/\/schwab-orl.ch\/faq-copy"},"modified":"2021-05-18T09:25:18","modified_gmt":"2021-05-18T09:25:18","slug":"erklaervideos","status":"publish","type":"page","link":"https:\/\/schwab-orl.ch\/fr\/erklaervideos","title":{"rendered":"vid\u00e9os explicatives"},"content":{"rendered":"\t\t<div data-elementor-type=\"wp-page\" data-elementor-id=\"283\" class=\"elementor elementor-283\" data-elementor-post-type=\"page\">\n\t\t\t\t\t\t\t\t\t<section class=\"elementor-section elementor-top-section elementor-element elementor-element-e77e8dc elementor-section-boxed elementor-section-height-default elementor-section-height-default\" data-id=\"e77e8dc\" data-element_type=\"section\">\n\t\t\t\t\t\t<div class=\"elementor-container elementor-column-gap-default\">\n\t\t\t\t\t<div class=\"elementor-column elementor-col-100 elementor-top-column elementor-element elementor-element-c2e02a4\" data-id=\"c2e02a4\" data-element_type=\"column\">\n\t\t\t<div class=\"elementor-widget-wrap elementor-element-populated\">\n\t\t\t\t\t\t\t\t<div class=\"elementor-element elementor-element-fac66c5 elementor-widget elementor-widget-heading\" data-id=\"fac66c5\" data-element_type=\"widget\" data-widget_type=\"heading.default\">\n\t\t\t\t<div class=\"elementor-widget-container\">\n\t\t\t<h1 class=\"elementor-heading-title elementor-size-default\">Erkl\u00e4rvideos<\/h1>\t\t<\/div>\n\t\t\t\t<\/div>\n\t\t\t\t\t<\/div>\n\t\t<\/div>\n\t\t\t\t\t\t\t<\/div>\n\t\t<\/section>\n\t\t\t\t<section class=\"elementor-section elementor-top-section elementor-element elementor-element-6409b6a elementor-section-boxed elementor-section-height-default elementor-section-height-default\" data-id=\"6409b6a\" data-element_type=\"section\">\n\t\t\t\t\t\t<div class=\"elementor-container elementor-column-gap-default\">\n\t\t\t\t\t<div class=\"elementor-column elementor-col-100 elementor-top-column elementor-element elementor-element-21d4666\" data-id=\"21d4666\" data-element_type=\"column\">\n\t\t\t<div class=\"elementor-widget-wrap elementor-element-populated\">\n\t\t\t\t\t\t\t\t<section class=\"elementor-section elementor-inner-section elementor-element elementor-element-b4373dc elementor-section-boxed elementor-section-height-default elementor-section-height-default\" data-id=\"b4373dc\" data-element_type=\"section\">\n\t\t\t\t\t\t<div class=\"elementor-container elementor-column-gap-default\">\n\t\t\t\t\t<div class=\"elementor-column elementor-col-50 elementor-inner-column elementor-element elementor-element-3fe5bf0\" data-id=\"3fe5bf0\" data-element_type=\"column\">\n\t\t\t<div class=\"elementor-widget-wrap elementor-element-populated\">\n\t\t\t\t\t\t\t\t<div class=\"elementor-element elementor-element-0df71de elementor-widget elementor-widget-wp-widget-media_video\" data-id=\"0df71de\" data-element_type=\"widget\" data-widget_type=\"wp-widget-media_video.default\">\n\t\t\t\t<div class=\"elementor-widget-container\">\n\t\t\t<div style=\"width:100%;\" class=\"wp-video\"><!--[if lt IE 9]><script>document.createElement('video');<\/script><![endif]-->\n<video class=\"wp-video-shortcode\" id=\"video-283-1\" preload=\"metadata\" controls=\"controls\"><source type=\"video\/mp4\" src=\"https:\/\/schwab-orl.ch\/wp-content\/uploads\/2020\/04\/Sleep-Nose-Endoskopy.mp4?_=1\" \/><source type=\"video\/mp4\" src=\"https:\/\/schwab-orl.ch\/wp-content\/uploads\/2020\/04\/Sleep-Nose-Endoskopy.mp4?_=1\" \/><a href=\"https:\/\/schwab-orl.ch\/wp-content\/uploads\/2020\/04\/Sleep-Nose-Endoskopy.mp4\">https:\/\/schwab-orl.ch\/wp-content\/uploads\/2020\/04\/Sleep-Nose-Endoskopy.mp4<\/a><\/video><\/div>\t\t<\/div>\n\t\t\t\t<\/div>\n\t\t\t\t\t<\/div>\n\t\t<\/div>\n\t\t\t\t<div class=\"elementor-column elementor-col-50 elementor-inner-column elementor-element elementor-element-a69cf72\" data-id=\"a69cf72\" data-element_type=\"column\">\n\t\t\t<div class=\"elementor-widget-wrap elementor-element-populated\">\n\t\t\t\t\t\t\t\t<div class=\"elementor-element elementor-element-4b62ff8 elementor-widget elementor-widget-text-editor\" data-id=\"4b62ff8\" data-element_type=\"widget\" data-widget_type=\"text-editor.default\">\n\t\t\t\t<div class=\"elementor-widget-container\">\n\t\t\t\t\t\t\t<p>Hier handelt es sich um die endoskopische Ansicht des Rachens bei einem Menschen der durch Medikamente in einen Schlafzustand versetzt wurde, bei dem er zu schnarchen beginnt (Sleep-Nose-Endoskopy). Hier befindet sich die Optik im Nasenrachen und blickt auf den Kehlkopf. Es kommt zum Kollaps der Seitenw\u00e4nde und damit zum Verschluss der Atemwege. Dies dauert so lange, bis der K\u00f6rper aufgrund des Sauerstoffmangels eine Erweckungsreaktion durch Adrenalinaussch\u00fcttung ausl\u00f6st. Dieser Ablauf kann mehrere hundert Male w\u00e4hrend der Nacht auftreten. Tiefschlafphasen werden dabei praktisch nicht mehr erreicht. Jede Nacht ist ein Kampf und Tagesm\u00fcdigkeit, Gereiztheit, Leistungsschw\u00e4che und Aufmerksamkeitsdefizit sind die unmittelbaren Folgen.<\/p>\t\t\t\t\t\t<\/div>\n\t\t\t\t<\/div>\n\t\t\t\t\t<\/div>\n\t\t<\/div>\n\t\t\t\t\t\t\t<\/div>\n\t\t<\/section>\n\t\t\t\t\t<\/div>\n\t\t<\/div>\n\t\t\t\t\t\t\t<\/div>\n\t\t<\/section>\n\t\t\t\t<section class=\"elementor-section elementor-top-section elementor-element elementor-element-368c0ca elementor-section-boxed elementor-section-height-default elementor-section-height-default\" data-id=\"368c0ca\" data-element_type=\"section\">\n\t\t\t\t\t\t<div class=\"elementor-container elementor-column-gap-default\">\n\t\t\t\t\t<div class=\"elementor-column elementor-col-100 elementor-top-column elementor-element elementor-element-67d98dd\" data-id=\"67d98dd\" data-element_type=\"column\">\n\t\t\t<div class=\"elementor-widget-wrap elementor-element-populated\">\n\t\t\t\t\t\t\t\t<div class=\"elementor-element elementor-element-f694f54 elementor-widget elementor-widget-spacer\" data-id=\"f694f54\" data-element_type=\"widget\" data-widget_type=\"spacer.default\">\n\t\t\t\t<div class=\"elementor-widget-container\">\n\t\t\t\t\t<div class=\"elementor-spacer\">\n\t\t\t<div class=\"elementor-spacer-inner\"><\/div>\n\t\t<\/div>\n\t\t\t\t<\/div>\n\t\t\t\t<\/div>\n\t\t\t\t\t<\/div>\n\t\t<\/div>\n\t\t\t\t\t\t\t<\/div>\n\t\t<\/section>\n\t\t\t\t<section class=\"elementor-section elementor-top-section elementor-element elementor-element-f49d35e elementor-section-boxed elementor-section-height-default elementor-section-height-default\" data-id=\"f49d35e\" data-element_type=\"section\">\n\t\t\t\t\t\t<div class=\"elementor-container elementor-column-gap-default\">\n\t\t\t\t\t<div class=\"elementor-column elementor-col-100 elementor-top-column elementor-element elementor-element-360f98a\" data-id=\"360f98a\" data-element_type=\"column\">\n\t\t\t<div class=\"elementor-widget-wrap elementor-element-populated\">\n\t\t\t\t\t\t\t\t<section class=\"elementor-section elementor-inner-section elementor-element elementor-element-6932f15 elementor-section-boxed elementor-section-height-default elementor-section-height-default\" data-id=\"6932f15\" data-element_type=\"section\">\n\t\t\t\t\t\t<div class=\"elementor-container elementor-column-gap-default\">\n\t\t\t\t\t<div class=\"elementor-column elementor-col-50 elementor-inner-column elementor-element elementor-element-b74d8bd\" data-id=\"b74d8bd\" data-element_type=\"column\">\n\t\t\t<div class=\"elementor-widget-wrap elementor-element-populated\">\n\t\t\t\t\t\t\t\t<div class=\"elementor-element elementor-element-a34a5d5 elementor-widget elementor-widget-video\" data-id=\"a34a5d5\" data-element_type=\"widget\" data-settings=\"{&quot;video_type&quot;:&quot;hosted&quot;,&quot;controls&quot;:&quot;yes&quot;}\" data-widget_type=\"video.default\">\n\t\t\t\t<div class=\"elementor-widget-container\">\n\t\t\t\t\t<div class=\"e-hosted-video elementor-wrapper elementor-open-inline\">\n\t\t\t\t\t<video class=\"elementor-video\" src=\"https:\/\/schwab-orl.ch\/wp-content\/uploads\/2021\/05\/Schlafendoskopie-kompr..mp4\" controls=\"\" preload=\"metadata\" controlsList=\"nodownload\" poster=\"https:\/\/schwab-orl.ch\/wp-content\/uploads\/2021\/05\/video_vorschau.jpg\"><\/video>\n\t\t\t\t<\/div>\n\t\t\t\t<\/div>\n\t\t\t\t<\/div>\n\t\t\t\t\t<\/div>\n\t\t<\/div>\n\t\t\t\t<div class=\"elementor-column elementor-col-50 elementor-inner-column elementor-element elementor-element-6878316\" data-id=\"6878316\" data-element_type=\"column\">\n\t\t\t<div class=\"elementor-widget-wrap elementor-element-populated\">\n\t\t\t\t\t\t\t\t<div class=\"elementor-element elementor-element-11aaa2e elementor-widget elementor-widget-text-editor\" data-id=\"11aaa2e\" data-element_type=\"widget\" data-widget_type=\"text-editor.default\">\n\t\t\t\t<div class=\"elementor-widget-container\">\n\t\t\t\t\t\t\t<p>Im Video blickt man auf die Rachenhinterwand, die Seitenw\u00e4nde und den weichen Gaumen. Zu sehen sind l\u00e4ngere Atempausen, gefolgt von Schnarchen (Vibration des Gaumensegels). Betrachtungsort ist der Nasenrachenraum von oben, aufgenommen ohne Ton.<\/p><p>Solche Atempausen, auch Obstruktionen genannt, bei denen zudem der Sauerstoffspiegel im Blut abf\u00e4llt, k\u00f6nnen mehrere hundert Male pro Nacht auftreten. Da immer wieder Adrenalin als Erweckungsreiz ausgesch\u00fcttet wird, st\u00f6rt dies die Schlafarchitektur massiv. Die Folgen sind Herzrasen und Herzrhythmusst\u00f6rungen, im schlimmsten Fall kann dies sogar zum Herzinfarkt oder Schlaganfall f\u00fchren.\u00a0<\/p>\t\t\t\t\t\t<\/div>\n\t\t\t\t<\/div>\n\t\t\t\t\t<\/div>\n\t\t<\/div>\n\t\t\t\t\t\t\t<\/div>\n\t\t<\/section>\n\t\t\t\t\t<\/div>\n\t\t<\/div>\n\t\t\t\t\t\t\t<\/div>\n\t\t<\/section>\n\t\t\t\t<section class=\"elementor-section elementor-top-section elementor-element elementor-element-ebb95de elementor-section-boxed elementor-section-height-default elementor-section-height-default\" data-id=\"ebb95de\" data-element_type=\"section\">\n\t\t\t\t\t\t<div class=\"elementor-container elementor-column-gap-default\">\n\t\t\t\t\t<div class=\"elementor-column elementor-col-100 elementor-top-column elementor-element elementor-element-b3732e3\" data-id=\"b3732e3\" data-element_type=\"column\">\n\t\t\t<div class=\"elementor-widget-wrap elementor-element-populated\">\n\t\t\t\t\t\t\t\t<div class=\"elementor-element elementor-element-bea58f2 elementor-widget elementor-widget-spacer\" data-id=\"bea58f2\" data-element_type=\"widget\" data-widget_type=\"spacer.default\">\n\t\t\t\t<div class=\"elementor-widget-container\">\n\t\t\t\t\t<div class=\"elementor-spacer\">\n\t\t\t<div class=\"elementor-spacer-inner\"><\/div>\n\t\t<\/div>\n\t\t\t\t<\/div>\n\t\t\t\t<\/div>\n\t\t\t\t\t<\/div>\n\t\t<\/div>\n\t\t\t\t\t\t\t<\/div>\n\t\t<\/section>\n\t\t\t\t\t\t\t<\/div>\n\t\t","protected":false},"excerpt":{"rendered":"<p>Erkl\u00e4rvideos Hier handelt es sich um die endoskopische Ansicht des Rachens bei einem Menschen der durch Medikamente in einen Schlafzustand versetzt wurde, bei dem er zu schnarchen beginnt (Sleep-Nose-Endoskopy). Hier befindet sich die Optik im Nasenrachen und blickt auf den Kehlkopf. Es kommt zum Kollaps der Seitenw\u00e4nde und damit zum Verschluss der Atemwege. Dies dauert &#8230; <a title=\"vid\u00e9os explicatives\" class=\"read-more\" href=\"https:\/\/schwab-orl.ch\/fr\/erklaervideos\" aria-label=\"En savoir plus sur Erkl\u00e4rvideos\">Lire la suite<\/a><\/p>","protected":false},"author":2,"featured_media":0,"parent":0,"menu_order":0,"comment_status":"closed","ping_status":"closed","template":"elementor_header_footer","meta":{"footnotes":""},"yoast_head":"<!-- This site is optimized with the Yoast SEO plugin v21.7 - https:\/\/yoast.com\/wordpress\/plugins\/seo\/ -->\n<title>Erkl\u00e4rvideos | Dr. Schwab<\/title>\n<meta name=\"robots\" content=\"index, follow, max-snippet:-1, max-image-preview:large, max-video-preview:-1\" \/>\n<link rel=\"canonical\" href=\"https:\/\/schwab-orl.ch\/fr\/erklaervideos\/\" \/>\n<meta property=\"og:locale\" content=\"fr_FR\" \/>\n<meta property=\"og:type\" content=\"article\" \/>\n<meta property=\"og:title\" content=\"Erkl\u00e4rvideos | Dr. Schwab\" \/>\n<meta property=\"og:description\" content=\"Erkl\u00e4rvideos Hier handelt es sich um die endoskopische Ansicht des Rachens bei einem Menschen der durch Medikamente in einen Schlafzustand versetzt wurde, bei dem er zu schnarchen beginnt (Sleep-Nose-Endoskopy). Hier befindet sich die Optik im Nasenrachen und blickt auf den Kehlkopf. Es kommt zum Kollaps der Seitenw\u00e4nde und damit zum Verschluss der Atemwege. Dies dauert ... Lire la suite\" \/>\n<meta property=\"og:url\" content=\"https:\/\/schwab-orl.ch\/fr\/erklaervideos\/\" \/>\n<meta property=\"og:site_name\" content=\"Dr. Schwab\" \/>\n<meta property=\"article:modified_time\" content=\"2021-05-18T09:25:18+00:00\" \/>\n<meta name=\"twitter:card\" content=\"summary_large_image\" \/>\n<meta name=\"twitter:label1\" content=\"Dur\u00e9e de lecture estim\u00e9e\" \/>\n\t<meta name=\"twitter:data1\" content=\"1 minute\" \/>\n<script type=\"application\/ld+json\" class=\"yoast-schema-graph\">{\"@context\":\"https:\/\/schema.org\",\"@graph\":[{\"@type\":\"WebPage\",\"@id\":\"https:\/\/schwab-orl.ch\/erklaervideos\",\"url\":\"https:\/\/schwab-orl.ch\/erklaervideos\",\"name\":\"Erkl\u00e4rvideos | Dr. Schwab\",\"isPartOf\":{\"@id\":\"https:\/\/schwab-orl.ch\/#website\"},\"datePublished\":\"2020-04-23T13:55:29+00:00\",\"dateModified\":\"2021-05-18T09:25:18+00:00\",\"breadcrumb\":{\"@id\":\"https:\/\/schwab-orl.ch\/erklaervideos#breadcrumb\"},\"inLanguage\":\"fr-FR\",\"potentialAction\":[{\"@type\":\"ReadAction\",\"target\":[\"https:\/\/schwab-orl.ch\/erklaervideos\"]}]},{\"@type\":\"BreadcrumbList\",\"@id\":\"https:\/\/schwab-orl.ch\/erklaervideos#breadcrumb\",\"itemListElement\":[{\"@type\":\"ListItem\",\"position\":1,\"name\":\"Startseite\",\"item\":\"https:\/\/schwab-orl.ch\/\"},{\"@type\":\"ListItem\",\"position\":2,\"name\":\"Erkl\u00e4rvideos\"}]},{\"@type\":\"WebSite\",\"@id\":\"https:\/\/schwab-orl.ch\/#website\",\"url\":\"https:\/\/schwab-orl.ch\/\",\"name\":\"Dr. Schwab\",\"description\":\"\",\"publisher\":{\"@id\":\"https:\/\/schwab-orl.ch\/#\/schema\/person\/36072d24125f810c40545dd3fe125792\"},\"potentialAction\":[{\"@type\":\"SearchAction\",\"target\":{\"@type\":\"EntryPoint\",\"urlTemplate\":\"https:\/\/schwab-orl.ch\/?s={search_term_string}\"},\"query-input\":\"required name=search_term_string\"}],\"inLanguage\":\"fr-FR\"},{\"@type\":[\"Person\",\"Organization\"],\"@id\":\"https:\/\/schwab-orl.ch\/#\/schema\/person\/36072d24125f810c40545dd3fe125792\",\"name\":\"JanSchwab\",\"image\":{\"@type\":\"ImageObject\",\"inLanguage\":\"fr-FR\",\"@id\":\"https:\/\/schwab-orl.ch\/#\/schema\/person\/image\/\",\"url\":\"https:\/\/schwab-orl.ch\/wp-content\/uploads\/2020\/04\/Schwab-Logo-mit-Schriftzug-kompakt.svg\",\"contentUrl\":\"https:\/\/schwab-orl.ch\/wp-content\/uploads\/2020\/04\/Schwab-Logo-mit-Schriftzug-kompakt.svg\",\"width\":1550,\"height\":106,\"caption\":\"JanSchwab\"},\"logo\":{\"@id\":\"https:\/\/schwab-orl.ch\/#\/schema\/person\/image\/\"}}]}<\/script>\n<!-- \/ Yoast SEO plugin. -->","yoast_head_json":{"title":"Erkl\u00e4rvideos | Dr. Schwab","robots":{"index":"index","follow":"follow","max-snippet":"max-snippet:-1","max-image-preview":"max-image-preview:large","max-video-preview":"max-video-preview:-1"},"canonical":"https:\/\/schwab-orl.ch\/fr\/erklaervideos\/","og_locale":"fr_FR","og_type":"article","og_title":"Erkl\u00e4rvideos | Dr. Schwab","og_description":"Erkl\u00e4rvideos Hier handelt es sich um die endoskopische Ansicht des Rachens bei einem Menschen der durch Medikamente in einen Schlafzustand versetzt wurde, bei dem er zu schnarchen beginnt (Sleep-Nose-Endoskopy). Hier befindet sich die Optik im Nasenrachen und blickt auf den Kehlkopf. Es kommt zum Kollaps der Seitenw\u00e4nde und damit zum Verschluss der Atemwege. Dies dauert ... Lire la suite","og_url":"https:\/\/schwab-orl.ch\/fr\/erklaervideos\/","og_site_name":"Dr. Schwab","article_modified_time":"2021-05-18T09:25:18+00:00","twitter_card":"summary_large_image","twitter_misc":{"Dur\u00e9e de lecture estim\u00e9e":"1 minute"},"schema":{"@context":"https:\/\/schema.org","@graph":[{"@type":"WebPage","@id":"https:\/\/schwab-orl.ch\/erklaervideos","url":"https:\/\/schwab-orl.ch\/erklaervideos","name":"Erkl\u00e4rvideos | Dr. Schwab","isPartOf":{"@id":"https:\/\/schwab-orl.ch\/#website"},"datePublished":"2020-04-23T13:55:29+00:00","dateModified":"2021-05-18T09:25:18+00:00","breadcrumb":{"@id":"https:\/\/schwab-orl.ch\/erklaervideos#breadcrumb"},"inLanguage":"fr-FR","potentialAction":[{"@type":"ReadAction","target":["https:\/\/schwab-orl.ch\/erklaervideos"]}]},{"@type":"BreadcrumbList","@id":"https:\/\/schwab-orl.ch\/erklaervideos#breadcrumb","itemListElement":[{"@type":"ListItem","position":1,"name":"Startseite","item":"https:\/\/schwab-orl.ch\/"},{"@type":"ListItem","position":2,"name":"Erkl\u00e4rvideos"}]},{"@type":"WebSite","@id":"https:\/\/schwab-orl.ch\/#website","url":"https:\/\/schwab-orl.ch\/","name":"Dr. Schwab","description":"","publisher":{"@id":"https:\/\/schwab-orl.ch\/#\/schema\/person\/36072d24125f810c40545dd3fe125792"},"potentialAction":[{"@type":"SearchAction","target":{"@type":"EntryPoint","urlTemplate":"https:\/\/schwab-orl.ch\/?s={search_term_string}"},"query-input":"required name=search_term_string"}],"inLanguage":"fr-FR"},{"@type":["Person","Organization"],"@id":"https:\/\/schwab-orl.ch\/#\/schema\/person\/36072d24125f810c40545dd3fe125792","name":"JanSchwab","image":{"@type":"ImageObject","inLanguage":"fr-FR","@id":"https:\/\/schwab-orl.ch\/#\/schema\/person\/image\/","url":"https:\/\/schwab-orl.ch\/wp-content\/uploads\/2020\/04\/Schwab-Logo-mit-Schriftzug-kompakt.svg","contentUrl":"https:\/\/schwab-orl.ch\/wp-content\/uploads\/2020\/04\/Schwab-Logo-mit-Schriftzug-kompakt.svg","width":1550,"height":106,"caption":"JanSchwab"},"logo":{"@id":"https:\/\/schwab-orl.ch\/#\/schema\/person\/image\/"}}]}},"_links":{"self":[{"href":"https:\/\/schwab-orl.ch\/fr\/wp-json\/wp\/v2\/pages\/283"}],"collection":[{"href":"https:\/\/schwab-orl.ch\/fr\/wp-json\/wp\/v2\/pages"}],"about":[{"href":"https:\/\/schwab-orl.ch\/fr\/wp-json\/wp\/v2\/types\/page"}],"author":[{"embeddable":true,"href":"https:\/\/schwab-orl.ch\/fr\/wp-json\/wp\/v2\/users\/2"}],"replies":[{"embeddable":true,"href":"https:\/\/schwab-orl.ch\/fr\/wp-json\/wp\/v2\/comments?post=283"}],"version-history":[{"count":18,"href":"https:\/\/schwab-orl.ch\/fr\/wp-json\/wp\/v2\/pages\/283\/revisions"}],"predecessor-version":[{"id":1269,"href":"https:\/\/schwab-orl.ch\/fr\/wp-json\/wp\/v2\/pages\/283\/revisions\/1269"}],"wp:attachment":[{"href":"https:\/\/schwab-orl.ch\/fr\/wp-json\/wp\/v2\/media?parent=283"}],"curies":[{"name":"wp","href":"https:\/\/api.w.org\/{rel}","templated":true}]}}