{"id":886,"date":"2020-06-13T16:04:24","date_gmt":"2020-06-13T16:04:24","guid":{"rendered":"https:\/\/schwab-orl.ch\/dr-schwab-home-copy"},"modified":"2020-06-13T17:22:08","modified_gmt":"2020-06-13T17:22:08","slug":"pro-contra","status":"publish","type":"page","link":"https:\/\/schwab-orl.ch\/fr\/pro-contra","title":{"rendered":"Le pour - le contre"},"content":{"rendered":"<div data-elementor-type=\"wp-page\" data-elementor-id=\"886\" class=\"elementor elementor-886\" data-elementor-post-type=\"page\">\n\t\t\t\t\t\t\t\t\t<section class=\"elementor-section elementor-top-section elementor-element elementor-element-50f8f08 elementor-hidden-tablet elementor-hidden-phone elementor-section-boxed elementor-section-height-default elementor-section-height-default\" data-id=\"50f8f08\" data-element_type=\"section\" id=\"topu_top_html\">\n\t\t\t\t\t\t<div class=\"elementor-container elementor-column-gap-default\">\n\t\t\t\t\t<div class=\"elementor-column elementor-col-100 elementor-top-column elementor-element elementor-element-d151575\" data-id=\"d151575\" data-element_type=\"column\">\n\t\t\t<div class=\"elementor-widget-wrap elementor-element-populated\">\n\t\t\t\t\t\t\t\t<section class=\"elementor-section elementor-inner-section elementor-element elementor-element-40b6b6d elementor-section-boxed elementor-section-height-default elementor-section-height-default\" data-id=\"40b6b6d\" data-element_type=\"section\" data-settings=\"{&quot;background_background&quot;:&quot;classic&quot;}\">\n\t\t\t\t\t\t<div class=\"elementor-container elementor-column-gap-default\">\n\t\t\t\t\t<div class=\"elementor-column elementor-col-100 elementor-inner-column elementor-element elementor-element-9e753f7\" data-id=\"9e753f7\" data-element_type=\"column\">\n\t\t\t<div class=\"elementor-widget-wrap elementor-element-populated\">\n\t\t\t\t\t\t\t\t\t<\/div>\n\t\t<\/div>\n\t\t\t\t\t\t\t<\/div>\n\t\t<\/section>\n\t\t\t\t\t<\/div>\n\t\t<\/div>\n\t\t\t\t\t\t\t<\/div>\n\t\t<\/section>\n\t\t\t\t<section class=\"elementor-section elementor-top-section elementor-element elementor-element-4eddc05 elementor-hidden-tablet elementor-hidden-phone elementor-section-boxed elementor-section-height-default elementor-section-height-default\" data-id=\"4eddc05\" data-element_type=\"section\" data-settings=\"{&quot;background_background&quot;:&quot;classic&quot;}\">\n\t\t\t\t\t\t<div class=\"elementor-container elementor-column-gap-default\">\n\t\t\t\t\t<div class=\"elementor-column elementor-col-100 elementor-top-column elementor-element elementor-element-c96ec62\" data-id=\"c96ec62\" data-element_type=\"column\" data-settings=\"{&quot;background_background&quot;:&quot;classic&quot;}\">\n\t\t\t<div class=\"elementor-widget-wrap elementor-element-populated\">\n\t\t\t\t\t\t\t\t<section class=\"elementor-section elementor-inner-section elementor-element elementor-element-cb58046 elementor-section-boxed elementor-section-height-default elementor-section-height-default\" data-id=\"cb58046\" data-element_type=\"section\" data-settings=\"{&quot;background_background&quot;:&quot;classic&quot;}\">\n\t\t\t\t\t\t<div class=\"elementor-container elementor-column-gap-default\">\n\t\t\t\t\t<div class=\"elementor-column elementor-col-50 elementor-inner-column elementor-element elementor-element-ef84b54\" data-id=\"ef84b54\" data-element_type=\"column\" data-settings=\"{&quot;background_background&quot;:&quot;classic&quot;}\">\n\t\t\t<div class=\"elementor-widget-wrap\">\n\t\t\t\t\t\t\t\t\t<\/div>\n\t\t<\/div>\n\t\t\t\t<div class=\"elementor-column elementor-col-50 elementor-inner-column elementor-element elementor-element-d19f0ab\" data-id=\"d19f0ab\" data-element_type=\"column\">\n\t\t\t<div class=\"elementor-widget-wrap elementor-element-populated\">\n\t\t\t\t\t\t\t\t<div class=\"elementor-element elementor-element-8569975 elementor-widget elementor-widget-spacer\" data-id=\"8569975\" data-element_type=\"widget\" id=\"topu_spacer_200\" data-widget_type=\"spacer.default\">\n\t\t\t\t<div class=\"elementor-widget-container\">\n\t\t\t\t\t<div class=\"elementor-spacer\">\n\t\t\t<div class=\"elementor-spacer-inner\"><\/div>\n\t\t<\/div>\n\t\t\t\t<\/div>\n\t\t\t\t<\/div>\n\t\t\t\t<div class=\"elementor-element elementor-element-b67e0a3 elementor-widget elementor-widget-heading\" data-id=\"b67e0a3\" data-element_type=\"widget\" data-widget_type=\"heading.default\">\n\t\t\t\t<div class=\"elementor-widget-container\">\n\t\t\t<h1 class=\"elementor-heading-title elementor-size-default\">Les avantages et les inconv\u00e9nients<\/h1>\t\t<\/div>\n\t\t\t\t<\/div>\n\t\t\t\t<div class=\"elementor-element elementor-element-1d20d24 elementor-widget elementor-widget-text-editor\" data-id=\"1d20d24\" data-element_type=\"widget\" data-widget_type=\"text-editor.default\">\n\t\t\t\t<div class=\"elementor-widget-container\">\n\t\t\t\t\t\t\t<h1 style=\"font-size: 2.7rem; font-weight: 100; text-transform: uppercase; letter-spacing: -1px; display:inline;\">d\u2019une op\u00e9ration de ronflement<sup style=\"\">*<\/sup><\/h1>\n\t\t\t\t\t\t<\/div>\n\t\t\t\t<\/div>\n\t\t\t\t\t<\/div>\n\t\t<\/div>\n\t\t\t\t\t\t\t<\/div>\n\t\t<\/section>\n\t\t\t\t<div class=\"elementor-element elementor-element-aa0ffe9 elementor-hidden-tablet elementor-hidden-phone elementor-widget elementor-widget-spacer\" data-id=\"aa0ffe9\" data-element_type=\"widget\" data-widget_type=\"spacer.default\">\n\t\t\t\t<div class=\"elementor-widget-container\">\n\t\t\t\t\t<div class=\"elementor-spacer\">\n\t\t\t<div class=\"elementor-spacer-inner\"><\/div>\n\t\t<\/div>\n\t\t\t\t<\/div>\n\t\t\t\t<\/div>\n\t\t\t\t\t<\/div>\n\t\t<\/div>\n\t\t\t\t\t\t\t<\/div>\n\t\t<\/section>\n\t\t\t\t<section class=\"elementor-section elementor-top-section elementor-element elementor-element-6613084 elementor-hidden-desktop elementor-hidden-phone elementor-section-boxed elementor-section-height-default elementor-section-height-default\" data-id=\"6613084\" data-element_type=\"section\" data-settings=\"{&quot;background_background&quot;:&quot;classic&quot;}\">\n\t\t\t\t\t\t<div class=\"elementor-container elementor-column-gap-default\">\n\t\t\t\t\t<div class=\"elementor-column elementor-col-100 elementor-top-column elementor-element elementor-element-dcf4ccc elementor-hidden-desktop\" data-id=\"dcf4ccc\" data-element_type=\"column\">\n\t\t\t<div class=\"elementor-widget-wrap elementor-element-populated\">\n\t\t\t\t\t\t\t\t<div class=\"elementor-element elementor-element-925cc72 elementor-hidden-desktop elementor-widget elementor-widget-image\" data-id=\"925cc72\" data-element_type=\"widget\" data-widget_type=\"image.default\">\n\t\t\t\t<div class=\"elementor-widget-container\">\n\t\t\t\t\t\t\t\t\t\t\t\t\t\t\t<img decoding=\"async\" loading=\"lazy\" width=\"1920\" height=\"1104\" src=\"https:\/\/schwab-orl.ch\/wp-content\/uploads\/2020\/04\/Bild-34.jpg\" class=\"attachment-full size-full wp-image-16\" alt=\"Nasen OP Schnarchen - Mann schl\u00e4ft wieder gesund nach erfolgreichen Nasenoperation\" srcset=\"https:\/\/schwab-orl.ch\/wp-content\/uploads\/2020\/04\/Bild-34.jpg 1920w, https:\/\/schwab-orl.ch\/wp-content\/uploads\/2020\/04\/Bild-34-300x173.jpg 300w, https:\/\/schwab-orl.ch\/wp-content\/uploads\/2020\/04\/Bild-34-1024x589.jpg 1024w, https:\/\/schwab-orl.ch\/wp-content\/uploads\/2020\/04\/Bild-34-768x442.jpg 768w, https:\/\/schwab-orl.ch\/wp-content\/uploads\/2020\/04\/Bild-34-1536x883.jpg 1536w\" sizes=\"(max-width: 1920px) 100vw, 1920px\" \/>\t\t\t\t\t\t\t\t\t\t\t\t\t\t\t<\/div>\n\t\t\t\t<\/div>\n\t\t\t\t\t<\/div>\n\t\t<\/div>\n\t\t\t\t\t\t\t<\/div>\n\t\t<\/section>\n\t\t\t\t<section class=\"elementor-section elementor-top-section elementor-element elementor-element-b3cb122 elementor-hidden-desktop elementor-hidden-phone elementor-section-boxed elementor-section-height-default elementor-section-height-default\" data-id=\"b3cb122\" data-element_type=\"section\" data-settings=\"{&quot;background_background&quot;:&quot;classic&quot;}\">\n\t\t\t\t\t\t<div class=\"elementor-container elementor-column-gap-default\">\n\t\t\t\t\t<div class=\"elementor-column elementor-col-100 elementor-top-column elementor-element elementor-element-6443d69\" data-id=\"6443d69\" data-element_type=\"column\">\n\t\t\t<div class=\"elementor-widget-wrap elementor-element-populated\">\n\t\t\t\t\t\t\t\t<div class=\"elementor-element elementor-element-a53e1a8 elementor-widget elementor-widget-text-editor\" data-id=\"a53e1a8\" data-element_type=\"widget\" data-widget_type=\"text-editor.default\">\n\t\t\t\t<div class=\"elementor-widget-container\">\n\t\t\t\t\t\t\t<h1 style=\"font-size: 2.7rem; text-transform: uppercase; letter-spacing: -1px; line-height: 1.0;\"><span style=\"font-weight: bold; color: #9d7f6a;\">Les avantages et les inconv\u00e9nients<\/span>\n<br><span style=\"font-weight: 100;\">d\u2019une op\u00e9ration de ronflement<sup>*<\/sup><\/span><\/h1>\t\t\t\t\t\t<\/div>\n\t\t\t\t<\/div>\n\t\t\t\t\t<\/div>\n\t\t<\/div>\n\t\t\t\t\t\t\t<\/div>\n\t\t<\/section>\n\t\t\t\t<section class=\"elementor-section elementor-top-section elementor-element elementor-element-b538a7a elementor-hidden-desktop elementor-hidden-tablet elementor-section-boxed elementor-section-height-default elementor-section-height-default\" data-id=\"b538a7a\" data-element_type=\"section\" data-settings=\"{&quot;background_background&quot;:&quot;classic&quot;}\">\n\t\t\t\t\t\t<div class=\"elementor-container elementor-column-gap-default\">\n\t\t\t\t\t<div class=\"elementor-column elementor-col-100 elementor-top-column elementor-element elementor-element-4a8912a\" data-id=\"4a8912a\" data-element_type=\"column\">\n\t\t\t<div class=\"elementor-widget-wrap elementor-element-populated\">\n\t\t\t\t\t\t\t\t<div class=\"elementor-element elementor-element-3415be1 elementor-widget elementor-widget-image\" data-id=\"3415be1\" data-element_type=\"widget\" data-widget_type=\"image.default\">\n\t\t\t\t<div class=\"elementor-widget-container\">\n\t\t\t\t\t\t\t\t\t\t\t\t\t\t\t<img decoding=\"async\" loading=\"lazy\" width=\"1024\" height=\"589\" src=\"https:\/\/schwab-orl.ch\/wp-content\/uploads\/2020\/04\/Bild-34-1024x589.jpg\" class=\"attachment-large size-large wp-image-16\" alt=\"Nasen OP Schnarchen - Mann schl\u00e4ft wieder gesund nach erfolgreichen Nasenoperation\" srcset=\"https:\/\/schwab-orl.ch\/wp-content\/uploads\/2020\/04\/Bild-34-1024x589.jpg 1024w, https:\/\/schwab-orl.ch\/wp-content\/uploads\/2020\/04\/Bild-34-300x173.jpg 300w, https:\/\/schwab-orl.ch\/wp-content\/uploads\/2020\/04\/Bild-34-768x442.jpg 768w, https:\/\/schwab-orl.ch\/wp-content\/uploads\/2020\/04\/Bild-34-1536x883.jpg 1536w, https:\/\/schwab-orl.ch\/wp-content\/uploads\/2020\/04\/Bild-34.jpg 1920w\" sizes=\"(max-width: 1024px) 100vw, 1024px\" \/>\t\t\t\t\t\t\t\t\t\t\t\t\t\t\t<\/div>\n\t\t\t\t<\/div>\n\t\t\t\t<div class=\"elementor-element elementor-element-c294df6 elementor-widget elementor-widget-text-editor\" data-id=\"c294df6\" data-element_type=\"widget\" data-widget_type=\"text-editor.default\">\n\t\t\t\t<div class=\"elementor-widget-container\">\n\t\t\t\t\t\t\t<h1 style=\"font-size: 1.7rem; text-transform: uppercase; letter-spacing: -1px; line-height: 1.0;\"><span style=\"font-weight: bold; color: #9d7f6a;\">Les avantages et les inconv\u00e9nients<\/span>\n<br>\n<span style=\"font-weight: 100;\">d\u2019une op\u00e9ration de ronflement<sup>*<\/sup><\/span><\/h1>\t\t\t\t\t\t<\/div>\n\t\t\t\t<\/div>\n\t\t\t\t\t<\/div>\n\t\t<\/div>\n\t\t\t\t\t\t\t<\/div>\n\t\t<\/section>\n\t\t\t\t<section class=\"elementor-section elementor-top-section elementor-element elementor-element-3938804 elementor-section-full_width elementor-section-height-default elementor-section-height-default\" data-id=\"3938804\" data-element_type=\"section\" data-settings=\"{&quot;background_background&quot;:&quot;classic&quot;}\">\n\t\t\t\t\t\t<div class=\"elementor-container elementor-column-gap-default\">\n\t\t\t\t\t<div class=\"elementor-column elementor-col-100 elementor-top-column elementor-element elementor-element-8f3ff98\" data-id=\"8f3ff98\" data-element_type=\"column\">\n\t\t\t<div class=\"elementor-widget-wrap elementor-element-populated\">\n\t\t\t\t\t\t\t\t<section class=\"elementor-section elementor-inner-section elementor-element elementor-element-f148fa4 elementor-section-boxed elementor-section-height-default elementor-section-height-default\" data-id=\"f148fa4\" data-element_type=\"section\">\n\t\t\t\t\t\t<div class=\"elementor-container elementor-column-gap-wider\">\n\t\t\t\t\t<div class=\"elementor-column elementor-col-50 elementor-inner-column elementor-element elementor-element-bc7657a\" data-id=\"bc7657a\" data-element_type=\"column\" data-settings=\"{&quot;background_background&quot;:&quot;classic&quot;}\">\n\t\t\t<div class=\"elementor-widget-wrap elementor-element-populated\">\n\t\t\t\t\t\t\t\t<div class=\"elementor-element elementor-element-68d7b7a elementor-widget elementor-widget-heading\" data-id=\"68d7b7a\" data-element_type=\"widget\" data-widget_type=\"heading.default\">\n\t\t\t\t<div class=\"elementor-widget-container\">\n\t\t\t<h2 class=\"elementor-heading-title elementor-size-default\">Le pour :<\/h2>\t\t<\/div>\n\t\t\t\t<\/div>\n\t\t\t\t<div class=\"elementor-element elementor-element-22bb6a0 elementor-widget elementor-widget-text-editor\" data-id=\"22bb6a0\" data-element_type=\"widget\" data-widget_type=\"text-editor.default\">\n\t\t\t\t<div class=\"elementor-widget-container\">\n\t\t\t\t\t\t\t<ul>\n<li>Profitez de pr\u00e8s de 30 ans d\u2019exp\u00e9rience.<\/li>\n<li>S\u2019il y a une indication m\u00e9dicale, l\u2019assurance maladie prend en charge le traitement.<\/li>\n<li>Une seule intervention chirurgicale peut la plupart du temps diminuer nettement les sympt\u00f4mes<\/li>\n<li>L\u2019op\u00e9ration est adapt\u00e9e pour lib\u00e9rer le patient d\u2019aides techniques g\u00eanantes (masque cPAP, attelle anti-ronflement, pince nasale, etc.).<\/li>\n<li>Une petite op\u00e9ration peut souvent am\u00e9liorer sensiblement la qualit\u00e9 de la vie et du sommeil ainsi qu\u2019accro\u00eetre les propres performances.<\/li>\n<li>Il n\u2019y a pas que le patient qui peut b\u00e9n\u00e9ficier d\u2019une intervention. M\u00eame les partenaires conjugaux peuvent \u00e0 nouveau dormir la nuit compl\u00e8te.<\/li>\n<\/ul>\t\t\t\t\t\t<\/div>\n\t\t\t\t<\/div>\n\t\t\t\t\t<\/div>\n\t\t<\/div>\n\t\t\t\t<div class=\"elementor-column elementor-col-50 elementor-inner-column elementor-element elementor-element-0433a32\" data-id=\"0433a32\" data-element_type=\"column\" data-settings=\"{&quot;background_background&quot;:&quot;classic&quot;}\">\n\t\t\t<div class=\"elementor-widget-wrap elementor-element-populated\">\n\t\t\t\t\t\t\t\t<div class=\"elementor-element elementor-element-c6ba969 elementor-widget elementor-widget-heading\" data-id=\"c6ba969\" data-element_type=\"widget\" data-widget_type=\"heading.default\">\n\t\t\t\t<div class=\"elementor-widget-container\">\n\t\t\t<h2 class=\"elementor-heading-title elementor-size-default\">Le contre :<\/h2>\t\t<\/div>\n\t\t\t\t<\/div>\n\t\t\t\t<div class=\"elementor-element elementor-element-a5a4c80 elementor-widget elementor-widget-text-editor\" data-id=\"a5a4c80\" data-element_type=\"widget\" data-widget_type=\"text-editor.default\">\n\t\t\t\t<div class=\"elementor-widget-container\">\n\t\t\t\t\t\t\t<ul><li>S\u2019il n\u2019y a pas d\u2019indication m\u00e9dicale, l\u2019op\u00e9ration est \u00e0 la charge du patient. Nous sommes l\u00e0 pour vous conseiller !<\/li>\n<li>En g\u00e9n\u00e9ral, une telle intervention chirurgicale n\u00e9cessite un ou deux jours d\u2019hospitalisation. Toutefois pour diminuer le nombre de vos jours d\u2019absence, nous incluons \u00e9galement le week-end dans la p\u00e9riode de gu\u00e9rison. Vous manquez donc peu de temps !<\/li>\n<li>Pour les patients qui ne r\u00e9sident pas \u00e0 Zurich, un d\u00e9placement est n\u00e9cessaire. Pour la peine nous vous proposons toute la gamme des op\u00e9rations de ronflement. Le d\u00e9placement n\u2019est donc pas inutile.<\/li>\n<\/ul>\t\t\t\t\t\t<\/div>\n\t\t\t\t<\/div>\n\t\t\t\t\t<\/div>\n\t\t<\/div>\n\t\t\t\t\t\t\t<\/div>\n\t\t<\/section>\n\t\t\t\t\t<\/div>\n\t\t<\/div>\n\t\t\t\t\t\t\t<\/div>\n\t\t<\/section>\n\t\t\t\t<section class=\"elementor-section elementor-top-section elementor-element elementor-element-01d4e89 elementor-section-boxed elementor-section-height-default elementor-section-height-default\" data-id=\"01d4e89\" data-element_type=\"section\" data-settings=\"{&quot;background_background&quot;:&quot;classic&quot;}\">\n\t\t\t\t\t\t<div class=\"elementor-container elementor-column-gap-default\">\n\t\t\t\t\t<div class=\"elementor-column elementor-col-100 elementor-top-column elementor-element elementor-element-2fe09c7\" data-id=\"2fe09c7\" data-element_type=\"column\">\n\t\t\t<div class=\"elementor-widget-wrap elementor-element-populated\">\n\t\t\t\t\t\t\t\t<div class=\"elementor-element elementor-element-ee38d86 elementor-widget elementor-widget-text-editor\" data-id=\"ee38d86\" data-element_type=\"widget\" data-widget_type=\"text-editor.default\">\n\t\t\t\t<div class=\"elementor-widget-container\">\n\t\t\t\t\t\t\t<p>*Les points \u00e9num\u00e9r\u00e9s se r\u00e9f\u00e8rent \u00e0 des exp\u00e9riences en moyenne. En pratique, une d\u00e9cision individuelle et pr\u00e9alable, adapt\u00e9e au patient, est n\u00e9cessaire<\/p>\t\t\t\t\t\t<\/div>\n\t\t\t\t<\/div>\n\t\t\t\t\t<\/div>\n\t\t<\/div>\n\t\t\t\t\t\t\t<\/div>\n\t\t<\/section>\n\t\t\t\t\t\t\t<\/div>","protected":false},"excerpt":{"rendered":"<p>Vor- und Nachteile einer Schnarch OP* Vor- und Nachteile einer Schnarch OP* Vor- und Nachteile einer Schnarch OP* PRO Profitieren Sie von knapp 30 Jahren Erfahrung Bei medizinischer Indikation zahlt die Krankenkasse die Behandlung Ein einziger operativer Eingriff kann meist die Beschwerden deutlich verbessern Die Operation ist darauf zugeschnitten, den Patienten von l\u00e4stigen technischen Hilfsmitteln &#8230; <a title=\"Le pour - le contre\" class=\"read-more\" href=\"https:\/\/schwab-orl.ch\/fr\/pro-contra\" aria-label=\"En savoir plus sur Pro-Contra\">Lire la suite<\/a><\/p>","protected":false},"author":2,"featured_media":0,"parent":0,"menu_order":0,"comment_status":"closed","ping_status":"closed","template":"elementor_header_footer","meta":{"footnotes":""},"yoast_head":"<!-- This site is optimized with the Yoast SEO plugin v21.7 - https:\/\/yoast.com\/wordpress\/plugins\/seo\/ -->\n<title>Pro-Contra | Dr. Schwab<\/title>\n<meta name=\"robots\" content=\"index, follow, max-snippet:-1, max-image-preview:large, max-video-preview:-1\" \/>\n<link rel=\"canonical\" href=\"https:\/\/schwab-orl.ch\/fr\/pro-contra\/\" \/>\n<meta property=\"og:locale\" content=\"fr_FR\" \/>\n<meta property=\"og:type\" content=\"article\" \/>\n<meta property=\"og:title\" content=\"Pro-Contra | Dr. Schwab\" \/>\n<meta property=\"og:description\" content=\"Vor- und Nachteile einer Schnarch OP* Vor- und Nachteile einer Schnarch OP* Vor- und Nachteile einer Schnarch OP* PRO Profitieren Sie von knapp 30 Jahren Erfahrung Bei medizinischer Indikation zahlt die Krankenkasse die Behandlung Ein einziger operativer Eingriff kann meist die Beschwerden deutlich verbessern Die Operation ist darauf zugeschnitten, den Patienten von l\u00e4stigen technischen Hilfsmitteln ... Lire la suite\" \/>\n<meta property=\"og:url\" content=\"https:\/\/schwab-orl.ch\/fr\/pro-contra\/\" \/>\n<meta property=\"og:site_name\" content=\"Dr. Schwab\" \/>\n<meta property=\"article:modified_time\" content=\"2020-06-13T17:22:08+00:00\" \/>\n<meta property=\"og:image\" content=\"https:\/\/schwab-orl.ch\/wp-content\/uploads\/2020\/04\/Bild-34.jpg\" \/>\n<meta name=\"twitter:card\" content=\"summary_large_image\" \/>\n<meta name=\"twitter:label1\" content=\"Dur\u00e9e de lecture estim\u00e9e\" \/>\n\t<meta name=\"twitter:data1\" content=\"1 minute\" \/>\n<script type=\"application\/ld+json\" class=\"yoast-schema-graph\">{\"@context\":\"https:\/\/schema.org\",\"@graph\":[{\"@type\":\"WebPage\",\"@id\":\"https:\/\/schwab-orl.ch\/pro-contra\",\"url\":\"https:\/\/schwab-orl.ch\/pro-contra\",\"name\":\"Pro-Contra | Dr. Schwab\",\"isPartOf\":{\"@id\":\"https:\/\/schwab-orl.ch\/#website\"},\"datePublished\":\"2020-06-13T16:04:24+00:00\",\"dateModified\":\"2020-06-13T17:22:08+00:00\",\"breadcrumb\":{\"@id\":\"https:\/\/schwab-orl.ch\/pro-contra#breadcrumb\"},\"inLanguage\":\"fr-FR\",\"potentialAction\":[{\"@type\":\"ReadAction\",\"target\":[\"https:\/\/schwab-orl.ch\/pro-contra\"]}]},{\"@type\":\"BreadcrumbList\",\"@id\":\"https:\/\/schwab-orl.ch\/pro-contra#breadcrumb\",\"itemListElement\":[{\"@type\":\"ListItem\",\"position\":1,\"name\":\"Startseite\",\"item\":\"https:\/\/schwab-orl.ch\/\"},{\"@type\":\"ListItem\",\"position\":2,\"name\":\"Pro-Contra\"}]},{\"@type\":\"WebSite\",\"@id\":\"https:\/\/schwab-orl.ch\/#website\",\"url\":\"https:\/\/schwab-orl.ch\/\",\"name\":\"Dr. Schwab\",\"description\":\"\",\"publisher\":{\"@id\":\"https:\/\/schwab-orl.ch\/#\/schema\/person\/36072d24125f810c40545dd3fe125792\"},\"potentialAction\":[{\"@type\":\"SearchAction\",\"target\":{\"@type\":\"EntryPoint\",\"urlTemplate\":\"https:\/\/schwab-orl.ch\/?s={search_term_string}\"},\"query-input\":\"required name=search_term_string\"}],\"inLanguage\":\"fr-FR\"},{\"@type\":[\"Person\",\"Organization\"],\"@id\":\"https:\/\/schwab-orl.ch\/#\/schema\/person\/36072d24125f810c40545dd3fe125792\",\"name\":\"JanSchwab\",\"image\":{\"@type\":\"ImageObject\",\"inLanguage\":\"fr-FR\",\"@id\":\"https:\/\/schwab-orl.ch\/#\/schema\/person\/image\/\",\"url\":\"https:\/\/schwab-orl.ch\/wp-content\/uploads\/2020\/04\/Schwab-Logo-mit-Schriftzug-kompakt.svg\",\"contentUrl\":\"https:\/\/schwab-orl.ch\/wp-content\/uploads\/2020\/04\/Schwab-Logo-mit-Schriftzug-kompakt.svg\",\"width\":1550,\"height\":106,\"caption\":\"JanSchwab\"},\"logo\":{\"@id\":\"https:\/\/schwab-orl.ch\/#\/schema\/person\/image\/\"}}]}<\/script>\n<!-- \/ Yoast SEO plugin. -->","yoast_head_json":{"title":"Pro-Contra | Dr. Schwab","robots":{"index":"index","follow":"follow","max-snippet":"max-snippet:-1","max-image-preview":"max-image-preview:large","max-video-preview":"max-video-preview:-1"},"canonical":"https:\/\/schwab-orl.ch\/fr\/pro-contra\/","og_locale":"fr_FR","og_type":"article","og_title":"Pro-Contra | Dr. Schwab","og_description":"Vor- und Nachteile einer Schnarch OP* Vor- und Nachteile einer Schnarch OP* Vor- und Nachteile einer Schnarch OP* PRO Profitieren Sie von knapp 30 Jahren Erfahrung Bei medizinischer Indikation zahlt die Krankenkasse die Behandlung Ein einziger operativer Eingriff kann meist die Beschwerden deutlich verbessern Die Operation ist darauf zugeschnitten, den Patienten von l\u00e4stigen technischen Hilfsmitteln ... Lire la suite","og_url":"https:\/\/schwab-orl.ch\/fr\/pro-contra\/","og_site_name":"Dr. Schwab","article_modified_time":"2020-06-13T17:22:08+00:00","og_image":[{"url":"https:\/\/schwab-orl.ch\/wp-content\/uploads\/2020\/04\/Bild-34.jpg"}],"twitter_card":"summary_large_image","twitter_misc":{"Dur\u00e9e de lecture estim\u00e9e":"1 minute"},"schema":{"@context":"https:\/\/schema.org","@graph":[{"@type":"WebPage","@id":"https:\/\/schwab-orl.ch\/pro-contra","url":"https:\/\/schwab-orl.ch\/pro-contra","name":"Pro-Contra | Dr. Schwab","isPartOf":{"@id":"https:\/\/schwab-orl.ch\/#website"},"datePublished":"2020-06-13T16:04:24+00:00","dateModified":"2020-06-13T17:22:08+00:00","breadcrumb":{"@id":"https:\/\/schwab-orl.ch\/pro-contra#breadcrumb"},"inLanguage":"fr-FR","potentialAction":[{"@type":"ReadAction","target":["https:\/\/schwab-orl.ch\/pro-contra"]}]},{"@type":"BreadcrumbList","@id":"https:\/\/schwab-orl.ch\/pro-contra#breadcrumb","itemListElement":[{"@type":"ListItem","position":1,"name":"Startseite","item":"https:\/\/schwab-orl.ch\/"},{"@type":"ListItem","position":2,"name":"Pro-Contra"}]},{"@type":"WebSite","@id":"https:\/\/schwab-orl.ch\/#website","url":"https:\/\/schwab-orl.ch\/","name":"Dr. Schwab","description":"","publisher":{"@id":"https:\/\/schwab-orl.ch\/#\/schema\/person\/36072d24125f810c40545dd3fe125792"},"potentialAction":[{"@type":"SearchAction","target":{"@type":"EntryPoint","urlTemplate":"https:\/\/schwab-orl.ch\/?s={search_term_string}"},"query-input":"required name=search_term_string"}],"inLanguage":"fr-FR"},{"@type":["Person","Organization"],"@id":"https:\/\/schwab-orl.ch\/#\/schema\/person\/36072d24125f810c40545dd3fe125792","name":"JanSchwab","image":{"@type":"ImageObject","inLanguage":"fr-FR","@id":"https:\/\/schwab-orl.ch\/#\/schema\/person\/image\/","url":"https:\/\/schwab-orl.ch\/wp-content\/uploads\/2020\/04\/Schwab-Logo-mit-Schriftzug-kompakt.svg","contentUrl":"https:\/\/schwab-orl.ch\/wp-content\/uploads\/2020\/04\/Schwab-Logo-mit-Schriftzug-kompakt.svg","width":1550,"height":106,"caption":"JanSchwab"},"logo":{"@id":"https:\/\/schwab-orl.ch\/#\/schema\/person\/image\/"}}]}},"_links":{"self":[{"href":"https:\/\/schwab-orl.ch\/fr\/wp-json\/wp\/v2\/pages\/886"}],"collection":[{"href":"https:\/\/schwab-orl.ch\/fr\/wp-json\/wp\/v2\/pages"}],"about":[{"href":"https:\/\/schwab-orl.ch\/fr\/wp-json\/wp\/v2\/types\/page"}],"author":[{"embeddable":true,"href":"https:\/\/schwab-orl.ch\/fr\/wp-json\/wp\/v2\/users\/2"}],"replies":[{"embeddable":true,"href":"https:\/\/schwab-orl.ch\/fr\/wp-json\/wp\/v2\/comments?post=886"}],"version-history":[{"count":34,"href":"https:\/\/schwab-orl.ch\/fr\/wp-json\/wp\/v2\/pages\/886\/revisions"}],"predecessor-version":[{"id":925,"href":"https:\/\/schwab-orl.ch\/fr\/wp-json\/wp\/v2\/pages\/886\/revisions\/925"}],"wp:attachment":[{"href":"https:\/\/schwab-orl.ch\/fr\/wp-json\/wp\/v2\/media?parent=886"}],"curies":[{"name":"wp","href":"https:\/\/api.w.org\/{rel}","templated":true}]}}