{"id":1088,"date":"2020-10-14T07:47:25","date_gmt":"2020-10-14T07:47:25","guid":{"rendered":"https:\/\/schwab-orl.ch\/?page_id=1088"},"modified":"2025-05-22T19:53:08","modified_gmt":"2025-05-22T19:53:08","slug":"schlafapnoe","status":"publish","type":"page","link":"https:\/\/schwab-orl.ch\/it\/schlafapnoe","title":{"rendered":"Apnea notturna"},"content":{"rendered":"<div data-elementor-type=\"wp-page\" data-elementor-id=\"1088\" class=\"elementor elementor-1088\" data-elementor-post-type=\"page\">\n\t\t\t\t\t\t\t\t\t<section class=\"elementor-section elementor-top-section elementor-element elementor-element-4750286 elementor-section-boxed elementor-section-height-default elementor-section-height-default\" data-id=\"4750286\" data-element_type=\"section\">\n\t\t\t\t\t\t<div class=\"elementor-container elementor-column-gap-default\">\n\t\t\t\t\t<div class=\"elementor-column elementor-col-100 elementor-top-column elementor-element elementor-element-2c7b070\" data-id=\"2c7b070\" data-element_type=\"column\">\n\t\t\t<div class=\"elementor-widget-wrap elementor-element-populated\">\n\t\t\t\t\t\t\t\t<div class=\"elementor-element elementor-element-20f2c41 elementor-hidden-tablet elementor-hidden-phone elementor-widget elementor-widget-text-editor\" data-id=\"20f2c41\" data-element_type=\"widget\" data-widget_type=\"text-editor.default\">\n\t\t\t\t<div class=\"elementor-widget-container\">\n\t\t\t\t\t\t\t<p style=\"text-align: right;\"><strong>\u00a0<a href=\"mailto:praxis@schwab-orl.ch\">praxis@schwab-orl.ch<\/a> <\/strong>o <strong><a href=\"tel:+41 44 250 43 43\">+41 44 250 43 43<\/a><\/strong><\/p>\t\t\t\t\t\t<\/div>\n\t\t\t\t<\/div>\n\t\t\t\t\t<\/div>\n\t\t<\/div>\n\t\t\t\t\t\t\t<\/div>\n\t\t<\/section>\n\t\t\t\t<section class=\"elementor-section elementor-top-section elementor-element elementor-element-6d131c9 elementor-section-boxed elementor-section-height-default elementor-section-height-default\" data-id=\"6d131c9\" data-element_type=\"section\">\n\t\t\t\t\t\t<div class=\"elementor-container elementor-column-gap-default\">\n\t\t\t\t\t<div class=\"elementor-column elementor-col-100 elementor-top-column elementor-element elementor-element-9f8680c\" data-id=\"9f8680c\" data-element_type=\"column\">\n\t\t\t<div class=\"elementor-widget-wrap elementor-element-populated\">\n\t\t\t\t\t\t\t\t<div class=\"elementor-element elementor-element-89e38af elementor-widget elementor-widget-heading\" data-id=\"89e38af\" data-element_type=\"widget\" data-widget_type=\"heading.default\">\n\t\t\t\t<div class=\"elementor-widget-container\">\n\t\t\t<h1 class=\"elementor-heading-title elementor-size-default\">Apnea notturna: come si pu\u00f2 trattare?<\/h1>\t\t<\/div>\n\t\t\t\t<\/div>\n\t\t\t\t<div class=\"elementor-element elementor-element-6989d41 elementor-align-center elementor-widget elementor-widget-button\" data-id=\"6989d41\" data-element_type=\"widget\" data-widget_type=\"button.default\">\n\t\t\t\t<div class=\"elementor-widget-container\">\n\t\t\t\t\t<div class=\"elementor-button-wrapper\">\n\t\t\t<a class=\"elementor-button elementor-button-link elementor-size-xl\" href=\"https:\/\/app.arzt-direkt.de\/praxisschwab\/booking\" target=\"_blank\" rel=\"nofollow\">\n\t\t\t\t\t\t<span class=\"elementor-button-content-wrapper\">\n\t\t\t\t\t\t<span class=\"elementor-button-text\">Richiedi subito una consulenza<\/span>\n\t\t<\/span>\n\t\t\t\t\t<\/a>\n\t\t<\/div>\n\t\t\t\t<\/div>\n\t\t\t\t<\/div>\n\t\t\t\t\t<\/div>\n\t\t<\/div>\n\t\t\t\t\t\t\t<\/div>\n\t\t<\/section>\n\t\t\t\t<section class=\"elementor-section elementor-top-section elementor-element elementor-element-f45461c elementor-section-boxed elementor-section-height-default elementor-section-height-default\" data-id=\"f45461c\" data-element_type=\"section\">\n\t\t\t\t\t\t<div class=\"elementor-container elementor-column-gap-default\">\n\t\t\t\t\t<div class=\"elementor-column elementor-col-100 elementor-top-column elementor-element elementor-element-939ea3d\" data-id=\"939ea3d\" data-element_type=\"column\">\n\t\t\t<div class=\"elementor-widget-wrap elementor-element-populated\">\n\t\t\t\t\t\t\t\t<div class=\"elementor-element elementor-element-f354052 elementor-widget elementor-widget-text-editor\" data-id=\"f354052\" data-element_type=\"widget\" data-widget_type=\"text-editor.default\">\n\t\t\t\t<div class=\"elementor-widget-container\">\n\t\t\t\t\t\t\t<h2>Apnea notturna: il sonno disturbato colpisce tutta la famiglia!<\/h2><p>Quando il sonno \u00e8 disturbato, non pu\u00f2 pi\u00f9 essere riposante. Questo vale sia per la persona che russa, sia per chi viene svegliato o tenuto sveglio dal russare. Spesso, quindi, non \u00e8 solo una persona a esserne colpita, ma un intero nucleo familiare.<\/p><h2>Apnea notturna: i sintomi<\/h2><p>I sintomi principali sono un russare pi\u00f9 o meno regolare a qualsiasi volume e pause respiratorie di durata variabile. Pericolosamente, il volume del russare non \u00e8 linearmente correlato alla gravit\u00e0 della condizione.<\/p><h2>Le pause respiratorie durante il sonno sono un'indicazione di apnea notturna<\/h2><p><img decoding=\"async\" loading=\"lazy\" class=\"wp-image-1161 alignleft\" src=\"https:\/\/schwab-orl.ch\/wp-content\/uploads\/2020\/10\/Schlafapneu.jpg\" alt=\"Schlafapneu\" width=\"550\" height=\"367\" srcset=\"https:\/\/schwab-orl.ch\/wp-content\/uploads\/2020\/10\/Schlafapneu.jpg 768w, https:\/\/schwab-orl.ch\/wp-content\/uploads\/2020\/10\/Schlafapneu-300x200.jpg 300w\" sizes=\"(max-width: 550px) 100vw, 550px\" \/>Molte delle persone colpite arrivano al consulto senza sentirsi malate. In questi casi, sono spinti solo dalla preoccupazione del partner di letto, che sollecita un chiarimento medico in caso di arresti respiratori notturni ricorrenti. Questi arresti respiratori non devono necessariamente essere sempre accompagnati da un forte russamento. Possono verificarsi anche senza russare. Tuttavia, sono quasi sempre caratterizzati da rantoli, in cui la persona colpita si sforza di respirare \"come un pesce sulla terraferma\". Alcuni riferiscono di essere stati letteralmente strappati dal sonno. Altri non ne hanno memoria.<\/p><h2>Quando l'apnea notturna diventa pericolosa<\/h2><p>Le conseguenze per le persone colpite sono stanchezza, esaurimento, perdita di prestazioni, microsonno e, in ultima analisi, lo sviluppo di malattie croniche. In primo luogo le malattie cardiovascolari, con possibile infarto o ictus, che si verificano a causa della desaturazione dell'ossigeno nelle vie aeree ostruite e dei conseguenti blocchi respiratori.<br \/>Possono insorgere anche disturbi metabolici come il diabete e malattie mentali come il burn-out e la depressione con perdita di stimoli e libido.<\/p><h2>Quali sono le cause dell'apnea notturna?<\/h2><p>Nella sindrome dell'apnea ostruttiva del sonno (OSAS), un restringimento della gola causa ripetutamente una riduzione o una completa interruzione della respirazione durante il sonno. Pertanto, l'apnea notturna \u00e8 un grave disturbo respiratorio legato al sonno!<\/p><h2>Quali esami sono necessari?<\/h2><p>La diagnosi dei disturbi respiratori legati al sonno comprende l'esame clinico dello specialista ORL e la diagnostica apparenti per chiarire la situazione anatomica e valutare i processi fisiopatologici e quindi determinare la gravit\u00e0 delle apnee. Vengono utilizzati questionari che forniscono informazioni sulle prestazioni e sull'attenzione. La diagnostica apparente pu\u00f2 essere effettuata inizialmente con una poligrafia che pu\u00f2 essere eseguita su base ambulatoriale, in cui l'apparecchio di misurazione viene portato a casa. Il vantaggio \u00e8 che la misurazione avviene nel letto del paziente e nell'ambiente che gli \u00e8 familiare, cio\u00e8 riflette anche le circostanze in cui il paziente dorme normalmente a casa.<\/p><h2>Dispositivo di misurazione dell'apnea del sonno per la casa<\/h2><p>Attualmente \u00e8 in fase di sviluppo un nuovo dispositivo che fa a meno dei fastidiosi sensori a tubo, che di solito vengono infilati sotto il naso per registrare il flusso respiratorio e poi dietro l'orecchio. Molti pazienti si sentivano a disagio a causa dei tubi di plastica, che spesso scivolavano fuori dalla posizione di misurazione quando si giravano nel letto, o semplicemente a causa del fastidioso groviglio di cavi. Questo portava a una situazione di sonno gi\u00e0 percepita come estremamente fastidiosa dalla presenza dell'apparecchio di misurazione.<\/p><p>Con questo metodo di misurazione, si indossa solo una sonda di misura delle dimensioni di un orologio da polso sul braccio non dominante. Questa sonda \u00e8 collegata a un sensore da dito e a un elettrodo adesivo che viene attaccato al collo tra le clavicole. Qui vengono raccolti i dati durante la notte, che vengono memorizzati dal dispositivo di misurazione e possono essere letti dal medico curante il mattino successivo.<\/p><h2>Misurazione dell'apnea notturna in tempi di corona<\/h2><p>Questo dispositivo \u00e8 stato recentemente sviluppato. Ora \u00e8 un dispositivo di misurazione monouso. In tempi di Corona e di altre malattie infettive, questo \u00e8 particolarmente importante dal punto di vista igienico, perch\u00e9 non pu\u00f2 verificarsi alcuna contaminazione, in quanto si tratta di un dispositivo monouso che pu\u00f2 essere smaltito correttamente nei rifiuti domestici o rispedito all'azienda dopo l'uso. Il dispositivo, facile da usare tramite un'applicazione per smartphone e allo stesso tempo innovativo, pu\u00f2 anche essere inviato per posta, in modo che la visita allo studio medico sia necessaria solo per discutere i risultati e pianificare la procedura successiva. In questo modo si elimina la necessit\u00e0 di ritirare il dispositivo e di riportarlo dal medico per la lettura dei dati. I risultati non evidenti possono essere spiegati anche attraverso una discussione telematica, tenendo conto delle circostanze individuali.<\/p><h2>Terapia dell'apnea del sonno con CPAP (Continuous Positive Airway Pressure)<\/h2><p>In caso di risultati evidenti, non \u00e8 raro che si verifichino arresti respiratori misurati fino a 2 minuti e talvolta pi\u00f9 lunghi, o desaturazioni di ossigeno fino al 70%. Si presta particolare attenzione all'indice di apnea-ipopnea, che aiuta a classificare la gravit\u00e0 della malattia.<br \/>Se in questo esame vengono rilevati valori anomali, di solito si effettua una seconda misurazione, ma nel laboratorio del sonno, la cosiddetta polisonnografia (PSG). Qui la ventilazione a pressione positiva pu\u00f2 impedire il collasso delle vie aeree. Ci\u00f2 comporta l'applicazione di una maschera nasale o facciale, che viene collegata alla\u00a0<a href=\"https:\/\/cultdev.net\/drschwab\/glossar-nasenoperation-schnarchen\" target=\"_blank\" rel=\"noopener\">macchina CPAP<\/a>\u00a0accanto al letto tramite un tubo.<\/p><h2>Alternativa alla terapia CPAP<\/h2><p>Non tutti i pazienti tollerano la maschera perch\u00e9 la pressione di ventilazione \u00e8 troppo alta e viene percepita come scomoda oppure la maschera non si adatta a causa della forma individuale del viso medio e il flusso d'aria dalla maschera viene soffiato negli occhi. Questo pu\u00f2 portare a un'infiammazione degli occhi. Altri pazienti si sentono semplicemente disturbati dal design dell'apparecchio e non usano la macchina CPAP. Un feedback frequente \u00e8 che soprattutto i pazienti pi\u00f9 giovani non vogliono essere percepiti come \"Darth Vader di Guerre Stellari\" e si sentono anche stigmatizzati da questo.<\/p><p>In ogni caso, il mancato utilizzo della macchina CPAP fa s\u00ec che le fasi di apnea continuino e continuino ad avere il loro effetto nocivo.<\/p><h2>Intervento chirurgico per l'apnea del sonno: misure chirurgiche minimamente invasive<\/h2><p>\u00c8 qui che entra in gioco la terapia chirurgica per migliorare la perviet\u00e0 delle vie aeree superiori. La diagnostica endoscopica come la \"drug induced sleep endoscopy\" (DISE) consente, ad esempio, di determinare il tipo e l'estensione, nonch\u00e9 la localizzazione in altezza del collasso delle vie aeree per il paziente interessato. In questo modo, ad esempio, \u00e8 possibile effettuare un trattamento chirurgico del problema nell'anestesia immediatamente successiva, su misura per le esigenze individuali.<\/p><p>A seconda della situazione anatomica individuale che contribuisce all'apnea notturna, queste costrizioni possono essere corrette con misure minimamente invasive.<\/p><p>Siamo felici di consigliarvi, perch\u00e9 ogni persona \u00e8 diversa e quindi \u00e8 importante rispondere anche alle caratteristiche individuali.<\/p>\t\t\t\t\t\t<\/div>\n\t\t\t\t<\/div>\n\t\t\t\t\t<\/div>\n\t\t<\/div>\n\t\t\t\t\t\t\t<\/div>\n\t\t<\/section>\n\t\t\t\t<section class=\"elementor-section elementor-top-section elementor-element elementor-element-0dae02b elementor-section-boxed elementor-section-height-default elementor-section-height-default\" data-id=\"0dae02b\" data-element_type=\"section\">\n\t\t\t\t\t\t<div class=\"elementor-container elementor-column-gap-default\">\n\t\t\t\t\t<div class=\"elementor-column elementor-col-100 elementor-top-column elementor-element elementor-element-604d3a6\" data-id=\"604d3a6\" data-element_type=\"column\">\n\t\t\t<div class=\"elementor-widget-wrap elementor-element-populated\">\n\t\t\t\t\t\t\t\t<div class=\"elementor-element elementor-element-e5c60f1 elementor-align-center elementor-widget elementor-widget-button\" data-id=\"e5c60f1\" data-element_type=\"widget\" data-widget_type=\"button.default\">\n\t\t\t\t<div class=\"elementor-widget-container\">\n\t\t\t\t\t<div class=\"elementor-button-wrapper\">\n\t\t\t<a class=\"elementor-button elementor-button-link elementor-size-xl\" href=\"https:\/\/app.arzt-direkt.de\/praxisschwab\/booking\" target=\"_blank\" rel=\"nofollow\">\n\t\t\t\t\t\t<span class=\"elementor-button-content-wrapper\">\n\t\t\t\t\t\t<span class=\"elementor-button-text\">Richiedi subito una consulenza<\/span>\n\t\t<\/span>\n\t\t\t\t\t<\/a>\n\t\t<\/div>\n\t\t\t\t<\/div>\n\t\t\t\t<\/div>\n\t\t\t\t\t<\/div>\n\t\t<\/div>\n\t\t\t\t\t\t\t<\/div>\n\t\t<\/section>\n\t\t\t\t<section class=\"elementor-section elementor-top-section elementor-element elementor-element-0dde108 elementor-section-boxed elementor-section-height-default elementor-section-height-default\" data-id=\"0dde108\" data-element_type=\"section\">\n\t\t\t\t\t\t<div class=\"elementor-container elementor-column-gap-default\">\n\t\t\t\t\t<div class=\"elementor-column elementor-col-100 elementor-top-column elementor-element elementor-element-59a8f41\" data-id=\"59a8f41\" data-element_type=\"column\">\n\t\t\t<div class=\"elementor-widget-wrap\">\n\t\t\t\t\t\t\t\t\t<\/div>\n\t\t<\/div>\n\t\t\t\t\t\t\t<\/div>\n\t\t<\/section>\n\t\t\t\t<section class=\"elementor-section elementor-top-section elementor-element elementor-element-5fb1c40 elementor-section-boxed elementor-section-height-default elementor-section-height-default\" data-id=\"5fb1c40\" data-element_type=\"section\">\n\t\t\t\t\t\t<div class=\"elementor-container elementor-column-gap-default\">\n\t\t\t\t\t<div class=\"elementor-column elementor-col-100 elementor-top-column elementor-element elementor-element-dae8817\" data-id=\"dae8817\" data-element_type=\"column\">\n\t\t\t<div class=\"elementor-widget-wrap elementor-element-populated\">\n\t\t\t\t\t\t\t\t<div class=\"elementor-element elementor-element-654c390 elementor-widget elementor-widget-text-editor\" data-id=\"654c390\" data-element_type=\"widget\" data-widget_type=\"text-editor.default\">\n\t\t\t\t<div class=\"elementor-widget-container\">\n\t\t\t\t\t\t\t<p style=\"text-align: center;\"><strong>\u00a0<a href=\"mailto:praxis@schwab-orl.ch\">praxis@schwab-orl.ch<\/a> <br \/><\/strong>o <strong><a href=\"tel:+41 44 250 43 43\">+41 44 250 43 43<\/a><\/strong><\/p>\t\t\t\t\t\t<\/div>\n\t\t\t\t<\/div>\n\t\t\t\t<div class=\"elementor-element elementor-element-3dd929f elementor-widget elementor-widget-spacer\" data-id=\"3dd929f\" data-element_type=\"widget\" data-widget_type=\"spacer.default\">\n\t\t\t\t<div class=\"elementor-widget-container\">\n\t\t\t\t\t<div class=\"elementor-spacer\">\n\t\t\t<div class=\"elementor-spacer-inner\"><\/div>\n\t\t<\/div>\n\t\t\t\t<\/div>\n\t\t\t\t<\/div>\n\t\t\t\t\t<\/div>\n\t\t<\/div>\n\t\t\t\t\t\t\t<\/div>\n\t\t<\/section>\n\t\t\t\t\t\t\t<\/div>","protected":false},"excerpt":{"rendered":"<p>\u00a0praxis@schwab-orl.ch oder +41 44 250 43 43 Schlafapnoe &#8211; Wie kann sie behandelt werden? Jetzt beraten lassen! Schlafapnoe: Gest\u00f6rter Schlaf geht die ganze Familie an! Wenn der Schlaf gest\u00f6rt ist, kann er nicht mehr erholsam sein. Dies gilt sowohl f\u00fcr den, der das Schnarchen verursacht, als auch f\u00fcr diejenigen, die durch das Schnarchen geweckt oder &#8230; <a title=\"Apnea notturna\" class=\"read-more\" href=\"https:\/\/schwab-orl.ch\/it\/schlafapnoe\" aria-label=\"Leggi di pi\u00f9 su Schlafapnoe\">Leggi tutto<\/a><\/p>","protected":false},"author":4,"featured_media":0,"parent":0,"menu_order":0,"comment_status":"closed","ping_status":"closed","template":"elementor_header_footer","meta":{"footnotes":""},"yoast_head":"<!-- This site is optimized with the Yoast SEO plugin v21.7 - https:\/\/yoast.com\/wordpress\/plugins\/seo\/ -->\n<title>Schlafapnoe - Lassen Sie jetzt Ihre Schlafapnoe behandeln!<\/title>\n<meta name=\"description\" content=\"Sie leiden an Schlafapnoe? Lassen Sie sich von uns jetzt beraten, wie wir Ihnen helfen k\u00f6nnen! Eine Schlafapnoe kann behandelt werden!\" \/>\n<meta name=\"robots\" content=\"index, follow, max-snippet:-1, max-image-preview:large, max-video-preview:-1\" \/>\n<link rel=\"canonical\" href=\"https:\/\/schwab-orl.ch\/it\/schlafapnoe\/\" \/>\n<meta property=\"og:locale\" content=\"it_IT\" \/>\n<meta property=\"og:type\" content=\"article\" \/>\n<meta property=\"og:title\" content=\"Schlafapnoe - Lassen Sie jetzt Ihre Schlafapnoe behandeln!\" \/>\n<meta property=\"og:description\" content=\"Sie leiden an Schlafapnoe? Lassen Sie sich von uns jetzt beraten, wie wir Ihnen helfen k\u00f6nnen! Eine Schlafapnoe kann behandelt werden!\" \/>\n<meta property=\"og:url\" content=\"https:\/\/schwab-orl.ch\/it\/schlafapnoe\/\" \/>\n<meta property=\"og:site_name\" content=\"Dr. Schwab\" \/>\n<meta property=\"article:modified_time\" content=\"2025-05-22T19:53:08+00:00\" \/>\n<meta property=\"og:image\" content=\"https:\/\/schwab-orl.ch\/wp-content\/uploads\/2020\/10\/Schlafapneu.jpg\" \/>\n<meta name=\"twitter:card\" content=\"summary_large_image\" \/>\n<meta name=\"twitter:label1\" content=\"Tempo di lettura stimato\" \/>\n\t<meta name=\"twitter:data1\" content=\"6 minuti\" \/>\n<script type=\"application\/ld+json\" class=\"yoast-schema-graph\">{\"@context\":\"https:\/\/schema.org\",\"@graph\":[{\"@type\":\"WebPage\",\"@id\":\"https:\/\/schwab-orl.ch\/schlafapnoe\",\"url\":\"https:\/\/schwab-orl.ch\/schlafapnoe\",\"name\":\"Schlafapnoe - Lassen Sie jetzt Ihre Schlafapnoe behandeln!\",\"isPartOf\":{\"@id\":\"https:\/\/schwab-orl.ch\/#website\"},\"datePublished\":\"2020-10-14T07:47:25+00:00\",\"dateModified\":\"2025-05-22T19:53:08+00:00\",\"description\":\"Sie leiden an Schlafapnoe? Lassen Sie sich von uns jetzt beraten, wie wir Ihnen helfen k\u00f6nnen! Eine Schlafapnoe kann behandelt werden!\",\"breadcrumb\":{\"@id\":\"https:\/\/schwab-orl.ch\/schlafapnoe#breadcrumb\"},\"inLanguage\":\"it-IT\",\"potentialAction\":[{\"@type\":\"ReadAction\",\"target\":[\"https:\/\/schwab-orl.ch\/schlafapnoe\"]}]},{\"@type\":\"BreadcrumbList\",\"@id\":\"https:\/\/schwab-orl.ch\/schlafapnoe#breadcrumb\",\"itemListElement\":[{\"@type\":\"ListItem\",\"position\":1,\"name\":\"Startseite\",\"item\":\"https:\/\/schwab-orl.ch\/\"},{\"@type\":\"ListItem\",\"position\":2,\"name\":\"Schlafapnoe\"}]},{\"@type\":\"WebSite\",\"@id\":\"https:\/\/schwab-orl.ch\/#website\",\"url\":\"https:\/\/schwab-orl.ch\/\",\"name\":\"Dr. Schwab\",\"description\":\"\",\"publisher\":{\"@id\":\"https:\/\/schwab-orl.ch\/#\/schema\/person\/36072d24125f810c40545dd3fe125792\"},\"potentialAction\":[{\"@type\":\"SearchAction\",\"target\":{\"@type\":\"EntryPoint\",\"urlTemplate\":\"https:\/\/schwab-orl.ch\/?s={search_term_string}\"},\"query-input\":\"required name=search_term_string\"}],\"inLanguage\":\"it-IT\"},{\"@type\":[\"Person\",\"Organization\"],\"@id\":\"https:\/\/schwab-orl.ch\/#\/schema\/person\/36072d24125f810c40545dd3fe125792\",\"name\":\"JanSchwab\",\"image\":{\"@type\":\"ImageObject\",\"inLanguage\":\"it-IT\",\"@id\":\"https:\/\/schwab-orl.ch\/#\/schema\/person\/image\/\",\"url\":\"https:\/\/schwab-orl.ch\/wp-content\/uploads\/2020\/04\/Schwab-Logo-mit-Schriftzug-kompakt.svg\",\"contentUrl\":\"https:\/\/schwab-orl.ch\/wp-content\/uploads\/2020\/04\/Schwab-Logo-mit-Schriftzug-kompakt.svg\",\"width\":1550,\"height\":106,\"caption\":\"JanSchwab\"},\"logo\":{\"@id\":\"https:\/\/schwab-orl.ch\/#\/schema\/person\/image\/\"}}]}<\/script>\n<!-- \/ Yoast SEO plugin. -->","yoast_head_json":{"title":"Schlafapnoe - Lassen Sie jetzt Ihre Schlafapnoe behandeln!","description":"Sie leiden an Schlafapnoe? Lassen Sie sich von uns jetzt beraten, wie wir Ihnen helfen k\u00f6nnen! Eine Schlafapnoe kann behandelt werden!","robots":{"index":"index","follow":"follow","max-snippet":"max-snippet:-1","max-image-preview":"max-image-preview:large","max-video-preview":"max-video-preview:-1"},"canonical":"https:\/\/schwab-orl.ch\/it\/schlafapnoe\/","og_locale":"it_IT","og_type":"article","og_title":"Schlafapnoe - Lassen Sie jetzt Ihre Schlafapnoe behandeln!","og_description":"Sie leiden an Schlafapnoe? Lassen Sie sich von uns jetzt beraten, wie wir Ihnen helfen k\u00f6nnen! Eine Schlafapnoe kann behandelt werden!","og_url":"https:\/\/schwab-orl.ch\/it\/schlafapnoe\/","og_site_name":"Dr. Schwab","article_modified_time":"2025-05-22T19:53:08+00:00","og_image":[{"url":"https:\/\/schwab-orl.ch\/wp-content\/uploads\/2020\/10\/Schlafapneu.jpg"}],"twitter_card":"summary_large_image","twitter_misc":{"Tempo di lettura stimato":"6 minuti"},"schema":{"@context":"https:\/\/schema.org","@graph":[{"@type":"WebPage","@id":"https:\/\/schwab-orl.ch\/schlafapnoe","url":"https:\/\/schwab-orl.ch\/schlafapnoe","name":"Schlafapnoe - Lassen Sie jetzt Ihre Schlafapnoe behandeln!","isPartOf":{"@id":"https:\/\/schwab-orl.ch\/#website"},"datePublished":"2020-10-14T07:47:25+00:00","dateModified":"2025-05-22T19:53:08+00:00","description":"Sie leiden an Schlafapnoe? Lassen Sie sich von uns jetzt beraten, wie wir Ihnen helfen k\u00f6nnen! Eine Schlafapnoe kann behandelt werden!","breadcrumb":{"@id":"https:\/\/schwab-orl.ch\/schlafapnoe#breadcrumb"},"inLanguage":"it-IT","potentialAction":[{"@type":"ReadAction","target":["https:\/\/schwab-orl.ch\/schlafapnoe"]}]},{"@type":"BreadcrumbList","@id":"https:\/\/schwab-orl.ch\/schlafapnoe#breadcrumb","itemListElement":[{"@type":"ListItem","position":1,"name":"Startseite","item":"https:\/\/schwab-orl.ch\/"},{"@type":"ListItem","position":2,"name":"Schlafapnoe"}]},{"@type":"WebSite","@id":"https:\/\/schwab-orl.ch\/#website","url":"https:\/\/schwab-orl.ch\/","name":"Dr. Schwab","description":"","publisher":{"@id":"https:\/\/schwab-orl.ch\/#\/schema\/person\/36072d24125f810c40545dd3fe125792"},"potentialAction":[{"@type":"SearchAction","target":{"@type":"EntryPoint","urlTemplate":"https:\/\/schwab-orl.ch\/?s={search_term_string}"},"query-input":"required name=search_term_string"}],"inLanguage":"it-IT"},{"@type":["Person","Organization"],"@id":"https:\/\/schwab-orl.ch\/#\/schema\/person\/36072d24125f810c40545dd3fe125792","name":"JanSchwab","image":{"@type":"ImageObject","inLanguage":"it-IT","@id":"https:\/\/schwab-orl.ch\/#\/schema\/person\/image\/","url":"https:\/\/schwab-orl.ch\/wp-content\/uploads\/2020\/04\/Schwab-Logo-mit-Schriftzug-kompakt.svg","contentUrl":"https:\/\/schwab-orl.ch\/wp-content\/uploads\/2020\/04\/Schwab-Logo-mit-Schriftzug-kompakt.svg","width":1550,"height":106,"caption":"JanSchwab"},"logo":{"@id":"https:\/\/schwab-orl.ch\/#\/schema\/person\/image\/"}}]}},"_links":{"self":[{"href":"https:\/\/schwab-orl.ch\/it\/wp-json\/wp\/v2\/pages\/1088"}],"collection":[{"href":"https:\/\/schwab-orl.ch\/it\/wp-json\/wp\/v2\/pages"}],"about":[{"href":"https:\/\/schwab-orl.ch\/it\/wp-json\/wp\/v2\/types\/page"}],"author":[{"embeddable":true,"href":"https:\/\/schwab-orl.ch\/it\/wp-json\/wp\/v2\/users\/4"}],"replies":[{"embeddable":true,"href":"https:\/\/schwab-orl.ch\/it\/wp-json\/wp\/v2\/comments?post=1088"}],"version-history":[{"count":38,"href":"https:\/\/schwab-orl.ch\/it\/wp-json\/wp\/v2\/pages\/1088\/revisions"}],"predecessor-version":[{"id":2107,"href":"https:\/\/schwab-orl.ch\/it\/wp-json\/wp\/v2\/pages\/1088\/revisions\/2107"}],"wp:attachment":[{"href":"https:\/\/schwab-orl.ch\/it\/wp-json\/wp\/v2\/media?parent=1088"}],"curies":[{"name":"wp","href":"https:\/\/api.w.org\/{rel}","templated":true}]}}