{"id":1113,"date":"2020-10-14T12:50:10","date_gmt":"2020-10-14T12:50:10","guid":{"rendered":"https:\/\/schwab-orl.ch\/?page_id=1113"},"modified":"2025-05-22T19:54:58","modified_gmt":"2025-05-22T19:54:58","slug":"nasenscheidewand-op-septumkorrektur","status":"publish","type":"page","link":"https:\/\/schwab-orl.ch\/it\/nasenscheidewand-op-septumkorrektur","title":{"rendered":"Nasenscheidewand OP Septumkorrektur"},"content":{"rendered":"<div data-elementor-type=\"wp-page\" data-elementor-id=\"1113\" class=\"elementor elementor-1113\" data-elementor-post-type=\"page\">\n\t\t\t\t\t\t\t\t\t<section class=\"elementor-section elementor-top-section elementor-element elementor-element-106fcec elementor-section-boxed elementor-section-height-default elementor-section-height-default\" data-id=\"106fcec\" data-element_type=\"section\">\n\t\t\t\t\t\t<div class=\"elementor-container elementor-column-gap-default\">\n\t\t\t\t\t<div class=\"elementor-column elementor-col-100 elementor-top-column elementor-element elementor-element-45b2f7e\" data-id=\"45b2f7e\" data-element_type=\"column\">\n\t\t\t<div class=\"elementor-widget-wrap elementor-element-populated\">\n\t\t\t\t\t\t\t\t<div class=\"elementor-element elementor-element-03008ca elementor-widget elementor-widget-spacer\" data-id=\"03008ca\" data-element_type=\"widget\" data-widget_type=\"spacer.default\">\n\t\t\t\t<div class=\"elementor-widget-container\">\n\t\t\t\t\t<div class=\"elementor-spacer\">\n\t\t\t<div class=\"elementor-spacer-inner\"><\/div>\n\t\t<\/div>\n\t\t\t\t<\/div>\n\t\t\t\t<\/div>\n\t\t\t\t\t<\/div>\n\t\t<\/div>\n\t\t\t\t\t\t\t<\/div>\n\t\t<\/section>\n\t\t\t\t<section class=\"elementor-section elementor-top-section elementor-element elementor-element-a91e009 elementor-section-boxed elementor-section-height-default elementor-section-height-default\" data-id=\"a91e009\" data-element_type=\"section\">\n\t\t\t\t\t\t<div class=\"elementor-container elementor-column-gap-default\">\n\t\t\t\t\t<div class=\"elementor-column elementor-col-100 elementor-top-column elementor-element elementor-element-d676635\" data-id=\"d676635\" data-element_type=\"column\">\n\t\t\t<div class=\"elementor-widget-wrap elementor-element-populated\">\n\t\t\t\t\t\t\t\t<div class=\"elementor-element elementor-element-a33fe5b elementor-widget elementor-widget-heading\" data-id=\"a33fe5b\" data-element_type=\"widget\" data-widget_type=\"heading.default\">\n\t\t\t\t<div class=\"elementor-widget-container\">\n\t\t\t<h1 class=\"elementor-heading-title elementor-size-default\">Chirurgia del setto nasale - correzione del setto<br><\/h1>\t\t<\/div>\n\t\t\t\t<\/div>\n\t\t\t\t\t<\/div>\n\t\t<\/div>\n\t\t\t\t\t\t\t<\/div>\n\t\t<\/section>\n\t\t\t\t<section class=\"elementor-section elementor-top-section elementor-element elementor-element-918a55a elementor-section-boxed elementor-section-height-default elementor-section-height-default\" data-id=\"918a55a\" data-element_type=\"section\">\n\t\t\t\t\t\t<div class=\"elementor-container elementor-column-gap-default\">\n\t\t\t\t\t<div class=\"elementor-column elementor-col-100 elementor-top-column elementor-element elementor-element-c43790a\" data-id=\"c43790a\" data-element_type=\"column\">\n\t\t\t<div class=\"elementor-widget-wrap elementor-element-populated\">\n\t\t\t\t\t\t\t\t<div class=\"elementor-element elementor-element-8b2fabb elementor-widget elementor-widget-text-editor\" data-id=\"8b2fabb\" data-element_type=\"widget\" data-widget_type=\"text-editor.default\">\n\t\t\t\t<div class=\"elementor-widget-container\">\n\t\t\t\t\t\t\t<p>Quasi tutti hanno il setto nasale un po' storto. Un'operazione al setto nasale o <a href=\"https:\/\/de.wikipedia.org\/wiki\/Septumplastik\" target=\"_blank\" rel=\"noopener\">correzione del setto<\/a> pu\u00f2 fornire un rimedio. Le deviazioni sul piano mediano-sagittale sono chiamate deviazioni del setto nasale. La cosiddetta valvola nasale si trova nella parte anteriore del naso. \u00c8 formata dal setto nasale e dalle cartilagini laterali. In quest'area anatomica, anche piccole curvature del setto nasale possono provocare un aumento significativo della resistenza nasale. Ci\u00f2 pu\u00f2 trasformare il flusso altrimenti laminare in un flusso turbolento, che a sua volta provoca un'alterazione delle propriet\u00e0 di climatizzazione del naso. Inoltre, il flusso si interrompe sul lato stretto e la velocit\u00e0 del flusso aumenta di molte volte sul lato largo. Il naso si secca, si formano crosticine e possono verificarsi epistassi.<\/p><p>I seni paranasali e, attraverso il collegamento della tuba di eustachio, l'orecchio medio sono collegati al profilo di flusso del naso. Un profilo di flusso disturbato provoca disturbi anche nelle aree citate. Questo spiega anche perch\u00e9 la sinusite cronica si sviluppa e\/o non guarisce, nonostante i lunghi trattamenti medici. Le persone colpite riferiscono di un fastidioso flusso cronico di muco in gola, o di un'ipersecrezione tale che al mattino, dopo essersi alzati, il muco cola letteralmente dal naso nel caff\u00e8.<\/p><p>Un'alterazione dello scambio d'aria tra il naso e l'orecchio medio pu\u00f2 portare a una riduzione dell'udito, a ronzii nelle orecchie (acufeni) e anche a vertigini.<\/p><p>Se il naso \u00e8 stato rotto, se sono state eseguite operazioni sulla mascella superiore o se sono stati \"tirati su\" farmaci attraverso il naso, si possono verificare danni estesi alla membrana mucosa. Questa si ritira ed espone la cartilagine sottostante. La cartilagine esposta non pu\u00f2 sopravvivere da sola e diventa avitale, cio\u00e8 muore e scompare. Ne consegue una perforazione del setto. Queste perforazioni possono essere piccole e appena percettibili per la persona colpita, oppure possono essere cos\u00ec grandi da far mancare quasi tutto il setto nasale. In questo caso, \u00e8 gi\u00e0 visibile dall'esterno, poich\u00e9 manca il sostegno del ponte del naso, come i pilastri di sostegno di un ponte prima che crolli. Nell'uomo, il ponte collassato corrisponde a un naso a sella, con un ponte nasale abbassato e narici visibili frontalmente. Le perforazioni del setto si seccano a causa dell'afflusso di aria e della mancanza della funzione di umidificazione e climatizzazione del naso, in modo tale che la membrana mucosa del margine posteriore diventa fragile. Si verificano episodi di epistassi di varia intensit\u00e0. I conviventi spesso lamentano la presenza di fischi anche durante la respirazione a riposo, che possono essere estremamente fastidiosi quando ci si addormenta a letto insieme. Inoltre, dal naso pu\u00f2 provenire un odore sgradevole per gli altri. Infine, la persona colpita pu\u00f2 anche soffrire di mal di testa cronico, poich\u00e9 l'infiammazione sul bordo posteriore della perforazione irrita il nervo trigemino.<\/p>\t\t\t\t\t\t<\/div>\n\t\t\t\t<\/div>\n\t\t\t\t\t<\/div>\n\t\t<\/div>\n\t\t\t\t\t\t\t<\/div>\n\t\t<\/section>\n\t\t\t\t<section class=\"elementor-section elementor-top-section elementor-element elementor-element-37c7c2f elementor-section-boxed elementor-section-height-default elementor-section-height-default\" data-id=\"37c7c2f\" data-element_type=\"section\">\n\t\t\t\t\t\t<div class=\"elementor-container elementor-column-gap-default\">\n\t\t\t\t\t<div class=\"elementor-column elementor-col-100 elementor-top-column elementor-element elementor-element-a818982\" data-id=\"a818982\" data-element_type=\"column\">\n\t\t\t<div class=\"elementor-widget-wrap elementor-element-populated\">\n\t\t\t\t\t\t\t\t<div class=\"elementor-element elementor-element-803b303 elementor-align-center elementor-widget elementor-widget-button\" data-id=\"803b303\" data-element_type=\"widget\" data-widget_type=\"button.default\">\n\t\t\t\t<div class=\"elementor-widget-container\">\n\t\t\t\t\t<div class=\"elementor-button-wrapper\">\n\t\t\t<a class=\"elementor-button elementor-button-link elementor-size-lg\" href=\"https:\/\/app.arzt-direkt.de\/praxisschwab\/booking\" target=\"_blank\" rel=\"nofollow\">\n\t\t\t\t\t\t<span class=\"elementor-button-content-wrapper\">\n\t\t\t\t\t\t<span class=\"elementor-button-text\">Richiedi subito una consulenza<\/span>\n\t\t<\/span>\n\t\t\t\t\t<\/a>\n\t\t<\/div>\n\t\t\t\t<\/div>\n\t\t\t\t<\/div>\n\t\t\t\t\t<\/div>\n\t\t<\/div>\n\t\t\t\t\t\t\t<\/div>\n\t\t<\/section>\n\t\t\t\t<section class=\"elementor-section elementor-top-section elementor-element elementor-element-086dd7c elementor-section-boxed elementor-section-height-default elementor-section-height-default\" data-id=\"086dd7c\" data-element_type=\"section\">\n\t\t\t\t\t\t<div class=\"elementor-container elementor-column-gap-default\">\n\t\t\t\t\t<div class=\"elementor-column elementor-col-100 elementor-top-column elementor-element elementor-element-e019b9b\" data-id=\"e019b9b\" data-element_type=\"column\">\n\t\t\t<div class=\"elementor-widget-wrap elementor-element-populated\">\n\t\t\t\t\t\t\t\t<div class=\"elementor-element elementor-element-3cb8f9a elementor-widget elementor-widget-spacer\" data-id=\"3cb8f9a\" data-element_type=\"widget\" data-widget_type=\"spacer.default\">\n\t\t\t\t<div class=\"elementor-widget-container\">\n\t\t\t\t\t<div class=\"elementor-spacer\">\n\t\t\t<div class=\"elementor-spacer-inner\"><\/div>\n\t\t<\/div>\n\t\t\t\t<\/div>\n\t\t\t\t<\/div>\n\t\t\t\t\t<\/div>\n\t\t<\/div>\n\t\t\t\t\t\t\t<\/div>\n\t\t<\/section>\n\t\t\t\t\t\t\t<\/div>","protected":false},"excerpt":{"rendered":"<p>Nasenscheidewand OP &#8211; Septumkorrektur Ein bisschen schief ist die Nasenscheidewand bei fast jedem Menschen. Abhilfe kann eine Nasenscheidewand OP oder auch Septumkorrektur schaffen. Abweichungen in der Median-Sagittal Ebene w\u00fcrde man als Nasenscheidewandverbiegung oder Nasenseptumdeviation bezeichnen. Im vorderen Teil der Nase liegt die sogenannte Nasenklappe. Sie wird durch die Nasenscheidewand und die seitlichen Knorpel gebildet. In &#8230; <a title=\"Nasenscheidewand OP Septumkorrektur\" class=\"read-more\" href=\"https:\/\/schwab-orl.ch\/it\/nasenscheidewand-op-septumkorrektur\" aria-label=\"Leggi di pi\u00f9 su Nasenscheidewand OP Septumkorrektur\">Leggi tutto<\/a><\/p>","protected":false},"author":4,"featured_media":0,"parent":0,"menu_order":0,"comment_status":"closed","ping_status":"closed","template":"elementor_header_footer","meta":{"footnotes":""},"yoast_head":"<!-- This site is optimized with the Yoast SEO plugin v21.7 - https:\/\/yoast.com\/wordpress\/plugins\/seo\/ -->\n<title>Nasenscheidewand OP - Jetzt anrufen \u2706 +41 44 250 43 43 - Dr. Schwab<\/title>\n<meta name=\"description\" content=\"Nasenscheidewand OP - Erfahren Sie hier alles \u00fcber eine Nasenscheidewand OP und wie wir Ihnen helfen k\u00f6nnen. Jetzt beraten lassen!\" \/>\n<meta name=\"robots\" content=\"index, follow, max-snippet:-1, max-image-preview:large, max-video-preview:-1\" \/>\n<link rel=\"canonical\" href=\"https:\/\/schwab-orl.ch\/it\/nasenscheidewand-op-septumkorrektur\/\" \/>\n<meta property=\"og:locale\" content=\"it_IT\" \/>\n<meta property=\"og:type\" content=\"article\" \/>\n<meta property=\"og:title\" content=\"Nasenscheidewand OP - Jetzt anrufen \u2706 +41 44 250 43 43 - Dr. Schwab\" \/>\n<meta property=\"og:description\" content=\"Nasenscheidewand OP - Erfahren Sie hier alles \u00fcber eine Nasenscheidewand OP und wie wir Ihnen helfen k\u00f6nnen. Jetzt beraten lassen!\" \/>\n<meta property=\"og:url\" content=\"https:\/\/schwab-orl.ch\/it\/nasenscheidewand-op-septumkorrektur\/\" \/>\n<meta property=\"og:site_name\" content=\"Dr. Schwab\" \/>\n<meta property=\"article:modified_time\" content=\"2025-05-22T19:54:58+00:00\" \/>\n<meta name=\"twitter:card\" content=\"summary_large_image\" \/>\n<meta name=\"twitter:label1\" content=\"Tempo di lettura stimato\" \/>\n\t<meta name=\"twitter:data1\" content=\"3 minuti\" \/>\n<script type=\"application\/ld+json\" class=\"yoast-schema-graph\">{\"@context\":\"https:\/\/schema.org\",\"@graph\":[{\"@type\":\"WebPage\",\"@id\":\"https:\/\/schwab-orl.ch\/nasenscheidewand-op-septumkorrektur\",\"url\":\"https:\/\/schwab-orl.ch\/nasenscheidewand-op-septumkorrektur\",\"name\":\"Nasenscheidewand OP - Jetzt anrufen \u2706 +41 44 250 43 43 - Dr. Schwab\",\"isPartOf\":{\"@id\":\"https:\/\/schwab-orl.ch\/#website\"},\"datePublished\":\"2020-10-14T12:50:10+00:00\",\"dateModified\":\"2025-05-22T19:54:58+00:00\",\"description\":\"Nasenscheidewand OP - Erfahren Sie hier alles \u00fcber eine Nasenscheidewand OP und wie wir Ihnen helfen k\u00f6nnen. Jetzt beraten lassen!\",\"breadcrumb\":{\"@id\":\"https:\/\/schwab-orl.ch\/nasenscheidewand-op-septumkorrektur#breadcrumb\"},\"inLanguage\":\"it-IT\",\"potentialAction\":[{\"@type\":\"ReadAction\",\"target\":[\"https:\/\/schwab-orl.ch\/nasenscheidewand-op-septumkorrektur\"]}]},{\"@type\":\"BreadcrumbList\",\"@id\":\"https:\/\/schwab-orl.ch\/nasenscheidewand-op-septumkorrektur#breadcrumb\",\"itemListElement\":[{\"@type\":\"ListItem\",\"position\":1,\"name\":\"Startseite\",\"item\":\"https:\/\/schwab-orl.ch\/\"},{\"@type\":\"ListItem\",\"position\":2,\"name\":\"Nasenscheidewand OP Septumkorrektur\"}]},{\"@type\":\"WebSite\",\"@id\":\"https:\/\/schwab-orl.ch\/#website\",\"url\":\"https:\/\/schwab-orl.ch\/\",\"name\":\"Dr. Schwab\",\"description\":\"\",\"publisher\":{\"@id\":\"https:\/\/schwab-orl.ch\/#\/schema\/person\/36072d24125f810c40545dd3fe125792\"},\"potentialAction\":[{\"@type\":\"SearchAction\",\"target\":{\"@type\":\"EntryPoint\",\"urlTemplate\":\"https:\/\/schwab-orl.ch\/?s={search_term_string}\"},\"query-input\":\"required name=search_term_string\"}],\"inLanguage\":\"it-IT\"},{\"@type\":[\"Person\",\"Organization\"],\"@id\":\"https:\/\/schwab-orl.ch\/#\/schema\/person\/36072d24125f810c40545dd3fe125792\",\"name\":\"JanSchwab\",\"image\":{\"@type\":\"ImageObject\",\"inLanguage\":\"it-IT\",\"@id\":\"https:\/\/schwab-orl.ch\/#\/schema\/person\/image\/\",\"url\":\"https:\/\/schwab-orl.ch\/wp-content\/uploads\/2020\/04\/Schwab-Logo-mit-Schriftzug-kompakt.svg\",\"contentUrl\":\"https:\/\/schwab-orl.ch\/wp-content\/uploads\/2020\/04\/Schwab-Logo-mit-Schriftzug-kompakt.svg\",\"width\":1550,\"height\":106,\"caption\":\"JanSchwab\"},\"logo\":{\"@id\":\"https:\/\/schwab-orl.ch\/#\/schema\/person\/image\/\"}}]}<\/script>\n<!-- \/ Yoast SEO plugin. -->","yoast_head_json":{"title":"Nasenscheidewand OP - Jetzt anrufen \u2706 +41 44 250 43 43 - Dr. Schwab","description":"Nasenscheidewand OP - Erfahren Sie hier alles \u00fcber eine Nasenscheidewand OP und wie wir Ihnen helfen k\u00f6nnen. Jetzt beraten lassen!","robots":{"index":"index","follow":"follow","max-snippet":"max-snippet:-1","max-image-preview":"max-image-preview:large","max-video-preview":"max-video-preview:-1"},"canonical":"https:\/\/schwab-orl.ch\/it\/nasenscheidewand-op-septumkorrektur\/","og_locale":"it_IT","og_type":"article","og_title":"Nasenscheidewand OP - Jetzt anrufen \u2706 +41 44 250 43 43 - Dr. Schwab","og_description":"Nasenscheidewand OP - Erfahren Sie hier alles \u00fcber eine Nasenscheidewand OP und wie wir Ihnen helfen k\u00f6nnen. Jetzt beraten lassen!","og_url":"https:\/\/schwab-orl.ch\/it\/nasenscheidewand-op-septumkorrektur\/","og_site_name":"Dr. Schwab","article_modified_time":"2025-05-22T19:54:58+00:00","twitter_card":"summary_large_image","twitter_misc":{"Tempo di lettura stimato":"3 minuti"},"schema":{"@context":"https:\/\/schema.org","@graph":[{"@type":"WebPage","@id":"https:\/\/schwab-orl.ch\/nasenscheidewand-op-septumkorrektur","url":"https:\/\/schwab-orl.ch\/nasenscheidewand-op-septumkorrektur","name":"Nasenscheidewand OP - Jetzt anrufen \u2706 +41 44 250 43 43 - Dr. Schwab","isPartOf":{"@id":"https:\/\/schwab-orl.ch\/#website"},"datePublished":"2020-10-14T12:50:10+00:00","dateModified":"2025-05-22T19:54:58+00:00","description":"Nasenscheidewand OP - Erfahren Sie hier alles \u00fcber eine Nasenscheidewand OP und wie wir Ihnen helfen k\u00f6nnen. Jetzt beraten lassen!","breadcrumb":{"@id":"https:\/\/schwab-orl.ch\/nasenscheidewand-op-septumkorrektur#breadcrumb"},"inLanguage":"it-IT","potentialAction":[{"@type":"ReadAction","target":["https:\/\/schwab-orl.ch\/nasenscheidewand-op-septumkorrektur"]}]},{"@type":"BreadcrumbList","@id":"https:\/\/schwab-orl.ch\/nasenscheidewand-op-septumkorrektur#breadcrumb","itemListElement":[{"@type":"ListItem","position":1,"name":"Startseite","item":"https:\/\/schwab-orl.ch\/"},{"@type":"ListItem","position":2,"name":"Nasenscheidewand OP Septumkorrektur"}]},{"@type":"WebSite","@id":"https:\/\/schwab-orl.ch\/#website","url":"https:\/\/schwab-orl.ch\/","name":"Dr. Schwab","description":"","publisher":{"@id":"https:\/\/schwab-orl.ch\/#\/schema\/person\/36072d24125f810c40545dd3fe125792"},"potentialAction":[{"@type":"SearchAction","target":{"@type":"EntryPoint","urlTemplate":"https:\/\/schwab-orl.ch\/?s={search_term_string}"},"query-input":"required name=search_term_string"}],"inLanguage":"it-IT"},{"@type":["Person","Organization"],"@id":"https:\/\/schwab-orl.ch\/#\/schema\/person\/36072d24125f810c40545dd3fe125792","name":"JanSchwab","image":{"@type":"ImageObject","inLanguage":"it-IT","@id":"https:\/\/schwab-orl.ch\/#\/schema\/person\/image\/","url":"https:\/\/schwab-orl.ch\/wp-content\/uploads\/2020\/04\/Schwab-Logo-mit-Schriftzug-kompakt.svg","contentUrl":"https:\/\/schwab-orl.ch\/wp-content\/uploads\/2020\/04\/Schwab-Logo-mit-Schriftzug-kompakt.svg","width":1550,"height":106,"caption":"JanSchwab"},"logo":{"@id":"https:\/\/schwab-orl.ch\/#\/schema\/person\/image\/"}}]}},"_links":{"self":[{"href":"https:\/\/schwab-orl.ch\/it\/wp-json\/wp\/v2\/pages\/1113"}],"collection":[{"href":"https:\/\/schwab-orl.ch\/it\/wp-json\/wp\/v2\/pages"}],"about":[{"href":"https:\/\/schwab-orl.ch\/it\/wp-json\/wp\/v2\/types\/page"}],"author":[{"embeddable":true,"href":"https:\/\/schwab-orl.ch\/it\/wp-json\/wp\/v2\/users\/4"}],"replies":[{"embeddable":true,"href":"https:\/\/schwab-orl.ch\/it\/wp-json\/wp\/v2\/comments?post=1113"}],"version-history":[{"count":19,"href":"https:\/\/schwab-orl.ch\/it\/wp-json\/wp\/v2\/pages\/1113\/revisions"}],"predecessor-version":[{"id":2113,"href":"https:\/\/schwab-orl.ch\/it\/wp-json\/wp\/v2\/pages\/1113\/revisions\/2113"}],"wp:attachment":[{"href":"https:\/\/schwab-orl.ch\/it\/wp-json\/wp\/v2\/media?parent=1113"}],"curies":[{"name":"wp","href":"https:\/\/api.w.org\/{rel}","templated":true}]}}