{"id":1172,"date":"2020-11-04T07:17:39","date_gmt":"2020-11-04T07:17:39","guid":{"rendered":"https:\/\/schwab-orl.ch\/?page_id=1172"},"modified":"2020-11-04T07:22:15","modified_gmt":"2020-11-04T07:22:15","slug":"corona-gesichtsmaske","status":"publish","type":"page","link":"https:\/\/schwab-orl.ch\/it\/corona-gesichtsmaske","title":{"rendered":"Corona Gesichtsmaske"},"content":{"rendered":"<div data-elementor-type=\"wp-page\" data-elementor-id=\"1172\" class=\"elementor elementor-1172\" data-elementor-post-type=\"page\">\n\t\t\t\t\t\t\t\t\t<section class=\"elementor-section elementor-top-section elementor-element elementor-element-7d1a17c elementor-section-boxed elementor-section-height-default elementor-section-height-default\" data-id=\"7d1a17c\" data-element_type=\"section\">\n\t\t\t\t\t\t<div class=\"elementor-container elementor-column-gap-default\">\n\t\t\t\t\t<div class=\"elementor-column elementor-col-100 elementor-top-column elementor-element elementor-element-4c603a0\" data-id=\"4c603a0\" data-element_type=\"column\">\n\t\t\t<div class=\"elementor-widget-wrap\">\n\t\t\t\t\t\t\t\t\t<\/div>\n\t\t<\/div>\n\t\t\t\t\t\t\t<\/div>\n\t\t<\/section>\n\t\t\t\t<section class=\"elementor-section elementor-top-section elementor-element elementor-element-37d7207 elementor-section-boxed elementor-section-height-default elementor-section-height-default\" data-id=\"37d7207\" data-element_type=\"section\">\n\t\t\t\t\t\t<div class=\"elementor-container elementor-column-gap-default\">\n\t\t\t\t\t<div class=\"elementor-column elementor-col-100 elementor-top-column elementor-element elementor-element-d126b30\" data-id=\"d126b30\" data-element_type=\"column\">\n\t\t\t<div class=\"elementor-widget-wrap elementor-element-populated\">\n\t\t\t\t\t\t\t\t<div class=\"elementor-element elementor-element-c5017e4 elementor-widget elementor-widget-spacer\" data-id=\"c5017e4\" data-element_type=\"widget\" data-widget_type=\"spacer.default\">\n\t\t\t\t<div class=\"elementor-widget-container\">\n\t\t\t\t\t<div class=\"elementor-spacer\">\n\t\t\t<div class=\"elementor-spacer-inner\"><\/div>\n\t\t<\/div>\n\t\t\t\t<\/div>\n\t\t\t\t<\/div>\n\t\t\t\t\t<\/div>\n\t\t<\/div>\n\t\t\t\t\t\t\t<\/div>\n\t\t<\/section>\n\t\t\t\t<section class=\"elementor-section elementor-top-section elementor-element elementor-element-b07f68b elementor-section-boxed elementor-section-height-default elementor-section-height-default\" data-id=\"b07f68b\" data-element_type=\"section\">\n\t\t\t\t\t\t<div class=\"elementor-container elementor-column-gap-default\">\n\t\t\t\t\t<div class=\"elementor-column elementor-col-100 elementor-top-column elementor-element elementor-element-6f2e9b5\" data-id=\"6f2e9b5\" data-element_type=\"column\">\n\t\t\t<div class=\"elementor-widget-wrap elementor-element-populated\">\n\t\t\t\t\t\t\t\t<div class=\"elementor-element elementor-element-654aaf7 elementor-widget elementor-widget-heading\" data-id=\"654aaf7\" data-element_type=\"widget\" data-widget_type=\"heading.default\">\n\t\t\t\t<div class=\"elementor-widget-container\">\n\t\t\t<h1 class=\"elementor-heading-title elementor-size-default\">CORONA GESICHTSMASKE\u200b<\/h1>\t\t<\/div>\n\t\t\t\t<\/div>\n\t\t\t\t\t<\/div>\n\t\t<\/div>\n\t\t\t\t\t\t\t<\/div>\n\t\t<\/section>\n\t\t\t\t<section class=\"elementor-section elementor-top-section elementor-element elementor-element-f096918 elementor-section-boxed elementor-section-height-default elementor-section-height-default\" data-id=\"f096918\" data-element_type=\"section\">\n\t\t\t\t\t\t<div class=\"elementor-container elementor-column-gap-default\">\n\t\t\t\t\t<div class=\"elementor-column elementor-col-100 elementor-top-column elementor-element elementor-element-9b30f84\" data-id=\"9b30f84\" data-element_type=\"column\">\n\t\t\t<div class=\"elementor-widget-wrap elementor-element-populated\">\n\t\t\t\t\t\t\t\t<div class=\"elementor-element elementor-element-7638643 elementor-widget elementor-widget-text-editor\" data-id=\"7638643\" data-element_type=\"widget\" data-widget_type=\"text-editor.default\">\n\t\t\t\t<div class=\"elementor-widget-container\">\n\t\t\t\t\t\t\t<h2>Aus aktuellem Anlass: Haben Sie Beschwerden durch die Verwendung der Mund-Nasenmaske \/ Corona Gesichtsmaske?<\/h2><p>Die Corona Pandemie zwingt die Menschheit weltweit und wahrscheinlich dauerhaft zum Tragen von Masken in der \u00d6ffentlichkeit und im t\u00e4glichen Leben. Ob im Restaurant, den \u00f6ffentlichen Verkehrsmitteln oder im Beruf: Das Tragen einer Maske bestimmt dadurch unseren Alltag und ist nunmehr kaum wegzudenken. H\u00e4ufig klagen Maskentr\u00e4ger \u00fcber Beschwerden wie etwa Atemnot, Reizzust\u00e4nde der Atemwege, Verschleimung, Klo\u00dfgef\u00fchl im Hals und Kopfschmerzen, Konzentrationsverlust, sowie M\u00fcdigkeit und Abgeschlagenheit. Dies muss jedoch nicht sein. Derartige Symptome sind h\u00e4ufig leicht behandelbar.<\/p><p>Klagen Sie auch \u00fcber Beschwerden? Im Folgenden finden Sie die wichtigsten Problemfelder auf einen Blick:<\/p><h2>1. Allgemeine Informationen zur Atemschutzmaske:<\/h2><p>Die meisten Menschen beobachten an sich selbst und auch an den Mitmenschen eine Atemnot bei Anstrengung, aber auch in Ruhe w\u00e4hrend des Tragens einer Mund-Nasenbedeckung, bzw. eines Mund- Nasen Schutzes. In Abh\u00e4ngigkeit der Maskenform und der Wahl des Materials k\u00f6nnen deutliche Einschr\u00e4nkungen des individuellen Gasaustausches bestehen. Die \u00fcberwiegende Mehrheit der Bev\u00f6lkerung tr\u00e4gt entweder Textil-Masken oder einfache Papier-Masken. Diese haben eine Porengr\u00f6\u00dfe, welche je nach Material variiert. Dabei sind die Masken nicht dicht anliegend, sodass hier der Luftstrom sowohl durch das Maskenmaterial, aber auch zu allen Seiten der Maske ein- und ausstr\u00f6men kann. Dadurch erf\u00e4hrt man allenfalls eine geringe Steigerung des Atemwegswiderstandes. Allerdings findet sich bereits eine Steigerung des Kohlendioxid Anteils aus der Ausatemluft, der wieder eingeatmet wird. Die Porengr\u00f6\u00dfe ist durch die jeweiligen staatlichen Stellen nicht dezidiert vorgeschrieben. Im Wortlaut heisst es nur, dass eine geeignete Bedeckung des Mundes und der Nase getragen werden muss. Diese Form der Maskierung verbessert zwar den Fremdschutz, aber nicht den Eigenschutz.<\/p><p>Medizinisches Personal muss wegen der erh\u00f6hten Exposition mit luftgebundenen Partikeln bzw. Erregern, Masken mit einer geeigneten Porengr\u00f6\u00dfe tragen, die eine Filtration der Partikel aus der eingeatmeten Luft sicherstellen. Dazu gibt es eine Medizinprodukterichtlinie und eine Europ\u00e4ische Norm. Hierbei gibt es Masken, die je nach Ursprungsland bzw. Land der Verwendung unterschiedliche Qualit\u00e4tsbezeichnungen haben. In Europa sind die FFP 2 (Filtering Face Piece) und die FFP3 Masken die am h\u00e4ufigsten verwendeten Corona-Schutzmasken. Dabei sollen Partikel der Gr\u00f6\u00dfe von SARS Covid-19 Viren zu 95% bzw. zu fast 100% respektive, gefiltert werden. Je dichter der Filter, desto h\u00f6her der Atemwegswiderstand. Dieser kann bis zu 60 Pa\/cm2 betragen. Medizinisches Personal muss diese Masken praktisch w\u00e4hrend des gesamten Arbeitstages ununterbrochen tragen. Dies f\u00fchrt viele Maskentr\u00e4ger an die Grenze der zumutbaren Belastung.<\/p><h2>2. Problemfeld Atemwege: Atemnot, Sauerstoffents\u00e4ttigungen, Nasen- und Kopfschmerzen<\/h2><p>Jedem der diese Masken tr\u00e4gt, ist der sehr spezifische, nicht immer angenehme Geruch dieser Masken aufgefallen, der durch das verwendete Matrial (Meltblown Vlie\u00df), bzw den Klebstoff bedingt ist. Viele beklagen dass dadurch ein Reizzustand der Nase provoziert w\u00fcrde, der in einem w\u00e4ssrigen Nasenlaufen resultieren w\u00fcrde. Das fortw\u00e4hrende Auf- und Absetzen der Maske zum Schn\u00e4uzen ist aber aus Seuchenschutz und hygienischen Aspekten nicht w\u00fcnschenswert, da sonst eine Viruskontamination wahrscheinlich wird.<\/p><p>Menschen mit Vorerkrankungen der Atemwege, allen voran Asthmatiker, Allergiker, Menschen mit Gasaustauschst\u00f6rungen, chronisch obstruktive Lungenerkrankungen, Menschen mit An\u00e4mie, also zu wenig H\u00e4moglobin, das den Sauerstoff im Blut transportiert oder Menschen mit \u00c4ngsten, also Phobien erfahren durch das Tragen der Masken eine deutliche Einschr\u00e4nkung ihrer Lebensqualit\u00e4t. Eine zuvor schon bestehende Nasenatmungsbehinderung und\/oder Menschen die unter einer obstruktiven Schlafapnoe leiden, erleben durch die Corona-Maske einen zus\u00e4tzlichen Atemwegswiderstand, der schlie\u00dflich die Mundatmung erzwingt. Mundatmung sch\u00e4digt aber langfristig den K\u00f6rper. Die Nase als pers\u00f6nliche Klimaanlage wird von dem Atemstr\u00f6men quasi abgekoppelt. Die Filtration, die Erw\u00e4rmung, die Befeuchtung der Atemluft kann durch die Mundatmung nicht gew\u00e4hrleistet werden. In der Folge kann es zum Austrocknen der Mund- und Rachenschleimhaut, wie auch der Luftr\u00f6hre und Bronchien kommen. Die Folge ist Hustenreiz und ein l\u00e4stiges Klo\u00dfgef\u00fchl im Hals. Zuvor bestehende Atemwegsprobleme werden somit noch verst\u00e4rkt.<\/p><p>Menschen mit Schlafapnoe leiden damit doppelt. Der Nachtschlaf ist schon nicht erholsam und Sauerstoffents\u00e4ttigungen st\u00f6ren die Schlafarchitektur. Der erholsame REM-Schlaf und der Tiefschlaf werden h\u00e4ufig gar nicht mehr erreicht. Die durch die Atempausen ausgel\u00f6sten immer wiederkehrenden Adrenalinaussch\u00fcttungen beeinflussen die Herz-Kreislauf Situation massiv. Tagesm\u00fcdigkeit und Leistungsknick treten dabei fast regelm\u00e4\u00dfig auf. Bei dieser Vorbelastung wirkt sich eine weitere Steigerung des Atemwegswiderstandes und eine Erh\u00f6hung des Kohlendioxids durch die ausgeatmete Luft in der Maske w\u00e4hrend des Tragens am Tage noch fataler aus.<br \/>Die Reduktion von Sauerstoff und die Steigerung von Kohlendioxid in der eingeatmeten Luft f\u00fchren in der Regel zu Kopfschmerz und Konzentrationsst\u00f6rungen.<br \/>Bei manchen anatomischen Formvarianten der \u00e4u\u00dferen Nase kann das Tragen einer Maske entweder schmerzhaft sein, da Druckstellen und unter Umst\u00e4nden auch Pickel an den Auflagestellen der Maske durch Hautverunreinigungen entstehen. In manchen F\u00e4llen hingegen ist die notwendige Abdichtung unter Umst\u00e4nden nicht gew\u00e4hrleistet.<\/p><p>Eine gr\u00fcndliche HNO- \u00e4rztliche Untersuchung kann dabei helfen eventuell schon lange bestehende Atemwegswiderst\u00e4nde zu identifizieren und deren Effekt auf den Organismus abzusch\u00e4tzen. Neben medikament\u00f6sen und apparativen Ma\u00dfnahmen gibt es eine ganze Reihe von Operationsm\u00f6glichkeiten um die Atemwege wider in einen normalen Zustand zur\u00fcckzuf\u00fchren.<\/p><h2>3. Problemfeld Ohren: H\u00f6rverstehen und Ohrenschmerzen<\/h2><p>H\u00f6rgesch\u00e4digte, die entweder Tr\u00e4ger eines H\u00f6rger\u00e4tes sind, oder durch Lippenablesen, bzw. Kontrolle des Mundbildes noch eine gewisses Sprachverstehen haben und dadurch noch kein H\u00f6rger\u00e4t ben\u00f6tigen, obwohl sie sich an der Grenze zur Notwendigkeit einer H\u00f6rger\u00e4teversorgung befinden, kommen auf einmal nicht mehr klar, wenn ihre Umgebung und ihre Gespr\u00e4chspartner maskiert sind. Sp\u00e4testens zu diesem Zeitpunkt ist eine individuelle ORL Kontrolle mit Durchf\u00fchrung einer H\u00f6rpr\u00fcfung sinnvoll und notwendig.<\/p><p>Ohrenschmerzen und H\u00f6rminderung k\u00f6nnen allerdings auch von einer verminderten Tubenventilation in Folge einer Verstopfung der nasalen Bel\u00fcftungswege herr\u00fchren.<\/p><p>Die Gummiz\u00fcge der Mund- Nasenmasken werden durch die Ohrmuschel gehalten. Die meisten versp\u00fcren nach l\u00e4ngerem Tragen der Maske einen lokalen Druckschmerz mit und ohne gleichzeitige Verformung der Ohrmuschel. Dabei kommt es oft zu grotesken Verformungen der Ohrmuschel, die h\u00e4ufig genug entstellend wirken und dabei auch noch die Gummiz\u00fcgel von der nunmehr verformten knorpeligen Ohrmuschel abgleiten lassen. Menschen, die neben ihrer Brille auch noch ein H\u00f6rger\u00e4t tragen, kommen dann gar nicht mehr zurecht, wenn es um das Auf- oder Absetzen einer der drei Hilfsmittel geht. Die Krankenkassen sind mittlerweile daran gew\u00f6hnt, dass sie vermehrt Ersatz f\u00fcr H\u00f6rger\u00e4te leisten m\u00fcssen, da diese schon bei Menschen mit guter Fingerfertigkeit dabei h\u00e4ufiger verloren gehen. Ist die manuelle Geschicklichkeit oder das Heben des Armes durch neurologische oder orthop\u00e4dische Erkrankungen eingeschr\u00e4nkt, so f\u00fchlen sich die Betroffenen h\u00e4ufig \u00fcberfordert.<br \/>Dauerhaft verformte Ohrmuscheln, k\u00f6nnen durch eine korrigierende Ohrmuschelanlegeplastik wieder in einen ansprechenden Zustand zur\u00fcckgef\u00fchrt werden.<\/p><h2>4. Problemfeld Stimme und Kommunikation:<\/h2><p>Menschen mit Kommunikationsst\u00f6rungen, Heiserkeit oder Stottern erfahren durch die D\u00e4mpfung des Sprechschalls, den die Corona Maske aus\u00fcbt, eine zus\u00e4tzliche Belastung. Sie m\u00fcssen je nach der Umgebung, in der sie sich aufhalten lauter sprechen, k\u00f6nnen dies aber h\u00e4ufig nicht. Die Stimme \u201ekippt\u201c, die Heiserkeit oder das Stottern nehmen zu. Der oder die Gespr\u00e4chspartner verstehen nicht oder verlieren das Interesse an der Kommunikation. Die Folge ist ein sozialer R\u00fcckzug, der h\u00e4ufig genug in einer Depression resultieren kann.<\/p><p>Kommunikationsberufe wie Lehrer, Manager, Sprecher, S\u00e4nger und viele andere, die mit Sprechen ihr Geld verdienen, bemerken dass viel mehr Kraft aufgewendet werden muss, wenn die Corona Maske getragen wird, als wenn Video-Konferenzen online abgehalten werden und die Mund-Nasen-Maske dabei nicht getragen wird. Eine stimmliche Ersch\u00f6pfung ist die Folge, die h\u00e4ufig genug nicht unmittelbar in Heiserkeit resultieren muss, sondern sich auch als Klo\u00df- oder Verkrampfungsgef\u00fchl im Hals \u00e4u\u00dfern, oder in der Kehlkopf- Gegend wahrgenommen werden kann. Um der Austrocknung der Schleimh\u00e4ute entgegenzuwirken versuchen diese vermehrt Schleim abzusondern, was von den Betroffenen als massive Verschleimung mit und ohne R\u00e4usperzwang empfunden wird.<\/p><p>Nicht allen Berufen ist es aber m\u00f6glich \u201eonline\u201c zu gehen. H\u00e4ufig genug ist der Mensch oder das Gesch\u00e4ftsmodell auf den pers\u00f6nlichen Kontakt angewiesen.<\/p><p>Hier kann eine gezielte ORL Diagnostik der anatomischen Gegebenheiten des Kehlkopfs und der individuellen Stimmbelastung Aufschl\u00fcsse \u00fcber die jeweilige Belastungstoleranz geben. Bei auff\u00e4lligen Befunden kann ein gezieltes und auf die individuellen Bed\u00fcrfnisse ausgerichtetes Stimmkr\u00e4ftigungstraining zu einer deutlichen Verbesserung der Performance und damit zur pers\u00f6nlichen Zufriedenheit f\u00fchren.<\/p><h3>Haben auch Sie Beschwerden der Maske?<\/h3><p>Wir wir beraten Sie gerne. Vereinbaren Sie einfach ein Termin unter folgender Telefonnummer: <a href=\"tel:+41442504343\">+41 44 250 43 43<\/a><\/p><p>Bleiben Sie gesund<\/p><p>Ihr Dr. Schwab<\/p>\t\t\t\t\t\t<\/div>\n\t\t\t\t<\/div>\n\t\t\t\t\t<\/div>\n\t\t<\/div>\n\t\t\t\t\t\t\t<\/div>\n\t\t<\/section>\n\t\t\t\t<section class=\"elementor-section elementor-top-section elementor-element elementor-element-541747b elementor-section-boxed elementor-section-height-default elementor-section-height-default\" data-id=\"541747b\" data-element_type=\"section\">\n\t\t\t\t\t\t<div class=\"elementor-container elementor-column-gap-default\">\n\t\t\t\t\t<div class=\"elementor-column elementor-col-100 elementor-top-column elementor-element elementor-element-20362d8\" data-id=\"20362d8\" data-element_type=\"column\">\n\t\t\t<div class=\"elementor-widget-wrap elementor-element-populated\">\n\t\t\t\t\t\t\t\t<div class=\"elementor-element elementor-element-226c2ea elementor-widget elementor-widget-spacer\" data-id=\"226c2ea\" data-element_type=\"widget\" data-widget_type=\"spacer.default\">\n\t\t\t\t<div class=\"elementor-widget-container\">\n\t\t\t\t\t<div class=\"elementor-spacer\">\n\t\t\t<div class=\"elementor-spacer-inner\"><\/div>\n\t\t<\/div>\n\t\t\t\t<\/div>\n\t\t\t\t<\/div>\n\t\t\t\t\t<\/div>\n\t\t<\/div>\n\t\t\t\t\t\t\t<\/div>\n\t\t<\/section>\n\t\t\t\t\t\t\t<\/div>","protected":false},"excerpt":{"rendered":"<p>CORONA GESICHTSMASKE\u200b Aus aktuellem Anlass: Haben Sie Beschwerden durch die Verwendung der Mund-Nasenmaske \/ Corona Gesichtsmaske? Die Corona Pandemie zwingt die Menschheit weltweit und wahrscheinlich dauerhaft zum Tragen von Masken in der \u00d6ffentlichkeit und im t\u00e4glichen Leben. Ob im Restaurant, den \u00f6ffentlichen Verkehrsmitteln oder im Beruf: Das Tragen einer Maske bestimmt dadurch unseren Alltag und &#8230; <a title=\"Corona Gesichtsmaske\" class=\"read-more\" href=\"https:\/\/schwab-orl.ch\/it\/corona-gesichtsmaske\" aria-label=\"Leggi di pi\u00f9 su Corona Gesichtsmaske\">Leggi tutto<\/a><\/p>","protected":false},"author":4,"featured_media":0,"parent":0,"menu_order":0,"comment_status":"closed","ping_status":"closed","template":"elementor_header_footer","meta":{"footnotes":""},"yoast_head":"<!-- This site is optimized with the Yoast SEO plugin v21.7 - https:\/\/yoast.com\/wordpress\/plugins\/seo\/ -->\n<title>Corona Gesichtsmaske | Dr. Schwab<\/title>\n<meta name=\"robots\" content=\"index, follow, max-snippet:-1, max-image-preview:large, max-video-preview:-1\" \/>\n<link rel=\"canonical\" href=\"https:\/\/schwab-orl.ch\/it\/corona-gesichtsmaske\/\" \/>\n<meta property=\"og:locale\" content=\"it_IT\" \/>\n<meta property=\"og:type\" content=\"article\" \/>\n<meta property=\"og:title\" content=\"Corona Gesichtsmaske | Dr. Schwab\" \/>\n<meta property=\"og:description\" content=\"CORONA GESICHTSMASKE\u200b Aus aktuellem Anlass: Haben Sie Beschwerden durch die Verwendung der Mund-Nasenmaske \/ Corona Gesichtsmaske? Die Corona Pandemie zwingt die Menschheit weltweit und wahrscheinlich dauerhaft zum Tragen von Masken in der \u00d6ffentlichkeit und im t\u00e4glichen Leben. Ob im Restaurant, den \u00f6ffentlichen Verkehrsmitteln oder im Beruf: Das Tragen einer Maske bestimmt dadurch unseren Alltag und ... Leggi tutto\" \/>\n<meta property=\"og:url\" content=\"https:\/\/schwab-orl.ch\/it\/corona-gesichtsmaske\/\" \/>\n<meta property=\"og:site_name\" content=\"Dr. Schwab\" \/>\n<meta property=\"article:modified_time\" content=\"2020-11-04T07:22:15+00:00\" \/>\n<meta name=\"twitter:card\" content=\"summary_large_image\" \/>\n<meta name=\"twitter:label1\" content=\"Tempo di lettura stimato\" \/>\n\t<meta name=\"twitter:data1\" content=\"7 minuti\" \/>\n<script type=\"application\/ld+json\" class=\"yoast-schema-graph\">{\"@context\":\"https:\/\/schema.org\",\"@graph\":[{\"@type\":\"WebPage\",\"@id\":\"https:\/\/schwab-orl.ch\/corona-gesichtsmaske\",\"url\":\"https:\/\/schwab-orl.ch\/corona-gesichtsmaske\",\"name\":\"Corona Gesichtsmaske | Dr. Schwab\",\"isPartOf\":{\"@id\":\"https:\/\/schwab-orl.ch\/#website\"},\"datePublished\":\"2020-11-04T07:17:39+00:00\",\"dateModified\":\"2020-11-04T07:22:15+00:00\",\"breadcrumb\":{\"@id\":\"https:\/\/schwab-orl.ch\/corona-gesichtsmaske#breadcrumb\"},\"inLanguage\":\"it-IT\",\"potentialAction\":[{\"@type\":\"ReadAction\",\"target\":[\"https:\/\/schwab-orl.ch\/corona-gesichtsmaske\"]}]},{\"@type\":\"BreadcrumbList\",\"@id\":\"https:\/\/schwab-orl.ch\/corona-gesichtsmaske#breadcrumb\",\"itemListElement\":[{\"@type\":\"ListItem\",\"position\":1,\"name\":\"Startseite\",\"item\":\"https:\/\/schwab-orl.ch\/\"},{\"@type\":\"ListItem\",\"position\":2,\"name\":\"Corona Gesichtsmaske\"}]},{\"@type\":\"WebSite\",\"@id\":\"https:\/\/schwab-orl.ch\/#website\",\"url\":\"https:\/\/schwab-orl.ch\/\",\"name\":\"Dr. Schwab\",\"description\":\"\",\"publisher\":{\"@id\":\"https:\/\/schwab-orl.ch\/#\/schema\/person\/36072d24125f810c40545dd3fe125792\"},\"potentialAction\":[{\"@type\":\"SearchAction\",\"target\":{\"@type\":\"EntryPoint\",\"urlTemplate\":\"https:\/\/schwab-orl.ch\/?s={search_term_string}\"},\"query-input\":\"required name=search_term_string\"}],\"inLanguage\":\"it-IT\"},{\"@type\":[\"Person\",\"Organization\"],\"@id\":\"https:\/\/schwab-orl.ch\/#\/schema\/person\/36072d24125f810c40545dd3fe125792\",\"name\":\"JanSchwab\",\"image\":{\"@type\":\"ImageObject\",\"inLanguage\":\"it-IT\",\"@id\":\"https:\/\/schwab-orl.ch\/#\/schema\/person\/image\/\",\"url\":\"https:\/\/schwab-orl.ch\/wp-content\/uploads\/2020\/04\/Schwab-Logo-mit-Schriftzug-kompakt.svg\",\"contentUrl\":\"https:\/\/schwab-orl.ch\/wp-content\/uploads\/2020\/04\/Schwab-Logo-mit-Schriftzug-kompakt.svg\",\"width\":1550,\"height\":106,\"caption\":\"JanSchwab\"},\"logo\":{\"@id\":\"https:\/\/schwab-orl.ch\/#\/schema\/person\/image\/\"}}]}<\/script>\n<!-- \/ Yoast SEO plugin. -->","yoast_head_json":{"title":"Corona Gesichtsmaske | Dr. Schwab","robots":{"index":"index","follow":"follow","max-snippet":"max-snippet:-1","max-image-preview":"max-image-preview:large","max-video-preview":"max-video-preview:-1"},"canonical":"https:\/\/schwab-orl.ch\/it\/corona-gesichtsmaske\/","og_locale":"it_IT","og_type":"article","og_title":"Corona Gesichtsmaske | Dr. Schwab","og_description":"CORONA GESICHTSMASKE\u200b Aus aktuellem Anlass: Haben Sie Beschwerden durch die Verwendung der Mund-Nasenmaske \/ Corona Gesichtsmaske? Die Corona Pandemie zwingt die Menschheit weltweit und wahrscheinlich dauerhaft zum Tragen von Masken in der \u00d6ffentlichkeit und im t\u00e4glichen Leben. Ob im Restaurant, den \u00f6ffentlichen Verkehrsmitteln oder im Beruf: Das Tragen einer Maske bestimmt dadurch unseren Alltag und ... Leggi tutto","og_url":"https:\/\/schwab-orl.ch\/it\/corona-gesichtsmaske\/","og_site_name":"Dr. Schwab","article_modified_time":"2020-11-04T07:22:15+00:00","twitter_card":"summary_large_image","twitter_misc":{"Tempo di lettura stimato":"7 minuti"},"schema":{"@context":"https:\/\/schema.org","@graph":[{"@type":"WebPage","@id":"https:\/\/schwab-orl.ch\/corona-gesichtsmaske","url":"https:\/\/schwab-orl.ch\/corona-gesichtsmaske","name":"Corona Gesichtsmaske | Dr. Schwab","isPartOf":{"@id":"https:\/\/schwab-orl.ch\/#website"},"datePublished":"2020-11-04T07:17:39+00:00","dateModified":"2020-11-04T07:22:15+00:00","breadcrumb":{"@id":"https:\/\/schwab-orl.ch\/corona-gesichtsmaske#breadcrumb"},"inLanguage":"it-IT","potentialAction":[{"@type":"ReadAction","target":["https:\/\/schwab-orl.ch\/corona-gesichtsmaske"]}]},{"@type":"BreadcrumbList","@id":"https:\/\/schwab-orl.ch\/corona-gesichtsmaske#breadcrumb","itemListElement":[{"@type":"ListItem","position":1,"name":"Startseite","item":"https:\/\/schwab-orl.ch\/"},{"@type":"ListItem","position":2,"name":"Corona Gesichtsmaske"}]},{"@type":"WebSite","@id":"https:\/\/schwab-orl.ch\/#website","url":"https:\/\/schwab-orl.ch\/","name":"Dr. Schwab","description":"","publisher":{"@id":"https:\/\/schwab-orl.ch\/#\/schema\/person\/36072d24125f810c40545dd3fe125792"},"potentialAction":[{"@type":"SearchAction","target":{"@type":"EntryPoint","urlTemplate":"https:\/\/schwab-orl.ch\/?s={search_term_string}"},"query-input":"required name=search_term_string"}],"inLanguage":"it-IT"},{"@type":["Person","Organization"],"@id":"https:\/\/schwab-orl.ch\/#\/schema\/person\/36072d24125f810c40545dd3fe125792","name":"JanSchwab","image":{"@type":"ImageObject","inLanguage":"it-IT","@id":"https:\/\/schwab-orl.ch\/#\/schema\/person\/image\/","url":"https:\/\/schwab-orl.ch\/wp-content\/uploads\/2020\/04\/Schwab-Logo-mit-Schriftzug-kompakt.svg","contentUrl":"https:\/\/schwab-orl.ch\/wp-content\/uploads\/2020\/04\/Schwab-Logo-mit-Schriftzug-kompakt.svg","width":1550,"height":106,"caption":"JanSchwab"},"logo":{"@id":"https:\/\/schwab-orl.ch\/#\/schema\/person\/image\/"}}]}},"_links":{"self":[{"href":"https:\/\/schwab-orl.ch\/it\/wp-json\/wp\/v2\/pages\/1172"}],"collection":[{"href":"https:\/\/schwab-orl.ch\/it\/wp-json\/wp\/v2\/pages"}],"about":[{"href":"https:\/\/schwab-orl.ch\/it\/wp-json\/wp\/v2\/types\/page"}],"author":[{"embeddable":true,"href":"https:\/\/schwab-orl.ch\/it\/wp-json\/wp\/v2\/users\/4"}],"replies":[{"embeddable":true,"href":"https:\/\/schwab-orl.ch\/it\/wp-json\/wp\/v2\/comments?post=1172"}],"version-history":[{"count":6,"href":"https:\/\/schwab-orl.ch\/it\/wp-json\/wp\/v2\/pages\/1172\/revisions"}],"predecessor-version":[{"id":1180,"href":"https:\/\/schwab-orl.ch\/it\/wp-json\/wp\/v2\/pages\/1172\/revisions\/1180"}],"wp:attachment":[{"href":"https:\/\/schwab-orl.ch\/it\/wp-json\/wp\/v2\/media?parent=1172"}],"curies":[{"name":"wp","href":"https:\/\/api.w.org\/{rel}","templated":true}]}}