{"id":1463,"date":"2023-01-12T09:34:51","date_gmt":"2023-01-12T09:34:51","guid":{"rendered":"https:\/\/schwab-orl.ch\/?page_id=1463"},"modified":"2023-01-16T11:02:56","modified_gmt":"2023-01-16T11:02:56","slug":"reflux-sodbrennen","status":"publish","type":"page","link":"https:\/\/schwab-orl.ch\/it\/reflux-sodbrennen","title":{"rendered":"Reflux &#8211; Sodbrennen"},"content":{"rendered":"<div data-elementor-type=\"wp-page\" data-elementor-id=\"1463\" class=\"elementor elementor-1463\" data-elementor-post-type=\"page\">\n\t\t\t\t\t\t\t\t\t<section class=\"elementor-section elementor-top-section elementor-element elementor-element-e6591fe elementor-section-boxed elementor-section-height-default elementor-section-height-default\" data-id=\"e6591fe\" data-element_type=\"section\">\n\t\t\t\t\t\t<div class=\"elementor-container elementor-column-gap-default\">\n\t\t\t\t\t<div class=\"elementor-column elementor-col-100 elementor-top-column elementor-element elementor-element-ffef25a\" data-id=\"ffef25a\" data-element_type=\"column\">\n\t\t\t<div class=\"elementor-widget-wrap elementor-element-populated\">\n\t\t\t\t\t\t\t\t<div class=\"elementor-element elementor-element-6a611e0 elementor-widget elementor-widget-spacer\" data-id=\"6a611e0\" data-element_type=\"widget\" data-widget_type=\"spacer.default\">\n\t\t\t\t<div class=\"elementor-widget-container\">\n\t\t\t\t\t<div class=\"elementor-spacer\">\n\t\t\t<div class=\"elementor-spacer-inner\"><\/div>\n\t\t<\/div>\n\t\t\t\t<\/div>\n\t\t\t\t<\/div>\n\t\t\t\t<div class=\"elementor-element elementor-element-84d4713 elementor-widget elementor-widget-text-editor\" data-id=\"84d4713\" data-element_type=\"widget\" data-widget_type=\"text-editor.default\">\n\t\t\t\t<div class=\"elementor-widget-container\">\n\t\t\t\t\t\t\t<h2>Malattia da reflusso e bruciore di stomaco<\/h2><p>Il famoso \"nodo in gola\" e i problemi di deglutizione sono spesso un reflusso di acidi gastrici non individuato e quindi non trattato. Nei paesi industrializzati, il numero di persone che soffrono di malattia da reflusso non diagnosticata raggiunge il 15% ed \u00e8 in aumento. Le abitudini alimentari e di vita sono i fattori scatenanti. Il reflusso a lungo termine pu\u00f2 danneggiare la mucosa a tal punto che le cellule possono essere rimodellate e persino diventare aggressivamente cancerose.<\/p><h2>Come si sviluppa la malattia da reflusso?<\/h2><p>La malattia da reflusso gastro-esofageo (GERD) \u00e8 causata dal reflusso del contenuto dello stomaco nell'esofago, che fa s\u00ec che l'acido raggiunga membrane mucose non preparate ad accoglierlo. Il risultato sono sintomi fastidiosi come il bruciore di stomaco o complicazioni come un'ulcera locale. Il reflusso dallo stomaco pu\u00f2 contenere acidi di diversa intensit\u00e0 ed essere basico, liquido o gassoso.<\/p><h3>I sintomi<\/h3><ul><li>I sintomi sono molteplici:<\/li><li>Innanzitutto, il dolore dietro lo sterno, simile a quello che si prova durante un attacco cardiaco.<\/li><li>Rigurgito acido con o senza parti del contenuto dello stomaco<\/li><li>Difficolt\u00e0 a deglutire<\/li><li>Dolore durante la deglutizione<\/li><\/ul><p>Oltre all'esofago, possono essere colpite anche altre aree. Tra queste vi sono:<\/p><ul><li>infiammazione cronica della laringe (laringite) con relativa raucedine<\/li><li>Schiarimento compulsivo della gola<\/li><li>Tosse cronica<\/li><li>Asma<\/li><li>Cambiamenti nei denti<\/li><\/ul><p>In casi pronunciati \u00e8 possibile stabilire una connessione con altre malattie:<\/p><ul><li>sinusite cronica (infiammazione dei seni paranasali)<\/li><li>faringite (infiammazione della gola)<\/li><li>fibrosi polmonare<\/li><li>infiammazione dell'orecchio medio<\/li><\/ul><p>Inoltre, la malattia da reflusso \u00e8 correlata a<\/p><ul><li>Malattie respiratorie<\/li><li>Il russare<\/li><li>apnea ostruttiva del sonno (OSAS).<\/li><\/ul><p>I farmaci possono causare il reflusso<br \/>Anche i farmaci possono causare o aumentare il reflusso se influenzano il meccanismo di chiusura all'ingresso dello stomaco:<\/p><ul><li>Calcio antagonisti<\/li><li>Nitro<\/li><li>Teofillina<\/li><li>Aminofilline<\/li><li>Anticolinergici<\/li><li>Benzodiazepine<\/li><li>Agonisti beta-adrenergici<\/li><li>Preparati estrogenici della terapia ormonale in postmenopausa<\/li><li>Menta piperita<\/li><\/ul><p>Altri farmaci possono avere un effetto diretto sulla mucosa esofagea:<\/p><ul><li>ASA<\/li><li>Dossicitina<\/li><li>Acido ascorbico<\/li><li>Sufato ferroso<\/li><li>Bifosfonati<\/li><li>FANS<\/li><li>Citostatici<\/li><\/ul><h2>Diagnosi della malattia da reflusso<\/h2><p>Spesso si effettua prima una \"terapia di prova\" con un inibitore della pompa protonica (PPI): Questi agenti inibiscono la secrezione di acido da parte delle cellule ghiandolari dello stomaco fino al 90%. Possono causare una diminuzione dei sintomi compresa tra il 50% e il 75%.<br \/>Quando gli inibitori protonici vengono sospesi, in molti casi la produzione acida della mucosa gastrica aumenta per un certo periodo di tempo.<\/p><h2>Chiarimento endoscopico<\/h2><p>La gastroscopia, cio\u00e8 il controllo endoscopico della via di deglutizione, non viene sempre eseguita come prima misura. Tuttavia, pu\u00f2 rilevare per tempo la gravit\u00e0 dell'esofagite da reflusso (infiammazione dell'esofago) e le possibili complicazioni, come un'ulcera o un restringimento. Se si riscontra anche una perdita di peso inspiegabile o un'anemia che indica una perdita di sangue, \u00e8 necessario effettuare un chiarimento endoscopico. L'endoscopia o l'esofago-gastroscopia possono mostrare un'infiammazione della mucosa, la cui gravit\u00e0 pu\u00f2 variare da lieve a cambiamenti simili a un'ulcera (ulcera).<\/p><p>Tuttavia, non sempre l'infiammazione o le alterazioni di tipo tumorale causano problemi significativi. Ostacoli al passaggio, come un restringimento (stenosi) o uno scivolamento della parte superiore dello stomaco nella cavit\u00e0 toracica (ernia iatale).<\/p><h2>Misurazione della concentrazione di acidi<\/h2><p>Se si verificano cambiamenti nella mucosa dell'esofago, anche la pH-metria (misurazione della concentrazione di acido) mostrer\u00e0 valori evidenti. Mentre l'endoscopia ha un'alta specificit\u00e0 (cio\u00e8 rileva in modo affidabile se non si \u00e8 malati) ma una bassa sensibilit\u00e0 (rileva in modo affidabile se si \u00e8 malati), la pH-metria ha sia un'alta sensibilit\u00e0 che una specificit\u00e0.<br \/>Ci\u00f2 significa che non tutti i pazienti con reflusso mostrano una corrispondente alterazione infiammatoria della mucosa durante l'endoscopia, ma la maggior parte dei pazienti con reflusso presenta valori evidenti durante la pH-metria. Poich\u00e9 gli eventi di reflusso si verificano anche in quasi tutte le persone sane, soprattutto dopo aver mangiato, la misurazione a lungo termine ha senso.<\/p><h2>Misurazione dell'impedenza<\/h2><p>La pH-metria pu\u00f2 essere combinata con la misurazione simultanea dell'impedenza. Questo test utilizza una sonda che gonfia un palloncino nell'esofago. In questo modo si misura quanta pressione \u00e8 necessaria per espandere il palloncino a un certo livello. Se l'esofago \u00e8 pi\u00f9 rigido o meno rigido del solito, ci\u00f2 pu\u00f2 indicare una patologia. Si pu\u00f2 anche determinare un reflusso acido o non acido debole.<\/p><h2>Manometria esofagea<\/h2><p>La manometria esofagea diagnostica o misurazione della pressione esofagea \u00e8 una procedura utilizzata per diagnosticare i disturbi funzionali della muscolatura esofagea. L'esofago. Pu\u00f2 essere utilizzata per valutare la perviet\u00e0 o il passaggio della polpa alimentare attraverso l'esofago.<\/p><h2>Reflux und Schnarchen<\/h2><p>Il russamento o <a href=\"https:\/\/schwab-orl.ch\/it\/schlafapnoe\/\">l'apnea ostruttiva<\/a> del sonno spesso causano l'ostruzione delle vie aeree superiori. Per non soffocare, l'organismo cerca di riportare la respirazione normale in questa condizione potenzialmente pericolosa per la vita, rilasciando adrenalina e contraendo i gruppi muscolari. Ci\u00f2 esercita anche una pressione sul contenuto dello stomaco, che di solito \u00e8 acido. In questo caso, gli acidi dello stomaco risalgono attraverso l'esofago. Il livello dello stomaco e dell'esofago, della laringe e della trachea, nonch\u00e9 della bocca e del rinofaringe sono sullo stesso piano orizzontale. La pressione muscolare o i movimenti di oscillazione tra il diaframma - il muscolo che di solito aiuta a impedire al contenuto dello stomaco di rifluire nell'esofago - e i muscoli addominali spremono letteralmente il contenuto dello stomaco. Spesso i pazienti notano, oltre alla sensazione di secchezza, anche una sensazione di bruciore o di pressione e la necessit\u00e0 di schiarirsi la gola il mattino seguente. Lo scenario appena descritto si verifica regolarmente in quasi tutti i pazienti con apnea di grado superiore. Pertanto, \u00e8 necessario prestare attenzione anche a questo aspetto durante il chiarimento completo di questa malattia e applicare procedure diagnostiche adeguate.<\/p><p>(Fonte: Linea guida S2k 021\/013 Malattia da reflusso gastroesofageo)<\/p>\t\t\t\t\t\t<\/div>\n\t\t\t\t<\/div>\n\t\t\t\t\t<\/div>\n\t\t<\/div>\n\t\t\t\t\t\t\t<\/div>\n\t\t<\/section>\n\t\t\t\t\t\t\t<\/div>","protected":false},"excerpt":{"rendered":"<p>Refluxkrankheit und Sodbrennen Der ber\u00fchmte \u201eKlo\u00df im Hals\u201c und Schluckprobleme sind h\u00e4ufig ein unerkannter und damit unbehandelter R\u00fcckfluss (Reflux) von Magens\u00e4ure. In den Industriel\u00e4ndern betr\u00e4gt die Zahl der an Refluxkrankheit unerkannt Erkrankten bis zu 15% und ist im Zunehmen begriffen. Ausl\u00f6ser sind Ern\u00e4hrungs- und Lebensgewohnheiten. Langj\u00e4hriger Reflux kann die Schleimhaut derart sch\u00e4digen, dass es zu &#8230; <a title=\"Reflusso - Bruciore di stomaco\" class=\"read-more\" href=\"https:\/\/schwab-orl.ch\/it\/reflux-sodbrennen\" aria-label=\"Leggi di pi\u00f9 su Reflux &#8211; Sodbrennen\">Leggi tutto<\/a><\/p>","protected":false},"author":4,"featured_media":0,"parent":0,"menu_order":0,"comment_status":"closed","ping_status":"closed","template":"elementor_header_footer","meta":{"footnotes":""},"yoast_head":"<!-- This site is optimized with the Yoast SEO plugin v21.7 - https:\/\/yoast.com\/wordpress\/plugins\/seo\/ -->\n<title>Reflux - Sodbrennen | Dr. Schwab<\/title>\n<meta name=\"description\" content=\"Was ist Sodbrennen - Reflux - und wie entsteht es? Was kann man gegen Sodbrennen tun und wie kann Reflux behandelt werden? Hier informieren!\" \/>\n<meta name=\"robots\" content=\"index, follow, max-snippet:-1, max-image-preview:large, max-video-preview:-1\" \/>\n<link rel=\"canonical\" href=\"https:\/\/schwab-orl.ch\/it\/reflux-sodbrennen\/\" \/>\n<meta property=\"og:locale\" content=\"it_IT\" \/>\n<meta property=\"og:type\" content=\"article\" \/>\n<meta property=\"og:title\" content=\"Reflux - Sodbrennen | Dr. Schwab\" \/>\n<meta property=\"og:description\" content=\"Was ist Sodbrennen - Reflux - und wie entsteht es? Was kann man gegen Sodbrennen tun und wie kann Reflux behandelt werden? Hier informieren!\" \/>\n<meta property=\"og:url\" content=\"https:\/\/schwab-orl.ch\/it\/reflux-sodbrennen\/\" \/>\n<meta property=\"og:site_name\" content=\"Dr. Schwab\" \/>\n<meta property=\"article:modified_time\" content=\"2023-01-16T11:02:56+00:00\" \/>\n<meta name=\"twitter:card\" content=\"summary_large_image\" \/>\n<meta name=\"twitter:label1\" content=\"Tempo di lettura stimato\" \/>\n\t<meta name=\"twitter:data1\" content=\"5 minuti\" \/>\n<script type=\"application\/ld+json\" class=\"yoast-schema-graph\">{\"@context\":\"https:\/\/schema.org\",\"@graph\":[{\"@type\":\"WebPage\",\"@id\":\"https:\/\/schwab-orl.ch\/reflux-sodbrennen\",\"url\":\"https:\/\/schwab-orl.ch\/reflux-sodbrennen\",\"name\":\"Reflux - Sodbrennen | Dr. Schwab\",\"isPartOf\":{\"@id\":\"https:\/\/schwab-orl.ch\/#website\"},\"datePublished\":\"2023-01-12T09:34:51+00:00\",\"dateModified\":\"2023-01-16T11:02:56+00:00\",\"description\":\"Was ist Sodbrennen - Reflux - und wie entsteht es? Was kann man gegen Sodbrennen tun und wie kann Reflux behandelt werden? Hier informieren!\",\"breadcrumb\":{\"@id\":\"https:\/\/schwab-orl.ch\/reflux-sodbrennen#breadcrumb\"},\"inLanguage\":\"it-IT\",\"potentialAction\":[{\"@type\":\"ReadAction\",\"target\":[\"https:\/\/schwab-orl.ch\/reflux-sodbrennen\"]}]},{\"@type\":\"BreadcrumbList\",\"@id\":\"https:\/\/schwab-orl.ch\/reflux-sodbrennen#breadcrumb\",\"itemListElement\":[{\"@type\":\"ListItem\",\"position\":1,\"name\":\"Startseite\",\"item\":\"https:\/\/schwab-orl.ch\/\"},{\"@type\":\"ListItem\",\"position\":2,\"name\":\"Reflux &#8211; Sodbrennen\"}]},{\"@type\":\"WebSite\",\"@id\":\"https:\/\/schwab-orl.ch\/#website\",\"url\":\"https:\/\/schwab-orl.ch\/\",\"name\":\"Dr. Schwab\",\"description\":\"\",\"publisher\":{\"@id\":\"https:\/\/schwab-orl.ch\/#\/schema\/person\/36072d24125f810c40545dd3fe125792\"},\"potentialAction\":[{\"@type\":\"SearchAction\",\"target\":{\"@type\":\"EntryPoint\",\"urlTemplate\":\"https:\/\/schwab-orl.ch\/?s={search_term_string}\"},\"query-input\":\"required name=search_term_string\"}],\"inLanguage\":\"it-IT\"},{\"@type\":[\"Person\",\"Organization\"],\"@id\":\"https:\/\/schwab-orl.ch\/#\/schema\/person\/36072d24125f810c40545dd3fe125792\",\"name\":\"JanSchwab\",\"image\":{\"@type\":\"ImageObject\",\"inLanguage\":\"it-IT\",\"@id\":\"https:\/\/schwab-orl.ch\/#\/schema\/person\/image\/\",\"url\":\"https:\/\/schwab-orl.ch\/wp-content\/uploads\/2020\/04\/Schwab-Logo-mit-Schriftzug-kompakt.svg\",\"contentUrl\":\"https:\/\/schwab-orl.ch\/wp-content\/uploads\/2020\/04\/Schwab-Logo-mit-Schriftzug-kompakt.svg\",\"width\":1550,\"height\":106,\"caption\":\"JanSchwab\"},\"logo\":{\"@id\":\"https:\/\/schwab-orl.ch\/#\/schema\/person\/image\/\"}}]}<\/script>\n<!-- \/ Yoast SEO plugin. -->","yoast_head_json":{"title":"Reflux - Sodbrennen | Dr. Schwab","description":"Was ist Sodbrennen - Reflux - und wie entsteht es? Was kann man gegen Sodbrennen tun und wie kann Reflux behandelt werden? Hier informieren!","robots":{"index":"index","follow":"follow","max-snippet":"max-snippet:-1","max-image-preview":"max-image-preview:large","max-video-preview":"max-video-preview:-1"},"canonical":"https:\/\/schwab-orl.ch\/it\/reflux-sodbrennen\/","og_locale":"it_IT","og_type":"article","og_title":"Reflux - Sodbrennen | Dr. Schwab","og_description":"Was ist Sodbrennen - Reflux - und wie entsteht es? Was kann man gegen Sodbrennen tun und wie kann Reflux behandelt werden? Hier informieren!","og_url":"https:\/\/schwab-orl.ch\/it\/reflux-sodbrennen\/","og_site_name":"Dr. Schwab","article_modified_time":"2023-01-16T11:02:56+00:00","twitter_card":"summary_large_image","twitter_misc":{"Tempo di lettura stimato":"5 minuti"},"schema":{"@context":"https:\/\/schema.org","@graph":[{"@type":"WebPage","@id":"https:\/\/schwab-orl.ch\/reflux-sodbrennen","url":"https:\/\/schwab-orl.ch\/reflux-sodbrennen","name":"Reflux - Sodbrennen | Dr. Schwab","isPartOf":{"@id":"https:\/\/schwab-orl.ch\/#website"},"datePublished":"2023-01-12T09:34:51+00:00","dateModified":"2023-01-16T11:02:56+00:00","description":"Was ist Sodbrennen - Reflux - und wie entsteht es? Was kann man gegen Sodbrennen tun und wie kann Reflux behandelt werden? Hier informieren!","breadcrumb":{"@id":"https:\/\/schwab-orl.ch\/reflux-sodbrennen#breadcrumb"},"inLanguage":"it-IT","potentialAction":[{"@type":"ReadAction","target":["https:\/\/schwab-orl.ch\/reflux-sodbrennen"]}]},{"@type":"BreadcrumbList","@id":"https:\/\/schwab-orl.ch\/reflux-sodbrennen#breadcrumb","itemListElement":[{"@type":"ListItem","position":1,"name":"Startseite","item":"https:\/\/schwab-orl.ch\/"},{"@type":"ListItem","position":2,"name":"Reflux &#8211; Sodbrennen"}]},{"@type":"WebSite","@id":"https:\/\/schwab-orl.ch\/#website","url":"https:\/\/schwab-orl.ch\/","name":"Dr. Schwab","description":"","publisher":{"@id":"https:\/\/schwab-orl.ch\/#\/schema\/person\/36072d24125f810c40545dd3fe125792"},"potentialAction":[{"@type":"SearchAction","target":{"@type":"EntryPoint","urlTemplate":"https:\/\/schwab-orl.ch\/?s={search_term_string}"},"query-input":"required name=search_term_string"}],"inLanguage":"it-IT"},{"@type":["Person","Organization"],"@id":"https:\/\/schwab-orl.ch\/#\/schema\/person\/36072d24125f810c40545dd3fe125792","name":"JanSchwab","image":{"@type":"ImageObject","inLanguage":"it-IT","@id":"https:\/\/schwab-orl.ch\/#\/schema\/person\/image\/","url":"https:\/\/schwab-orl.ch\/wp-content\/uploads\/2020\/04\/Schwab-Logo-mit-Schriftzug-kompakt.svg","contentUrl":"https:\/\/schwab-orl.ch\/wp-content\/uploads\/2020\/04\/Schwab-Logo-mit-Schriftzug-kompakt.svg","width":1550,"height":106,"caption":"JanSchwab"},"logo":{"@id":"https:\/\/schwab-orl.ch\/#\/schema\/person\/image\/"}}]}},"_links":{"self":[{"href":"https:\/\/schwab-orl.ch\/it\/wp-json\/wp\/v2\/pages\/1463"}],"collection":[{"href":"https:\/\/schwab-orl.ch\/it\/wp-json\/wp\/v2\/pages"}],"about":[{"href":"https:\/\/schwab-orl.ch\/it\/wp-json\/wp\/v2\/types\/page"}],"author":[{"embeddable":true,"href":"https:\/\/schwab-orl.ch\/it\/wp-json\/wp\/v2\/users\/4"}],"replies":[{"embeddable":true,"href":"https:\/\/schwab-orl.ch\/it\/wp-json\/wp\/v2\/comments?post=1463"}],"version-history":[{"count":4,"href":"https:\/\/schwab-orl.ch\/it\/wp-json\/wp\/v2\/pages\/1463\/revisions"}],"predecessor-version":[{"id":1471,"href":"https:\/\/schwab-orl.ch\/it\/wp-json\/wp\/v2\/pages\/1463\/revisions\/1471"}],"wp:attachment":[{"href":"https:\/\/schwab-orl.ch\/it\/wp-json\/wp\/v2\/media?parent=1463"}],"curies":[{"name":"wp","href":"https:\/\/api.w.org\/{rel}","templated":true}]}}