{"id":262,"date":"2020-04-23T13:29:25","date_gmt":"2020-04-23T13:29:25","guid":{"rendered":"http:\/\/schwab-orl.ch\/?page_id=262"},"modified":"2023-03-01T09:08:58","modified_gmt":"2023-03-01T09:08:58","slug":"erfahrungsberichte","status":"publish","type":"page","link":"https:\/\/schwab-orl.ch\/it\/erfahrungsberichte","title":{"rendered":"Rapporti sul campo"},"content":{"rendered":"<div data-elementor-type=\"wp-page\" data-elementor-id=\"262\" class=\"elementor elementor-262\" data-elementor-post-type=\"page\">\n\t\t\t\t\t\t\t\t\t<section class=\"elementor-section elementor-top-section elementor-element elementor-element-e77e8dc elementor-section-boxed elementor-section-height-default elementor-section-height-default\" data-id=\"e77e8dc\" data-element_type=\"section\">\n\t\t\t\t\t\t<div class=\"elementor-container elementor-column-gap-default\">\n\t\t\t\t\t<div class=\"elementor-column elementor-col-100 elementor-top-column elementor-element elementor-element-c2e02a4\" data-id=\"c2e02a4\" data-element_type=\"column\">\n\t\t\t<div class=\"elementor-widget-wrap elementor-element-populated\">\n\t\t\t\t\t\t\t\t<div class=\"elementor-element elementor-element-1d61898 elementor-widget elementor-widget-image\" data-id=\"1d61898\" data-element_type=\"widget\" data-widget_type=\"image.default\">\n\t\t\t\t<div class=\"elementor-widget-container\">\n\t\t\t\t\t\t\t\t\t\t\t\t\t\t\t<img decoding=\"async\" loading=\"lazy\" width=\"1024\" height=\"221\" src=\"https:\/\/schwab-orl.ch\/wp-content\/uploads\/2020\/04\/Gesunder-Schlaf-ohne-Schnarchen-Schwab2-1024x221.jpg\" class=\"attachment-large size-large wp-image-238\" alt=\"Schlafendes Paar\" srcset=\"https:\/\/schwab-orl.ch\/wp-content\/uploads\/2020\/04\/Gesunder-Schlaf-ohne-Schnarchen-Schwab2-1024x221.jpg 1024w, https:\/\/schwab-orl.ch\/wp-content\/uploads\/2020\/04\/Gesunder-Schlaf-ohne-Schnarchen-Schwab2-300x65.jpg 300w, https:\/\/schwab-orl.ch\/wp-content\/uploads\/2020\/04\/Gesunder-Schlaf-ohne-Schnarchen-Schwab2-768x166.jpg 768w, https:\/\/schwab-orl.ch\/wp-content\/uploads\/2020\/04\/Gesunder-Schlaf-ohne-Schnarchen-Schwab2.jpg 1141w\" sizes=\"(max-width: 1024px) 100vw, 1024px\" \/>\t\t\t\t\t\t\t\t\t\t\t\t\t\t\t<\/div>\n\t\t\t\t<\/div>\n\t\t\t\t<div class=\"elementor-element elementor-element-fac66c5 elementor-widget elementor-widget-heading\" data-id=\"fac66c5\" data-element_type=\"widget\" data-widget_type=\"heading.default\">\n\t\t\t\t<div class=\"elementor-widget-container\">\n\t\t\t<h1 class=\"elementor-heading-title elementor-size-default\">Rapporti sul campo<\/h1>\t\t<\/div>\n\t\t\t\t<\/div>\n\t\t\t\t\t<\/div>\n\t\t<\/div>\n\t\t\t\t\t\t\t<\/div>\n\t\t<\/section>\n\t\t\t\t<section class=\"elementor-section elementor-top-section elementor-element elementor-element-bdea1f5 elementor-section-boxed elementor-section-height-default elementor-section-height-default\" data-id=\"bdea1f5\" data-element_type=\"section\">\n\t\t\t\t\t\t<div class=\"elementor-container elementor-column-gap-default\">\n\t\t\t\t\t<div class=\"elementor-column elementor-col-100 elementor-top-column elementor-element elementor-element-6e23f36\" data-id=\"6e23f36\" data-element_type=\"column\">\n\t\t\t<div class=\"elementor-widget-wrap elementor-element-populated\">\n\t\t\t\t\t\t\t\t<div class=\"elementor-element elementor-element-e01c1f3 elementor-widget elementor-widget-text-editor\" data-id=\"e01c1f3\" data-element_type=\"widget\" data-widget_type=\"text-editor.default\">\n\t\t\t\t<div class=\"elementor-widget-container\">\n\t\t\t\t\t\t\t<p><strong>Intervento ai seni paranasali per sinusite permanente<\/strong><\/p><div>\"Il dottor Schwab \u00e8 stato la mia salvezza da un fastidio ricorrente che durava da anni: sinusiti ricorrenti con febbre e stanchezza, che potevano essere tenute a bada solo con gli antibiotici. A causa delle numerose infiammazioni, tutti i seni paranasali erano ostruiti da depositi, che a loro volta portavano ancora pi\u00f9 rapidamente a una nuova sinusite. Un circolo vizioso. Poich\u00e9 ci sono voci critiche sul successo di un'operazione, ho aspettato a lungo. Troppo tempo. Se avessi conosciuto prima il Dr. Schwab - chirurgo eccellente, coscienzioso specialista dell'assistenza post-operatoria e anche persona simpatica - mi sarei risparmiato molto. L'operazione \u00e8 andata benissimo, anche se il tamponamento \u00e8 stato un po' fastidioso per una settimana. Finalmente mi sento di nuovo in forma e in salute e posso respirare liberamente. Un nuovo pezzo di qualit\u00e0 della vita!\".<\/div><div>(U.R. Donna, 70 anni)<\/div><div>\u00a0<\/div><p><strong>Na<\/strong><strong>Correzione della parete vaginale nasale e impianto \u00e0 Wengen<\/strong><\/p><p>\"Assistenza e consulenza super. Sono andata dal dottor Schwab nel 2017 sulla base di una raccomandazione. Per anni sono stata curata solo da altri medici. A causa di infezioni ricorrenti, gli antibiotici erano la mia costante compagnia. Il dottor Schwab ha riconosciuto subito il problema e mi ha consigliato una correzione del setto e l'impianto in titanio \u00e0 Wengen per migliorare la respirazione nasale e contrastare il russare. Che dire, l'impianto soddisfa perfettamente il suo scopo. La respirazione \u00e8 ottima, anche con un forte raffreddore. L'intervento stesso e la guarigione sono stati privi di complicazioni e il dolore \u00e8 stato molto contenuto. Rifarei l'intervento in qualsiasi momento. Posso solo dire grazie dal profondo del cuore\". (SU, donna, 45 anni)<\/p><p><strong>Trattamento medico competente e di successo<\/strong><\/p><p>\"Il dottor Schwab ha trattato in modo ottimale il mio problema di russamento con un laser per i muscoli nasali. La procedura, completamente priva di sanguinamento, ha portato a un miglioramento della respirazione nasale e quindi a un aumento della qualit\u00e0 della vita. Un altro effetto positivo \u00e8 l'assenza di precedenti e frequenti epistassi.\" (HS, maschio, 62 anni)<\/p><p><strong>Ecco come dovrebbero essere tutti i medici<\/strong><\/p><p>\"Poich\u00e9 soffro di naso chiuso fin dall'adolescenza, ho cercato di farlo riparare chirurgicamente. Purtroppo i miei primi due tentativi presso altri medici sono falliti miseramente. Sono stato ancora pi\u00f9 soddisfatto del trattamento e dell'intervento, non complicato e professionalmente molto valido, del Dr. Schwab. L'operazione \u00e8 andata molto bene e dopo non ho avuto quasi nessun dolore. Gi\u00e0 dopo pochi giorni di convalescenza ho potuto notare i primi successi nella respirazione attraverso il naso e nel frattempo posso finalmente respirare di nuovo normalmente attraverso il naso. Grazie al dottor Schwab, mi sento una persona nuova\". (RA, uomo, 34 anni)<\/p><p><strong>Finalmente si respira di nuovo bene con il naso libero<\/strong><\/p><p>\"Abbiamo deciso di far operare nostra figlia (12Y) e lo rifaremmo. Dopo l'infiammazione cronica dei seni paranasali e il naso costantemente chiuso. I farmaci non servivano pi\u00f9, il sonno era possibile solo dopo l'assunzione di spray nasali. Non c'era alternativa. Molti parenti e amici ci hanno sconsigliato un'operazione del genere. In sostanza, abbiamo fatto l'esperienza che ci sono molte opinioni negative su questo argomento. Ma sono del tutto infondate! Nostro figlio ha guadagnato una nuova qualit\u00e0 di vita grazie all'operazione al naso. Oltre a dormire serenamente, ora \u00e8 libero di dedicarsi al suo hobby, lo sport, ed \u00e8 felice. I primi giorni dopo l'operazione sono stati sicuramente meno piacevoli, ma questo passa molto velocemente e il dottor Schwab \u00e8 anche un ottimo chirurgo. Un'ottima informazione prima dell'operazione e un modo meraviglioso di trattare con i bambini caratterizzano lui e la sua \u00e9quipe.\" (NG, donna, 43 anni)<\/p>\t\t\t\t\t\t<\/div>\n\t\t\t\t<\/div>\n\t\t\t\t\t<\/div>\n\t\t<\/div>\n\t\t\t\t\t\t\t<\/div>\n\t\t<\/section>\n\t\t\t\t\t\t\t<\/div>","protected":false},"excerpt":{"rendered":"<p>Erfahrungsberichte Nasennebenh\u00f6hlen Operation bei dauerhafter Nasennebenh\u00f6hlenentz\u00fcndung (Sinusitis) &#171;Dr. Schwab war f\u00fcr mich die Erl\u00f6sung von einem jahrelangen,wiederkehrenden \u00dcbel: Immer wieder Sinusitis mit Fieber und M\u00fcdigkeit, die nur mit Antibiotika in Schach gehalten werden konnte. Durch die vielen Entz\u00fcndungen waren s\u00e4mtliche Nasen-Nebenh\u00f6hlen von Ablagerungen verstopft, was wiederum noch rascher zu einer neuen Sinusitis f\u00fchrte. Ein Teufelskreis. &#8230; <a title=\"Rapporti sul campo\" class=\"read-more\" href=\"https:\/\/schwab-orl.ch\/it\/erfahrungsberichte\" aria-label=\"Leggi di pi\u00f9 su Erfahrungsberichte\">Leggi tutto<\/a><\/p>","protected":false},"author":2,"featured_media":0,"parent":0,"menu_order":0,"comment_status":"closed","ping_status":"closed","template":"elementor_header_footer","meta":{"footnotes":""},"yoast_head":"<!-- This site is optimized with the Yoast SEO plugin v21.7 - https:\/\/yoast.com\/wordpress\/plugins\/seo\/ -->\n<title>Erfahrungsberichte | Dr. Schwab<\/title>\n<meta name=\"robots\" content=\"index, follow, max-snippet:-1, max-image-preview:large, max-video-preview:-1\" \/>\n<link rel=\"canonical\" href=\"https:\/\/schwab-orl.ch\/it\/erfahrungsberichte\/\" \/>\n<meta property=\"og:locale\" content=\"it_IT\" \/>\n<meta property=\"og:type\" content=\"article\" \/>\n<meta property=\"og:title\" content=\"Erfahrungsberichte | Dr. Schwab\" \/>\n<meta property=\"og:description\" content=\"Erfahrungsberichte Nasennebenh\u00f6hlen Operation bei dauerhafter Nasennebenh\u00f6hlenentz\u00fcndung (Sinusitis) &#171;Dr. Schwab war f\u00fcr mich die Erl\u00f6sung von einem jahrelangen,wiederkehrenden \u00dcbel: Immer wieder Sinusitis mit Fieber und M\u00fcdigkeit, die nur mit Antibiotika in Schach gehalten werden konnte. Durch die vielen Entz\u00fcndungen waren s\u00e4mtliche Nasen-Nebenh\u00f6hlen von Ablagerungen verstopft, was wiederum noch rascher zu einer neuen Sinusitis f\u00fchrte. Ein Teufelskreis. ... Leggi tutto\" \/>\n<meta property=\"og:url\" content=\"https:\/\/schwab-orl.ch\/it\/erfahrungsberichte\/\" \/>\n<meta property=\"og:site_name\" content=\"Dr. Schwab\" \/>\n<meta property=\"article:modified_time\" content=\"2023-03-01T09:08:58+00:00\" \/>\n<meta property=\"og:image\" content=\"https:\/\/schwab-orl.ch\/wp-content\/uploads\/2020\/04\/Gesunder-Schlaf-ohne-Schnarchen-Schwab2-1024x221.jpg\" \/>\n<meta name=\"twitter:card\" content=\"summary_large_image\" \/>\n<meta name=\"twitter:label1\" content=\"Tempo di lettura stimato\" \/>\n\t<meta name=\"twitter:data1\" content=\"3 minuti\" \/>\n<script type=\"application\/ld+json\" class=\"yoast-schema-graph\">{\"@context\":\"https:\/\/schema.org\",\"@graph\":[{\"@type\":\"WebPage\",\"@id\":\"https:\/\/schwab-orl.ch\/erfahrungsberichte\",\"url\":\"https:\/\/schwab-orl.ch\/erfahrungsberichte\",\"name\":\"Erfahrungsberichte | Dr. Schwab\",\"isPartOf\":{\"@id\":\"https:\/\/schwab-orl.ch\/#website\"},\"datePublished\":\"2020-04-23T13:29:25+00:00\",\"dateModified\":\"2023-03-01T09:08:58+00:00\",\"breadcrumb\":{\"@id\":\"https:\/\/schwab-orl.ch\/erfahrungsberichte#breadcrumb\"},\"inLanguage\":\"it-IT\",\"potentialAction\":[{\"@type\":\"ReadAction\",\"target\":[\"https:\/\/schwab-orl.ch\/erfahrungsberichte\"]}]},{\"@type\":\"BreadcrumbList\",\"@id\":\"https:\/\/schwab-orl.ch\/erfahrungsberichte#breadcrumb\",\"itemListElement\":[{\"@type\":\"ListItem\",\"position\":1,\"name\":\"Startseite\",\"item\":\"https:\/\/schwab-orl.ch\/\"},{\"@type\":\"ListItem\",\"position\":2,\"name\":\"Erfahrungsberichte\"}]},{\"@type\":\"WebSite\",\"@id\":\"https:\/\/schwab-orl.ch\/#website\",\"url\":\"https:\/\/schwab-orl.ch\/\",\"name\":\"Dr. Schwab\",\"description\":\"\",\"publisher\":{\"@id\":\"https:\/\/schwab-orl.ch\/#\/schema\/person\/36072d24125f810c40545dd3fe125792\"},\"potentialAction\":[{\"@type\":\"SearchAction\",\"target\":{\"@type\":\"EntryPoint\",\"urlTemplate\":\"https:\/\/schwab-orl.ch\/?s={search_term_string}\"},\"query-input\":\"required name=search_term_string\"}],\"inLanguage\":\"it-IT\"},{\"@type\":[\"Person\",\"Organization\"],\"@id\":\"https:\/\/schwab-orl.ch\/#\/schema\/person\/36072d24125f810c40545dd3fe125792\",\"name\":\"JanSchwab\",\"image\":{\"@type\":\"ImageObject\",\"inLanguage\":\"it-IT\",\"@id\":\"https:\/\/schwab-orl.ch\/#\/schema\/person\/image\/\",\"url\":\"https:\/\/schwab-orl.ch\/wp-content\/uploads\/2020\/04\/Schwab-Logo-mit-Schriftzug-kompakt.svg\",\"contentUrl\":\"https:\/\/schwab-orl.ch\/wp-content\/uploads\/2020\/04\/Schwab-Logo-mit-Schriftzug-kompakt.svg\",\"width\":1550,\"height\":106,\"caption\":\"JanSchwab\"},\"logo\":{\"@id\":\"https:\/\/schwab-orl.ch\/#\/schema\/person\/image\/\"}}]}<\/script>\n<!-- \/ Yoast SEO plugin. -->","yoast_head_json":{"title":"Erfahrungsberichte | Dr. Schwab","robots":{"index":"index","follow":"follow","max-snippet":"max-snippet:-1","max-image-preview":"max-image-preview:large","max-video-preview":"max-video-preview:-1"},"canonical":"https:\/\/schwab-orl.ch\/it\/erfahrungsberichte\/","og_locale":"it_IT","og_type":"article","og_title":"Erfahrungsberichte | Dr. Schwab","og_description":"Erfahrungsberichte Nasennebenh\u00f6hlen Operation bei dauerhafter Nasennebenh\u00f6hlenentz\u00fcndung (Sinusitis) &#171;Dr. Schwab war f\u00fcr mich die Erl\u00f6sung von einem jahrelangen,wiederkehrenden \u00dcbel: Immer wieder Sinusitis mit Fieber und M\u00fcdigkeit, die nur mit Antibiotika in Schach gehalten werden konnte. Durch die vielen Entz\u00fcndungen waren s\u00e4mtliche Nasen-Nebenh\u00f6hlen von Ablagerungen verstopft, was wiederum noch rascher zu einer neuen Sinusitis f\u00fchrte. Ein Teufelskreis. ... Leggi tutto","og_url":"https:\/\/schwab-orl.ch\/it\/erfahrungsberichte\/","og_site_name":"Dr. Schwab","article_modified_time":"2023-03-01T09:08:58+00:00","og_image":[{"url":"https:\/\/schwab-orl.ch\/wp-content\/uploads\/2020\/04\/Gesunder-Schlaf-ohne-Schnarchen-Schwab2-1024x221.jpg"}],"twitter_card":"summary_large_image","twitter_misc":{"Tempo di lettura stimato":"3 minuti"},"schema":{"@context":"https:\/\/schema.org","@graph":[{"@type":"WebPage","@id":"https:\/\/schwab-orl.ch\/erfahrungsberichte","url":"https:\/\/schwab-orl.ch\/erfahrungsberichte","name":"Erfahrungsberichte | Dr. Schwab","isPartOf":{"@id":"https:\/\/schwab-orl.ch\/#website"},"datePublished":"2020-04-23T13:29:25+00:00","dateModified":"2023-03-01T09:08:58+00:00","breadcrumb":{"@id":"https:\/\/schwab-orl.ch\/erfahrungsberichte#breadcrumb"},"inLanguage":"it-IT","potentialAction":[{"@type":"ReadAction","target":["https:\/\/schwab-orl.ch\/erfahrungsberichte"]}]},{"@type":"BreadcrumbList","@id":"https:\/\/schwab-orl.ch\/erfahrungsberichte#breadcrumb","itemListElement":[{"@type":"ListItem","position":1,"name":"Startseite","item":"https:\/\/schwab-orl.ch\/"},{"@type":"ListItem","position":2,"name":"Erfahrungsberichte"}]},{"@type":"WebSite","@id":"https:\/\/schwab-orl.ch\/#website","url":"https:\/\/schwab-orl.ch\/","name":"Dr. Schwab","description":"","publisher":{"@id":"https:\/\/schwab-orl.ch\/#\/schema\/person\/36072d24125f810c40545dd3fe125792"},"potentialAction":[{"@type":"SearchAction","target":{"@type":"EntryPoint","urlTemplate":"https:\/\/schwab-orl.ch\/?s={search_term_string}"},"query-input":"required name=search_term_string"}],"inLanguage":"it-IT"},{"@type":["Person","Organization"],"@id":"https:\/\/schwab-orl.ch\/#\/schema\/person\/36072d24125f810c40545dd3fe125792","name":"JanSchwab","image":{"@type":"ImageObject","inLanguage":"it-IT","@id":"https:\/\/schwab-orl.ch\/#\/schema\/person\/image\/","url":"https:\/\/schwab-orl.ch\/wp-content\/uploads\/2020\/04\/Schwab-Logo-mit-Schriftzug-kompakt.svg","contentUrl":"https:\/\/schwab-orl.ch\/wp-content\/uploads\/2020\/04\/Schwab-Logo-mit-Schriftzug-kompakt.svg","width":1550,"height":106,"caption":"JanSchwab"},"logo":{"@id":"https:\/\/schwab-orl.ch\/#\/schema\/person\/image\/"}}]}},"_links":{"self":[{"href":"https:\/\/schwab-orl.ch\/it\/wp-json\/wp\/v2\/pages\/262"}],"collection":[{"href":"https:\/\/schwab-orl.ch\/it\/wp-json\/wp\/v2\/pages"}],"about":[{"href":"https:\/\/schwab-orl.ch\/it\/wp-json\/wp\/v2\/types\/page"}],"author":[{"embeddable":true,"href":"https:\/\/schwab-orl.ch\/it\/wp-json\/wp\/v2\/users\/2"}],"replies":[{"embeddable":true,"href":"https:\/\/schwab-orl.ch\/it\/wp-json\/wp\/v2\/comments?post=262"}],"version-history":[{"count":12,"href":"https:\/\/schwab-orl.ch\/it\/wp-json\/wp\/v2\/pages\/262\/revisions"}],"predecessor-version":[{"id":1498,"href":"https:\/\/schwab-orl.ch\/it\/wp-json\/wp\/v2\/pages\/262\/revisions\/1498"}],"wp:attachment":[{"href":"https:\/\/schwab-orl.ch\/it\/wp-json\/wp\/v2\/media?parent=262"}],"curies":[{"name":"wp","href":"https:\/\/api.w.org\/{rel}","templated":true}]}}