{"id":388,"date":"2020-04-26T15:09:42","date_gmt":"2020-04-26T15:09:42","guid":{"rendered":"http:\/\/schwab-orl.ch\/faq-copy"},"modified":"2021-07-02T09:07:51","modified_gmt":"2021-07-02T09:07:51","slug":"nasen-op-schnarchen-glossar","status":"publish","type":"page","link":"https:\/\/schwab-orl.ch\/it\/nasen-op-schnarchen-glossar","title":{"rendered":"Glossario"},"content":{"rendered":"<div data-elementor-type=\"wp-page\" data-elementor-id=\"388\" class=\"elementor elementor-388\" data-elementor-post-type=\"page\">\n\t\t\t\t\t\t\t\t\t<section class=\"elementor-section elementor-top-section elementor-element elementor-element-e77e8dc elementor-section-boxed elementor-section-height-default elementor-section-height-default\" data-id=\"e77e8dc\" data-element_type=\"section\">\n\t\t\t\t\t\t<div class=\"elementor-container elementor-column-gap-default\">\n\t\t\t\t\t<div class=\"elementor-column elementor-col-100 elementor-top-column elementor-element elementor-element-c2e02a4\" data-id=\"c2e02a4\" data-element_type=\"column\">\n\t\t\t<div class=\"elementor-widget-wrap elementor-element-populated\">\n\t\t\t\t\t\t\t\t<div class=\"elementor-element elementor-element-fac66c5 elementor-widget elementor-widget-heading\" data-id=\"fac66c5\" data-element_type=\"widget\" data-widget_type=\"heading.default\">\n\t\t\t\t<div class=\"elementor-widget-container\">\n\t\t\t<h1 class=\"elementor-heading-title elementor-size-default\">GLOSSARIO<\/h1>\t\t<\/div>\n\t\t\t\t<\/div>\n\t\t\t\t\t<\/div>\n\t\t<\/div>\n\t\t\t\t\t\t\t<\/div>\n\t\t<\/section>\n\t\t\t\t<section class=\"elementor-section elementor-top-section elementor-element elementor-element-bdea1f5 elementor-section-boxed elementor-section-height-default elementor-section-height-default\" data-id=\"bdea1f5\" data-element_type=\"section\">\n\t\t\t\t\t\t<div class=\"elementor-container elementor-column-gap-default\">\n\t\t\t\t\t<div class=\"elementor-column elementor-col-100 elementor-top-column elementor-element elementor-element-6e23f36\" data-id=\"6e23f36\" data-element_type=\"column\">\n\t\t\t<div class=\"elementor-widget-wrap elementor-element-populated\">\n\t\t\t\t\t\t\t\t<div class=\"elementor-element elementor-element-e01c1f3 elementor-widget elementor-widget-text-editor\" data-id=\"e01c1f3\" data-element_type=\"widget\" data-widget_type=\"text-editor.default\">\n\t\t\t\t<div class=\"elementor-widget-container\">\n\t\t\t\t\t\t\t<h2>Apnea\/apnea notturna\u00a0<\/h2><p class=\"translation-block\">L'apnea del sonno si divide fondamentalmente in <b>apnea ostruttiva<\/b> del sonno, <b>apnea centrale<\/b> del sonno o forme miste delle due.<\/p><p class=\"translation-block\"><b>Nell'apnea ostruttiva<\/b> del sonno, le vie aeree superiori sono completamente o parzialmente ostruite. Ci\u00f2 comporta apnee e\/o ipopnee. Il paziente di solito nota una sonnolenza diurna, a volte con il pericoloso \"microsleep\". Tuttavia, ci sono anche pazienti che non avvertono alcuna limitazione della vigilanza anche durante il giorno, sebbene le desaturazioni notturne di ossigeno disturbino gravemente il sonno e gli organi interni, in particolare il cervello e il cuore. Le prestazioni cognitive diventano sempre pi\u00f9 limitate e con esse la partecipazione sociale alla vita degli altri. I compagni di letto riferiscono spesso pause nella respirazione e, non di rado, anche una respirazione paradossale. La \"respirazione paradossale\" \u00e8 causata dal tentativo di superare l'ostruzione con la respirazione addominale e toracica. Ci\u00f2 comporta le tipiche retrazioni invece delle consuete espansioni del torace. La mancanza di ossigeno (ipossiemia) provoca ipercapnia e acidosi nel sangue. La gravit\u00e0 dell'apnea ostruttiva del sonno \u00e8 espressa dall'\"indice di apnea-ipopnea\" (AHI) e descrive il numero di pause respiratorie di durata definita durante un'ora di sonno notturno. Questo indice viene determinato mediante misurazione poligrafica o polisonnografica.<\/p><p class=\"translation-block\"><b>L'apnea centrale <\/b>del sonno \u00e8 caratterizzata da pause nella respirazione dovute a un'insufficiente spinta respiratoria da parte dei centri di alimentazione neurale del cervello. Nonostante le vie aeree superiori siano aperte o parzialmente collassate passivamente, non c'\u00e8 ispirazione perch\u00e9 i muscoli respiratori del diaframma e i muscoli intercostali non si attivano. Ci\u00f2 \u00e8 causato da malattie neuromuscolari. Questa forma \u00e8 chiamata ipercapnica. Per contro, esiste anche una forma non ipercapnica di apnea centrale del sonno. Questa \u00e8 caratterizzata da un'aumentata spinta respiratoria con un'aumentata chemiosensibilit\u00e0 (campo base degli alpinisti estremi). La capnometria transcutanea \u00e8 il metodo pi\u00f9 sensibile per rilevare l'ipercapnia end-tidale correlata al sonno e viene eseguita anche nel laboratorio del sonno. Nei pazienti obesi con un indice di massa corporea superiore a 30 kg\/m2 , la misurazione del bicarbonato venoso durante la veglia e della pCO2 arteriosa o capillare appare utile per escludere la sindrome da ipoventilazione da obesit\u00e0.<\/p><h2>CPAP Ger\u00e4t\u00a0<\/h2><p class=\"translation-block\">Attraverso il cosiddetto metodo della pressione positiva, il dispositivo <b>CPAP (Continuous Positive Airway Pressure) <\/b>mantiene aperte le vie aeree che altrimenti collasserebbero in presenza della malattia. Questo metodo \u00e8 quello di riferimento nel trattamento dell'apnea ostruttiva del sonno. A partire da 4mbar, la pressione di ventilazione viene aumentata in modo che non si verifichino pi\u00f9 russamento, apnee, ipopnee e risvegli legati alla respirazione. Bilevel inizia con una pressione inspiratoria di 8mbar e una pressione espiratoria di 4mbar. Le pressioni di ventilazione sono impostate a un massimo di 15mbar per la CPAP e a un massimo di 20mbar per la bilevel inspiratoria e una differenza IPAP\/EPAP tra 4 e 10mbar espiratoria. Il bilevel \u00e8 necessario quando la <b>CPAP<\/b> richiede pressioni superiori a 15mbar o quando la CPAP non \u00e8 semplicemente tollerata. Se la riduzione dei sintomi non pu\u00f2 essere ottenuta con la titolazione la prima notte, \u00e8 necessaria una seconda notte.<\/p><h2>Chirurgia del naso\/rinoplastica<\/h2><p class=\"translation-block\">Le deviazioni dalla forma normale del naso interno comportano la limitazione di importanti funzioni. Si tratta del flusso, del filtraggio e del condizionamento dell'aria che respiriamo. Anche la funzione olfattiva e le funzioni di difesa immunologica sono compromesse. Le cause sono la curvatura e la flessione del <a href=\"https:\/\/schwab-orl.ch\/it\/nasenscheidewand-op-septumkorrektur\/\" target=\"_self\">setto nasale<\/a> e l'eccessivo rigonfiamento dei cosiddetti turbinati, i corpi gonfiati del naso. Di solito queste deviazioni dalla forma ottimale sono causate dalla crescita, da eventi traumatici, da fratture o anche dal consumo eccessivo di gocce nasali decongestionanti e altre sostanze farmacologicamente attive. L'intervento \u00e8 benefico e la fase post-operatoria non \u00e8 molto dolorosa. Nella maggior parte dei casi, la cartilagine e l'osso curvo vengono rimossi, raddrizzati e reinseriti. Il tessuto erettile del naso viene quindi adattato alla nuova situazione. I tamponamenti nasali, utilizzati in passato, spesso non sono pi\u00f9 necessari.<\/p><h2>Otopessi<\/h2><p class=\"translation-block\">L'otopessi \u00e8 un intervento chirurgico per correggere i padiglioni auricolari sporgenti, noto anche come auricoloplastica o chirurgia del lembo auricolare. Due condizioni sono solitamente responsabili delle cosiddette orecchie a vela: da un lato, un'antelice sottosviluppata o mancante - si tratta dell'onda cartilaginea, la sporgenza rivestita di pelle della cartilagine dell'orecchio sulla parte anteriore del padiglione auricolare che corre in un arco dal basso verso l'alto. In secondo luogo, un padiglione auricolare allargato e sporgente (concha). In caso di cartilagine eccessiva, questa viene ridotta durante l'intervento, cio\u00e8 ne viene tolto un pezzo. L'incisione per questo intervento viene sempre effettuata dalla parte posteriore, in modo da non lasciare cicatrici nell'area visibile in seguito.<\/p><p><a href=\"https:\/\/schwab-orl.ch\/it\/otopexie-ohrmuschelanlegeplastik\/\">Potete trovare informazioni dettagliate qui<\/a><\/p><h2>Rinoplastica<\/h2><p>La forma del naso \u00e8 varia e fortemente influenzata da fattori e disturbi individuali. La superficie esterna del naso \u00e8 solitamente stabile grazie alla struttura ossea-cartilaginea nasale, a condizione che il cranio facciale sia completamente cresciuto e che la forma del naso non venga modificata da incidenti o altre influenze. La superficie interna del naso \u00e8 in gran parte rivestita da tessuti in grado di gonfiarsi, che possono reagire a un'ampia variet\u00e0 di influenze ambientali e quindi bloccare completamente il naso. Se le cartilagini laterali sono troppo morbide, l'inspirazione forzata provoca il collasso della valvola nasale interna, che spesso \u00e8 gi\u00e0 visibile dall'esterno sulle pareti nasali laterali appena dietro la punta del naso. In questo caso, pu\u00f2 essere necessaria una stabilizzazione con una piccola placca di titanio.<\/p><p>La <a href=\"https:\/\/schwab-orl.ch\/it\/rhinoplastik\/\"><b>Rinoplastica<\/b><\/a> mira a migliorare non solo il passaggio dell'aria nasale, ma anche la forma. Si distingue tra tecnica chiusa e aperta. Nella tecnica chiusa, l'incisione e quindi l'accesso chirurgico non sono visibili dall'esterno. La tecnica aperta viene eseguita attraverso un'incisione sul ponte nasale e serve a migliorare la visibilit\u00e0 di deformit\u00e0 complesse del naso cartilagineo e della punta nasale.<\/p><p>A differenza della <b>Rinoplastica<\/b> estetica, la <b>setto-rinoplastica<\/b> funzionale porta all'eliminazione di una funzione disturbata e al ripristino di una funzione normale, modificando contemporaneamente l'interno e l'esterno del naso.<\/p><h2>Chirurgia dei seni paranasali<\/h2><p>Le infiammazioni dei seni paranasali comportano una riduzione della perviet\u00e0 del naso a causa dei rigonfiamenti locali che si verificano e della secrezione solitamente presente. Se queste infiammazioni sono croniche, anche i farmaci applicati localmente o per via sistemica non riescono pi\u00f9 ad alleviare i sintomi. In questi casi \u00e8 necessario un trattamento chirurgico. In questo caso, l'infiammazione viene rimossa in condizioni endoscopiche attraverso le aperture naturali, se necessario con il supporto di strumenti di navigazione, e vengono creati ampi accessi. In questo modo si migliora il drenaggio delle secrezioni accumulate e si libera il naso, che torna ad avere pi\u00f9 spazio per il flusso d'aria. Questo migliora anche la situazione della struttura durante il sonno e quindi anche il russamento.<\/p><h2>Il russare<\/h2><p>Il russare \u00e8 un fenomeno a s\u00e9 stante; il russare \u00e8 un sintomo, non una malattia. Questo fenomeno comprende fenomeni acustici dipendenti dalla respirazione, che di solito si verificano durante l'inspirazione. Una diagnosi medica del sonno effettuata esclude altri disturbi respiratori legati al sonno eventualmente presenti contemporaneamente. Tra i fattori di rischio che possono favorire questo fenomeno vi sono l'obesit\u00e0 o l'aumento dell'indice di massa corporea, l'ostruzione nasale, l'ingrossamento del palato molle e il consumo di sostanze stimolanti come l'alcol e la nicotina. Il sesso maschile \u00e8 pi\u00f9 frequentemente colpito. La gamma di fastidi acustici varia spesso in modo considerevole.<\/p><h2>Diagnosi del russamento<\/h2><p>La diagnosi comprende l'anamnesi, cio\u00e8 la descrizione dei disturbi da parte della persona colpita, ma anche del partner di letto, che spesso ne soffre ancora di pi\u00f9. Si possono utilizzare anche questionari standardizzati. Successivamente si procede all'esame clinico dei singoli segmenti delle vie aeree e della morfologia, l'aspetto del cranio. Gli esami tecnici comprendono procedure acustiche e di imaging, test di funzionalit\u00e0 nasale e chiarimenti allergologici. L'endoscopia del sonno \u00e8 spesso utilizzata per localizzare individualmente la tendenza al collasso delle vie aeree.<\/p><h2>Poligrafia<\/h2><p>Diagnosi ambulatoriale dei disturbi respiratori del sonno. Misurazione con apparecchiature di misura ridotte, almeno la misurazione della posizione corporea, della curva del flusso cardiaco, della saturazione di ossigeno, dello sforzo respiratorio e del flusso respiratorio, utilizzata nei casi di elevata probabilit\u00e0 pre-test di sonnolenza diurna, pause osservate nella respirazione e russamento. Viene utilizzato per determinare la gravit\u00e0 e come cosiddetta pre-diagnosi per la polisonnografia cardiorespiratoria nel laboratorio del sonno. Tuttavia, da sola non pu\u00f2 essere utilizzata per escludere i disturbi respiratori legati al sonno.<\/p><h2>Laboratorio del sonno - Polisonnografia cardiorespiratoria<\/h2><p>Procedura oggettiva per valutare la gravit\u00e0 di un disturbo respiratorio legato al sonno. Il sonno viene monitorato nel laboratorio del sonno da personale qualificato e i dati vengono raccolti durante il processo. Questo metodo \u00e8 il gold standard per l'indagine del sonno non ristoratore. Le misurazioni comprendono la forma d'onda cardiaca (ECG), il tono muscolare, i movimenti oculari durante il sonno, le misurazioni delle onde cerebrali e le registrazioni video dell'intero periodo di sonno. Pu\u00f2 essere utilizzato per determinare la profondit\u00e0 del sonno. Permette di fare affermazioni sul sonno profondo, sul sonno onirico e sul sonno leggero. \u00c8 possibile registrare la posizione e i cambiamenti di posizione, nonch\u00e9 i movimenti atipici come i passi (sindrome delle gambe senza riposo). Le desaturazioni di ossigeno e le loro conseguenze possono essere facilmente rappresentate.<\/p><h2>Bite per russare<\/h2><p>Il bite per l'avanzamento mandibolare funziona meglio quando \u00e8 possibile ottenere un sufficiente movimento in avanti della mascella inferiore. Inoltre, \u00e8 necessario che la dentatura della mascella sia sufficiente a garantire la tenuta del bite. In questo caso, dovrebbero essere presenti 8 denti o impianti portanti sia nella mascella superiore che in quella inferiore. \u00c8 un'alternativa ai metodi a pressione positiva per i pazienti con apnea ostruttiva del sonno lieve o moderata (fino a un AHI di 30). Pu\u00f2 essere utilizzato in aggiunta alle misure di pressione positiva nei pazienti in sovrappeso con un indice di massa corporea superiore a 30 kg\/m2.<br \/>\u00c8 essenziale una revisione annuale dell'effetto da parte di medici esperti in medicina del sonno.<\/p><h2>Stimolazione della lingua<\/h2><p>La stimolazione elettrofisiologica del nervo ipoglosso porta a una contrazione delle parti muscolari della lingua da esso fornite. Ci\u00f2 spinge la lingua in avanti e apre le vie aeree. A causa dell'attivazione atemsincrona, la stimolazione del nervo e quindi l'avanzamento della lingua avvengono solo durante la fase di inspirazione.<\/p><p>Questo metodo \u00e8 riservato all'ostruzione moderata e grave delle vie aeree (AHI 15-45). L'indice di massa corporea non deve superare i 35 kg\/m2. L'ostruzione concentrica rilevata dall'endoscopia del sonno indotta da farmaci \u00e8 un criterio di esclusione per questo metodo. Il pacemaker linguale viene preso in considerazione quando il metodo CPAP non \u00e8 tollerato o non \u00e8 applicabile.<\/p><h2>Osteotomia di rotazione<\/h2><p>L'avanzamento della rotazione bimascellare \u00e8 un metodo in cui le costrizioni anatomiche vengono ampliate riorganizzando la mascella superiore e inferiore. In questo caso, la mascella inferiore \u00e8 troppo piccola o non sufficientemente sviluppata nella crescita del cranio individuale e nella struttura cranio facciale. Le vie aeree collassano perch\u00e9 lo spazio delle vie aeree posteriori (distanza tra la lingua o il palato molle e la parte posteriore della gola) \u00e8 solo di 1 cm o meno. L'intervento non solo modifica positivamente il russamento e l'apnea ostruttiva del sonno, ma anche il profilo del viso.<\/p><p><b>Altri fatti scientificamente provati sui disturbi respiratori legati al sonno:<\/b><\/p><ul><li>Esiste un legame tra l'apnea notturna e le malattie maligne.<\/li><li>L'apnea notturna delle madri incinte pu\u00f2 danneggiare il neonato.<\/li><li>La demenza peggiora in caso di apnea notturna concomitante non trattata.<\/li><li>La prevalenza dell'apnea ostruttiva del sonno \u00e8 in aumento da anni.<\/li><li>L'apnea del sonno \u00e8 comune nei pazienti con insufficienza cardiaca. Ci\u00f2 aumenta la mortalit\u00e0.<\/li><\/ul>\t\t\t\t\t\t<\/div>\n\t\t\t\t<\/div>\n\t\t\t\t\t<\/div>\n\t\t<\/div>\n\t\t\t\t\t\t\t<\/div>\n\t\t<\/section>\n\t\t\t\t<section class=\"elementor-section elementor-top-section elementor-element elementor-element-465f8d6 elementor-section-boxed elementor-section-height-default elementor-section-height-default\" data-id=\"465f8d6\" data-element_type=\"section\">\n\t\t\t\t\t\t<div class=\"elementor-container elementor-column-gap-default\">\n\t\t\t\t\t<div class=\"elementor-column elementor-col-100 elementor-top-column elementor-element elementor-element-afebe1c\" data-id=\"afebe1c\" data-element_type=\"column\">\n\t\t\t<div class=\"elementor-widget-wrap elementor-element-populated\">\n\t\t\t\t\t\t\t\t<div class=\"elementor-element elementor-element-d9914e2 elementor-widget elementor-widget-spacer\" data-id=\"d9914e2\" data-element_type=\"widget\" data-widget_type=\"spacer.default\">\n\t\t\t\t<div class=\"elementor-widget-container\">\n\t\t\t\t\t<div class=\"elementor-spacer\">\n\t\t\t<div class=\"elementor-spacer-inner\"><\/div>\n\t\t<\/div>\n\t\t\t\t<\/div>\n\t\t\t\t<\/div>\n\t\t\t\t\t<\/div>\n\t\t<\/div>\n\t\t\t\t\t\t\t<\/div>\n\t\t<\/section>\n\t\t\t\t<section class=\"elementor-section elementor-top-section elementor-element elementor-element-cac68be elementor-section-boxed elementor-section-height-default elementor-section-height-default\" data-id=\"cac68be\" data-element_type=\"section\">\n\t\t\t\t\t\t<div class=\"elementor-container elementor-column-gap-default\">\n\t\t\t\t\t<div class=\"elementor-column elementor-col-100 elementor-top-column elementor-element elementor-element-1ca6210\" data-id=\"1ca6210\" data-element_type=\"column\">\n\t\t\t<div class=\"elementor-widget-wrap\">\n\t\t\t\t\t\t\t\t\t<\/div>\n\t\t<\/div>\n\t\t\t\t\t\t\t<\/div>\n\t\t<\/section>\n\t\t\t\t\t\t\t<\/div>","protected":false},"excerpt":{"rendered":"<p>GLOSSAR Apnoe\/Schlafapnoe\u00a0 Die Schlafapnoe wird grunds\u00e4tzlich in die obstruktive Schlafapnoe, die zentrale Schlafapnoe oder Mischformen der beiden unterschieden. Bei der obstruktiven Schlafapnoe kommt es zu einem vollst\u00e4ndigen oder teilweisen Verschluss der oberen Atemwege. Das f\u00fchrt zu Apnoen oder\/und Hypopnoen. Der Patient bemerkt dabei in der Regel eine Tagesschl\u00e4frigkeit zum Teil mit dem gef\u00e4hrlichen \u201eSekundenschlaf\u201c. Es &#8230; <a title=\"Glossario\" class=\"read-more\" href=\"https:\/\/schwab-orl.ch\/it\/nasen-op-schnarchen-glossar\" aria-label=\"Leggi di pi\u00f9 su Glossar\">Leggi tutto<\/a><\/p>","protected":false},"author":2,"featured_media":0,"parent":0,"menu_order":0,"comment_status":"closed","ping_status":"closed","template":"elementor_header_footer","meta":{"footnotes":""},"yoast_head":"<!-- This site is optimized with the Yoast SEO plugin v21.7 - https:\/\/yoast.com\/wordpress\/plugins\/seo\/ -->\n<title>Nasen OP - Schnarchen - Schlafapnoe - Rhinoplastik | Hier einfach erkl\u00e4rt!<\/title>\n<meta name=\"description\" content=\"Nasen OP - Schlafapnoe - Rhinoplasitk - Begriffe, die bei der Thematik Schnarchen fallen, werden in unserem Glossar erkl\u00e4rt. Jetzt hier informieren!\" \/>\n<meta name=\"robots\" content=\"index, follow, max-snippet:-1, max-image-preview:large, max-video-preview:-1\" \/>\n<link rel=\"canonical\" href=\"https:\/\/schwab-orl.ch\/it\/nasen-op-schnarchen-glossar\/\" \/>\n<meta property=\"og:locale\" content=\"it_IT\" \/>\n<meta property=\"og:type\" content=\"article\" \/>\n<meta property=\"og:title\" content=\"Nasen OP - Schnarchen - Schlafapnoe - Rhinoplastik | Hier einfach erkl\u00e4rt!\" \/>\n<meta property=\"og:description\" content=\"Nasen OP - Schlafapnoe - Rhinoplasitk - Begriffe, die bei der Thematik Schnarchen fallen, werden in unserem Glossar erkl\u00e4rt. Jetzt hier informieren!\" \/>\n<meta property=\"og:url\" content=\"https:\/\/schwab-orl.ch\/it\/nasen-op-schnarchen-glossar\/\" \/>\n<meta property=\"og:site_name\" content=\"Dr. Schwab\" \/>\n<meta property=\"article:modified_time\" content=\"2021-07-02T09:07:51+00:00\" \/>\n<meta name=\"twitter:card\" content=\"summary_large_image\" \/>\n<meta name=\"twitter:label1\" content=\"Tempo di lettura stimato\" \/>\n\t<meta name=\"twitter:data1\" content=\"9 minuti\" \/>\n<script type=\"application\/ld+json\" class=\"yoast-schema-graph\">{\"@context\":\"https:\/\/schema.org\",\"@graph\":[{\"@type\":\"WebPage\",\"@id\":\"https:\/\/schwab-orl.ch\/nasen-op-schnarchen-glossar\",\"url\":\"https:\/\/schwab-orl.ch\/nasen-op-schnarchen-glossar\",\"name\":\"Nasen OP - Schnarchen - Schlafapnoe - Rhinoplastik | Hier einfach erkl\u00e4rt!\",\"isPartOf\":{\"@id\":\"https:\/\/schwab-orl.ch\/#website\"},\"datePublished\":\"2020-04-26T15:09:42+00:00\",\"dateModified\":\"2021-07-02T09:07:51+00:00\",\"description\":\"Nasen OP - Schlafapnoe - Rhinoplasitk - Begriffe, die bei der Thematik Schnarchen fallen, werden in unserem Glossar erkl\u00e4rt. Jetzt hier informieren!\",\"breadcrumb\":{\"@id\":\"https:\/\/schwab-orl.ch\/nasen-op-schnarchen-glossar#breadcrumb\"},\"inLanguage\":\"it-IT\",\"potentialAction\":[{\"@type\":\"ReadAction\",\"target\":[\"https:\/\/schwab-orl.ch\/nasen-op-schnarchen-glossar\"]}]},{\"@type\":\"BreadcrumbList\",\"@id\":\"https:\/\/schwab-orl.ch\/nasen-op-schnarchen-glossar#breadcrumb\",\"itemListElement\":[{\"@type\":\"ListItem\",\"position\":1,\"name\":\"Startseite\",\"item\":\"https:\/\/schwab-orl.ch\/\"},{\"@type\":\"ListItem\",\"position\":2,\"name\":\"Glossar\"}]},{\"@type\":\"WebSite\",\"@id\":\"https:\/\/schwab-orl.ch\/#website\",\"url\":\"https:\/\/schwab-orl.ch\/\",\"name\":\"Dr. Schwab\",\"description\":\"\",\"publisher\":{\"@id\":\"https:\/\/schwab-orl.ch\/#\/schema\/person\/36072d24125f810c40545dd3fe125792\"},\"potentialAction\":[{\"@type\":\"SearchAction\",\"target\":{\"@type\":\"EntryPoint\",\"urlTemplate\":\"https:\/\/schwab-orl.ch\/?s={search_term_string}\"},\"query-input\":\"required name=search_term_string\"}],\"inLanguage\":\"it-IT\"},{\"@type\":[\"Person\",\"Organization\"],\"@id\":\"https:\/\/schwab-orl.ch\/#\/schema\/person\/36072d24125f810c40545dd3fe125792\",\"name\":\"JanSchwab\",\"image\":{\"@type\":\"ImageObject\",\"inLanguage\":\"it-IT\",\"@id\":\"https:\/\/schwab-orl.ch\/#\/schema\/person\/image\/\",\"url\":\"https:\/\/schwab-orl.ch\/wp-content\/uploads\/2020\/04\/Schwab-Logo-mit-Schriftzug-kompakt.svg\",\"contentUrl\":\"https:\/\/schwab-orl.ch\/wp-content\/uploads\/2020\/04\/Schwab-Logo-mit-Schriftzug-kompakt.svg\",\"width\":1550,\"height\":106,\"caption\":\"JanSchwab\"},\"logo\":{\"@id\":\"https:\/\/schwab-orl.ch\/#\/schema\/person\/image\/\"}}]}<\/script>\n<!-- \/ Yoast SEO plugin. -->","yoast_head_json":{"title":"Nasen OP - Schnarchen - Schlafapnoe - Rhinoplastik | Hier einfach erkl\u00e4rt!","description":"Nasen OP - Schlafapnoe - Rhinoplasitk - Begriffe, die bei der Thematik Schnarchen fallen, werden in unserem Glossar erkl\u00e4rt. Jetzt hier informieren!","robots":{"index":"index","follow":"follow","max-snippet":"max-snippet:-1","max-image-preview":"max-image-preview:large","max-video-preview":"max-video-preview:-1"},"canonical":"https:\/\/schwab-orl.ch\/it\/nasen-op-schnarchen-glossar\/","og_locale":"it_IT","og_type":"article","og_title":"Nasen OP - Schnarchen - Schlafapnoe - Rhinoplastik | Hier einfach erkl\u00e4rt!","og_description":"Nasen OP - Schlafapnoe - Rhinoplasitk - Begriffe, die bei der Thematik Schnarchen fallen, werden in unserem Glossar erkl\u00e4rt. Jetzt hier informieren!","og_url":"https:\/\/schwab-orl.ch\/it\/nasen-op-schnarchen-glossar\/","og_site_name":"Dr. Schwab","article_modified_time":"2021-07-02T09:07:51+00:00","twitter_card":"summary_large_image","twitter_misc":{"Tempo di lettura stimato":"9 minuti"},"schema":{"@context":"https:\/\/schema.org","@graph":[{"@type":"WebPage","@id":"https:\/\/schwab-orl.ch\/nasen-op-schnarchen-glossar","url":"https:\/\/schwab-orl.ch\/nasen-op-schnarchen-glossar","name":"Nasen OP - Schnarchen - Schlafapnoe - Rhinoplastik | Hier einfach erkl\u00e4rt!","isPartOf":{"@id":"https:\/\/schwab-orl.ch\/#website"},"datePublished":"2020-04-26T15:09:42+00:00","dateModified":"2021-07-02T09:07:51+00:00","description":"Nasen OP - Schlafapnoe - Rhinoplasitk - Begriffe, die bei der Thematik Schnarchen fallen, werden in unserem Glossar erkl\u00e4rt. Jetzt hier informieren!","breadcrumb":{"@id":"https:\/\/schwab-orl.ch\/nasen-op-schnarchen-glossar#breadcrumb"},"inLanguage":"it-IT","potentialAction":[{"@type":"ReadAction","target":["https:\/\/schwab-orl.ch\/nasen-op-schnarchen-glossar"]}]},{"@type":"BreadcrumbList","@id":"https:\/\/schwab-orl.ch\/nasen-op-schnarchen-glossar#breadcrumb","itemListElement":[{"@type":"ListItem","position":1,"name":"Startseite","item":"https:\/\/schwab-orl.ch\/"},{"@type":"ListItem","position":2,"name":"Glossar"}]},{"@type":"WebSite","@id":"https:\/\/schwab-orl.ch\/#website","url":"https:\/\/schwab-orl.ch\/","name":"Dr. Schwab","description":"","publisher":{"@id":"https:\/\/schwab-orl.ch\/#\/schema\/person\/36072d24125f810c40545dd3fe125792"},"potentialAction":[{"@type":"SearchAction","target":{"@type":"EntryPoint","urlTemplate":"https:\/\/schwab-orl.ch\/?s={search_term_string}"},"query-input":"required name=search_term_string"}],"inLanguage":"it-IT"},{"@type":["Person","Organization"],"@id":"https:\/\/schwab-orl.ch\/#\/schema\/person\/36072d24125f810c40545dd3fe125792","name":"JanSchwab","image":{"@type":"ImageObject","inLanguage":"it-IT","@id":"https:\/\/schwab-orl.ch\/#\/schema\/person\/image\/","url":"https:\/\/schwab-orl.ch\/wp-content\/uploads\/2020\/04\/Schwab-Logo-mit-Schriftzug-kompakt.svg","contentUrl":"https:\/\/schwab-orl.ch\/wp-content\/uploads\/2020\/04\/Schwab-Logo-mit-Schriftzug-kompakt.svg","width":1550,"height":106,"caption":"JanSchwab"},"logo":{"@id":"https:\/\/schwab-orl.ch\/#\/schema\/person\/image\/"}}]}},"_links":{"self":[{"href":"https:\/\/schwab-orl.ch\/it\/wp-json\/wp\/v2\/pages\/388"}],"collection":[{"href":"https:\/\/schwab-orl.ch\/it\/wp-json\/wp\/v2\/pages"}],"about":[{"href":"https:\/\/schwab-orl.ch\/it\/wp-json\/wp\/v2\/types\/page"}],"author":[{"embeddable":true,"href":"https:\/\/schwab-orl.ch\/it\/wp-json\/wp\/v2\/users\/2"}],"replies":[{"embeddable":true,"href":"https:\/\/schwab-orl.ch\/it\/wp-json\/wp\/v2\/comments?post=388"}],"version-history":[{"count":18,"href":"https:\/\/schwab-orl.ch\/it\/wp-json\/wp\/v2\/pages\/388\/revisions"}],"predecessor-version":[{"id":1310,"href":"https:\/\/schwab-orl.ch\/it\/wp-json\/wp\/v2\/pages\/388\/revisions\/1310"}],"wp:attachment":[{"href":"https:\/\/schwab-orl.ch\/it\/wp-json\/wp\/v2\/media?parent=388"}],"curies":[{"name":"wp","href":"https:\/\/api.w.org\/{rel}","templated":true}]}}